{"id":1413,"date":"2014-11-07T17:07:19","date_gmt":"2014-11-07T17:07:19","guid":{"rendered":"http:\/\/www.keppemotor.com\/institucional\/?page_id=1413"},"modified":"2024-09-03T22:40:45","modified_gmt":"2024-09-03T22:40:45","slug":"keppemotor-solar","status":"publish","type":"page","link":"https:\/\/www.keppemotor.com\/institucional\/keppemotor-solar\/","title":{"rendered":"KEPPEMOTOR Solar"},"content":{"rendered":"<h3><b><span style=\"font-size: xx-large;\">Ventilador Parede e Pedestal <\/span><\/b><\/h3>\n<h1><b><span style=\"font-size: xx-large;\">KEPPEMOTOR ECO SOLAR<\/span><\/b><\/h1>\n<p><span style=\"text-decoration: underline;\"><span style=\"color: #000080;\"><a style=\"color: #000080; text-decoration: underline;\" href=\"https:\/\/www.keppemotorshop.com\/\" target=\"_blank\" rel=\"noopener\">ADQUIRA HOJE O SEU! KEPPEMOTORSHOP.COM<\/a><\/span><\/span><\/p>\n<h2>A solu\u00e7\u00e3o ideal para Sistemas Fotovoltaicos!<\/h2>\n<p>A tecnologia Keppe Motor traz a solu\u00e7\u00e3o perfeita para resid\u00eancias e edif\u00edcios comerciais alimentados por Sistemas Fotovoltaicos.<\/p>\n<p>Por oferecer uma performance incompar\u00e1vel, at\u00e9 90% de efici\u00eancia energ\u00e9tica, Keppe Motor proporciona uma redu\u00e7\u00e3o significativa da demanda energ\u00e9tica e maior autonomia de uso, o que resulta em maior economia na instala\u00e7\u00e3o de um Sistema Fotovoltaico e melhor aproveitamento de sistemas j\u00e1 instalados.<\/p>\n<p>A tecnologia Keppe Motor juntamente com os ventiladores de teto Keppe Motor ECO SOLAR chegam ao mercado nacional para atender a necessidade imediata de transi\u00e7\u00e3o para fontes de energia renov\u00e1veis, como a solar.<\/p>\n<h3>Veja a tabela comparativa* entre a instala\u00e7\u00e3o de um ventilador convencional e um ventilador Keppe Motor ECO SOLAR:<\/h3>\n<p><a href=\"http:\/\/www.keppemotor.com\/institucional\/wp-content\/uploads\/2014\/11\/tabela-keppe-motor-universe-solar.png\"><img fetchpriority=\"high\" decoding=\"async\" class=\"alignnone wp-image-1414 size-full\" src=\"http:\/\/www.keppemotor.com\/institucional\/wp-content\/uploads\/2014\/11\/tabela-keppe-motor-universe-solar.png\" alt=\"tabela-keppe-motor-universe-solar\" width=\"963\" height=\"723\" srcset=\"https:\/\/www.keppemotor.com\/institucional\/wp-content\/uploads\/2014\/11\/tabela-keppe-motor-universe-solar.png 963w, https:\/\/www.keppemotor.com\/institucional\/wp-content\/uploads\/2014\/11\/tabela-keppe-motor-universe-solar-300x225.png 300w, https:\/\/www.keppemotor.com\/institucional\/wp-content\/uploads\/2014\/11\/tabela-keppe-motor-universe-solar-940x705.png 940w, https:\/\/www.keppemotor.com\/institucional\/wp-content\/uploads\/2014\/11\/tabela-keppe-motor-universe-solar-460x345.png 460w, https:\/\/www.keppemotor.com\/institucional\/wp-content\/uploads\/2014\/11\/tabela-keppe-motor-universe-solar-600x450.png 600w, https:\/\/www.keppemotor.com\/institucional\/wp-content\/uploads\/2014\/11\/tabela-keppe-motor-universe-solar-120x90.png 120w, https:\/\/www.keppemotor.com\/institucional\/wp-content\/uploads\/2014\/11\/tabela-keppe-motor-universe-solar-680x510.png 680w\" sizes=\"(max-width: 963px) 100vw, 963px\" \/><\/a><\/p>\n<blockquote><p>\u00a0* Condi\u00e7\u00f5es de uso: sistema isolado com 12 horas\/dia de uso cont\u00ednuo em S\u00e3o Paulo.<br \/>\n** N\u00e3o necessita de inversor!<\/p><\/blockquote>\n<h2><b><span style=\"font-size: xx-large;\">Caracter\u00edsticas<\/span><\/b><\/h2>\n<h3><b>EXCLUSIVO:<\/b> <b>N\u00e3o necessita de inversor<\/b><\/h3>\n<h4><strong>Maior Autonomia M\u00e9dia do Mercado (sistema com 2 baterias de 12V-7A):<\/strong><\/h4>\n<ol>\n<li>Velocidade M\u00ednima (150rpm): 84 horas<\/li>\n<li>Velocidade M\u00e1xima ( 400 rpm): 7 horas<\/li>\n<li>Pot\u00eancia absorvida do motor na Velocidade Alta: 24W<\/li>\n<li>Voltagem: 24V<\/li>\n<li>Controle remoto com fun\u00e7\u00e3o Liga\/Desliga (Ventilador e Lumin\u00e1ria) e de 5 velocidades com revers\u00e3o de fun\u00e7\u00e3o (Ventila\u00e7\u00e3o\/Exaust\u00e3o)<\/li>\n<li>Fun\u00e7\u00e3o Timer (1h, 4h ou 8h)<\/li>\n<li>F\u00e1cil instala\u00e7\u00e3o &#8211; apenas 2 fios<\/li>\n<li>\n<h5>3 p\u00e1s com di\u00e2metro total de 110cm<\/h5>\n<\/li>\n<\/ol>\n","protected":false},"excerpt":{"rendered":"<p>Ventilador Parede e Pedestal KEPPEMOTOR ECO SOLAR ADQUIRA HOJE O SEU! KEPPEMOTORSHOP.COM A solu\u00e7\u00e3o ideal para Sistemas Fotovoltaicos! A tecnologia Keppe Motor traz a solu\u00e7\u00e3o perfeita para resid\u00eancias e edif\u00edcios comerciais alimentados por Sistemas Fotovoltaicos. Por oferecer uma performance incompar\u00e1vel, at\u00e9 90% de efici\u00eancia energ\u00e9tica, Keppe Motor proporciona uma redu\u00e7\u00e3o significativa da demanda energ\u00e9tica e [&hellip;]<\/p>\n","protected":false},"author":2,"featured_media":0,"parent":0,"menu_order":0,"comment_status":"0","ping_status":"open","template":"elementor_header_footer","meta":{"_exactmetrics_skip_tracking":false,"_exactmetrics_sitenote_active":false,"_exactmetrics_sitenote_note":"","_exactmetrics_sitenote_category":0,"footnotes":""},"class_list":["post-1413","page","type-page","status-publish","hentry"],"yoast_head":"<!-- This site is optimized with the Yoast SEO plugin v27.4 - https:\/\/yoast.com\/product\/yoast-seo-wordpress\/ -->\n<title>KEPPEMOTOR Solar - Keppe Motor - Tecnologia para um Novo Mundo<\/title>\n<meta name=\"description\" content=\"A solu\u00e7\u00e3o ideal para Sistemas Fotovoltaicos! A tecnologia Keppe Motor traz a solu\u00e7\u00e3o perfeita para resid\u00eancias e edif\u00edcios comerciais alimentados por Sistemas Fotovoltaicos. Por oferecer uma performance incompar\u00e1vel, at\u00e9 90% de efici\u00eancia energ\u00e9tica, Keppe Motor proporciona uma redu\u00e7\u00e3o significativa da demanda energ\u00e9tica e maior autonomia de uso, o que resulta em maior economia na instala\u00e7\u00e3o de um Sistema Fotovoltaico e melhor aproveitamento de sistemas j\u00e1 instalados.\" \/>\n<meta name=\"robots\" content=\"index, follow, max-snippet:-1, max-image-preview:large, max-video-preview:-1\" \/>\n<link rel=\"canonical\" href=\"https:\/\/www.keppemotor.com\/institucional\/keppemotor-solar\/\" \/>\n<meta property=\"og:locale\" content=\"pt_BR\" \/>\n<meta property=\"og:type\" content=\"article\" \/>\n<meta property=\"og:title\" content=\"KEPPEMOTOR Solar - Keppe Motor - Tecnologia para um Novo Mundo\" \/>\n<meta property=\"og:description\" content=\"A solu\u00e7\u00e3o ideal para Sistemas Fotovoltaicos! A tecnologia Keppe Motor traz a solu\u00e7\u00e3o perfeita para resid\u00eancias e edif\u00edcios comerciais alimentados por Sistemas Fotovoltaicos. Por oferecer uma performance incompar\u00e1vel, at\u00e9 90% de efici\u00eancia energ\u00e9tica, Keppe Motor proporciona uma redu\u00e7\u00e3o significativa da demanda energ\u00e9tica e maior autonomia de uso, o que resulta em maior economia na instala\u00e7\u00e3o de um Sistema Fotovoltaico e melhor aproveitamento de sistemas j\u00e1 instalados.\" \/>\n<meta property=\"og:url\" content=\"https:\/\/www.keppemotor.com\/institucional\/keppemotor-solar\/\" \/>\n<meta property=\"og:site_name\" content=\"Keppe Motor - Tecnologia para um Novo Mundo\" \/>\n<meta property=\"article:modified_time\" content=\"2024-09-03T22:40:45+00:00\" \/>\n<meta property=\"og:image\" content=\"http:\/\/www.keppemotor.com\/institucional\/wp-content\/uploads\/2014\/11\/tabela-keppe-motor-universe-solar.png\" \/>\n<meta name=\"twitter:label1\" content=\"Est. tempo de leitura\" \/>\n\t<meta name=\"twitter:data1\" content=\"2 minutos\" \/>\n<script type=\"application\/ld+json\" class=\"yoast-schema-graph\">{\"@context\":\"https:\\\/\\\/schema.org\",\"@graph\":[{\"@type\":\"WebPage\",\"@id\":\"https:\\\/\\\/www.keppemotor.com\\\/institucional\\\/keppemotor-solar\\\/\",\"url\":\"https:\\\/\\\/www.keppemotor.com\\\/institucional\\\/keppemotor-solar\\\/\",\"name\":\"KEPPEMOTOR Solar - Keppe Motor - Tecnologia para um Novo Mundo\",\"isPartOf\":{\"@id\":\"https:\\\/\\\/www.keppemotor.com\\\/institucional\\\/#website\"},\"primaryImageOfPage\":{\"@id\":\"https:\\\/\\\/www.keppemotor.com\\\/institucional\\\/keppemotor-solar\\\/#primaryimage\"},\"image\":{\"@id\":\"https:\\\/\\\/www.keppemotor.com\\\/institucional\\\/keppemotor-solar\\\/#primaryimage\"},\"thumbnailUrl\":\"http:\\\/\\\/www.keppemotor.com\\\/institucional\\\/wp-content\\\/uploads\\\/2014\\\/11\\\/tabela-keppe-motor-universe-solar.png\",\"datePublished\":\"2014-11-07T17:07:19+00:00\",\"dateModified\":\"2024-09-03T22:40:45+00:00\",\"description\":\"A solu\u00e7\u00e3o ideal para Sistemas Fotovoltaicos! A tecnologia Keppe Motor traz a solu\u00e7\u00e3o perfeita para resid\u00eancias e edif\u00edcios comerciais alimentados por Sistemas Fotovoltaicos. Por oferecer uma performance incompar\u00e1vel, at\u00e9 90% de efici\u00eancia energ\u00e9tica, Keppe Motor proporciona uma redu\u00e7\u00e3o significativa da demanda energ\u00e9tica e maior autonomia de uso, o que resulta em maior economia na instala\u00e7\u00e3o de um Sistema Fotovoltaico e melhor aproveitamento de sistemas j\u00e1 instalados.\",\"breadcrumb\":{\"@id\":\"https:\\\/\\\/www.keppemotor.com\\\/institucional\\\/keppemotor-solar\\\/#breadcrumb\"},\"inLanguage\":\"pt-BR\",\"potentialAction\":[{\"@type\":\"ReadAction\",\"target\":[\"https:\\\/\\\/www.keppemotor.com\\\/institucional\\\/keppemotor-solar\\\/\"]}]},{\"@type\":\"ImageObject\",\"inLanguage\":\"pt-BR\",\"@id\":\"https:\\\/\\\/www.keppemotor.com\\\/institucional\\\/keppemotor-solar\\\/#primaryimage\",\"url\":\"http:\\\/\\\/www.keppemotor.com\\\/institucional\\\/wp-content\\\/uploads\\\/2014\\\/11\\\/tabela-keppe-motor-universe-solar.png\",\"contentUrl\":\"http:\\\/\\\/www.keppemotor.com\\\/institucional\\\/wp-content\\\/uploads\\\/2014\\\/11\\\/tabela-keppe-motor-universe-solar.png\"},{\"@type\":\"BreadcrumbList\",\"@id\":\"https:\\\/\\\/www.keppemotor.com\\\/institucional\\\/keppemotor-solar\\\/#breadcrumb\",\"itemListElement\":[{\"@type\":\"ListItem\",\"position\":1,\"name\":\"In\u00edcio\",\"item\":\"https:\\\/\\\/www.keppemotor.com\\\/institucional\\\/\"},{\"@type\":\"ListItem\",\"position\":2,\"name\":\"KEPPEMOTOR Solar\"}]},{\"@type\":\"WebSite\",\"@id\":\"https:\\\/\\\/www.keppemotor.com\\\/institucional\\\/#website\",\"url\":\"https:\\\/\\\/www.keppemotor.com\\\/institucional\\\/\",\"name\":\"Keppe Motor - Tecnologia para um Novo Mundo\",\"description\":\"\",\"publisher\":{\"@id\":\"https:\\\/\\\/www.keppemotor.com\\\/institucional\\\/#organization\"},\"potentialAction\":[{\"@type\":\"SearchAction\",\"target\":{\"@type\":\"EntryPoint\",\"urlTemplate\":\"https:\\\/\\\/www.keppemotor.com\\\/institucional\\\/?s={search_term_string}\"},\"query-input\":{\"@type\":\"PropertyValueSpecification\",\"valueRequired\":true,\"valueName\":\"search_term_string\"}}],\"inLanguage\":\"pt-BR\"},{\"@type\":\"Organization\",\"@id\":\"https:\\\/\\\/www.keppemotor.com\\\/institucional\\\/#organization\",\"name\":\"Keppe Motor - Tecnologia para um Novo Mundo\",\"url\":\"https:\\\/\\\/www.keppemotor.com\\\/institucional\\\/\",\"logo\":{\"@type\":\"ImageObject\",\"inLanguage\":\"pt-BR\",\"@id\":\"https:\\\/\\\/www.keppemotor.com\\\/institucional\\\/#\\\/schema\\\/logo\\\/image\\\/\",\"url\":\"https:\\\/\\\/www.keppemotor.com\\\/institucional\\\/wp-content\\\/uploads\\\/2014\\\/11\\\/cropped-keppemotor-logo-header-5.png\",\"contentUrl\":\"https:\\\/\\\/www.keppemotor.com\\\/institucional\\\/wp-content\\\/uploads\\\/2014\\\/11\\\/cropped-keppemotor-logo-header-5.png\",\"width\":300,\"height\":101,\"caption\":\"Keppe Motor - Tecnologia para um Novo Mundo\"},\"image\":{\"@id\":\"https:\\\/\\\/www.keppemotor.com\\\/institucional\\\/#\\\/schema\\\/logo\\\/image\\\/\"}}]}<\/script>\n<!-- \/ Yoast SEO plugin. -->","yoast_head_json":{"title":"KEPPEMOTOR Solar - Keppe Motor - Tecnologia para um Novo Mundo","description":"A solu\u00e7\u00e3o ideal para Sistemas Fotovoltaicos! A tecnologia Keppe Motor traz a solu\u00e7\u00e3o perfeita para resid\u00eancias e edif\u00edcios comerciais alimentados por Sistemas Fotovoltaicos. Por oferecer uma performance incompar\u00e1vel, at\u00e9 90% de efici\u00eancia energ\u00e9tica, Keppe Motor proporciona uma redu\u00e7\u00e3o significativa da demanda energ\u00e9tica e maior autonomia de uso, o que resulta em maior economia na instala\u00e7\u00e3o de um Sistema Fotovoltaico e melhor aproveitamento de sistemas j\u00e1 instalados.","robots":{"index":"index","follow":"follow","max-snippet":"max-snippet:-1","max-image-preview":"max-image-preview:large","max-video-preview":"max-video-preview:-1"},"canonical":"https:\/\/www.keppemotor.com\/institucional\/keppemotor-solar\/","og_locale":"pt_BR","og_type":"article","og_title":"KEPPEMOTOR Solar - Keppe Motor - Tecnologia para um Novo Mundo","og_description":"A solu\u00e7\u00e3o ideal para Sistemas Fotovoltaicos! A tecnologia Keppe Motor traz a solu\u00e7\u00e3o perfeita para resid\u00eancias e edif\u00edcios comerciais alimentados por Sistemas Fotovoltaicos. Por oferecer uma performance incompar\u00e1vel, at\u00e9 90% de efici\u00eancia energ\u00e9tica, Keppe Motor proporciona uma redu\u00e7\u00e3o significativa da demanda energ\u00e9tica e maior autonomia de uso, o que resulta em maior economia na instala\u00e7\u00e3o de um Sistema Fotovoltaico e melhor aproveitamento de sistemas j\u00e1 instalados.","og_url":"https:\/\/www.keppemotor.com\/institucional\/keppemotor-solar\/","og_site_name":"Keppe Motor - Tecnologia para um Novo Mundo","article_modified_time":"2024-09-03T22:40:45+00:00","og_image":[{"url":"http:\/\/www.keppemotor.com\/institucional\/wp-content\/uploads\/2014\/11\/tabela-keppe-motor-universe-solar.png","type":"","width":"","height":""}],"twitter_misc":{"Est. tempo de leitura":"2 minutos"},"schema":{"@context":"https:\/\/schema.org","@graph":[{"@type":"WebPage","@id":"https:\/\/www.keppemotor.com\/institucional\/keppemotor-solar\/","url":"https:\/\/www.keppemotor.com\/institucional\/keppemotor-solar\/","name":"KEPPEMOTOR Solar - Keppe Motor - Tecnologia para um Novo Mundo","isPartOf":{"@id":"https:\/\/www.keppemotor.com\/institucional\/#website"},"primaryImageOfPage":{"@id":"https:\/\/www.keppemotor.com\/institucional\/keppemotor-solar\/#primaryimage"},"image":{"@id":"https:\/\/www.keppemotor.com\/institucional\/keppemotor-solar\/#primaryimage"},"thumbnailUrl":"http:\/\/www.keppemotor.com\/institucional\/wp-content\/uploads\/2014\/11\/tabela-keppe-motor-universe-solar.png","datePublished":"2014-11-07T17:07:19+00:00","dateModified":"2024-09-03T22:40:45+00:00","description":"A solu\u00e7\u00e3o ideal para Sistemas Fotovoltaicos! A tecnologia Keppe Motor traz a solu\u00e7\u00e3o perfeita para resid\u00eancias e edif\u00edcios comerciais alimentados por Sistemas Fotovoltaicos. Por oferecer uma performance incompar\u00e1vel, at\u00e9 90% de efici\u00eancia energ\u00e9tica, Keppe Motor proporciona uma redu\u00e7\u00e3o significativa da demanda energ\u00e9tica e maior autonomia de uso, o que resulta em maior economia na instala\u00e7\u00e3o de um Sistema Fotovoltaico e melhor aproveitamento de sistemas j\u00e1 instalados.","breadcrumb":{"@id":"https:\/\/www.keppemotor.com\/institucional\/keppemotor-solar\/#breadcrumb"},"inLanguage":"pt-BR","potentialAction":[{"@type":"ReadAction","target":["https:\/\/www.keppemotor.com\/institucional\/keppemotor-solar\/"]}]},{"@type":"ImageObject","inLanguage":"pt-BR","@id":"https:\/\/www.keppemotor.com\/institucional\/keppemotor-solar\/#primaryimage","url":"http:\/\/www.keppemotor.com\/institucional\/wp-content\/uploads\/2014\/11\/tabela-keppe-motor-universe-solar.png","contentUrl":"http:\/\/www.keppemotor.com\/institucional\/wp-content\/uploads\/2014\/11\/tabela-keppe-motor-universe-solar.png"},{"@type":"BreadcrumbList","@id":"https:\/\/www.keppemotor.com\/institucional\/keppemotor-solar\/#breadcrumb","itemListElement":[{"@type":"ListItem","position":1,"name":"In\u00edcio","item":"https:\/\/www.keppemotor.com\/institucional\/"},{"@type":"ListItem","position":2,"name":"KEPPEMOTOR Solar"}]},{"@type":"WebSite","@id":"https:\/\/www.keppemotor.com\/institucional\/#website","url":"https:\/\/www.keppemotor.com\/institucional\/","name":"Keppe Motor - Tecnologia para um Novo Mundo","description":"","publisher":{"@id":"https:\/\/www.keppemotor.com\/institucional\/#organization"},"potentialAction":[{"@type":"SearchAction","target":{"@type":"EntryPoint","urlTemplate":"https:\/\/www.keppemotor.com\/institucional\/?s={search_term_string}"},"query-input":{"@type":"PropertyValueSpecification","valueRequired":true,"valueName":"search_term_string"}}],"inLanguage":"pt-BR"},{"@type":"Organization","@id":"https:\/\/www.keppemotor.com\/institucional\/#organization","name":"Keppe Motor - Tecnologia para um Novo Mundo","url":"https:\/\/www.keppemotor.com\/institucional\/","logo":{"@type":"ImageObject","inLanguage":"pt-BR","@id":"https:\/\/www.keppemotor.com\/institucional\/#\/schema\/logo\/image\/","url":"https:\/\/www.keppemotor.com\/institucional\/wp-content\/uploads\/2014\/11\/cropped-keppemotor-logo-header-5.png","contentUrl":"https:\/\/www.keppemotor.com\/institucional\/wp-content\/uploads\/2014\/11\/cropped-keppemotor-logo-header-5.png","width":300,"height":101,"caption":"Keppe Motor - Tecnologia para um Novo Mundo"},"image":{"@id":"https:\/\/www.keppemotor.com\/institucional\/#\/schema\/logo\/image\/"}}]}},"_links":{"self":[{"href":"https:\/\/www.keppemotor.com\/institucional\/wp-json\/wp\/v2\/pages\/1413","targetHints":{"allow":["GET"]}}],"collection":[{"href":"https:\/\/www.keppemotor.com\/institucional\/wp-json\/wp\/v2\/pages"}],"about":[{"href":"https:\/\/www.keppemotor.com\/institucional\/wp-json\/wp\/v2\/types\/page"}],"author":[{"embeddable":true,"href":"https:\/\/www.keppemotor.com\/institucional\/wp-json\/wp\/v2\/users\/2"}],"replies":[{"embeddable":true,"href":"https:\/\/www.keppemotor.com\/institucional\/wp-json\/wp\/v2\/comments?post=1413"}],"version-history":[{"count":1,"href":"https:\/\/www.keppemotor.com\/institucional\/wp-json\/wp\/v2\/pages\/1413\/revisions"}],"predecessor-version":[{"id":6597,"href":"https:\/\/www.keppemotor.com\/institucional\/wp-json\/wp\/v2\/pages\/1413\/revisions\/6597"}],"wp:attachment":[{"href":"https:\/\/www.keppemotor.com\/institucional\/wp-json\/wp\/v2\/media?parent=1413"}],"curies":[{"name":"wp","href":"https:\/\/api.w.org\/{rel}","templated":true}]}}