{"id":147,"date":"2014-10-30T11:54:37","date_gmt":"2014-10-30T11:54:37","guid":{"rendered":"http:\/\/www.keppemotor.com\/institucional\/?page_id=147"},"modified":"2017-08-29T17:54:17","modified_gmt":"2017-08-29T17:54:17","slug":"educacao","status":"publish","type":"page","link":"https:\/\/www.keppemotor.com\/institucional\/educacao\/","title":{"rendered":"Educa\u00e7\u00e3o"},"content":{"rendered":"<h3>Introdu\u00e7\u00e3o da Nova F\u00edsica na Educa\u00e7\u00e3o &#8211;\u00a0Material Did\u00e1tico<\/h3>\n<h5 style=\"text-align: justify;\">Keppe Motor lan\u00e7ou kits e manuais com o objetivo de levar este conhecimento \u00e0s \u00e1reas cient\u00edficas e pedag\u00f3gicas. Com eles \u00e9 poss\u00edvel entender o funcionamento desta tecnologia, a rela\u00e7\u00e3o entre as diferentes partes do motor, como o estator, rotor e o chaveamento utilizado, para se atingir a resson\u00e2ncia, que \u00e9 o ponto ideal de funcionamento da m\u00e1quina onde se alcan\u00e7a a m\u00e1xima efici\u00eancia.<\/h5>\n<h5 style=\"text-align: justify;\">As bases te\u00f3ricas que serviram de guia para constru\u00e7\u00e3o do Keppe Motor est\u00e3o expostas na obra <a href=\"http:\/\/www.keppemotor.com.br\/antigo3\/pt\/novafisica.php\"><strong>\u201cA Nova F\u00edsica da Metaf\u00edsica Desinvertida\u201d<\/strong><strong>\u00a0<\/strong><\/a>de Norberto Keppe<em>.<\/em>\u00a0O intuito deste KIT e dos manuais \u00e9, portanto, justamente divulgar esta nova tecnologia para que interessados em v\u00e1rias partes do mundo possam entend\u00ea-la e propor novos desenvolvimentos.<\/h5>\n<h5 style=\"text-align: justify;\">O KIT de constru\u00e7\u00e3o do Keppe Motor demonstrativo \u00e9 da ordem de 300mW, pot\u00eancia esta muito pequena para aplica\u00e7\u00f5es pr\u00e1ticas e serve apenas para demonstrar o princ\u00edpio de funcionamento.<\/h5>\n<h5 style=\"text-align: justify;\">O mesmo ocorre com o manual de constru\u00e7\u00e3o do Keppe Motor vers\u00e3o 1.0. O motor nele descrito \u00e9 equivalente ao do KIT e portanto n\u00e3o tem pot\u00eancia apreci\u00e1vel de trabalho.<\/h5>\n<h5 style=\"text-align: justify;\">Quanto ao manual de constru\u00e7\u00e3o do Keppe Motor vers\u00e3o 3.0, a pessoa estar\u00e1 habilitada a construir um Keppe Motor com pot\u00eancia capaz de substituir um motor de indu\u00e7\u00e3o (tipo gaiola de esquilo) de 50W nominais, muito comumente usado em ventiladores de mercado.<\/h5>\n<h2><\/h2>\n<h3>\u00a0[button color=&#8221;green&#8221; size=&#8221;large&#8221; open_in_new_window=&#8221;yes&#8221; link=&#8221;\u00a0http:\/\/www.keppemotorshop.com&#8221;]Loja materiais did\u00e1ticos[\/button]<\/h3>\n<h2>Painel de Estudo\/Demonstra\u00e7\u00e3o da Efici\u00eancia Energ\u00e9tica do Keppe Motor<\/h2>\n<h5 style=\"text-align: justify;\"><a href=\"http:\/\/www.keppemotor.com\/institucional\/wp-content\/uploads\/2014\/10\/fotopainel.jpg\"><img fetchpriority=\"high\" decoding=\"async\" class=\"alignleft wp-image-148 size-full\" src=\"http:\/\/www.keppemotor.com\/institucional\/wp-content\/uploads\/2014\/10\/fotopainel.jpg\" alt=\"fotopainel\" width=\"280\" height=\"212\" srcset=\"https:\/\/www.keppemotor.com\/institucional\/wp-content\/uploads\/2014\/10\/fotopainel.jpg 280w, https:\/\/www.keppemotor.com\/institucional\/wp-content\/uploads\/2014\/10\/fotopainel-120x90.jpg 120w\" sizes=\"(max-width: 280px) 100vw, 280px\" \/><\/a>Fabricado pela De Lorenzo do Brasil, a qual se dedica ao desenvolvimento, fabrica\u00e7\u00e3o e comercializa\u00e7\u00e3o de sistemas educacionais para o ensino t\u00e9cnico e profissionalizante. Conta com vasta experi\u00eancia e compet\u00eancia em sistemas did\u00e1ticos, gra\u00e7as a continua evolu\u00e7\u00e3o, com projetos realizados em institui\u00e7\u00f5es educacionais por todo mundo!<\/h5>\n<blockquote>\n<h4><\/h4>\n<h4>Leia o documento explicativo no link :\u00a0<a href=\"http:\/\/www.keppemotor.com\/institucional\/wp-content\/uploads\/2014\/10\/DL2130BPORkeppemotor.pdf\">DL2130BPORkeppemotor<\/a><\/h4>\n<\/blockquote>\n<h2><\/h2>\n<h2>Assista a Palestra<\/h2>\n<h5 style=\"text-align: justify;\">Palestra realizada no F\u00f3rum Psico-Social &#8211; Curando o Mundo pela Consci\u00eancia da Invers\u00e3o, que aconteceu de 13 a 15 de maio de 2010 em S\u00e3o Paulo.<br \/>\nMinistrada por Raimondo Cuocolo, engenheiro eletr\u00f4nico (Politecnico di Napoli), com especializa\u00e7\u00f5es internacionais, pesquisador de &#8220;Free Energy&#8221; e motores magn\u00e9ticos de alta efici\u00eancia (N\u00e1poles, It\u00e1lia).<br \/>\nRaimundo Cuocolo \u00e9 colaborador do Keppe Motor, ajuda-o a desenvolver circuitos eletr\u00f4nicos para virar produto de mercado. Trabalhou no desenvolvimento dos primeiros computadores do Brasil.<\/h5>\n<h3>Parte 1<\/h3>\n<p><iframe title=\"A Efici\u00eancia do Keppe Motor (Demonstra\u00e7\u00e3o) - Parte 1\/6\" width=\"800\" height=\"600\" src=\"https:\/\/www.youtube.com\/embed\/5ItwHq2IWHc?feature=oembed\" frameborder=\"0\" allow=\"accelerometer; autoplay; clipboard-write; encrypted-media; gyroscope; picture-in-picture; web-share\" referrerpolicy=\"strict-origin-when-cross-origin\" allowfullscreen><\/iframe><\/p>\n<p>&nbsp;<\/p>\n<p>[accordions]<br \/>\n[accordion title=&#8221;Parte 2&#8243;]<\/p>\n<p><iframe title=\"Palestra: A Efici\u00eancia do Keppe Motor (Demonstra\u00e7\u00e3o) - Parte 2\/6\" width=\"800\" height=\"600\" src=\"https:\/\/www.youtube.com\/embed\/61SUMEebv8w?feature=oembed\" frameborder=\"0\" allow=\"accelerometer; autoplay; clipboard-write; encrypted-media; gyroscope; picture-in-picture; web-share\" referrerpolicy=\"strict-origin-when-cross-origin\" allowfullscreen><\/iframe><\/p>\n<p>[\/accordion]<br \/>\n[accordion title=&#8221;Parte 3&#8243;]<\/p>\n<p><iframe title=\"Palestra: A Efici\u00eancia do Keppe Motor (Demonstra\u00e7\u00e3o) - Parte 3\/6\" width=\"800\" height=\"600\" src=\"https:\/\/www.youtube.com\/embed\/AcnbMLoQ8UY?feature=oembed\" frameborder=\"0\" allow=\"accelerometer; autoplay; clipboard-write; encrypted-media; gyroscope; picture-in-picture; web-share\" referrerpolicy=\"strict-origin-when-cross-origin\" allowfullscreen><\/iframe><\/p>\n<p>[\/accordion]<br \/>\n[accordion title=&#8221;Parte 4&#8243;]<\/p>\n<p><iframe title=\"Palestra: A Efici\u00eancia do Keppe Motor (Demonstra\u00e7\u00e3o) - Parte 4\/6\" width=\"800\" height=\"600\" src=\"https:\/\/www.youtube.com\/embed\/6zo7FMdIWZw?feature=oembed\" frameborder=\"0\" allow=\"accelerometer; autoplay; clipboard-write; encrypted-media; gyroscope; picture-in-picture; web-share\" referrerpolicy=\"strict-origin-when-cross-origin\" allowfullscreen><\/iframe><\/p>\n<p>[\/accordion]<\/p>\n<p>[accordion title=&#8221;Parte\u00a05&#8243;]<\/p>\n<p><iframe title=\"Palestra: A Efici\u00eancia do Keppe Motor (Demonstra\u00e7\u00e3o) - Parte 5\/6\" width=\"800\" height=\"600\" src=\"https:\/\/www.youtube.com\/embed\/FfnnUo0x8ak?feature=oembed\" frameborder=\"0\" allow=\"accelerometer; autoplay; clipboard-write; encrypted-media; gyroscope; picture-in-picture; web-share\" referrerpolicy=\"strict-origin-when-cross-origin\" allowfullscreen><\/iframe><\/p>\n<p>[\/accordion]<br \/>\n[accordion title=&#8221;Parte\u00a06&#8243;]<\/p>\n<p><iframe title=\"Palestra: A Efici\u00eancia do Keppe Motor (Demonstra\u00e7\u00e3o) - Parte 6\/6\" width=\"800\" height=\"600\" src=\"https:\/\/www.youtube.com\/embed\/w7ws_od0wa0?feature=oembed\" frameborder=\"0\" allow=\"accelerometer; autoplay; clipboard-write; encrypted-media; gyroscope; picture-in-picture; web-share\" referrerpolicy=\"strict-origin-when-cross-origin\" allowfullscreen><\/iframe><\/p>\n<p>[\/accordion]<br \/>\n[\/accordions]<\/p>\n","protected":false},"excerpt":{"rendered":"<p>Introdu\u00e7\u00e3o da Nova F\u00edsica na Educa\u00e7\u00e3o &#8211;\u00a0Material Did\u00e1tico Keppe Motor lan\u00e7ou kits e manuais com o objetivo de levar este conhecimento \u00e0s \u00e1reas cient\u00edficas e pedag\u00f3gicas. Com eles \u00e9 poss\u00edvel entender o funcionamento desta tecnologia, a rela\u00e7\u00e3o entre as diferentes partes do motor, como o estator, rotor e o chaveamento utilizado, para se atingir a [&hellip;]<\/p>\n","protected":false},"author":2,"featured_media":0,"parent":0,"menu_order":0,"comment_status":"0","ping_status":"open","template":"","meta":{"_exactmetrics_skip_tracking":false,"_exactmetrics_sitenote_active":false,"_exactmetrics_sitenote_note":"","_exactmetrics_sitenote_category":0,"footnotes":""},"class_list":["post-147","page","type-page","status-publish","hentry"],"yoast_head":"<!-- This site is optimized with the Yoast SEO plugin v27.4 - https:\/\/yoast.com\/product\/yoast-seo-wordpress\/ -->\n<title>Educa\u00e7\u00e3o - Keppe Motor - Tecnologia para um Novo Mundo<\/title>\n<meta name=\"robots\" content=\"index, follow, max-snippet:-1, max-image-preview:large, max-video-preview:-1\" \/>\n<link rel=\"canonical\" href=\"https:\/\/www.keppemotor.com\/institucional\/educacao\/\" \/>\n<meta property=\"og:locale\" content=\"pt_BR\" \/>\n<meta property=\"og:type\" content=\"article\" \/>\n<meta property=\"og:title\" content=\"Educa\u00e7\u00e3o - Keppe Motor - Tecnologia para um Novo Mundo\" \/>\n<meta property=\"og:description\" content=\"Introdu\u00e7\u00e3o da Nova F\u00edsica na Educa\u00e7\u00e3o &#8211;\u00a0Material Did\u00e1tico Keppe Motor lan\u00e7ou kits e manuais com o objetivo de levar este conhecimento \u00e0s \u00e1reas cient\u00edficas e pedag\u00f3gicas. Com eles \u00e9 poss\u00edvel entender o funcionamento desta tecnologia, a rela\u00e7\u00e3o entre as diferentes partes do motor, como o estator, rotor e o chaveamento utilizado, para se atingir a [&hellip;]\" \/>\n<meta property=\"og:url\" content=\"https:\/\/www.keppemotor.com\/institucional\/educacao\/\" \/>\n<meta property=\"og:site_name\" content=\"Keppe Motor - Tecnologia para um Novo Mundo\" \/>\n<meta property=\"article:modified_time\" content=\"2017-08-29T17:54:17+00:00\" \/>\n<meta property=\"og:image\" content=\"http:\/\/www.keppemotor.com\/institucional\/wp-content\/uploads\/2014\/10\/fotopainel.jpg\" \/>\n<meta name=\"twitter:label1\" content=\"Est. tempo de leitura\" \/>\n\t<meta name=\"twitter:data1\" content=\"3 minutos\" \/>\n<script type=\"application\/ld+json\" class=\"yoast-schema-graph\">{\"@context\":\"https:\\\/\\\/schema.org\",\"@graph\":[{\"@type\":\"WebPage\",\"@id\":\"https:\\\/\\\/www.keppemotor.com\\\/institucional\\\/educacao\\\/\",\"url\":\"https:\\\/\\\/www.keppemotor.com\\\/institucional\\\/educacao\\\/\",\"name\":\"Educa\u00e7\u00e3o - Keppe Motor - Tecnologia para um Novo Mundo\",\"isPartOf\":{\"@id\":\"https:\\\/\\\/www.keppemotor.com\\\/institucional\\\/#website\"},\"primaryImageOfPage\":{\"@id\":\"https:\\\/\\\/www.keppemotor.com\\\/institucional\\\/educacao\\\/#primaryimage\"},\"image\":{\"@id\":\"https:\\\/\\\/www.keppemotor.com\\\/institucional\\\/educacao\\\/#primaryimage\"},\"thumbnailUrl\":\"http:\\\/\\\/www.keppemotor.com\\\/institucional\\\/wp-content\\\/uploads\\\/2014\\\/10\\\/fotopainel.jpg\",\"datePublished\":\"2014-10-30T11:54:37+00:00\",\"dateModified\":\"2017-08-29T17:54:17+00:00\",\"breadcrumb\":{\"@id\":\"https:\\\/\\\/www.keppemotor.com\\\/institucional\\\/educacao\\\/#breadcrumb\"},\"inLanguage\":\"pt-BR\",\"potentialAction\":[{\"@type\":\"ReadAction\",\"target\":[\"https:\\\/\\\/www.keppemotor.com\\\/institucional\\\/educacao\\\/\"]}]},{\"@type\":\"ImageObject\",\"inLanguage\":\"pt-BR\",\"@id\":\"https:\\\/\\\/www.keppemotor.com\\\/institucional\\\/educacao\\\/#primaryimage\",\"url\":\"http:\\\/\\\/www.keppemotor.com\\\/institucional\\\/wp-content\\\/uploads\\\/2014\\\/10\\\/fotopainel.jpg\",\"contentUrl\":\"http:\\\/\\\/www.keppemotor.com\\\/institucional\\\/wp-content\\\/uploads\\\/2014\\\/10\\\/fotopainel.jpg\"},{\"@type\":\"BreadcrumbList\",\"@id\":\"https:\\\/\\\/www.keppemotor.com\\\/institucional\\\/educacao\\\/#breadcrumb\",\"itemListElement\":[{\"@type\":\"ListItem\",\"position\":1,\"name\":\"In\u00edcio\",\"item\":\"https:\\\/\\\/www.keppemotor.com\\\/institucional\\\/\"},{\"@type\":\"ListItem\",\"position\":2,\"name\":\"Educa\u00e7\u00e3o\"}]},{\"@type\":\"WebSite\",\"@id\":\"https:\\\/\\\/www.keppemotor.com\\\/institucional\\\/#website\",\"url\":\"https:\\\/\\\/www.keppemotor.com\\\/institucional\\\/\",\"name\":\"Keppe Motor - Tecnologia para um Novo Mundo\",\"description\":\"\",\"publisher\":{\"@id\":\"https:\\\/\\\/www.keppemotor.com\\\/institucional\\\/#organization\"},\"potentialAction\":[{\"@type\":\"SearchAction\",\"target\":{\"@type\":\"EntryPoint\",\"urlTemplate\":\"https:\\\/\\\/www.keppemotor.com\\\/institucional\\\/?s={search_term_string}\"},\"query-input\":{\"@type\":\"PropertyValueSpecification\",\"valueRequired\":true,\"valueName\":\"search_term_string\"}}],\"inLanguage\":\"pt-BR\"},{\"@type\":\"Organization\",\"@id\":\"https:\\\/\\\/www.keppemotor.com\\\/institucional\\\/#organization\",\"name\":\"Keppe Motor - Tecnologia para um Novo Mundo\",\"url\":\"https:\\\/\\\/www.keppemotor.com\\\/institucional\\\/\",\"logo\":{\"@type\":\"ImageObject\",\"inLanguage\":\"pt-BR\",\"@id\":\"https:\\\/\\\/www.keppemotor.com\\\/institucional\\\/#\\\/schema\\\/logo\\\/image\\\/\",\"url\":\"https:\\\/\\\/www.keppemotor.com\\\/institucional\\\/wp-content\\\/uploads\\\/2014\\\/11\\\/cropped-keppemotor-logo-header-5.png\",\"contentUrl\":\"https:\\\/\\\/www.keppemotor.com\\\/institucional\\\/wp-content\\\/uploads\\\/2014\\\/11\\\/cropped-keppemotor-logo-header-5.png\",\"width\":300,\"height\":101,\"caption\":\"Keppe Motor - Tecnologia para um Novo Mundo\"},\"image\":{\"@id\":\"https:\\\/\\\/www.keppemotor.com\\\/institucional\\\/#\\\/schema\\\/logo\\\/image\\\/\"}}]}<\/script>\n<!-- \/ Yoast SEO plugin. -->","yoast_head_json":{"title":"Educa\u00e7\u00e3o - Keppe Motor - Tecnologia para um Novo Mundo","robots":{"index":"index","follow":"follow","max-snippet":"max-snippet:-1","max-image-preview":"max-image-preview:large","max-video-preview":"max-video-preview:-1"},"canonical":"https:\/\/www.keppemotor.com\/institucional\/educacao\/","og_locale":"pt_BR","og_type":"article","og_title":"Educa\u00e7\u00e3o - Keppe Motor - Tecnologia para um Novo Mundo","og_description":"Introdu\u00e7\u00e3o da Nova F\u00edsica na Educa\u00e7\u00e3o &#8211;\u00a0Material Did\u00e1tico Keppe Motor lan\u00e7ou kits e manuais com o objetivo de levar este conhecimento \u00e0s \u00e1reas cient\u00edficas e pedag\u00f3gicas. Com eles \u00e9 poss\u00edvel entender o funcionamento desta tecnologia, a rela\u00e7\u00e3o entre as diferentes partes do motor, como o estator, rotor e o chaveamento utilizado, para se atingir a [&hellip;]","og_url":"https:\/\/www.keppemotor.com\/institucional\/educacao\/","og_site_name":"Keppe Motor - Tecnologia para um Novo Mundo","article_modified_time":"2017-08-29T17:54:17+00:00","og_image":[{"url":"http:\/\/www.keppemotor.com\/institucional\/wp-content\/uploads\/2014\/10\/fotopainel.jpg","type":"","width":"","height":""}],"twitter_misc":{"Est. tempo de leitura":"3 minutos"},"schema":{"@context":"https:\/\/schema.org","@graph":[{"@type":"WebPage","@id":"https:\/\/www.keppemotor.com\/institucional\/educacao\/","url":"https:\/\/www.keppemotor.com\/institucional\/educacao\/","name":"Educa\u00e7\u00e3o - Keppe Motor - Tecnologia para um Novo Mundo","isPartOf":{"@id":"https:\/\/www.keppemotor.com\/institucional\/#website"},"primaryImageOfPage":{"@id":"https:\/\/www.keppemotor.com\/institucional\/educacao\/#primaryimage"},"image":{"@id":"https:\/\/www.keppemotor.com\/institucional\/educacao\/#primaryimage"},"thumbnailUrl":"http:\/\/www.keppemotor.com\/institucional\/wp-content\/uploads\/2014\/10\/fotopainel.jpg","datePublished":"2014-10-30T11:54:37+00:00","dateModified":"2017-08-29T17:54:17+00:00","breadcrumb":{"@id":"https:\/\/www.keppemotor.com\/institucional\/educacao\/#breadcrumb"},"inLanguage":"pt-BR","potentialAction":[{"@type":"ReadAction","target":["https:\/\/www.keppemotor.com\/institucional\/educacao\/"]}]},{"@type":"ImageObject","inLanguage":"pt-BR","@id":"https:\/\/www.keppemotor.com\/institucional\/educacao\/#primaryimage","url":"http:\/\/www.keppemotor.com\/institucional\/wp-content\/uploads\/2014\/10\/fotopainel.jpg","contentUrl":"http:\/\/www.keppemotor.com\/institucional\/wp-content\/uploads\/2014\/10\/fotopainel.jpg"},{"@type":"BreadcrumbList","@id":"https:\/\/www.keppemotor.com\/institucional\/educacao\/#breadcrumb","itemListElement":[{"@type":"ListItem","position":1,"name":"In\u00edcio","item":"https:\/\/www.keppemotor.com\/institucional\/"},{"@type":"ListItem","position":2,"name":"Educa\u00e7\u00e3o"}]},{"@type":"WebSite","@id":"https:\/\/www.keppemotor.com\/institucional\/#website","url":"https:\/\/www.keppemotor.com\/institucional\/","name":"Keppe Motor - Tecnologia para um Novo Mundo","description":"","publisher":{"@id":"https:\/\/www.keppemotor.com\/institucional\/#organization"},"potentialAction":[{"@type":"SearchAction","target":{"@type":"EntryPoint","urlTemplate":"https:\/\/www.keppemotor.com\/institucional\/?s={search_term_string}"},"query-input":{"@type":"PropertyValueSpecification","valueRequired":true,"valueName":"search_term_string"}}],"inLanguage":"pt-BR"},{"@type":"Organization","@id":"https:\/\/www.keppemotor.com\/institucional\/#organization","name":"Keppe Motor - Tecnologia para um Novo Mundo","url":"https:\/\/www.keppemotor.com\/institucional\/","logo":{"@type":"ImageObject","inLanguage":"pt-BR","@id":"https:\/\/www.keppemotor.com\/institucional\/#\/schema\/logo\/image\/","url":"https:\/\/www.keppemotor.com\/institucional\/wp-content\/uploads\/2014\/11\/cropped-keppemotor-logo-header-5.png","contentUrl":"https:\/\/www.keppemotor.com\/institucional\/wp-content\/uploads\/2014\/11\/cropped-keppemotor-logo-header-5.png","width":300,"height":101,"caption":"Keppe Motor - Tecnologia para um Novo Mundo"},"image":{"@id":"https:\/\/www.keppemotor.com\/institucional\/#\/schema\/logo\/image\/"}}]}},"_links":{"self":[{"href":"https:\/\/www.keppemotor.com\/institucional\/wp-json\/wp\/v2\/pages\/147","targetHints":{"allow":["GET"]}}],"collection":[{"href":"https:\/\/www.keppemotor.com\/institucional\/wp-json\/wp\/v2\/pages"}],"about":[{"href":"https:\/\/www.keppemotor.com\/institucional\/wp-json\/wp\/v2\/types\/page"}],"author":[{"embeddable":true,"href":"https:\/\/www.keppemotor.com\/institucional\/wp-json\/wp\/v2\/users\/2"}],"replies":[{"embeddable":true,"href":"https:\/\/www.keppemotor.com\/institucional\/wp-json\/wp\/v2\/comments?post=147"}],"version-history":[{"count":0,"href":"https:\/\/www.keppemotor.com\/institucional\/wp-json\/wp\/v2\/pages\/147\/revisions"}],"wp:attachment":[{"href":"https:\/\/www.keppemotor.com\/institucional\/wp-json\/wp\/v2\/media?parent=147"}],"curies":[{"name":"wp","href":"https:\/\/api.w.org\/{rel}","templated":true}]}}