{"id":1714,"date":"2014-11-11T20:58:00","date_gmt":"2014-11-11T20:58:00","guid":{"rendered":"http:\/\/www.keppemotor.com\/institucional\/?page_id=1714"},"modified":"2024-09-04T15:55:03","modified_gmt":"2024-09-04T15:55:03","slug":"painel-de-estudo-de-lorenzo","status":"publish","type":"page","link":"https:\/\/www.keppemotor.com\/institucional\/painel-de-estudo-de-lorenzo\/","title":{"rendered":"Painel de Estudo De Lorenzo"},"content":{"rendered":"\t\t<div data-elementor-type=\"wp-page\" data-elementor-id=\"1714\" class=\"elementor elementor-1714\" data-elementor-post-type=\"page\">\n\t\t\t\t<div class=\"elementor-element elementor-element-6e40bdca e-flex e-con-boxed e-con e-parent\" data-id=\"6e40bdca\" data-element_type=\"container\" data-e-type=\"container\">\n\t\t\t\t\t<div class=\"e-con-inner\">\n\t\t\t\t<div class=\"elementor-element elementor-element-ef07a26 elementor-widget elementor-widget-heading\" data-id=\"ef07a26\" data-element_type=\"widget\" data-e-type=\"widget\" data-widget_type=\"heading.default\">\n\t\t\t\t<div class=\"elementor-widget-container\">\n\t\t\t\t\t<h1 class=\"elementor-heading-title elementor-size-default\">Painel de Estudo De Lorenzo\n<\/h1>\t\t\t\t<\/div>\n\t\t\t\t<\/div>\n\t\t\t\t<div class=\"elementor-element elementor-element-5818907 elementor-widget elementor-widget-heading\" data-id=\"5818907\" data-element_type=\"widget\" data-e-type=\"widget\" data-widget_type=\"heading.default\">\n\t\t\t\t<div class=\"elementor-widget-container\">\n\t\t\t\t\t<h3 class=\"elementor-heading-title elementor-size-default\">Painel de Estudo\/Demonstra\u00e7\u00e3o da Efici\u00eancia Energ\u00e9tica do Keppe Motor<\/h3>\t\t\t\t<\/div>\n\t\t\t\t<\/div>\n\t\t\t\t<div class=\"elementor-element elementor-element-7d21301d elementor-widget elementor-widget-text-editor\" data-id=\"7d21301d\" data-element_type=\"widget\" data-e-type=\"widget\" data-widget_type=\"text-editor.default\">\n\t\t\t\t<div class=\"elementor-widget-container\">\n\t\t\t\t\t\t\t\t\t<p style=\"text-align: left;\"><a href=\"http:\/\/www.keppemotor.com\/institucional\/wp-content\/uploads\/2014\/10\/fotopainel.jpg\"><img fetchpriority=\"high\" decoding=\"async\" class=\"alignleft wp-image-148 size-full\" src=\"http:\/\/www.keppemotor.com\/institucional\/wp-content\/uploads\/2014\/10\/fotopainel.jpg\" alt=\"fotopainel\" width=\"280\" height=\"212\" srcset=\"https:\/\/www.keppemotor.com\/institucional\/wp-content\/uploads\/2014\/10\/fotopainel.jpg 280w, https:\/\/www.keppemotor.com\/institucional\/wp-content\/uploads\/2014\/10\/fotopainel-120x90.jpg 120w\" sizes=\"(max-width: 280px) 100vw, 280px\" \/><\/a>Fabricado pela De Lorenzo do Brasil, a qual se dedica ao desenvolvimento, fabrica\u00e7\u00e3o e comercializa\u00e7\u00e3o de sistemas educacionais para o ensino t\u00e9cnico e profissionalizante. Conta com vasta experi\u00eancia e compet\u00eancia em sistemas did\u00e1ticos, gra\u00e7as a continua evolu\u00e7\u00e3o, com projetos realizados em institui\u00e7\u00f5es educacionais por todo mundo!<\/p><blockquote><h5>Leia o documento explicativo no link :\u00a0<span style=\"color: #008000;\"><a style=\"color: #008000;\" href=\"http:\/\/www.keppemotor.com\/institucional\/wp-content\/uploads\/2014\/10\/DL2130BPORkeppemotor.pdf\">DL2130BPORkeppemotor<\/a><\/span><\/h5><\/blockquote><h4><strong><span style=\"color: #008000;\">Assista a Palestra<\/span><\/strong><\/h4><p style=\"text-align: justify;\">Palestra realizada no F\u00f3rum Psico-Social &#8211; Curando o Mundo pela Consci\u00eancia da Invers\u00e3o, que aconteceu de 13 a 15 de maio de 2010 em S\u00e3o Paulo.<br \/>Ministrada por Raimondo Cuocolo, engenheiro eletr\u00f4nico (Polit\u00e9cnico di Napoli), com especializa\u00e7\u00f5es internacionais, pesquisador de &#8220;Free Energy&#8221; e motores magn\u00e9ticos de alta efici\u00eancia (N\u00e1poles, It\u00e1lia).<br \/>Raimundo Cuocolo \u00e9 colaborador do Keppe Motor, ajuda-o a desenvolver circuitos eletr\u00f4nicos para virar produto de mercado. Trabalhou no desenvolvimento dos primeiros computadores do Brasil.<\/p>\t\t\t\t\t\t\t\t<\/div>\n\t\t\t\t<\/div>\n\t\t\t\t<div class=\"elementor-element elementor-element-ae12a8b elementor-widget elementor-widget-heading\" data-id=\"ae12a8b\" data-element_type=\"widget\" data-e-type=\"widget\" data-widget_type=\"heading.default\">\n\t\t\t\t<div class=\"elementor-widget-container\">\n\t\t\t\t\t<h6 class=\"elementor-heading-title elementor-size-default\">Palestra: A Efici\u00eancia do Keppe Motor (Demonstra\u00e7\u00e3o) - Parte 1 a 6<\/h6>\t\t\t\t<\/div>\n\t\t\t\t<\/div>\n\t\t\t\t\t<\/div>\n\t\t\t\t<\/div>\n\t\t<div class=\"elementor-element elementor-element-167e312 e-flex e-con-boxed e-con e-parent\" data-id=\"167e312\" data-element_type=\"container\" data-e-type=\"container\">\n\t\t\t\t\t<div class=\"e-con-inner\">\n\t\t<div class=\"elementor-element elementor-element-3f9617f e-con-full e-flex e-con e-child\" data-id=\"3f9617f\" data-element_type=\"container\" data-e-type=\"container\">\n\t\t\t\t<div class=\"elementor-element elementor-element-6b68db1 elementor-widget elementor-widget-video\" data-id=\"6b68db1\" data-element_type=\"widget\" data-e-type=\"widget\" data-settings=\"{&quot;youtube_url&quot;:&quot;https:\\\/\\\/www.youtube.com\\\/watch?v=5ItwHq2IWHc&quot;,&quot;lazy_load&quot;:&quot;yes&quot;,&quot;video_type&quot;:&quot;youtube&quot;,&quot;controls&quot;:&quot;yes&quot;}\" data-widget_type=\"video.default\">\n\t\t\t\t<div class=\"elementor-widget-container\">\n\t\t\t\t\t\t\t<div class=\"elementor-wrapper elementor-open-inline\">\n\t\t\t<div class=\"elementor-video\"><\/div>\t\t<\/div>\n\t\t\t\t\t\t<\/div>\n\t\t\t\t<\/div>\n\t\t\t\t<\/div>\n\t\t<div class=\"elementor-element elementor-element-7b2b78a e-con-full e-flex e-con e-child\" data-id=\"7b2b78a\" data-element_type=\"container\" data-e-type=\"container\">\n\t\t\t\t<div class=\"elementor-element elementor-element-3843f75 elementor-widget elementor-widget-video\" data-id=\"3843f75\" data-element_type=\"widget\" data-e-type=\"widget\" data-settings=\"{&quot;youtube_url&quot;:&quot;https:\\\/\\\/youtu.be\\\/61SUMEebv8w&quot;,&quot;lazy_load&quot;:&quot;yes&quot;,&quot;video_type&quot;:&quot;youtube&quot;,&quot;controls&quot;:&quot;yes&quot;}\" data-widget_type=\"video.default\">\n\t\t\t\t<div class=\"elementor-widget-container\">\n\t\t\t\t\t\t\t<div class=\"elementor-wrapper elementor-open-inline\">\n\t\t\t<div class=\"elementor-video\"><\/div>\t\t<\/div>\n\t\t\t\t\t\t<\/div>\n\t\t\t\t<\/div>\n\t\t\t\t<\/div>\n\t\t<div class=\"elementor-element elementor-element-6104a84 e-con-full e-flex e-con e-child\" data-id=\"6104a84\" data-element_type=\"container\" data-e-type=\"container\">\n\t\t\t\t<div class=\"elementor-element elementor-element-aa147fb elementor-widget elementor-widget-video\" data-id=\"aa147fb\" data-element_type=\"widget\" data-e-type=\"widget\" data-settings=\"{&quot;youtube_url&quot;:&quot;https:\\\/\\\/youtu.be\\\/AcnbMLoQ8UY&quot;,&quot;lazy_load&quot;:&quot;yes&quot;,&quot;video_type&quot;:&quot;youtube&quot;,&quot;controls&quot;:&quot;yes&quot;}\" data-widget_type=\"video.default\">\n\t\t\t\t<div class=\"elementor-widget-container\">\n\t\t\t\t\t\t\t<div class=\"elementor-wrapper elementor-open-inline\">\n\t\t\t<div class=\"elementor-video\"><\/div>\t\t<\/div>\n\t\t\t\t\t\t<\/div>\n\t\t\t\t<\/div>\n\t\t\t\t<\/div>\n\t\t<div class=\"elementor-element elementor-element-a8b09f6 e-con-full e-flex e-con e-child\" data-id=\"a8b09f6\" data-element_type=\"container\" data-e-type=\"container\">\n\t\t\t\t<div class=\"elementor-element elementor-element-c76d704 elementor-widget elementor-widget-video\" data-id=\"c76d704\" data-element_type=\"widget\" data-e-type=\"widget\" data-settings=\"{&quot;youtube_url&quot;:&quot;https:\\\/\\\/www.youtube.com\\\/watch?v=6zo7FMdIWZw&quot;,&quot;lazy_load&quot;:&quot;yes&quot;,&quot;video_type&quot;:&quot;youtube&quot;,&quot;controls&quot;:&quot;yes&quot;}\" data-widget_type=\"video.default\">\n\t\t\t\t<div class=\"elementor-widget-container\">\n\t\t\t\t\t\t\t<div class=\"elementor-wrapper elementor-open-inline\">\n\t\t\t<div class=\"elementor-video\"><\/div>\t\t<\/div>\n\t\t\t\t\t\t<\/div>\n\t\t\t\t<\/div>\n\t\t\t\t<\/div>\n\t\t<div class=\"elementor-element elementor-element-f0d3107 e-con-full e-flex e-con e-child\" data-id=\"f0d3107\" data-element_type=\"container\" data-e-type=\"container\">\n\t\t\t\t<div class=\"elementor-element elementor-element-aecae95 elementor-widget elementor-widget-video\" data-id=\"aecae95\" data-element_type=\"widget\" data-e-type=\"widget\" data-settings=\"{&quot;youtube_url&quot;:&quot;https:\\\/\\\/www.youtube.com\\\/watch?v=FfnnUo0x8ak&quot;,&quot;lazy_load&quot;:&quot;yes&quot;,&quot;video_type&quot;:&quot;youtube&quot;,&quot;controls&quot;:&quot;yes&quot;}\" data-widget_type=\"video.default\">\n\t\t\t\t<div class=\"elementor-widget-container\">\n\t\t\t\t\t\t\t<div class=\"elementor-wrapper elementor-open-inline\">\n\t\t\t<div class=\"elementor-video\"><\/div>\t\t<\/div>\n\t\t\t\t\t\t<\/div>\n\t\t\t\t<\/div>\n\t\t\t\t<\/div>\n\t\t<div class=\"elementor-element elementor-element-049d86b e-con-full e-flex e-con e-child\" data-id=\"049d86b\" data-element_type=\"container\" data-e-type=\"container\">\n\t\t\t\t<div class=\"elementor-element elementor-element-64c4ebb elementor-widget elementor-widget-video\" data-id=\"64c4ebb\" data-element_type=\"widget\" data-e-type=\"widget\" data-settings=\"{&quot;youtube_url&quot;:&quot;https:\\\/\\\/www.youtube.com\\\/watch?v=w7ws_od0wa0&quot;,&quot;lazy_load&quot;:&quot;yes&quot;,&quot;video_type&quot;:&quot;youtube&quot;,&quot;controls&quot;:&quot;yes&quot;}\" data-widget_type=\"video.default\">\n\t\t\t\t<div class=\"elementor-widget-container\">\n\t\t\t\t\t\t\t<div class=\"elementor-wrapper elementor-open-inline\">\n\t\t\t<div class=\"elementor-video\"><\/div>\t\t<\/div>\n\t\t\t\t\t\t<\/div>\n\t\t\t\t<\/div>\n\t\t\t\t<\/div>\n\t\t\t\t\t<\/div>\n\t\t\t\t<\/div>\n\t\t\t\t<\/div>\n\t\t","protected":false},"excerpt":{"rendered":"<p>Painel de Estudo De Lorenzo Painel de Estudo\/Demonstra\u00e7\u00e3o da Efici\u00eancia Energ\u00e9tica do Keppe Motor Fabricado pela De Lorenzo do Brasil, a qual se dedica ao desenvolvimento, fabrica\u00e7\u00e3o e comercializa\u00e7\u00e3o de sistemas educacionais para o ensino t\u00e9cnico e profissionalizante. Conta com vasta experi\u00eancia e compet\u00eancia em sistemas did\u00e1ticos, gra\u00e7as a continua evolu\u00e7\u00e3o, com projetos realizados em [&hellip;]<\/p>\n","protected":false},"author":2,"featured_media":0,"parent":0,"menu_order":0,"comment_status":"0","ping_status":"open","template":"elementor_header_footer","meta":{"_exactmetrics_skip_tracking":false,"_exactmetrics_sitenote_active":false,"_exactmetrics_sitenote_note":"","_exactmetrics_sitenote_category":0,"footnotes":""},"class_list":["post-1714","page","type-page","status-publish","hentry"],"yoast_head":"<!-- This site is optimized with the Yoast SEO plugin v27.4 - https:\/\/yoast.com\/product\/yoast-seo-wordpress\/ -->\n<title>Painel de Estudo De Lorenzo - Keppe Motor - Tecnologia para um Novo Mundo<\/title>\n<meta name=\"robots\" content=\"index, follow, max-snippet:-1, max-image-preview:large, max-video-preview:-1\" \/>\n<link rel=\"canonical\" href=\"https:\/\/www.keppemotor.com\/institucional\/painel-de-estudo-de-lorenzo\/\" \/>\n<meta property=\"og:locale\" content=\"pt_BR\" \/>\n<meta property=\"og:type\" content=\"article\" \/>\n<meta property=\"og:title\" content=\"Painel de Estudo De Lorenzo - Keppe Motor - Tecnologia para um Novo Mundo\" \/>\n<meta property=\"og:description\" content=\"Painel de Estudo De Lorenzo Painel de Estudo\/Demonstra\u00e7\u00e3o da Efici\u00eancia Energ\u00e9tica do Keppe Motor Fabricado pela De Lorenzo do Brasil, a qual se dedica ao desenvolvimento, fabrica\u00e7\u00e3o e comercializa\u00e7\u00e3o de sistemas educacionais para o ensino t\u00e9cnico e profissionalizante. Conta com vasta experi\u00eancia e compet\u00eancia em sistemas did\u00e1ticos, gra\u00e7as a continua evolu\u00e7\u00e3o, com projetos realizados em [&hellip;]\" \/>\n<meta property=\"og:url\" content=\"https:\/\/www.keppemotor.com\/institucional\/painel-de-estudo-de-lorenzo\/\" \/>\n<meta property=\"og:site_name\" content=\"Keppe Motor - Tecnologia para um Novo Mundo\" \/>\n<meta property=\"article:modified_time\" content=\"2024-09-04T15:55:03+00:00\" \/>\n<meta property=\"og:image\" content=\"http:\/\/www.keppemotor.com\/institucional\/wp-content\/uploads\/2014\/10\/fotopainel.jpg\" \/>\n<meta name=\"twitter:label1\" content=\"Est. tempo de leitura\" \/>\n\t<meta name=\"twitter:data1\" content=\"2 minutos\" \/>\n<script type=\"application\/ld+json\" class=\"yoast-schema-graph\">{\"@context\":\"https:\\\/\\\/schema.org\",\"@graph\":[{\"@type\":\"WebPage\",\"@id\":\"https:\\\/\\\/www.keppemotor.com\\\/institucional\\\/painel-de-estudo-de-lorenzo\\\/\",\"url\":\"https:\\\/\\\/www.keppemotor.com\\\/institucional\\\/painel-de-estudo-de-lorenzo\\\/\",\"name\":\"Painel de Estudo De Lorenzo - Keppe Motor - Tecnologia para um Novo Mundo\",\"isPartOf\":{\"@id\":\"https:\\\/\\\/www.keppemotor.com\\\/institucional\\\/#website\"},\"primaryImageOfPage\":{\"@id\":\"https:\\\/\\\/www.keppemotor.com\\\/institucional\\\/painel-de-estudo-de-lorenzo\\\/#primaryimage\"},\"image\":{\"@id\":\"https:\\\/\\\/www.keppemotor.com\\\/institucional\\\/painel-de-estudo-de-lorenzo\\\/#primaryimage\"},\"thumbnailUrl\":\"http:\\\/\\\/www.keppemotor.com\\\/institucional\\\/wp-content\\\/uploads\\\/2014\\\/10\\\/fotopainel.jpg\",\"datePublished\":\"2014-11-11T20:58:00+00:00\",\"dateModified\":\"2024-09-04T15:55:03+00:00\",\"breadcrumb\":{\"@id\":\"https:\\\/\\\/www.keppemotor.com\\\/institucional\\\/painel-de-estudo-de-lorenzo\\\/#breadcrumb\"},\"inLanguage\":\"pt-BR\",\"potentialAction\":[{\"@type\":\"ReadAction\",\"target\":[\"https:\\\/\\\/www.keppemotor.com\\\/institucional\\\/painel-de-estudo-de-lorenzo\\\/\"]}]},{\"@type\":\"ImageObject\",\"inLanguage\":\"pt-BR\",\"@id\":\"https:\\\/\\\/www.keppemotor.com\\\/institucional\\\/painel-de-estudo-de-lorenzo\\\/#primaryimage\",\"url\":\"http:\\\/\\\/www.keppemotor.com\\\/institucional\\\/wp-content\\\/uploads\\\/2014\\\/10\\\/fotopainel.jpg\",\"contentUrl\":\"http:\\\/\\\/www.keppemotor.com\\\/institucional\\\/wp-content\\\/uploads\\\/2014\\\/10\\\/fotopainel.jpg\"},{\"@type\":\"BreadcrumbList\",\"@id\":\"https:\\\/\\\/www.keppemotor.com\\\/institucional\\\/painel-de-estudo-de-lorenzo\\\/#breadcrumb\",\"itemListElement\":[{\"@type\":\"ListItem\",\"position\":1,\"name\":\"In\u00edcio\",\"item\":\"https:\\\/\\\/www.keppemotor.com\\\/institucional\\\/\"},{\"@type\":\"ListItem\",\"position\":2,\"name\":\"Painel de Estudo De Lorenzo\"}]},{\"@type\":\"WebSite\",\"@id\":\"https:\\\/\\\/www.keppemotor.com\\\/institucional\\\/#website\",\"url\":\"https:\\\/\\\/www.keppemotor.com\\\/institucional\\\/\",\"name\":\"Keppe Motor - Tecnologia para um Novo Mundo\",\"description\":\"\",\"publisher\":{\"@id\":\"https:\\\/\\\/www.keppemotor.com\\\/institucional\\\/#organization\"},\"potentialAction\":[{\"@type\":\"SearchAction\",\"target\":{\"@type\":\"EntryPoint\",\"urlTemplate\":\"https:\\\/\\\/www.keppemotor.com\\\/institucional\\\/?s={search_term_string}\"},\"query-input\":{\"@type\":\"PropertyValueSpecification\",\"valueRequired\":true,\"valueName\":\"search_term_string\"}}],\"inLanguage\":\"pt-BR\"},{\"@type\":\"Organization\",\"@id\":\"https:\\\/\\\/www.keppemotor.com\\\/institucional\\\/#organization\",\"name\":\"Keppe Motor - Tecnologia para um Novo Mundo\",\"url\":\"https:\\\/\\\/www.keppemotor.com\\\/institucional\\\/\",\"logo\":{\"@type\":\"ImageObject\",\"inLanguage\":\"pt-BR\",\"@id\":\"https:\\\/\\\/www.keppemotor.com\\\/institucional\\\/#\\\/schema\\\/logo\\\/image\\\/\",\"url\":\"https:\\\/\\\/www.keppemotor.com\\\/institucional\\\/wp-content\\\/uploads\\\/2014\\\/11\\\/cropped-keppemotor-logo-header-5.png\",\"contentUrl\":\"https:\\\/\\\/www.keppemotor.com\\\/institucional\\\/wp-content\\\/uploads\\\/2014\\\/11\\\/cropped-keppemotor-logo-header-5.png\",\"width\":300,\"height\":101,\"caption\":\"Keppe Motor - Tecnologia para um Novo Mundo\"},\"image\":{\"@id\":\"https:\\\/\\\/www.keppemotor.com\\\/institucional\\\/#\\\/schema\\\/logo\\\/image\\\/\"}}]}<\/script>\n<!-- \/ Yoast SEO plugin. -->","yoast_head_json":{"title":"Painel de Estudo De Lorenzo - Keppe Motor - Tecnologia para um Novo Mundo","robots":{"index":"index","follow":"follow","max-snippet":"max-snippet:-1","max-image-preview":"max-image-preview:large","max-video-preview":"max-video-preview:-1"},"canonical":"https:\/\/www.keppemotor.com\/institucional\/painel-de-estudo-de-lorenzo\/","og_locale":"pt_BR","og_type":"article","og_title":"Painel de Estudo De Lorenzo - Keppe Motor - Tecnologia para um Novo Mundo","og_description":"Painel de Estudo De Lorenzo Painel de Estudo\/Demonstra\u00e7\u00e3o da Efici\u00eancia Energ\u00e9tica do Keppe Motor Fabricado pela De Lorenzo do Brasil, a qual se dedica ao desenvolvimento, fabrica\u00e7\u00e3o e comercializa\u00e7\u00e3o de sistemas educacionais para o ensino t\u00e9cnico e profissionalizante. Conta com vasta experi\u00eancia e compet\u00eancia em sistemas did\u00e1ticos, gra\u00e7as a continua evolu\u00e7\u00e3o, com projetos realizados em [&hellip;]","og_url":"https:\/\/www.keppemotor.com\/institucional\/painel-de-estudo-de-lorenzo\/","og_site_name":"Keppe Motor - Tecnologia para um Novo Mundo","article_modified_time":"2024-09-04T15:55:03+00:00","og_image":[{"url":"http:\/\/www.keppemotor.com\/institucional\/wp-content\/uploads\/2014\/10\/fotopainel.jpg","type":"","width":"","height":""}],"twitter_misc":{"Est. tempo de leitura":"2 minutos"},"schema":{"@context":"https:\/\/schema.org","@graph":[{"@type":"WebPage","@id":"https:\/\/www.keppemotor.com\/institucional\/painel-de-estudo-de-lorenzo\/","url":"https:\/\/www.keppemotor.com\/institucional\/painel-de-estudo-de-lorenzo\/","name":"Painel de Estudo De Lorenzo - Keppe Motor - Tecnologia para um Novo Mundo","isPartOf":{"@id":"https:\/\/www.keppemotor.com\/institucional\/#website"},"primaryImageOfPage":{"@id":"https:\/\/www.keppemotor.com\/institucional\/painel-de-estudo-de-lorenzo\/#primaryimage"},"image":{"@id":"https:\/\/www.keppemotor.com\/institucional\/painel-de-estudo-de-lorenzo\/#primaryimage"},"thumbnailUrl":"http:\/\/www.keppemotor.com\/institucional\/wp-content\/uploads\/2014\/10\/fotopainel.jpg","datePublished":"2014-11-11T20:58:00+00:00","dateModified":"2024-09-04T15:55:03+00:00","breadcrumb":{"@id":"https:\/\/www.keppemotor.com\/institucional\/painel-de-estudo-de-lorenzo\/#breadcrumb"},"inLanguage":"pt-BR","potentialAction":[{"@type":"ReadAction","target":["https:\/\/www.keppemotor.com\/institucional\/painel-de-estudo-de-lorenzo\/"]}]},{"@type":"ImageObject","inLanguage":"pt-BR","@id":"https:\/\/www.keppemotor.com\/institucional\/painel-de-estudo-de-lorenzo\/#primaryimage","url":"http:\/\/www.keppemotor.com\/institucional\/wp-content\/uploads\/2014\/10\/fotopainel.jpg","contentUrl":"http:\/\/www.keppemotor.com\/institucional\/wp-content\/uploads\/2014\/10\/fotopainel.jpg"},{"@type":"BreadcrumbList","@id":"https:\/\/www.keppemotor.com\/institucional\/painel-de-estudo-de-lorenzo\/#breadcrumb","itemListElement":[{"@type":"ListItem","position":1,"name":"In\u00edcio","item":"https:\/\/www.keppemotor.com\/institucional\/"},{"@type":"ListItem","position":2,"name":"Painel de Estudo De Lorenzo"}]},{"@type":"WebSite","@id":"https:\/\/www.keppemotor.com\/institucional\/#website","url":"https:\/\/www.keppemotor.com\/institucional\/","name":"Keppe Motor - Tecnologia para um Novo Mundo","description":"","publisher":{"@id":"https:\/\/www.keppemotor.com\/institucional\/#organization"},"potentialAction":[{"@type":"SearchAction","target":{"@type":"EntryPoint","urlTemplate":"https:\/\/www.keppemotor.com\/institucional\/?s={search_term_string}"},"query-input":{"@type":"PropertyValueSpecification","valueRequired":true,"valueName":"search_term_string"}}],"inLanguage":"pt-BR"},{"@type":"Organization","@id":"https:\/\/www.keppemotor.com\/institucional\/#organization","name":"Keppe Motor - Tecnologia para um Novo Mundo","url":"https:\/\/www.keppemotor.com\/institucional\/","logo":{"@type":"ImageObject","inLanguage":"pt-BR","@id":"https:\/\/www.keppemotor.com\/institucional\/#\/schema\/logo\/image\/","url":"https:\/\/www.keppemotor.com\/institucional\/wp-content\/uploads\/2014\/11\/cropped-keppemotor-logo-header-5.png","contentUrl":"https:\/\/www.keppemotor.com\/institucional\/wp-content\/uploads\/2014\/11\/cropped-keppemotor-logo-header-5.png","width":300,"height":101,"caption":"Keppe Motor - Tecnologia para um Novo Mundo"},"image":{"@id":"https:\/\/www.keppemotor.com\/institucional\/#\/schema\/logo\/image\/"}}]}},"_links":{"self":[{"href":"https:\/\/www.keppemotor.com\/institucional\/wp-json\/wp\/v2\/pages\/1714","targetHints":{"allow":["GET"]}}],"collection":[{"href":"https:\/\/www.keppemotor.com\/institucional\/wp-json\/wp\/v2\/pages"}],"about":[{"href":"https:\/\/www.keppemotor.com\/institucional\/wp-json\/wp\/v2\/types\/page"}],"author":[{"embeddable":true,"href":"https:\/\/www.keppemotor.com\/institucional\/wp-json\/wp\/v2\/users\/2"}],"replies":[{"embeddable":true,"href":"https:\/\/www.keppemotor.com\/institucional\/wp-json\/wp\/v2\/comments?post=1714"}],"version-history":[{"count":4,"href":"https:\/\/www.keppemotor.com\/institucional\/wp-json\/wp\/v2\/pages\/1714\/revisions"}],"predecessor-version":[{"id":6626,"href":"https:\/\/www.keppemotor.com\/institucional\/wp-json\/wp\/v2\/pages\/1714\/revisions\/6626"}],"wp:attachment":[{"href":"https:\/\/www.keppemotor.com\/institucional\/wp-json\/wp\/v2\/media?parent=1714"}],"curies":[{"name":"wp","href":"https:\/\/api.w.org\/{rel}","templated":true}]}}