{"id":175,"date":"2014-10-30T13:00:44","date_gmt":"2014-10-30T13:00:44","guid":{"rendered":"http:\/\/www.keppemotor.com\/institucional\/?page_id=175"},"modified":"2024-09-03T19:57:15","modified_gmt":"2024-09-03T19:57:15","slug":"industria","status":"publish","type":"page","link":"https:\/\/www.keppemotor.com\/institucional\/industria\/","title":{"rendered":"CARACTER\u00cdSTICAS EXCLUSIVAS DA TECNOLOGIA RC"},"content":{"rendered":"\t\t<div data-elementor-type=\"wp-page\" data-elementor-id=\"175\" class=\"elementor elementor-175\" data-elementor-post-type=\"page\">\n\t\t\t\t<div class=\"elementor-element elementor-element-2c913e92 e-flex e-con-boxed e-con e-parent\" data-id=\"2c913e92\" data-element_type=\"container\" data-e-type=\"container\">\n\t\t\t\t\t<div class=\"e-con-inner\">\n\t\t\t\t<div class=\"elementor-element elementor-element-67c5e5b elementor-widget elementor-widget-heading\" data-id=\"67c5e5b\" data-element_type=\"widget\" data-e-type=\"widget\" data-widget_type=\"heading.default\">\n\t\t\t\t<div class=\"elementor-widget-container\">\n\t\t\t\t\t<h1 class=\"elementor-heading-title elementor-size-default\">O que \u00e9 o Keppe Motor?<\/h1>\t\t\t\t<\/div>\n\t\t\t\t<\/div>\n\t\t\t\t<div class=\"elementor-element elementor-element-7df10fdc elementor-widget elementor-widget-text-editor\" data-id=\"7df10fdc\" data-element_type=\"widget\" data-e-type=\"widget\" data-widget_type=\"text-editor.default\">\n\t\t\t\t<div class=\"elementor-widget-container\">\n\t\t\t\t\t\t\t\t\t<p>Keppe Motor \u00e9 a mais inovadora e mais eficiente tecnologia para motores el\u00e9tricos. Atrav\u00e9s do uso da resson\u00e2ncia, garante a m\u00e1xima efici\u00eancia para qualquer motor em toda faixa de pot\u00eancia de trabalho.<\/p><p>Ao contr\u00e1rio dos motores AC e DC existentes, Keppe Motor introduz uma nova classe de motores produzidos com corrente ressonante ou tamb\u00e9m chamados de motores RC, devido ao seu exclusivo suprimento de voltagem em forma de onda.<\/p><p>Keppe Motor est\u00e1 desenhado para alcan\u00e7ar uma excelente efici\u00eancia, economizando at\u00e9 90% de energia em rela\u00e7\u00e3o a motores AC e 30% em rela\u00e7\u00e3o a motores BLDC abaixo de 1HP. Pode ser aplicado a qualquer produto e pot\u00eancia.<\/p><h3><span style=\"color: #000000;\">CARACTER\u00cdSTICAS EXCLUSIVAS DA TECNOLOGIA RC \u2013 KEPPE MOTOR<\/span><\/h3><p>Motores el\u00e9tricos AC e DC convencionais s\u00e3o continuamente supridos com energia el\u00e9trica para oferecer a pot\u00eancia expressa em forma de torque e velocidade. Alguns deles podem trabalhar no modo reverso como geradores, recebendo torque e velocidade, produzindo energia el\u00e9trica. N\u00e3o importa o modo, eles nunca podem trabalhar como motores e geradores ao mesmo tempo, pois seus princ\u00edpios n\u00e3o permitem que isso ocorra.<\/p><p>Motores RC trabalham simultaneamente conectados e desconectados da corrente el\u00e9trica, recebendo eletricidade e coletando energia magn\u00e9tica do rotor. Esta caracter\u00edstica \u00fanica transforma os motores RC em m\u00e1quinas que trabalham ao mesmo tempo como motores e geradores.<\/p><p>Durante o per\u00edodo que est\u00e1 ligado, o rotor \u00e9 atra\u00eddo pelo campo rotativo do estator e gera a sa\u00edda, e durante o per\u00edodo desligado, as bobinas do estator coletam a energia derivada do rotor magn\u00e9tico em movimento para ser depois reintroduzidas no sistema atrav\u00e9s dos seus EMTS (Sistema Turbo Electromagn\u00e9tico).<\/p><p>O STEM \u00e9 um sistema que acumula a energia gerada pelo aspecto gerador do Keppe Motor para retroalimet\u00e1-lo, ou seja, o motor atua como um gerador enquanto trabalha como um motor. Como resultado, temos um aumento ainda maior na efici\u00eancia do Keppe Motor. Esta caracter\u00edstica pode ser usada tanto para aumentar a efici\u00eancia do motor como para convergir energia produzida para cargas externas como l\u00e2mpadas LED, sem que para isso haja um consumo extra ou perdas de sa\u00eddas.<\/p><p class=\"grupos\">Os per\u00edodos em que est\u00e1 desligado s\u00e3o fundamentais para a tecnologia do motor RC porque permitem ao rotor responder mecanicamente \u00e0 entrada de energia el\u00e9ctrica atrav\u00e9s da indu\u00e7\u00e3o de um estado natural de resson\u00e2ncia electromec\u00e2nica. Esta caracter\u00edstica sozinha j\u00e1 \u00e9 suficiente para melhorar a efici\u00eancia do motor, mas com o uso do sistema turbo, a efici\u00eancia aumenta ainda mais.<\/p>\t\t\t\t\t\t\t\t<\/div>\n\t\t\t\t<\/div>\n\t\t\t\t\t<\/div>\n\t\t\t\t<\/div>\n\t\t\t\t<\/div>\n\t\t","protected":false},"excerpt":{"rendered":"<p>O que \u00e9 o Keppe Motor? Keppe Motor \u00e9 a mais inovadora e mais eficiente tecnologia para motores el\u00e9tricos. Atrav\u00e9s do uso da resson\u00e2ncia, garante a m\u00e1xima efici\u00eancia para qualquer motor em toda faixa de pot\u00eancia de trabalho. Ao contr\u00e1rio dos motores AC e DC existentes, Keppe Motor introduz uma nova classe de motores produzidos [&hellip;]<\/p>\n","protected":false},"author":2,"featured_media":0,"parent":0,"menu_order":0,"comment_status":"0","ping_status":"open","template":"elementor_header_footer","meta":{"_exactmetrics_skip_tracking":false,"_exactmetrics_sitenote_active":false,"_exactmetrics_sitenote_note":"","_exactmetrics_sitenote_category":0,"footnotes":""},"class_list":["post-175","page","type-page","status-publish","hentry"],"yoast_head":"<!-- This site is optimized with the Yoast SEO plugin v27.4 - https:\/\/yoast.com\/product\/yoast-seo-wordpress\/ -->\n<title>CARACTER\u00cdSTICAS EXCLUSIVAS DA TECNOLOGIA RC - Keppe Motor - Tecnologia para um Novo Mundo<\/title>\n<meta name=\"robots\" content=\"index, follow, max-snippet:-1, max-image-preview:large, max-video-preview:-1\" \/>\n<link rel=\"canonical\" href=\"https:\/\/www.keppemotor.com\/institucional\/industria\/\" \/>\n<meta property=\"og:locale\" content=\"pt_BR\" \/>\n<meta property=\"og:type\" content=\"article\" \/>\n<meta property=\"og:title\" content=\"CARACTER\u00cdSTICAS EXCLUSIVAS DA TECNOLOGIA RC - Keppe Motor - Tecnologia para um Novo Mundo\" \/>\n<meta property=\"og:description\" content=\"O que \u00e9 o Keppe Motor? Keppe Motor \u00e9 a mais inovadora e mais eficiente tecnologia para motores el\u00e9tricos. Atrav\u00e9s do uso da resson\u00e2ncia, garante a m\u00e1xima efici\u00eancia para qualquer motor em toda faixa de pot\u00eancia de trabalho. Ao contr\u00e1rio dos motores AC e DC existentes, Keppe Motor introduz uma nova classe de motores produzidos [&hellip;]\" \/>\n<meta property=\"og:url\" content=\"https:\/\/www.keppemotor.com\/institucional\/industria\/\" \/>\n<meta property=\"og:site_name\" content=\"Keppe Motor - Tecnologia para um Novo Mundo\" \/>\n<meta property=\"article:modified_time\" content=\"2024-09-03T19:57:15+00:00\" \/>\n<meta name=\"twitter:label1\" content=\"Est. tempo de leitura\" \/>\n\t<meta name=\"twitter:data1\" content=\"3 minutos\" \/>\n<script type=\"application\/ld+json\" class=\"yoast-schema-graph\">{\"@context\":\"https:\\\/\\\/schema.org\",\"@graph\":[{\"@type\":\"WebPage\",\"@id\":\"https:\\\/\\\/www.keppemotor.com\\\/institucional\\\/industria\\\/\",\"url\":\"https:\\\/\\\/www.keppemotor.com\\\/institucional\\\/industria\\\/\",\"name\":\"CARACTER\u00cdSTICAS EXCLUSIVAS DA TECNOLOGIA RC - Keppe Motor - Tecnologia para um Novo Mundo\",\"isPartOf\":{\"@id\":\"https:\\\/\\\/www.keppemotor.com\\\/institucional\\\/#website\"},\"datePublished\":\"2014-10-30T13:00:44+00:00\",\"dateModified\":\"2024-09-03T19:57:15+00:00\",\"breadcrumb\":{\"@id\":\"https:\\\/\\\/www.keppemotor.com\\\/institucional\\\/industria\\\/#breadcrumb\"},\"inLanguage\":\"pt-BR\",\"potentialAction\":[{\"@type\":\"ReadAction\",\"target\":[\"https:\\\/\\\/www.keppemotor.com\\\/institucional\\\/industria\\\/\"]}]},{\"@type\":\"BreadcrumbList\",\"@id\":\"https:\\\/\\\/www.keppemotor.com\\\/institucional\\\/industria\\\/#breadcrumb\",\"itemListElement\":[{\"@type\":\"ListItem\",\"position\":1,\"name\":\"In\u00edcio\",\"item\":\"https:\\\/\\\/www.keppemotor.com\\\/institucional\\\/\"},{\"@type\":\"ListItem\",\"position\":2,\"name\":\"CARACTER\u00cdSTICAS EXCLUSIVAS DA TECNOLOGIA RC\"}]},{\"@type\":\"WebSite\",\"@id\":\"https:\\\/\\\/www.keppemotor.com\\\/institucional\\\/#website\",\"url\":\"https:\\\/\\\/www.keppemotor.com\\\/institucional\\\/\",\"name\":\"Keppe Motor - Tecnologia para um Novo Mundo\",\"description\":\"\",\"publisher\":{\"@id\":\"https:\\\/\\\/www.keppemotor.com\\\/institucional\\\/#organization\"},\"potentialAction\":[{\"@type\":\"SearchAction\",\"target\":{\"@type\":\"EntryPoint\",\"urlTemplate\":\"https:\\\/\\\/www.keppemotor.com\\\/institucional\\\/?s={search_term_string}\"},\"query-input\":{\"@type\":\"PropertyValueSpecification\",\"valueRequired\":true,\"valueName\":\"search_term_string\"}}],\"inLanguage\":\"pt-BR\"},{\"@type\":\"Organization\",\"@id\":\"https:\\\/\\\/www.keppemotor.com\\\/institucional\\\/#organization\",\"name\":\"Keppe Motor - Tecnologia para um Novo Mundo\",\"url\":\"https:\\\/\\\/www.keppemotor.com\\\/institucional\\\/\",\"logo\":{\"@type\":\"ImageObject\",\"inLanguage\":\"pt-BR\",\"@id\":\"https:\\\/\\\/www.keppemotor.com\\\/institucional\\\/#\\\/schema\\\/logo\\\/image\\\/\",\"url\":\"https:\\\/\\\/www.keppemotor.com\\\/institucional\\\/wp-content\\\/uploads\\\/2014\\\/11\\\/cropped-keppemotor-logo-header-5.png\",\"contentUrl\":\"https:\\\/\\\/www.keppemotor.com\\\/institucional\\\/wp-content\\\/uploads\\\/2014\\\/11\\\/cropped-keppemotor-logo-header-5.png\",\"width\":300,\"height\":101,\"caption\":\"Keppe Motor - Tecnologia para um Novo Mundo\"},\"image\":{\"@id\":\"https:\\\/\\\/www.keppemotor.com\\\/institucional\\\/#\\\/schema\\\/logo\\\/image\\\/\"}}]}<\/script>\n<!-- \/ Yoast SEO plugin. -->","yoast_head_json":{"title":"CARACTER\u00cdSTICAS EXCLUSIVAS DA TECNOLOGIA RC - Keppe Motor - Tecnologia para um Novo Mundo","robots":{"index":"index","follow":"follow","max-snippet":"max-snippet:-1","max-image-preview":"max-image-preview:large","max-video-preview":"max-video-preview:-1"},"canonical":"https:\/\/www.keppemotor.com\/institucional\/industria\/","og_locale":"pt_BR","og_type":"article","og_title":"CARACTER\u00cdSTICAS EXCLUSIVAS DA TECNOLOGIA RC - Keppe Motor - Tecnologia para um Novo Mundo","og_description":"O que \u00e9 o Keppe Motor? Keppe Motor \u00e9 a mais inovadora e mais eficiente tecnologia para motores el\u00e9tricos. Atrav\u00e9s do uso da resson\u00e2ncia, garante a m\u00e1xima efici\u00eancia para qualquer motor em toda faixa de pot\u00eancia de trabalho. Ao contr\u00e1rio dos motores AC e DC existentes, Keppe Motor introduz uma nova classe de motores produzidos [&hellip;]","og_url":"https:\/\/www.keppemotor.com\/institucional\/industria\/","og_site_name":"Keppe Motor - Tecnologia para um Novo Mundo","article_modified_time":"2024-09-03T19:57:15+00:00","twitter_misc":{"Est. tempo de leitura":"3 minutos"},"schema":{"@context":"https:\/\/schema.org","@graph":[{"@type":"WebPage","@id":"https:\/\/www.keppemotor.com\/institucional\/industria\/","url":"https:\/\/www.keppemotor.com\/institucional\/industria\/","name":"CARACTER\u00cdSTICAS EXCLUSIVAS DA TECNOLOGIA RC - Keppe Motor - Tecnologia para um Novo Mundo","isPartOf":{"@id":"https:\/\/www.keppemotor.com\/institucional\/#website"},"datePublished":"2014-10-30T13:00:44+00:00","dateModified":"2024-09-03T19:57:15+00:00","breadcrumb":{"@id":"https:\/\/www.keppemotor.com\/institucional\/industria\/#breadcrumb"},"inLanguage":"pt-BR","potentialAction":[{"@type":"ReadAction","target":["https:\/\/www.keppemotor.com\/institucional\/industria\/"]}]},{"@type":"BreadcrumbList","@id":"https:\/\/www.keppemotor.com\/institucional\/industria\/#breadcrumb","itemListElement":[{"@type":"ListItem","position":1,"name":"In\u00edcio","item":"https:\/\/www.keppemotor.com\/institucional\/"},{"@type":"ListItem","position":2,"name":"CARACTER\u00cdSTICAS EXCLUSIVAS DA TECNOLOGIA RC"}]},{"@type":"WebSite","@id":"https:\/\/www.keppemotor.com\/institucional\/#website","url":"https:\/\/www.keppemotor.com\/institucional\/","name":"Keppe Motor - Tecnologia para um Novo Mundo","description":"","publisher":{"@id":"https:\/\/www.keppemotor.com\/institucional\/#organization"},"potentialAction":[{"@type":"SearchAction","target":{"@type":"EntryPoint","urlTemplate":"https:\/\/www.keppemotor.com\/institucional\/?s={search_term_string}"},"query-input":{"@type":"PropertyValueSpecification","valueRequired":true,"valueName":"search_term_string"}}],"inLanguage":"pt-BR"},{"@type":"Organization","@id":"https:\/\/www.keppemotor.com\/institucional\/#organization","name":"Keppe Motor - Tecnologia para um Novo Mundo","url":"https:\/\/www.keppemotor.com\/institucional\/","logo":{"@type":"ImageObject","inLanguage":"pt-BR","@id":"https:\/\/www.keppemotor.com\/institucional\/#\/schema\/logo\/image\/","url":"https:\/\/www.keppemotor.com\/institucional\/wp-content\/uploads\/2014\/11\/cropped-keppemotor-logo-header-5.png","contentUrl":"https:\/\/www.keppemotor.com\/institucional\/wp-content\/uploads\/2014\/11\/cropped-keppemotor-logo-header-5.png","width":300,"height":101,"caption":"Keppe Motor - Tecnologia para um Novo Mundo"},"image":{"@id":"https:\/\/www.keppemotor.com\/institucional\/#\/schema\/logo\/image\/"}}]}},"_links":{"self":[{"href":"https:\/\/www.keppemotor.com\/institucional\/wp-json\/wp\/v2\/pages\/175","targetHints":{"allow":["GET"]}}],"collection":[{"href":"https:\/\/www.keppemotor.com\/institucional\/wp-json\/wp\/v2\/pages"}],"about":[{"href":"https:\/\/www.keppemotor.com\/institucional\/wp-json\/wp\/v2\/types\/page"}],"author":[{"embeddable":true,"href":"https:\/\/www.keppemotor.com\/institucional\/wp-json\/wp\/v2\/users\/2"}],"replies":[{"embeddable":true,"href":"https:\/\/www.keppemotor.com\/institucional\/wp-json\/wp\/v2\/comments?post=175"}],"version-history":[{"count":6,"href":"https:\/\/www.keppemotor.com\/institucional\/wp-json\/wp\/v2\/pages\/175\/revisions"}],"predecessor-version":[{"id":6583,"href":"https:\/\/www.keppemotor.com\/institucional\/wp-json\/wp\/v2\/pages\/175\/revisions\/6583"}],"wp:attachment":[{"href":"https:\/\/www.keppemotor.com\/institucional\/wp-json\/wp\/v2\/media?parent=175"}],"curies":[{"name":"wp","href":"https:\/\/api.w.org\/{rel}","templated":true}]}}