{"id":1987,"date":"2014-11-14T12:28:16","date_gmt":"2014-11-14T12:28:16","guid":{"rendered":"http:\/\/www.keppemotor.com\/institucional\/?page_id=1987"},"modified":"2025-05-15T19:21:29","modified_gmt":"2025-05-15T19:21:29","slug":"claudia-bernhardt-de-souza-pacheco","status":"publish","type":"page","link":"https:\/\/www.keppemotor.com\/institucional\/es\/claudia-bernhardt-de-souza-pacheco\/","title":{"rendered":"Cl\u00e1udia Bernhardt de Souza Pacheco"},"content":{"rendered":"<p style=\"text-align: justify;\"><a href=\"http:\/\/www.keppemotor.com\/institucional\/wp-content\/uploads\/2014\/11\/pacheco-002.jpg\"><img fetchpriority=\"high\" decoding=\"async\" class=\"alignleft wp-image-918 size-full\" src=\"http:\/\/www.keppemotor.com\/institucional\/wp-content\/uploads\/2014\/11\/pacheco-002.jpg\" alt=\"pacheco-002\" width=\"322\" height=\"433\" srcset=\"https:\/\/www.keppemotor.com\/institucional\/wp-content\/uploads\/2014\/11\/pacheco-002.jpg 322w, https:\/\/www.keppemotor.com\/institucional\/wp-content\/uploads\/2014\/11\/pacheco-002-223x300.jpg 223w, https:\/\/www.keppemotor.com\/institucional\/wp-content\/uploads\/2014\/11\/pacheco-002-66x90.jpg 66w\" sizes=\"(max-width: 322px) 100vw, 322px\" \/><\/a>Vice Presidente de la SITA (Sociedad Internacional de Trilog\u00eda Anal\u00edtica), Claudia Pacheco es asistente de Norberto Keppe desde 1976 a\u00f1o en que se form\u00f3 en Psicoan\u00e1lisis Integral. Hizo su an\u00e1lisis did\u00e1ctico con Keppe despu\u00e9s de formarse en Psicolog\u00eda por la Universidad de San Marcos. Complet\u00f3 su doctorado con la tesis Freud y el Psicoan\u00e1lisis. Fundadora y editora por varios a\u00f1os de la publicaci\u00f3n oficial de la entidad, \u201cRevista de Psicoan\u00e1lisis Integral\u201d, as\u00ed como de varios peri\u00f3dicos de naturaleza terap\u00e9utica publicados por la entidad en diversos pa\u00edses; organiz\u00f3 y dirigi\u00f3 diversos Congresos Internacionales de Trilog\u00eda Anal\u00edtica.<\/p>\n<p style=\"text-align: justify;\">De 1983 a 1988 funda y dirige con el Dr. Keppe la ISAT (International Society of Analytical Trilogy) en Nueva York, en donde realiz\u00f3 programas terap\u00e9uticos para profesores y alumnos de la City University of New York.<\/p>\n<p style=\"text-align: justify;\">En 1990, crea el &#8220;Institut Sup\u00e9rieur de Psychanalyse Int\u00e9grale \u2013 \u00c9cole Norberto Keppe&#8221;, y la Sociedad Internacional de Trilog\u00eda Anal\u00edtica, con sede en Par\u00eds y filiales en Londres, Lucca, Mosc\u00fa, Estocolmo, Helsinki y Lisboa, con la finalidad de entrenar psicoanalistas, atender a clientes con el Psicoan\u00e1lisis Integral y promover conferencias, congresos y cursos sobre la ciencia tril\u00f3gica. Ide\u00f3 y public\u00f3 el peri\u00f3dico cient\u00edfico-cultural &#8220;Savoir c\u2019est Pouvoir&#8221;, distribuido durante varios a\u00f1os en Par\u00eds y otras ciudades francesas.<\/p>\n<p style=\"text-align: justify;\">El 28 de junio de 1992, bajo la ley 1901, funda en Par\u00eds la Asociaci\u00f3n STOP a la Destrucci\u00f3n del Mundo y la preside desde entonces. Coordina todos los proyectos y eventos realizados por la entidad en el \u00e1mbito nacional e internacional.<\/p>\n<p style=\"text-align: justify;\">Como resultado de sus 42 a\u00f1os de investigaciones y 37 de atenci\u00f3n cl\u00ednica a clientes del mundo entero, escribi\u00f3 diversos libros entre los cuales se encuentra el best-seller: La cura por la consciencia. Teoman\u00eda y Stress. Algunas de sus obras ya han sido publicadas en nueve idiomas (portugu\u00e9s, ingl\u00e9s, franc\u00e9s, alem\u00e1n, ruso, italiano, finland\u00e9s, sueco y espa\u00f1ol).<\/p>\n<p style=\"text-align: justify;\">De regreso en Brasil en el a\u00f1o 1997, continua presidiendo la Asociaci\u00f3n Stop a la Destrucci\u00f3n del Mundo y el Instituto Keppe &amp; Pacheco de Ciencia y Tecnolog\u00eda, sigue con su trabajo de atenci\u00f3n cl\u00ednica, entrena a psicoanalistas, escribe libros sobre medicina psicosom\u00e1tica y psico-socio-patolog\u00eda. Como comunicadora carism\u00e1tica, produce junto con Keppe programas cient\u00edficos y terap\u00e9uticos para canales de televisi\u00f3n abiertos y educativos as\u00ed como para radio, los cuales son emitidos en pr\u00e1cticamente todos los estados de Brasil y en diversos pa\u00edses.<\/p>\n<p style=\"text-align: justify;\">Entre ellos est\u00e1n los programas de TV y radio \u201cEl Hombre Universal\u201d y \u201cSTOP a la Destrucci\u00f3n del Mundo\u201d que son exhibidos en la TV Aberta S\u00e3o Paulo y en la Radio Mundial de dicha ciudad y son traducidos y transmitidos en 280 emisoras de TV y radio de 49 pa\u00edses. Su participaci\u00f3n en el podcast \u201cThinking with Somedoby Else\u00b4s Head\u201d es seguida por millares de personas en todo el mundo.<\/p>\n","protected":false},"excerpt":{"rendered":"<p>Vice Presidente de la SITA (Sociedad Internacional de Trilog\u00eda Anal\u00edtica), Claudia Pacheco es asistente de Norberto Keppe desde 1976 a\u00f1o en que se form\u00f3 en Psicoan\u00e1lisis Integral. Hizo su an\u00e1lisis did\u00e1ctico con Keppe despu\u00e9s de formarse en Psicolog\u00eda por la Universidad de San Marcos. Complet\u00f3 su doctorado con la tesis Freud y el Psicoan\u00e1lisis. Fundadora [&hellip;]<\/p>\n","protected":false},"author":2,"featured_media":0,"parent":0,"menu_order":0,"comment_status":"closed","ping_status":"open","template":"","meta":{"_exactmetrics_skip_tracking":false,"_exactmetrics_sitenote_active":false,"_exactmetrics_sitenote_note":"","_exactmetrics_sitenote_category":0,"footnotes":""},"class_list":["post-1987","page","type-page","status-publish","hentry"],"yoast_head":"<!-- This site is optimized with the Yoast SEO plugin v27.4 - https:\/\/yoast.com\/product\/yoast-seo-wordpress\/ -->\n<title>Cl\u00e1udia Bernhardt de Souza Pacheco - Keppe Motor - Tecnologia para um Novo Mundo<\/title>\n<meta name=\"description\" content=\"Vice Presidente de la SITA (Sociedad Internacional de Trilog\u00eda Anal\u00edtica), Claudia Pacheco es asistente de Norberto Keppe desde 1976 a\u00f1o en que se form\u00f3 en Psicoan\u00e1lisis Integral. Hizo su an\u00e1lisis did\u00e1ctico con Keppe despu\u00e9s de formarse en Psicolog\u00eda por la Universidad de San Marcos. Complet\u00f3 su doctorado con la tesis Freud y el Psicoan\u00e1lisis. Fundadora y editora por varios a\u00f1os de la publicaci\u00f3n oficial de la entidad, \u201cRevista de Psicoan\u00e1lisis Integral\u201d, as\u00ed como de varios peri\u00f3dicos de naturaleza terap\u00e9utica publicados por la entidad en diversos pa\u00edses; organiz\u00f3 y dirigi\u00f3 diversos Congresos Internacionales de Trilog\u00eda Anal\u00edtica.\" \/>\n<meta name=\"robots\" content=\"index, follow, max-snippet:-1, max-image-preview:large, max-video-preview:-1\" \/>\n<link rel=\"canonical\" href=\"https:\/\/www.keppemotor.com\/institucional\/es\/claudia-bernhardt-de-souza-pacheco\/\" \/>\n<meta property=\"og:locale\" content=\"pt_BR\" \/>\n<meta property=\"og:type\" content=\"article\" \/>\n<meta property=\"og:title\" content=\"Cl\u00e1udia Bernhardt de Souza Pacheco - Keppe Motor - Tecnologia para um Novo Mundo\" \/>\n<meta property=\"og:description\" content=\"Vice Presidente de la SITA (Sociedad Internacional de Trilog\u00eda Anal\u00edtica), Claudia Pacheco es asistente de Norberto Keppe desde 1976 a\u00f1o en que se form\u00f3 en Psicoan\u00e1lisis Integral. Hizo su an\u00e1lisis did\u00e1ctico con Keppe despu\u00e9s de formarse en Psicolog\u00eda por la Universidad de San Marcos. Complet\u00f3 su doctorado con la tesis Freud y el Psicoan\u00e1lisis. Fundadora y editora por varios a\u00f1os de la publicaci\u00f3n oficial de la entidad, \u201cRevista de Psicoan\u00e1lisis Integral\u201d, as\u00ed como de varios peri\u00f3dicos de naturaleza terap\u00e9utica publicados por la entidad en diversos pa\u00edses; organiz\u00f3 y dirigi\u00f3 diversos Congresos Internacionales de Trilog\u00eda Anal\u00edtica.\" \/>\n<meta property=\"og:url\" content=\"https:\/\/www.keppemotor.com\/institucional\/es\/claudia-bernhardt-de-souza-pacheco\/\" \/>\n<meta property=\"og:site_name\" content=\"Keppe Motor - Tecnologia para um Novo Mundo\" \/>\n<meta property=\"article:modified_time\" content=\"2025-05-15T19:21:29+00:00\" \/>\n<meta property=\"og:image\" content=\"https:\/\/www.keppemotor.com\/institucional\/wp-content\/uploads\/2014\/11\/pacheco-002.jpg\" \/>\n\t<meta property=\"og:image:width\" content=\"322\" \/>\n\t<meta property=\"og:image:height\" content=\"433\" \/>\n\t<meta property=\"og:image:type\" content=\"image\/jpeg\" \/>\n<meta name=\"twitter:label1\" content=\"Est. tempo de leitura\" \/>\n\t<meta name=\"twitter:data1\" content=\"3 minutos\" \/>\n<script type=\"application\/ld+json\" class=\"yoast-schema-graph\">{\"@context\":\"https:\\\/\\\/schema.org\",\"@graph\":[{\"@type\":\"WebPage\",\"@id\":\"https:\\\/\\\/www.keppemotor.com\\\/institucional\\\/es\\\/claudia-bernhardt-de-souza-pacheco\\\/\",\"url\":\"https:\\\/\\\/www.keppemotor.com\\\/institucional\\\/es\\\/claudia-bernhardt-de-souza-pacheco\\\/\",\"name\":\"Cl\u00e1udia Bernhardt de Souza Pacheco - Keppe Motor - Tecnologia para um Novo Mundo\",\"isPartOf\":{\"@id\":\"https:\\\/\\\/www.keppemotor.com\\\/institucional\\\/#website\"},\"primaryImageOfPage\":{\"@id\":\"https:\\\/\\\/www.keppemotor.com\\\/institucional\\\/es\\\/claudia-bernhardt-de-souza-pacheco\\\/#primaryimage\"},\"image\":{\"@id\":\"https:\\\/\\\/www.keppemotor.com\\\/institucional\\\/es\\\/claudia-bernhardt-de-souza-pacheco\\\/#primaryimage\"},\"thumbnailUrl\":\"http:\\\/\\\/www.keppemotor.com\\\/institucional\\\/wp-content\\\/uploads\\\/2014\\\/11\\\/pacheco-002.jpg\",\"datePublished\":\"2014-11-14T12:28:16+00:00\",\"dateModified\":\"2025-05-15T19:21:29+00:00\",\"description\":\"Vice Presidente de la SITA (Sociedad Internacional de Trilog\u00eda Anal\u00edtica), Claudia Pacheco es asistente de Norberto Keppe desde 1976 a\u00f1o en que se form\u00f3 en Psicoan\u00e1lisis Integral. Hizo su an\u00e1lisis did\u00e1ctico con Keppe despu\u00e9s de formarse en Psicolog\u00eda por la Universidad de San Marcos. Complet\u00f3 su doctorado con la tesis Freud y el Psicoan\u00e1lisis. Fundadora y editora por varios a\u00f1os de la publicaci\u00f3n oficial de la entidad, \u201cRevista de Psicoan\u00e1lisis Integral\u201d, as\u00ed como de varios peri\u00f3dicos de naturaleza terap\u00e9utica publicados por la entidad en diversos pa\u00edses; organiz\u00f3 y dirigi\u00f3 diversos Congresos Internacionales de Trilog\u00eda Anal\u00edtica.\",\"breadcrumb\":{\"@id\":\"https:\\\/\\\/www.keppemotor.com\\\/institucional\\\/es\\\/claudia-bernhardt-de-souza-pacheco\\\/#breadcrumb\"},\"inLanguage\":\"pt-BR\",\"potentialAction\":[{\"@type\":\"ReadAction\",\"target\":[\"https:\\\/\\\/www.keppemotor.com\\\/institucional\\\/es\\\/claudia-bernhardt-de-souza-pacheco\\\/\"]}]},{\"@type\":\"ImageObject\",\"inLanguage\":\"pt-BR\",\"@id\":\"https:\\\/\\\/www.keppemotor.com\\\/institucional\\\/es\\\/claudia-bernhardt-de-souza-pacheco\\\/#primaryimage\",\"url\":\"http:\\\/\\\/www.keppemotor.com\\\/institucional\\\/wp-content\\\/uploads\\\/2014\\\/11\\\/pacheco-002.jpg\",\"contentUrl\":\"http:\\\/\\\/www.keppemotor.com\\\/institucional\\\/wp-content\\\/uploads\\\/2014\\\/11\\\/pacheco-002.jpg\"},{\"@type\":\"BreadcrumbList\",\"@id\":\"https:\\\/\\\/www.keppemotor.com\\\/institucional\\\/es\\\/claudia-bernhardt-de-souza-pacheco\\\/#breadcrumb\",\"itemListElement\":[{\"@type\":\"ListItem\",\"position\":1,\"name\":\"In\u00edcio\",\"item\":\"https:\\\/\\\/www.keppemotor.com\\\/institucional\\\/\"},{\"@type\":\"ListItem\",\"position\":2,\"name\":\"Cl\u00e1udia Bernhardt de Souza Pacheco\"}]},{\"@type\":\"WebSite\",\"@id\":\"https:\\\/\\\/www.keppemotor.com\\\/institucional\\\/#website\",\"url\":\"https:\\\/\\\/www.keppemotor.com\\\/institucional\\\/\",\"name\":\"Keppe Motor - Tecnologia para um Novo Mundo\",\"description\":\"\",\"publisher\":{\"@id\":\"https:\\\/\\\/www.keppemotor.com\\\/institucional\\\/#organization\"},\"potentialAction\":[{\"@type\":\"SearchAction\",\"target\":{\"@type\":\"EntryPoint\",\"urlTemplate\":\"https:\\\/\\\/www.keppemotor.com\\\/institucional\\\/?s={search_term_string}\"},\"query-input\":{\"@type\":\"PropertyValueSpecification\",\"valueRequired\":true,\"valueName\":\"search_term_string\"}}],\"inLanguage\":\"pt-BR\"},{\"@type\":\"Organization\",\"@id\":\"https:\\\/\\\/www.keppemotor.com\\\/institucional\\\/#organization\",\"name\":\"Keppe Motor - Tecnologia para um Novo Mundo\",\"url\":\"https:\\\/\\\/www.keppemotor.com\\\/institucional\\\/\",\"logo\":{\"@type\":\"ImageObject\",\"inLanguage\":\"pt-BR\",\"@id\":\"https:\\\/\\\/www.keppemotor.com\\\/institucional\\\/#\\\/schema\\\/logo\\\/image\\\/\",\"url\":\"https:\\\/\\\/www.keppemotor.com\\\/institucional\\\/wp-content\\\/uploads\\\/2014\\\/11\\\/cropped-keppemotor-logo-header-5.png\",\"contentUrl\":\"https:\\\/\\\/www.keppemotor.com\\\/institucional\\\/wp-content\\\/uploads\\\/2014\\\/11\\\/cropped-keppemotor-logo-header-5.png\",\"width\":300,\"height\":101,\"caption\":\"Keppe Motor - Tecnologia para um Novo Mundo\"},\"image\":{\"@id\":\"https:\\\/\\\/www.keppemotor.com\\\/institucional\\\/#\\\/schema\\\/logo\\\/image\\\/\"}}]}<\/script>\n<!-- \/ Yoast SEO plugin. -->","yoast_head_json":{"title":"Cl\u00e1udia Bernhardt de Souza Pacheco - Keppe Motor - Tecnologia para um Novo Mundo","description":"Vice Presidente de la SITA (Sociedad Internacional de Trilog\u00eda Anal\u00edtica), Claudia Pacheco es asistente de Norberto Keppe desde 1976 a\u00f1o en que se form\u00f3 en Psicoan\u00e1lisis Integral. Hizo su an\u00e1lisis did\u00e1ctico con Keppe despu\u00e9s de formarse en Psicolog\u00eda por la Universidad de San Marcos. Complet\u00f3 su doctorado con la tesis Freud y el Psicoan\u00e1lisis. Fundadora y editora por varios a\u00f1os de la publicaci\u00f3n oficial de la entidad, \u201cRevista de Psicoan\u00e1lisis Integral\u201d, as\u00ed como de varios peri\u00f3dicos de naturaleza terap\u00e9utica publicados por la entidad en diversos pa\u00edses; organiz\u00f3 y dirigi\u00f3 diversos Congresos Internacionales de Trilog\u00eda Anal\u00edtica.","robots":{"index":"index","follow":"follow","max-snippet":"max-snippet:-1","max-image-preview":"max-image-preview:large","max-video-preview":"max-video-preview:-1"},"canonical":"https:\/\/www.keppemotor.com\/institucional\/es\/claudia-bernhardt-de-souza-pacheco\/","og_locale":"pt_BR","og_type":"article","og_title":"Cl\u00e1udia Bernhardt de Souza Pacheco - Keppe Motor - Tecnologia para um Novo Mundo","og_description":"Vice Presidente de la SITA (Sociedad Internacional de Trilog\u00eda Anal\u00edtica), Claudia Pacheco es asistente de Norberto Keppe desde 1976 a\u00f1o en que se form\u00f3 en Psicoan\u00e1lisis Integral. Hizo su an\u00e1lisis did\u00e1ctico con Keppe despu\u00e9s de formarse en Psicolog\u00eda por la Universidad de San Marcos. Complet\u00f3 su doctorado con la tesis Freud y el Psicoan\u00e1lisis. Fundadora y editora por varios a\u00f1os de la publicaci\u00f3n oficial de la entidad, \u201cRevista de Psicoan\u00e1lisis Integral\u201d, as\u00ed como de varios peri\u00f3dicos de naturaleza terap\u00e9utica publicados por la entidad en diversos pa\u00edses; organiz\u00f3 y dirigi\u00f3 diversos Congresos Internacionales de Trilog\u00eda Anal\u00edtica.","og_url":"https:\/\/www.keppemotor.com\/institucional\/es\/claudia-bernhardt-de-souza-pacheco\/","og_site_name":"Keppe Motor - Tecnologia para um Novo Mundo","article_modified_time":"2025-05-15T19:21:29+00:00","og_image":[{"width":322,"height":433,"url":"https:\/\/www.keppemotor.com\/institucional\/wp-content\/uploads\/2014\/11\/pacheco-002.jpg","type":"image\/jpeg"}],"twitter_misc":{"Est. tempo de leitura":"3 minutos"},"schema":{"@context":"https:\/\/schema.org","@graph":[{"@type":"WebPage","@id":"https:\/\/www.keppemotor.com\/institucional\/es\/claudia-bernhardt-de-souza-pacheco\/","url":"https:\/\/www.keppemotor.com\/institucional\/es\/claudia-bernhardt-de-souza-pacheco\/","name":"Cl\u00e1udia Bernhardt de Souza Pacheco - Keppe Motor - Tecnologia para um Novo Mundo","isPartOf":{"@id":"https:\/\/www.keppemotor.com\/institucional\/#website"},"primaryImageOfPage":{"@id":"https:\/\/www.keppemotor.com\/institucional\/es\/claudia-bernhardt-de-souza-pacheco\/#primaryimage"},"image":{"@id":"https:\/\/www.keppemotor.com\/institucional\/es\/claudia-bernhardt-de-souza-pacheco\/#primaryimage"},"thumbnailUrl":"http:\/\/www.keppemotor.com\/institucional\/wp-content\/uploads\/2014\/11\/pacheco-002.jpg","datePublished":"2014-11-14T12:28:16+00:00","dateModified":"2025-05-15T19:21:29+00:00","description":"Vice Presidente de la SITA (Sociedad Internacional de Trilog\u00eda Anal\u00edtica), Claudia Pacheco es asistente de Norberto Keppe desde 1976 a\u00f1o en que se form\u00f3 en Psicoan\u00e1lisis Integral. Hizo su an\u00e1lisis did\u00e1ctico con Keppe despu\u00e9s de formarse en Psicolog\u00eda por la Universidad de San Marcos. Complet\u00f3 su doctorado con la tesis Freud y el Psicoan\u00e1lisis. Fundadora y editora por varios a\u00f1os de la publicaci\u00f3n oficial de la entidad, \u201cRevista de Psicoan\u00e1lisis Integral\u201d, as\u00ed como de varios peri\u00f3dicos de naturaleza terap\u00e9utica publicados por la entidad en diversos pa\u00edses; organiz\u00f3 y dirigi\u00f3 diversos Congresos Internacionales de Trilog\u00eda Anal\u00edtica.","breadcrumb":{"@id":"https:\/\/www.keppemotor.com\/institucional\/es\/claudia-bernhardt-de-souza-pacheco\/#breadcrumb"},"inLanguage":"pt-BR","potentialAction":[{"@type":"ReadAction","target":["https:\/\/www.keppemotor.com\/institucional\/es\/claudia-bernhardt-de-souza-pacheco\/"]}]},{"@type":"ImageObject","inLanguage":"pt-BR","@id":"https:\/\/www.keppemotor.com\/institucional\/es\/claudia-bernhardt-de-souza-pacheco\/#primaryimage","url":"http:\/\/www.keppemotor.com\/institucional\/wp-content\/uploads\/2014\/11\/pacheco-002.jpg","contentUrl":"http:\/\/www.keppemotor.com\/institucional\/wp-content\/uploads\/2014\/11\/pacheco-002.jpg"},{"@type":"BreadcrumbList","@id":"https:\/\/www.keppemotor.com\/institucional\/es\/claudia-bernhardt-de-souza-pacheco\/#breadcrumb","itemListElement":[{"@type":"ListItem","position":1,"name":"In\u00edcio","item":"https:\/\/www.keppemotor.com\/institucional\/"},{"@type":"ListItem","position":2,"name":"Cl\u00e1udia Bernhardt de Souza Pacheco"}]},{"@type":"WebSite","@id":"https:\/\/www.keppemotor.com\/institucional\/#website","url":"https:\/\/www.keppemotor.com\/institucional\/","name":"Keppe Motor - Tecnologia para um Novo Mundo","description":"","publisher":{"@id":"https:\/\/www.keppemotor.com\/institucional\/#organization"},"potentialAction":[{"@type":"SearchAction","target":{"@type":"EntryPoint","urlTemplate":"https:\/\/www.keppemotor.com\/institucional\/?s={search_term_string}"},"query-input":{"@type":"PropertyValueSpecification","valueRequired":true,"valueName":"search_term_string"}}],"inLanguage":"pt-BR"},{"@type":"Organization","@id":"https:\/\/www.keppemotor.com\/institucional\/#organization","name":"Keppe Motor - Tecnologia para um Novo Mundo","url":"https:\/\/www.keppemotor.com\/institucional\/","logo":{"@type":"ImageObject","inLanguage":"pt-BR","@id":"https:\/\/www.keppemotor.com\/institucional\/#\/schema\/logo\/image\/","url":"https:\/\/www.keppemotor.com\/institucional\/wp-content\/uploads\/2014\/11\/cropped-keppemotor-logo-header-5.png","contentUrl":"https:\/\/www.keppemotor.com\/institucional\/wp-content\/uploads\/2014\/11\/cropped-keppemotor-logo-header-5.png","width":300,"height":101,"caption":"Keppe Motor - Tecnologia para um Novo Mundo"},"image":{"@id":"https:\/\/www.keppemotor.com\/institucional\/#\/schema\/logo\/image\/"}}]}},"_links":{"self":[{"href":"https:\/\/www.keppemotor.com\/institucional\/wp-json\/wp\/v2\/pages\/1987","targetHints":{"allow":["GET"]}}],"collection":[{"href":"https:\/\/www.keppemotor.com\/institucional\/wp-json\/wp\/v2\/pages"}],"about":[{"href":"https:\/\/www.keppemotor.com\/institucional\/wp-json\/wp\/v2\/types\/page"}],"author":[{"embeddable":true,"href":"https:\/\/www.keppemotor.com\/institucional\/wp-json\/wp\/v2\/users\/2"}],"replies":[{"embeddable":true,"href":"https:\/\/www.keppemotor.com\/institucional\/wp-json\/wp\/v2\/comments?post=1987"}],"version-history":[{"count":2,"href":"https:\/\/www.keppemotor.com\/institucional\/wp-json\/wp\/v2\/pages\/1987\/revisions"}],"predecessor-version":[{"id":8233,"href":"https:\/\/www.keppemotor.com\/institucional\/wp-json\/wp\/v2\/pages\/1987\/revisions\/8233"}],"wp:attachment":[{"href":"https:\/\/www.keppemotor.com\/institucional\/wp-json\/wp\/v2\/media?parent=1987"}],"curies":[{"name":"wp","href":"https:\/\/api.w.org\/{rel}","templated":true}]}}