{"id":20,"date":"2014-10-29T12:46:41","date_gmt":"2014-10-29T12:46:41","guid":{"rendered":"http:\/\/www.keppemotor.com\/institucional\/?page_id=20"},"modified":"2025-07-25T14:39:27","modified_gmt":"2025-07-25T14:39:27","slug":"faculdade","status":"publish","type":"page","link":"https:\/\/www.keppemotor.com\/institucional\/faculdade\/","title":{"rendered":"Faculdades Tril\u00f3gicas"},"content":{"rendered":"\t\t<div data-elementor-type=\"wp-page\" data-elementor-id=\"20\" class=\"elementor elementor-20\" data-elementor-post-type=\"page\">\n\t\t\t\t<div class=\"elementor-element elementor-element-786072c e-flex e-con-boxed e-con e-parent\" data-id=\"786072c\" data-element_type=\"container\" data-e-type=\"container\">\n\t\t\t\t\t<div class=\"e-con-inner\">\n\t\t\t\t<div class=\"elementor-element elementor-element-bba0609 elementor-widget elementor-widget-heading\" data-id=\"bba0609\" data-element_type=\"widget\" data-e-type=\"widget\" data-widget_type=\"heading.default\">\n\t\t\t\t<div class=\"elementor-widget-container\">\n\t\t\t\t\t<h1 class=\"elementor-heading-title elementor-size-default\">Faculdades Tril\u00f3gicas<\/h1>\t\t\t\t<\/div>\n\t\t\t\t<\/div>\n\t\t\t\t<div class=\"elementor-element elementor-element-7d58de50 elementor-widget elementor-widget-text-editor\" data-id=\"7d58de50\" data-element_type=\"widget\" data-e-type=\"widget\" data-widget_type=\"text-editor.default\">\n\t\t\t\t<div class=\"elementor-widget-container\">\n\t\t\t\t\t\t\t\t\t<p><img fetchpriority=\"high\" decoding=\"async\" class=\"aligncenter wp-image-2259 size-large\" src=\"https:\/\/www.keppemotor.com\/institucional\/wp-content\/uploads\/2014\/10\/campus-ikp-novo-1024x353.jpg\" alt=\"\" width=\"800\" height=\"276\" srcset=\"https:\/\/www.keppemotor.com\/institucional\/wp-content\/uploads\/2014\/10\/campus-ikp-novo-1024x353.jpg 1024w, https:\/\/www.keppemotor.com\/institucional\/wp-content\/uploads\/2014\/10\/campus-ikp-novo-300x103.jpg 300w, https:\/\/www.keppemotor.com\/institucional\/wp-content\/uploads\/2014\/10\/campus-ikp-novo-940x324.jpg 940w, https:\/\/www.keppemotor.com\/institucional\/wp-content\/uploads\/2014\/10\/campus-ikp-novo-460x158.jpg 460w, https:\/\/www.keppemotor.com\/institucional\/wp-content\/uploads\/2014\/10\/campus-ikp-novo-600x207.jpg 600w, https:\/\/www.keppemotor.com\/institucional\/wp-content\/uploads\/2014\/10\/campus-ikp-novo-120x41.jpg 120w, https:\/\/www.keppemotor.com\/institucional\/wp-content\/uploads\/2014\/10\/campus-ikp-novo-680x234.jpg 680w, https:\/\/www.keppemotor.com\/institucional\/wp-content\/uploads\/2014\/10\/campus-ikp-novo.jpg 1117w\" sizes=\"(max-width: 800px) 100vw, 800px\" \/><\/p><p>As Faculdades Tril\u00f3gicas Keppe &amp; Pacheco (FATRI Presencial, em Cambuquira \u2013 MG) e Nossa Senhora de Todos os Povos (FATRI EAD) t\u00eam suas ra\u00edzes em 1970, com a funda\u00e7\u00e3o da Sociedade de Psican\u00e1lise Integral pelo Psicanalista Norberto Keppe e com a participa\u00e7\u00e3o de sua assistente Cl\u00e1udia Bernhardt de Souza Pacheco. Em 1980, devido ao aprofundamento e abertura realizados pelos dois psicanalistas no campo da Psican\u00e1lise, Psicossom\u00e1tica e Psicossociopatologia, passaram a chamar a essa, no campo cient\u00edfico interdisciplinar, de Trilogia Anal\u00edtica. Desde ent\u00e3o, os membros da nova Escola de Keppe e Pacheco aplicam a ci\u00eancia tril\u00f3gica a uma variada gama de \u00e1reas humanas, cient\u00edficas, tecnol\u00f3gicas e art\u00edsticas.<\/p><p>A Ci\u00eancia da Trilogia Anal\u00edtica foi difundida nas Am\u00e9ricas (Norte, Central e Sul), al\u00e9m de Europa, inclusive chegando \u00e0 R\u00fassia e ainda ao Oriente, na China.<\/p><p>Dentre tantas descobertas cient\u00edficas da Trilogia Anal\u00edtica, a Nova F\u00edsica da Metaf\u00edsica Desinvertida possibilitou a Tecnologia Keppe Motor, desenvolvendo motores de alta efici\u00eancia energ\u00e9tica.\u00a0<a href=\"http:\/\/keppepacheco.edu.br\/\">keppepacheco.edu.br<\/a><\/p>\t\t\t\t\t\t\t\t<\/div>\n\t\t\t\t<\/div>\n\t\t\t\t\t<\/div>\n\t\t\t\t<\/div>\n\t\t\t\t<\/div>\n\t\t","protected":false},"excerpt":{"rendered":"<p>Faculdades Tril\u00f3gicas As Faculdades Tril\u00f3gicas Keppe &amp; Pacheco (FATRI Presencial, em Cambuquira \u2013 MG) e Nossa Senhora de Todos os Povos (FATRI EAD) t\u00eam suas ra\u00edzes em 1970, com a funda\u00e7\u00e3o da Sociedade de Psican\u00e1lise Integral pelo Psicanalista Norberto Keppe e com a participa\u00e7\u00e3o de sua assistente Cl\u00e1udia Bernhardt de Souza Pacheco. Em 1980, devido [&hellip;]<\/p>\n","protected":false},"author":2,"featured_media":0,"parent":0,"menu_order":0,"comment_status":"closed","ping_status":"open","template":"elementor_header_footer","meta":{"_exactmetrics_skip_tracking":false,"_exactmetrics_sitenote_active":false,"_exactmetrics_sitenote_note":"","_exactmetrics_sitenote_category":0,"footnotes":""},"class_list":["post-20","page","type-page","status-publish","hentry"],"yoast_head":"<!-- This site is optimized with the Yoast SEO plugin v27.4 - https:\/\/yoast.com\/product\/yoast-seo-wordpress\/ -->\n<title>Faculdade Tril\u00f3gica Keppe &amp; Pacheco - Keppe Motor<\/title>\n<meta name=\"description\" content=\"A Faculdade Tril\u00f3gica Keppe &amp; Pacheco, t\u00eam suas ra\u00edzes em 1970, com a funda\u00e7\u00e3o da Sociedade de Psican\u00e1lise Integral pelo Psicanalista Norberto Keppe e com a participa\u00e7\u00e3o de sua assistente Cl\u00e1udia Bernhardt de Souza Pacheco.\" \/>\n<meta name=\"robots\" content=\"index, follow, max-snippet:-1, max-image-preview:large, max-video-preview:-1\" \/>\n<link rel=\"canonical\" href=\"https:\/\/www.keppemotor.com\/institucional\/faculdade\/\" \/>\n<meta property=\"og:locale\" content=\"pt_BR\" \/>\n<meta property=\"og:type\" content=\"article\" \/>\n<meta property=\"og:title\" content=\"Faculdade Tril\u00f3gica Keppe &amp; Pacheco - Keppe Motor\" \/>\n<meta property=\"og:description\" content=\"A Faculdade Tril\u00f3gica Keppe &amp; Pacheco, t\u00eam suas ra\u00edzes em 1970, com a funda\u00e7\u00e3o da Sociedade de Psican\u00e1lise Integral pelo Psicanalista Norberto Keppe e com a participa\u00e7\u00e3o de sua assistente Cl\u00e1udia Bernhardt de Souza Pacheco.\" \/>\n<meta property=\"og:url\" content=\"https:\/\/www.keppemotor.com\/institucional\/faculdade\/\" \/>\n<meta property=\"og:site_name\" content=\"Keppe Motor - Tecnologia para um Novo Mundo\" \/>\n<meta property=\"article:modified_time\" content=\"2025-07-25T14:39:27+00:00\" \/>\n<meta property=\"og:image\" content=\"https:\/\/www.keppemotor.com\/institucional\/wp-content\/uploads\/2014\/10\/campus-ikp-novo.jpg\" \/>\n\t<meta property=\"og:image:width\" content=\"1117\" \/>\n\t<meta property=\"og:image:height\" content=\"386\" \/>\n\t<meta property=\"og:image:type\" content=\"image\/jpeg\" \/>\n<meta name=\"twitter:label1\" content=\"Est. tempo de leitura\" \/>\n\t<meta name=\"twitter:data1\" content=\"2 minutos\" \/>\n<script type=\"application\/ld+json\" class=\"yoast-schema-graph\">{\"@context\":\"https:\\\/\\\/schema.org\",\"@graph\":[{\"@type\":\"WebPage\",\"@id\":\"https:\\\/\\\/www.keppemotor.com\\\/institucional\\\/faculdade\\\/\",\"url\":\"https:\\\/\\\/www.keppemotor.com\\\/institucional\\\/faculdade\\\/\",\"name\":\"Faculdade Tril\u00f3gica Keppe & Pacheco - Keppe Motor\",\"isPartOf\":{\"@id\":\"https:\\\/\\\/www.keppemotor.com\\\/institucional\\\/#website\"},\"primaryImageOfPage\":{\"@id\":\"https:\\\/\\\/www.keppemotor.com\\\/institucional\\\/faculdade\\\/#primaryimage\"},\"image\":{\"@id\":\"https:\\\/\\\/www.keppemotor.com\\\/institucional\\\/faculdade\\\/#primaryimage\"},\"thumbnailUrl\":\"https:\\\/\\\/www.keppemotor.com\\\/institucional\\\/wp-content\\\/uploads\\\/2014\\\/10\\\/campus-ikp-novo-1024x353.jpg\",\"datePublished\":\"2014-10-29T12:46:41+00:00\",\"dateModified\":\"2025-07-25T14:39:27+00:00\",\"description\":\"A Faculdade Tril\u00f3gica Keppe & Pacheco, t\u00eam suas ra\u00edzes em 1970, com a funda\u00e7\u00e3o da Sociedade de Psican\u00e1lise Integral pelo Psicanalista Norberto Keppe e com a participa\u00e7\u00e3o de sua assistente Cl\u00e1udia Bernhardt de Souza Pacheco.\",\"breadcrumb\":{\"@id\":\"https:\\\/\\\/www.keppemotor.com\\\/institucional\\\/faculdade\\\/#breadcrumb\"},\"inLanguage\":\"pt-BR\",\"potentialAction\":[{\"@type\":\"ReadAction\",\"target\":[\"https:\\\/\\\/www.keppemotor.com\\\/institucional\\\/faculdade\\\/\"]}]},{\"@type\":\"ImageObject\",\"inLanguage\":\"pt-BR\",\"@id\":\"https:\\\/\\\/www.keppemotor.com\\\/institucional\\\/faculdade\\\/#primaryimage\",\"url\":\"https:\\\/\\\/www.keppemotor.com\\\/institucional\\\/wp-content\\\/uploads\\\/2014\\\/10\\\/campus-ikp-novo.jpg\",\"contentUrl\":\"https:\\\/\\\/www.keppemotor.com\\\/institucional\\\/wp-content\\\/uploads\\\/2014\\\/10\\\/campus-ikp-novo.jpg\",\"width\":1117,\"height\":386},{\"@type\":\"BreadcrumbList\",\"@id\":\"https:\\\/\\\/www.keppemotor.com\\\/institucional\\\/faculdade\\\/#breadcrumb\",\"itemListElement\":[{\"@type\":\"ListItem\",\"position\":1,\"name\":\"In\u00edcio\",\"item\":\"https:\\\/\\\/www.keppemotor.com\\\/institucional\\\/\"},{\"@type\":\"ListItem\",\"position\":2,\"name\":\"Faculdades Tril\u00f3gicas\"}]},{\"@type\":\"WebSite\",\"@id\":\"https:\\\/\\\/www.keppemotor.com\\\/institucional\\\/#website\",\"url\":\"https:\\\/\\\/www.keppemotor.com\\\/institucional\\\/\",\"name\":\"Keppe Motor - Tecnologia para um Novo Mundo\",\"description\":\"\",\"publisher\":{\"@id\":\"https:\\\/\\\/www.keppemotor.com\\\/institucional\\\/#organization\"},\"potentialAction\":[{\"@type\":\"SearchAction\",\"target\":{\"@type\":\"EntryPoint\",\"urlTemplate\":\"https:\\\/\\\/www.keppemotor.com\\\/institucional\\\/?s={search_term_string}\"},\"query-input\":{\"@type\":\"PropertyValueSpecification\",\"valueRequired\":true,\"valueName\":\"search_term_string\"}}],\"inLanguage\":\"pt-BR\"},{\"@type\":\"Organization\",\"@id\":\"https:\\\/\\\/www.keppemotor.com\\\/institucional\\\/#organization\",\"name\":\"Keppe Motor - Tecnologia para um Novo Mundo\",\"url\":\"https:\\\/\\\/www.keppemotor.com\\\/institucional\\\/\",\"logo\":{\"@type\":\"ImageObject\",\"inLanguage\":\"pt-BR\",\"@id\":\"https:\\\/\\\/www.keppemotor.com\\\/institucional\\\/#\\\/schema\\\/logo\\\/image\\\/\",\"url\":\"https:\\\/\\\/www.keppemotor.com\\\/institucional\\\/wp-content\\\/uploads\\\/2014\\\/11\\\/cropped-keppemotor-logo-header-5.png\",\"contentUrl\":\"https:\\\/\\\/www.keppemotor.com\\\/institucional\\\/wp-content\\\/uploads\\\/2014\\\/11\\\/cropped-keppemotor-logo-header-5.png\",\"width\":300,\"height\":101,\"caption\":\"Keppe Motor - Tecnologia para um Novo Mundo\"},\"image\":{\"@id\":\"https:\\\/\\\/www.keppemotor.com\\\/institucional\\\/#\\\/schema\\\/logo\\\/image\\\/\"}}]}<\/script>\n<!-- \/ Yoast SEO plugin. -->","yoast_head_json":{"title":"Faculdade Tril\u00f3gica Keppe & Pacheco - Keppe Motor","description":"A Faculdade Tril\u00f3gica Keppe & Pacheco, t\u00eam suas ra\u00edzes em 1970, com a funda\u00e7\u00e3o da Sociedade de Psican\u00e1lise Integral pelo Psicanalista Norberto Keppe e com a participa\u00e7\u00e3o de sua assistente Cl\u00e1udia Bernhardt de Souza Pacheco.","robots":{"index":"index","follow":"follow","max-snippet":"max-snippet:-1","max-image-preview":"max-image-preview:large","max-video-preview":"max-video-preview:-1"},"canonical":"https:\/\/www.keppemotor.com\/institucional\/faculdade\/","og_locale":"pt_BR","og_type":"article","og_title":"Faculdade Tril\u00f3gica Keppe & Pacheco - Keppe Motor","og_description":"A Faculdade Tril\u00f3gica Keppe & Pacheco, t\u00eam suas ra\u00edzes em 1970, com a funda\u00e7\u00e3o da Sociedade de Psican\u00e1lise Integral pelo Psicanalista Norberto Keppe e com a participa\u00e7\u00e3o de sua assistente Cl\u00e1udia Bernhardt de Souza Pacheco.","og_url":"https:\/\/www.keppemotor.com\/institucional\/faculdade\/","og_site_name":"Keppe Motor - Tecnologia para um Novo Mundo","article_modified_time":"2025-07-25T14:39:27+00:00","og_image":[{"width":1117,"height":386,"url":"https:\/\/www.keppemotor.com\/institucional\/wp-content\/uploads\/2014\/10\/campus-ikp-novo.jpg","type":"image\/jpeg"}],"twitter_misc":{"Est. tempo de leitura":"2 minutos"},"schema":{"@context":"https:\/\/schema.org","@graph":[{"@type":"WebPage","@id":"https:\/\/www.keppemotor.com\/institucional\/faculdade\/","url":"https:\/\/www.keppemotor.com\/institucional\/faculdade\/","name":"Faculdade Tril\u00f3gica Keppe & Pacheco - Keppe Motor","isPartOf":{"@id":"https:\/\/www.keppemotor.com\/institucional\/#website"},"primaryImageOfPage":{"@id":"https:\/\/www.keppemotor.com\/institucional\/faculdade\/#primaryimage"},"image":{"@id":"https:\/\/www.keppemotor.com\/institucional\/faculdade\/#primaryimage"},"thumbnailUrl":"https:\/\/www.keppemotor.com\/institucional\/wp-content\/uploads\/2014\/10\/campus-ikp-novo-1024x353.jpg","datePublished":"2014-10-29T12:46:41+00:00","dateModified":"2025-07-25T14:39:27+00:00","description":"A Faculdade Tril\u00f3gica Keppe & Pacheco, t\u00eam suas ra\u00edzes em 1970, com a funda\u00e7\u00e3o da Sociedade de Psican\u00e1lise Integral pelo Psicanalista Norberto Keppe e com a participa\u00e7\u00e3o de sua assistente Cl\u00e1udia Bernhardt de Souza Pacheco.","breadcrumb":{"@id":"https:\/\/www.keppemotor.com\/institucional\/faculdade\/#breadcrumb"},"inLanguage":"pt-BR","potentialAction":[{"@type":"ReadAction","target":["https:\/\/www.keppemotor.com\/institucional\/faculdade\/"]}]},{"@type":"ImageObject","inLanguage":"pt-BR","@id":"https:\/\/www.keppemotor.com\/institucional\/faculdade\/#primaryimage","url":"https:\/\/www.keppemotor.com\/institucional\/wp-content\/uploads\/2014\/10\/campus-ikp-novo.jpg","contentUrl":"https:\/\/www.keppemotor.com\/institucional\/wp-content\/uploads\/2014\/10\/campus-ikp-novo.jpg","width":1117,"height":386},{"@type":"BreadcrumbList","@id":"https:\/\/www.keppemotor.com\/institucional\/faculdade\/#breadcrumb","itemListElement":[{"@type":"ListItem","position":1,"name":"In\u00edcio","item":"https:\/\/www.keppemotor.com\/institucional\/"},{"@type":"ListItem","position":2,"name":"Faculdades Tril\u00f3gicas"}]},{"@type":"WebSite","@id":"https:\/\/www.keppemotor.com\/institucional\/#website","url":"https:\/\/www.keppemotor.com\/institucional\/","name":"Keppe Motor - Tecnologia para um Novo Mundo","description":"","publisher":{"@id":"https:\/\/www.keppemotor.com\/institucional\/#organization"},"potentialAction":[{"@type":"SearchAction","target":{"@type":"EntryPoint","urlTemplate":"https:\/\/www.keppemotor.com\/institucional\/?s={search_term_string}"},"query-input":{"@type":"PropertyValueSpecification","valueRequired":true,"valueName":"search_term_string"}}],"inLanguage":"pt-BR"},{"@type":"Organization","@id":"https:\/\/www.keppemotor.com\/institucional\/#organization","name":"Keppe Motor - Tecnologia para um Novo Mundo","url":"https:\/\/www.keppemotor.com\/institucional\/","logo":{"@type":"ImageObject","inLanguage":"pt-BR","@id":"https:\/\/www.keppemotor.com\/institucional\/#\/schema\/logo\/image\/","url":"https:\/\/www.keppemotor.com\/institucional\/wp-content\/uploads\/2014\/11\/cropped-keppemotor-logo-header-5.png","contentUrl":"https:\/\/www.keppemotor.com\/institucional\/wp-content\/uploads\/2014\/11\/cropped-keppemotor-logo-header-5.png","width":300,"height":101,"caption":"Keppe Motor - Tecnologia para um Novo Mundo"},"image":{"@id":"https:\/\/www.keppemotor.com\/institucional\/#\/schema\/logo\/image\/"}}]}},"_links":{"self":[{"href":"https:\/\/www.keppemotor.com\/institucional\/wp-json\/wp\/v2\/pages\/20","targetHints":{"allow":["GET"]}}],"collection":[{"href":"https:\/\/www.keppemotor.com\/institucional\/wp-json\/wp\/v2\/pages"}],"about":[{"href":"https:\/\/www.keppemotor.com\/institucional\/wp-json\/wp\/v2\/types\/page"}],"author":[{"embeddable":true,"href":"https:\/\/www.keppemotor.com\/institucional\/wp-json\/wp\/v2\/users\/2"}],"replies":[{"embeddable":true,"href":"https:\/\/www.keppemotor.com\/institucional\/wp-json\/wp\/v2\/comments?post=20"}],"version-history":[{"count":10,"href":"https:\/\/www.keppemotor.com\/institucional\/wp-json\/wp\/v2\/pages\/20\/revisions"}],"predecessor-version":[{"id":8459,"href":"https:\/\/www.keppemotor.com\/institucional\/wp-json\/wp\/v2\/pages\/20\/revisions\/8459"}],"wp:attachment":[{"href":"https:\/\/www.keppemotor.com\/institucional\/wp-json\/wp\/v2\/media?parent=20"}],"curies":[{"name":"wp","href":"https:\/\/api.w.org\/{rel}","templated":true}]}}