{"id":2001,"date":"2014-11-15T12:41:00","date_gmt":"2014-11-15T12:41:00","guid":{"rendered":"http:\/\/www.keppemotor.com\/institucional\/?page_id=2001"},"modified":"2025-08-04T14:33:44","modified_gmt":"2025-08-04T14:33:44","slug":"que-es-el-keppe-motor","status":"publish","type":"page","link":"https:\/\/www.keppemotor.com\/institucional\/es\/que-es-el-keppe-motor\/","title":{"rendered":"\u00bfQu\u00e9 es el Keppe Motor?"},"content":{"rendered":"\t\t<div data-elementor-type=\"wp-page\" data-elementor-id=\"2001\" class=\"elementor elementor-2001\" data-elementor-post-type=\"page\">\n\t\t\t\t<div class=\"elementor-element elementor-element-fea91da e-flex e-con-boxed e-con e-parent\" data-id=\"fea91da\" data-element_type=\"container\" data-e-type=\"container\">\n\t\t\t\t\t<div class=\"e-con-inner\">\n\t\t\t\t<div class=\"elementor-element elementor-element-90afad2 elementor-widget elementor-widget-heading\" data-id=\"90afad2\" data-element_type=\"widget\" data-e-type=\"widget\" data-widget_type=\"heading.default\">\n\t\t\t\t<div class=\"elementor-widget-container\">\n\t\t\t\t\t<h1 class=\"elementor-heading-title elementor-size-default\">\u00bfQu\u00e9 es el Keppe Motor?<\/h1>\t\t\t\t<\/div>\n\t\t\t\t<\/div>\n\t\t\t\t\t<\/div>\n\t\t\t\t<\/div>\n\t\t<div class=\"elementor-element elementor-element-a9ce17e e-flex e-con-boxed e-con e-parent\" data-id=\"a9ce17e\" data-element_type=\"container\" data-e-type=\"container\">\n\t\t\t\t\t<div class=\"e-con-inner\">\n\t\t\t\t<div class=\"elementor-element elementor-element-d4fb72c elementor-widget elementor-widget-text-editor\" data-id=\"d4fb72c\" data-element_type=\"widget\" data-e-type=\"widget\" data-widget_type=\"text-editor.default\">\n\t\t\t\t<div class=\"elementor-widget-container\">\n\t\t\t\t\t\t\t\t\t<h2><img fetchpriority=\"high\" decoding=\"async\" class=\"wp-image-453 size-full aligncenter\" src=\"https:\/\/www.keppemotor.com\/institucional\/wp-content\/uploads\/2014\/10\/banner-nova-fisica-1.png\" alt=\"banner-nova-fisica-1\" width=\"837\" height=\"291\" srcset=\"https:\/\/www.keppemotor.com\/institucional\/wp-content\/uploads\/2014\/10\/banner-nova-fisica-1.png 837w, https:\/\/www.keppemotor.com\/institucional\/wp-content\/uploads\/2014\/10\/banner-nova-fisica-1-300x104.png 300w, https:\/\/www.keppemotor.com\/institucional\/wp-content\/uploads\/2014\/10\/banner-nova-fisica-1-460x159.png 460w, https:\/\/www.keppemotor.com\/institucional\/wp-content\/uploads\/2014\/10\/banner-nova-fisica-1-600x208.png 600w, https:\/\/www.keppemotor.com\/institucional\/wp-content\/uploads\/2014\/10\/banner-nova-fisica-1-120x41.png 120w, https:\/\/www.keppemotor.com\/institucional\/wp-content\/uploads\/2014\/10\/banner-nova-fisica-1-680x236.png 680w\" sizes=\"(max-width: 837px) 100vw, 837px\" \/><\/h2><p>El motor Keppe recibe su nombre del cient\u00edfico austro-brasile\u00f1o <span style=\"color: #156082;\"><a href=\"\/institucional\/es\/norberto-keppe\/\"><span style=\"color: #333399;\">No<\/span><span style=\"color: #333399;\">rberto<\/span><span style=\"text-decoration: underline;\"><span style=\"color: #333399; text-decoration: underline;\"> Keppe<\/span><\/span><\/a>, <\/span>autor del libro<a href=\"https:\/\/editoraproton.com.br\/produto\/la-nueva-fisica-de-la-metafisica-desinvertida-pdf\/\"><em> <span style=\"color: #156082;\">La Nueva F\u00edsica de la Metaf\u00edsica Desinvertida <\/span><\/em><\/a>(1996), quien orient\u00f3 a los investigadores <span style=\"color: #156082;\">Cesar So\u00f3s, Roberto y Alexandre Frascari <\/span>en el desarrollo y ensamblaje del primer modelo conceptual y funcional en 2008. Este primer motor alcanz\u00f3 una eficiencia sin precedentes gracias a que operaba seg\u00fan el principio de resonancia electromagn\u00e9tica-mec\u00e1nica, lo que le permit\u00eda capturar parte de la energ\u00eda que Nikola Tesla denomin\u00f3 Energ\u00eda Escalar y Keppe, Energ\u00eda Escalar Esencial (E.E.E), o divina.<\/p><p>A diferencia de los motores de CA (corriente alterna) y CC (corriente continua), el motor Keppe es un motor RC (corriente resonante, <span style=\"color: #000000;\">en ingl\u00e9s:<\/span><i> <\/i><i><b>R<\/b><\/i><i>esonant <\/i><i><b>C<\/b><\/i><i>urrent<\/i>) y, por lo tanto, inaugura una nueva clasificaci\u00f3n de motores el\u00e9ctricos.<\/p><p>La tecnolog\u00eda de motores resonantes de Keppe Motor no tiene l\u00edmites de desarrollo y, en principio, puede sustituir pr\u00e1cticamente cualquier tipo de motor, siempre que est\u00e9 correctamente dimensionado. Adem\u00e1s, al ser resonante y m\u00e1s eficiente, el motor Keppe es m\u00e1s acorde con el medio ambiente y resulta ideal para su uso combinado con paneles fotovoltaicos, ya que no requiere inversores.<\/p>\t\t\t\t\t\t\t\t<\/div>\n\t\t\t\t<\/div>\n\t\t\t\t\t<\/div>\n\t\t\t\t<\/div>\n\t\t<div class=\"elementor-element elementor-element-aa0a308 e-flex e-con-boxed e-con e-parent\" data-id=\"aa0a308\" data-element_type=\"container\" data-e-type=\"container\">\n\t\t\t\t\t<div class=\"e-con-inner\">\n\t\t\t\t<div class=\"elementor-element elementor-element-ee611d5 elementor-widget elementor-widget-menu-anchor\" data-id=\"ee611d5\" data-element_type=\"widget\" data-e-type=\"widget\" data-widget_type=\"menu-anchor.default\">\n\t\t\t\t<div class=\"elementor-widget-container\">\n\t\t\t\t\t\t\t<div class=\"elementor-menu-anchor\" id=\"importancia\"><\/div>\n\t\t\t\t\t\t<\/div>\n\t\t\t\t<\/div>\n\t\t\t\t\t<\/div>\n\t\t\t\t<\/div>\n\t\t<div class=\"elementor-element elementor-element-c081d14 e-flex e-con-boxed e-con e-parent\" data-id=\"c081d14\" data-element_type=\"container\" data-e-type=\"container\">\n\t\t\t\t\t<div class=\"e-con-inner\">\n\t\t\t\t<div class=\"elementor-element elementor-element-3ce53d6 elementor-widget elementor-widget-heading\" data-id=\"3ce53d6\" data-element_type=\"widget\" data-e-type=\"widget\" data-widget_type=\"heading.default\">\n\t\t\t\t<div class=\"elementor-widget-container\">\n\t\t\t\t\t<h2 class=\"elementor-heading-title elementor-size-default\">\u00bfC\u00faal es la Importancia del Keppe Motor?<\/h2>\t\t\t\t<\/div>\n\t\t\t\t<\/div>\n\t\t\t\t\t<\/div>\n\t\t\t\t<\/div>\n\t\t<div class=\"elementor-element elementor-element-829ae3e e-flex e-con-boxed e-con e-parent\" data-id=\"829ae3e\" data-element_type=\"container\" data-e-type=\"container\">\n\t\t\t\t\t<div class=\"e-con-inner\">\n\t\t\t\t<div class=\"elementor-element elementor-element-785a88e elementor-widget elementor-widget-text-editor\" data-id=\"785a88e\" data-element_type=\"widget\" data-e-type=\"widget\" data-widget_type=\"text-editor.default\">\n\t\t\t\t<div class=\"elementor-widget-container\">\n\t\t\t\t\t\t\t\t\t<p>Los cambios clim\u00e1ticos ya son evidentes, lo que nos hace m\u00e1s conscientes de la importancia de encontrar fuentes de energ\u00eda m\u00e1s eficientes y sostenibles. En un futuro muy pr\u00f3ximo, solo se comercializar\u00e1n motores de alto rendimiento para cumplir con las regulaciones y acuerdos que ya est\u00e1n implementando los gobiernos de muchos pa\u00edses.<\/p><p>En un escenario donde los motores el\u00e9ctricos y sus sistemas de acci\u00f3n consumen casi la mitad de la energ\u00eda producida en el planeta, el motor Keppe surge como una alternativa significativa a las exigencias de estos nuevos est\u00e1ndares globales, ya que, en algunos casos, puede lograr un ahorro energ\u00e9tico de hasta el 90 % de econom\u00eda en comparaci\u00f3n con motores equivalentes.<\/p><p>Los beneficios de esta tecnolog\u00eda para el medio ambiente y la econom\u00eda son evidentes. Los motores el\u00e9ctricos de baja potencia son los m\u00e1s utilizados, ya que alimentan electrodom\u00e9sticos, herramientas el\u00e9ctricas, bombas hidr\u00e1ulicas, sistemas de refrigeraci\u00f3n dom\u00e9sticos etc. Suman decenas de miles de millones en todo el mundo y est\u00e1n directamente relacionados con el desarrollo de un pa\u00eds o regi\u00f3n, a medida que aumenta el poder adquisitivo de los hogares, se adquieren proporcionalmente m\u00e1s motores.<\/p><p>El Motor Keppe representa la mejor opci\u00f3n para los gobiernos que necesitan garantizar el suministro el\u00e9ctrico a sus poblaciones en desarrollo.<\/p><p>Adem\u00e1s, su bajo consumo permite su uso en peque\u00f1os sistemas de bombeo y refrigeraci\u00f3n de agua, al combinarse con un sistema de bater\u00edas y paneles fotovoltaicos en regiones remotas donde la luz solar es abundante y la red p\u00fablica es ausente. Con el Motor Keppe, los gobiernos podr\u00edan implementar innumerables proyectos de sistemas de energ\u00eda solar autosostenibles, brindando mayor comodidad y dignidad a las poblaciones m\u00e1s desfavorecidas del mundo.<\/p><p>El impacto del uso de la tecnolog\u00eda del Motor Keppe en el consumo energ\u00e9tico es impresionante.<\/p><p>Veamos este ejemplo real:<\/p><p>En 2015, se fabric\u00f3 industrialmente en China un ventilador de techo con motor Keppe. El INMETRO certific\u00f3 este producto en Brasil con un consumo de energ\u00eda de 28,5 W a m\u00e1xima velocidad (400 rpm). El promedio de los casi 500 modelos de ventiladores de techo convencionales utilizados en Brasil fue de 130 W para el mismo flujo de aire.<\/p><p>Tambi\u00e9n sabemos que anualmente se venden aproximadamente 3 millones de ventiladores de techo nuevos para uso residencial y comercial. Si todos estos ventiladores utilizaran la tecnolog\u00eda del motor Keppe, el ahorro de energ\u00eda en un a\u00f1o ser\u00eda el siguiente:<\/p><p>\u2022 BRASIL: 20 millones de ventiladores de todo tipo al a\u00f1o<br \/>\u2022 Ventiladores de techo = 3 millones al a\u00f1o<br \/>\u2022 Horas de uso: 8 horas al d\u00eda, 6 meses al a\u00f1o<br \/>\u2022 Ahorro generado por 1 MOTOR KEPPE = 130 &#8211; 28,5 = 101,5 W<br \/>\u2022 Ahorro generado por 3 millones de MOTORES KEPPE:<br \/>3.000.000 x 101,5 W x 8 h x 180 d\u00edas<br \/>= 438.480.000.000 \u2248 438.500 millones de Wh al a\u00f1o<br \/>= 37.000.000 kWh al mes = 37 GWh al mes<br \/>\u2022 Sabiendo que la producci\u00f3n de energ\u00eda de una turbina de ITAIPU en 2014 fue de 522 GWh al mes.<br \/>(<a href=\"https:\/\/www.itaipu.gov.br\/energia\/geracao\">https:\/\/www.itaipu.gov.br\/energia\/geracao<\/a>)<br \/>\u2022 Ahorro con MOTOR KEPPE = 37 GWh\/mes Ahorro para el pa\u00eds = 37\/522 \u2248 7% de una turbina de ITAIPU<br \/>\u2022 Seg\u00fan el mismo sitio web, \u00abLa energ\u00eda producida por una turbina (700 MW) ser\u00eda suficiente para abastecer el consumo promedio actual de energ\u00eda de 2,5 millones de familias en Brasil\u00bb.<br \/>\u2022 Por lo tanto, el 7% corresponder\u00eda al suministro de electricidad para 175.000 familias brasile\u00f1as si SOLO se reemplazaran los ventiladores de techo convencionales por motores Keppe.<\/p>\t\t\t\t\t\t\t\t<\/div>\n\t\t\t\t<\/div>\n\t\t\t\t\t<\/div>\n\t\t\t\t<\/div>\n\t\t\t\t<\/div>\n\t\t","protected":false},"excerpt":{"rendered":"<p>\u00bfQu\u00e9 es el Keppe Motor? El motor Keppe recibe su nombre del cient\u00edfico austro-brasile\u00f1o Norberto Keppe, autor del libro La Nueva F\u00edsica de la Metaf\u00edsica Desinvertida (1996), quien orient\u00f3 a los investigadores Cesar So\u00f3s, Roberto y Alexandre Frascari en el desarrollo y ensamblaje del primer modelo conceptual y funcional en 2008. Este primer motor alcanz\u00f3 [&hellip;]<\/p>\n","protected":false},"author":2,"featured_media":0,"parent":0,"menu_order":0,"comment_status":"closed","ping_status":"closed","template":"","meta":{"_exactmetrics_skip_tracking":false,"_exactmetrics_sitenote_active":false,"_exactmetrics_sitenote_note":"","_exactmetrics_sitenote_category":0,"footnotes":""},"class_list":["post-2001","page","type-page","status-publish","hentry"],"yoast_head":"<!-- This site is optimized with the Yoast SEO plugin v27.4 - https:\/\/yoast.com\/product\/yoast-seo-wordpress\/ -->\n<title>\u00bfQu\u00e9 es el Keppe Motor? - Keppe Motor - Tecnologia para um Novo Mundo<\/title>\n<meta name=\"robots\" content=\"index, follow, max-snippet:-1, max-image-preview:large, max-video-preview:-1\" \/>\n<link rel=\"canonical\" href=\"https:\/\/www.keppemotor.com\/institucional\/es\/que-es-el-keppe-motor\/\" \/>\n<meta property=\"og:locale\" content=\"pt_BR\" \/>\n<meta property=\"og:type\" content=\"article\" \/>\n<meta property=\"og:title\" content=\"\u00bfQu\u00e9 es el Keppe Motor? - Keppe Motor - Tecnologia para um Novo Mundo\" \/>\n<meta property=\"og:description\" content=\"\u00bfQu\u00e9 es el Keppe Motor? El motor Keppe recibe su nombre del cient\u00edfico austro-brasile\u00f1o Norberto Keppe, autor del libro La Nueva F\u00edsica de la Metaf\u00edsica Desinvertida (1996), quien orient\u00f3 a los investigadores Cesar So\u00f3s, Roberto y Alexandre Frascari en el desarrollo y ensamblaje del primer modelo conceptual y funcional en 2008. Este primer motor alcanz\u00f3 [&hellip;]\" \/>\n<meta property=\"og:url\" content=\"https:\/\/www.keppemotor.com\/institucional\/es\/que-es-el-keppe-motor\/\" \/>\n<meta property=\"og:site_name\" content=\"Keppe Motor - Tecnologia para um Novo Mundo\" \/>\n<meta property=\"article:modified_time\" content=\"2025-08-04T14:33:44+00:00\" \/>\n<meta property=\"og:image\" content=\"https:\/\/www.keppemotor.com\/institucional\/wp-content\/uploads\/2014\/10\/banner-nova-fisica-1.png\" \/>\n<meta name=\"twitter:label1\" content=\"Est. tempo de leitura\" \/>\n\t<meta name=\"twitter:data1\" content=\"5 minutos\" \/>\n<script type=\"application\/ld+json\" class=\"yoast-schema-graph\">{\"@context\":\"https:\\\/\\\/schema.org\",\"@graph\":[{\"@type\":\"WebPage\",\"@id\":\"https:\\\/\\\/www.keppemotor.com\\\/institucional\\\/es\\\/que-es-el-keppe-motor\\\/\",\"url\":\"https:\\\/\\\/www.keppemotor.com\\\/institucional\\\/es\\\/que-es-el-keppe-motor\\\/\",\"name\":\"\u00bfQu\u00e9 es el Keppe Motor? - Keppe Motor - Tecnologia para um Novo Mundo\",\"isPartOf\":{\"@id\":\"https:\\\/\\\/www.keppemotor.com\\\/institucional\\\/#website\"},\"primaryImageOfPage\":{\"@id\":\"https:\\\/\\\/www.keppemotor.com\\\/institucional\\\/es\\\/que-es-el-keppe-motor\\\/#primaryimage\"},\"image\":{\"@id\":\"https:\\\/\\\/www.keppemotor.com\\\/institucional\\\/es\\\/que-es-el-keppe-motor\\\/#primaryimage\"},\"thumbnailUrl\":\"https:\\\/\\\/www.keppemotor.com\\\/institucional\\\/wp-content\\\/uploads\\\/2014\\\/10\\\/banner-nova-fisica-1.png\",\"datePublished\":\"2014-11-15T12:41:00+00:00\",\"dateModified\":\"2025-08-04T14:33:44+00:00\",\"breadcrumb\":{\"@id\":\"https:\\\/\\\/www.keppemotor.com\\\/institucional\\\/es\\\/que-es-el-keppe-motor\\\/#breadcrumb\"},\"inLanguage\":\"pt-BR\",\"potentialAction\":[{\"@type\":\"ReadAction\",\"target\":[\"https:\\\/\\\/www.keppemotor.com\\\/institucional\\\/es\\\/que-es-el-keppe-motor\\\/\"]}]},{\"@type\":\"ImageObject\",\"inLanguage\":\"pt-BR\",\"@id\":\"https:\\\/\\\/www.keppemotor.com\\\/institucional\\\/es\\\/que-es-el-keppe-motor\\\/#primaryimage\",\"url\":\"https:\\\/\\\/www.keppemotor.com\\\/institucional\\\/wp-content\\\/uploads\\\/2014\\\/10\\\/banner-nova-fisica-1.png\",\"contentUrl\":\"https:\\\/\\\/www.keppemotor.com\\\/institucional\\\/wp-content\\\/uploads\\\/2014\\\/10\\\/banner-nova-fisica-1.png\",\"width\":837,\"height\":291},{\"@type\":\"BreadcrumbList\",\"@id\":\"https:\\\/\\\/www.keppemotor.com\\\/institucional\\\/es\\\/que-es-el-keppe-motor\\\/#breadcrumb\",\"itemListElement\":[{\"@type\":\"ListItem\",\"position\":1,\"name\":\"In\u00edcio\",\"item\":\"https:\\\/\\\/www.keppemotor.com\\\/institucional\\\/\"},{\"@type\":\"ListItem\",\"position\":2,\"name\":\"\u00bfQu\u00e9 es el Keppe Motor?\"}]},{\"@type\":\"WebSite\",\"@id\":\"https:\\\/\\\/www.keppemotor.com\\\/institucional\\\/#website\",\"url\":\"https:\\\/\\\/www.keppemotor.com\\\/institucional\\\/\",\"name\":\"Keppe Motor - Tecnologia para um Novo Mundo\",\"description\":\"\",\"publisher\":{\"@id\":\"https:\\\/\\\/www.keppemotor.com\\\/institucional\\\/#organization\"},\"potentialAction\":[{\"@type\":\"SearchAction\",\"target\":{\"@type\":\"EntryPoint\",\"urlTemplate\":\"https:\\\/\\\/www.keppemotor.com\\\/institucional\\\/?s={search_term_string}\"},\"query-input\":{\"@type\":\"PropertyValueSpecification\",\"valueRequired\":true,\"valueName\":\"search_term_string\"}}],\"inLanguage\":\"pt-BR\"},{\"@type\":\"Organization\",\"@id\":\"https:\\\/\\\/www.keppemotor.com\\\/institucional\\\/#organization\",\"name\":\"Keppe Motor - Tecnologia para um Novo Mundo\",\"url\":\"https:\\\/\\\/www.keppemotor.com\\\/institucional\\\/\",\"logo\":{\"@type\":\"ImageObject\",\"inLanguage\":\"pt-BR\",\"@id\":\"https:\\\/\\\/www.keppemotor.com\\\/institucional\\\/#\\\/schema\\\/logo\\\/image\\\/\",\"url\":\"https:\\\/\\\/www.keppemotor.com\\\/institucional\\\/wp-content\\\/uploads\\\/2014\\\/11\\\/cropped-keppemotor-logo-header-5.png\",\"contentUrl\":\"https:\\\/\\\/www.keppemotor.com\\\/institucional\\\/wp-content\\\/uploads\\\/2014\\\/11\\\/cropped-keppemotor-logo-header-5.png\",\"width\":300,\"height\":101,\"caption\":\"Keppe Motor - Tecnologia para um Novo Mundo\"},\"image\":{\"@id\":\"https:\\\/\\\/www.keppemotor.com\\\/institucional\\\/#\\\/schema\\\/logo\\\/image\\\/\"}}]}<\/script>\n<!-- \/ Yoast SEO plugin. -->","yoast_head_json":{"title":"\u00bfQu\u00e9 es el Keppe Motor? - Keppe Motor - Tecnologia para um Novo Mundo","robots":{"index":"index","follow":"follow","max-snippet":"max-snippet:-1","max-image-preview":"max-image-preview:large","max-video-preview":"max-video-preview:-1"},"canonical":"https:\/\/www.keppemotor.com\/institucional\/es\/que-es-el-keppe-motor\/","og_locale":"pt_BR","og_type":"article","og_title":"\u00bfQu\u00e9 es el Keppe Motor? - Keppe Motor - Tecnologia para um Novo Mundo","og_description":"\u00bfQu\u00e9 es el Keppe Motor? El motor Keppe recibe su nombre del cient\u00edfico austro-brasile\u00f1o Norberto Keppe, autor del libro La Nueva F\u00edsica de la Metaf\u00edsica Desinvertida (1996), quien orient\u00f3 a los investigadores Cesar So\u00f3s, Roberto y Alexandre Frascari en el desarrollo y ensamblaje del primer modelo conceptual y funcional en 2008. Este primer motor alcanz\u00f3 [&hellip;]","og_url":"https:\/\/www.keppemotor.com\/institucional\/es\/que-es-el-keppe-motor\/","og_site_name":"Keppe Motor - Tecnologia para um Novo Mundo","article_modified_time":"2025-08-04T14:33:44+00:00","og_image":[{"url":"https:\/\/www.keppemotor.com\/institucional\/wp-content\/uploads\/2014\/10\/banner-nova-fisica-1.png","type":"","width":"","height":""}],"twitter_misc":{"Est. tempo de leitura":"5 minutos"},"schema":{"@context":"https:\/\/schema.org","@graph":[{"@type":"WebPage","@id":"https:\/\/www.keppemotor.com\/institucional\/es\/que-es-el-keppe-motor\/","url":"https:\/\/www.keppemotor.com\/institucional\/es\/que-es-el-keppe-motor\/","name":"\u00bfQu\u00e9 es el Keppe Motor? - Keppe Motor - Tecnologia para um Novo Mundo","isPartOf":{"@id":"https:\/\/www.keppemotor.com\/institucional\/#website"},"primaryImageOfPage":{"@id":"https:\/\/www.keppemotor.com\/institucional\/es\/que-es-el-keppe-motor\/#primaryimage"},"image":{"@id":"https:\/\/www.keppemotor.com\/institucional\/es\/que-es-el-keppe-motor\/#primaryimage"},"thumbnailUrl":"https:\/\/www.keppemotor.com\/institucional\/wp-content\/uploads\/2014\/10\/banner-nova-fisica-1.png","datePublished":"2014-11-15T12:41:00+00:00","dateModified":"2025-08-04T14:33:44+00:00","breadcrumb":{"@id":"https:\/\/www.keppemotor.com\/institucional\/es\/que-es-el-keppe-motor\/#breadcrumb"},"inLanguage":"pt-BR","potentialAction":[{"@type":"ReadAction","target":["https:\/\/www.keppemotor.com\/institucional\/es\/que-es-el-keppe-motor\/"]}]},{"@type":"ImageObject","inLanguage":"pt-BR","@id":"https:\/\/www.keppemotor.com\/institucional\/es\/que-es-el-keppe-motor\/#primaryimage","url":"https:\/\/www.keppemotor.com\/institucional\/wp-content\/uploads\/2014\/10\/banner-nova-fisica-1.png","contentUrl":"https:\/\/www.keppemotor.com\/institucional\/wp-content\/uploads\/2014\/10\/banner-nova-fisica-1.png","width":837,"height":291},{"@type":"BreadcrumbList","@id":"https:\/\/www.keppemotor.com\/institucional\/es\/que-es-el-keppe-motor\/#breadcrumb","itemListElement":[{"@type":"ListItem","position":1,"name":"In\u00edcio","item":"https:\/\/www.keppemotor.com\/institucional\/"},{"@type":"ListItem","position":2,"name":"\u00bfQu\u00e9 es el Keppe Motor?"}]},{"@type":"WebSite","@id":"https:\/\/www.keppemotor.com\/institucional\/#website","url":"https:\/\/www.keppemotor.com\/institucional\/","name":"Keppe Motor - Tecnologia para um Novo Mundo","description":"","publisher":{"@id":"https:\/\/www.keppemotor.com\/institucional\/#organization"},"potentialAction":[{"@type":"SearchAction","target":{"@type":"EntryPoint","urlTemplate":"https:\/\/www.keppemotor.com\/institucional\/?s={search_term_string}"},"query-input":{"@type":"PropertyValueSpecification","valueRequired":true,"valueName":"search_term_string"}}],"inLanguage":"pt-BR"},{"@type":"Organization","@id":"https:\/\/www.keppemotor.com\/institucional\/#organization","name":"Keppe Motor - Tecnologia para um Novo Mundo","url":"https:\/\/www.keppemotor.com\/institucional\/","logo":{"@type":"ImageObject","inLanguage":"pt-BR","@id":"https:\/\/www.keppemotor.com\/institucional\/#\/schema\/logo\/image\/","url":"https:\/\/www.keppemotor.com\/institucional\/wp-content\/uploads\/2014\/11\/cropped-keppemotor-logo-header-5.png","contentUrl":"https:\/\/www.keppemotor.com\/institucional\/wp-content\/uploads\/2014\/11\/cropped-keppemotor-logo-header-5.png","width":300,"height":101,"caption":"Keppe Motor - Tecnologia para um Novo Mundo"},"image":{"@id":"https:\/\/www.keppemotor.com\/institucional\/#\/schema\/logo\/image\/"}}]}},"_links":{"self":[{"href":"https:\/\/www.keppemotor.com\/institucional\/wp-json\/wp\/v2\/pages\/2001","targetHints":{"allow":["GET"]}}],"collection":[{"href":"https:\/\/www.keppemotor.com\/institucional\/wp-json\/wp\/v2\/pages"}],"about":[{"href":"https:\/\/www.keppemotor.com\/institucional\/wp-json\/wp\/v2\/types\/page"}],"author":[{"embeddable":true,"href":"https:\/\/www.keppemotor.com\/institucional\/wp-json\/wp\/v2\/users\/2"}],"replies":[{"embeddable":true,"href":"https:\/\/www.keppemotor.com\/institucional\/wp-json\/wp\/v2\/comments?post=2001"}],"version-history":[{"count":19,"href":"https:\/\/www.keppemotor.com\/institucional\/wp-json\/wp\/v2\/pages\/2001\/revisions"}],"predecessor-version":[{"id":8522,"href":"https:\/\/www.keppemotor.com\/institucional\/wp-json\/wp\/v2\/pages\/2001\/revisions\/8522"}],"wp:attachment":[{"href":"https:\/\/www.keppemotor.com\/institucional\/wp-json\/wp\/v2\/media?parent=2001"}],"curies":[{"name":"wp","href":"https:\/\/api.w.org\/{rel}","templated":true}]}}