{"id":2019,"date":"2014-11-15T15:47:51","date_gmt":"2014-11-15T15:47:51","guid":{"rendered":"http:\/\/www.keppemotor.com\/institucional\/?page_id=2019"},"modified":"2024-09-08T00:44:54","modified_gmt":"2024-09-08T00:44:54","slug":"ventilador-de-techo-universe-keppe-motor","status":"publish","type":"page","link":"https:\/\/www.keppemotor.com\/institucional\/es\/ventilador-de-techo-universe-keppe-motor\/","title":{"rendered":"Ventilador de Techo Universe &#8211; Tecnolog\u00eda Keppe Motor"},"content":{"rendered":"<h5><a href=\"http:\/\/www.keppemotor.com\/institucional\/wp-content\/uploads\/2014\/11\/ventilador-de-teto-universe-turbo-2a.png\"><img fetchpriority=\"high\" decoding=\"async\" class=\"aligncenter wp-image-827 size-large\" src=\"http:\/\/www.keppemotor.com\/institucional\/wp-content\/uploads\/2014\/11\/ventilador-de-teto-universe-turbo-2a-1024x682.png\" alt=\"\" width=\"680\" height=\"452\" srcset=\"https:\/\/www.keppemotor.com\/institucional\/wp-content\/uploads\/2014\/11\/ventilador-de-teto-universe-turbo-2a-1024x682.png 1024w, https:\/\/www.keppemotor.com\/institucional\/wp-content\/uploads\/2014\/11\/ventilador-de-teto-universe-turbo-2a-300x200.png 300w, https:\/\/www.keppemotor.com\/institucional\/wp-content\/uploads\/2014\/11\/ventilador-de-teto-universe-turbo-2a-940x626.png 940w, https:\/\/www.keppemotor.com\/institucional\/wp-content\/uploads\/2014\/11\/ventilador-de-teto-universe-turbo-2a-460x306.png 460w, https:\/\/www.keppemotor.com\/institucional\/wp-content\/uploads\/2014\/11\/ventilador-de-teto-universe-turbo-2a-600x400.png 600w, https:\/\/www.keppemotor.com\/institucional\/wp-content\/uploads\/2014\/11\/ventilador-de-teto-universe-turbo-2a-120x80.png 120w, https:\/\/www.keppemotor.com\/institucional\/wp-content\/uploads\/2014\/11\/ventilador-de-teto-universe-turbo-2a-680x453.png 680w, https:\/\/www.keppemotor.com\/institucional\/wp-content\/uploads\/2014\/11\/ventilador-de-teto-universe-turbo-2a.png 1350w\" sizes=\"(max-width: 680px) 100vw, 680px\" \/><\/a><\/h5>\n<p>[accordions]<br \/>\n[accordion title=&#8221;<strong>HASTA 90% MAS ECON\u00d3MICO EN LA VELOCIDAD ALTA<\/strong>&#8220;]<\/p>\n<h5>Se comprob\u00f3 que la tecnolog\u00eda Keppe Motor, a trav\u00e9s del ventilador UNIVERSE, alcanz\u00f3 los \u00edndices m\u00e1s elevados de econom\u00eda de energ\u00eda. Como consecuencia, el resultado ser\u00e1 la disminuci\u00f3n del valor de las cuentas de electricidad para los consumidores, <a href=\"http:\/\/www.ecostartshop.com.br\/patentes\/\">clique aqui<\/a>.<\/h5>\n<p>[\/accordion]<br \/>\n[accordion title=&#8221;<strong>BIVOLT AUTOM\u00c1TICO (110V\/220V) &#8211;\u00a0<\/strong><br \/>\nEXCLUSIVO EN EL MUNDO!&#8221;]<\/p>\n<h5>Menor costo en el almacenamiento.<br \/>\nMenor \u00edndice de devoluciones por uso inadecuado del consumidor.<br \/>\nMenor costo de asistencia t\u00e9cnica.<\/h5>\n<p>[\/accordion]<br \/>\n[accordion title=&#8221;<strong>MOTOR FRIO<\/strong> \u2013 Brisa fresca y agradable&#8221;]<\/p>\n<ul>\n<li>UNIVERSE es perfecto para uso combinado con aire acondicionado pues distribuye una brisa fresca de forma uniforme en todo el entorno, permitiendo ahorrar energ\u00eda.<\/li>\n<li>Mayor durabilidad de piezas y componentes.<\/li>\n<\/ul>\n<h5><span style=\"color: #000000; font-size: 1em; line-height: 1.5em;\"><br \/>\n[\/accordion]<\/span><\/h5>\n<p>[accordion title=&#8221;<strong>FLUJO DE AIRE<\/strong>&#8220;]<\/p>\n<h5>Debido al dise\u00f1o \u00fanico de las palas, produce un flujo de aire fuerte y uniforme. No provoca el fen\u00f3meno de ca\u00f1\u00f3n de aire.<\/h5>\n<p>[\/accordion]<\/p>\n<p>[accordion title=&#8221;<strong>GARANT\u00cdA ASISTENCIA T\u00c9CNICA<\/strong>&#8220;]<\/p>\n<ul>\n<li>Garant\u00eda de 1 A\u00d1O.<\/li>\n<li>Asistencia t\u00e9cnica garantizada.<\/li>\n<\/ul>\n<h5>[\/accordion]<\/h5>\n<p>[accordion title=&#8221;<strong>VELOCIDADES<\/strong>&#8220;]<\/p>\n<h5>5 velocidades de ventilaci\u00f3n y succi\u00f3n con control remoto (mando a distancia).<\/h5>\n<p>[\/accordion]<\/p>\n<p>[accordion title=&#8221;<strong>LUMIN\u00c1RIA<\/strong>&#8220;]<\/p>\n<p><strong>(opcional)<\/strong><\/p>\n<p><strong>Globo de vidrio fosco con bombilla LED efecto difuso.<\/strong><\/p>\n<p><strong>Iluminaci\u00f3n perfecta, f\u00e1cil de limpiar y acabado sofisticado.<\/strong><\/p>\n<p>[\/accordion]<\/p>\n<p>[accordion title=&#8221;<strong>CONTROL REMOTO(MANDO A DISTANCIA) PARA LUZ Y VELOCIDADES<\/strong>&#8220;]<\/p>\n<h5>Al ser encendido nuevamente, utilizar\u00e1 el mismo ajuste que ten\u00eda cuando fue apagado.<\/h5>\n<p>Funci\u00f3n de Temporizador: 3 configuraciones diferentes (1h, 4h,8h) que pueden ser programadas por el consumidor.<\/p>\n<p>[\/accordion]<\/p>\n<p>[accordion title=&#8221;<strong>ECOL\u00d3GICO<\/strong>&#8220;]<\/p>\n<h5>Los \u00edndices de eficiencia responden a las exigencias de la Legislaci\u00f3n Energ\u00e9tica, ISO 50.001, que entrar\u00e1 en vigencia en 2015.<\/h5>\n<p>[\/accordion]<\/p>\n<p>[accordion title=&#8221;<strong>Garantia e Assist\u00eancia T\u00e9cnica<\/strong>&#8220;]<\/p>\n<h5>A garantia de f\u00e1brica do ventilador de teto Universe Turbo \u00e9 de 1 ano. Possui assist\u00eancia t\u00e9cnica centralizada e altamente especializada, al\u00e9m do servi\u00e7o de atendimento ao consumidor SAC. <a href=\"http:\/\/www.ecostartshop.com.br\/garantia-troca-e-devolucao\/\">Clique aqui<\/a> para informa\u00e7\u00f5es sobre procedimento de garantia, devolu\u00e7\u00e3o e troca.<br \/>\n<a href=\"mailto:sac@ecostart.com.br\">sac@ecostart.com.br<\/a><br \/>\n(19) 3572-9090<br \/>\nAtendimento de segunda a sexta-feira no hor\u00e1rio comercial<\/h5>\n<p>[\/accordion]<\/p>\n<p>[\/accordions]<\/p>\n<p>[special_heading type=&#8221;h3&#8243; underline=&#8221;yes&#8221;]<strong>Mediciones realizadas en TESTTECH<\/strong><\/p>\n<p>[\/special_heading]<\/p>\n<p><a href=\"http:\/\/www.keppemotor.com\/institucional\/wp-content\/uploads\/2014\/11\/tabela-testtech-espanhol.jpg\"><img decoding=\"async\" class=\"alignnone wp-image-2024 size-large\" src=\"http:\/\/www.keppemotor.com\/institucional\/wp-content\/uploads\/2014\/11\/tabela-testtech-espanhol-1024x214.jpg\" alt=\"tabela-testtech-espanhol\" width=\"680\" height=\"142\" srcset=\"https:\/\/www.keppemotor.com\/institucional\/wp-content\/uploads\/2014\/11\/tabela-testtech-espanhol-1024x214.jpg 1024w, https:\/\/www.keppemotor.com\/institucional\/wp-content\/uploads\/2014\/11\/tabela-testtech-espanhol-300x62.jpg 300w, https:\/\/www.keppemotor.com\/institucional\/wp-content\/uploads\/2014\/11\/tabela-testtech-espanhol-940x196.jpg 940w, https:\/\/www.keppemotor.com\/institucional\/wp-content\/uploads\/2014\/11\/tabela-testtech-espanhol-460x96.jpg 460w, https:\/\/www.keppemotor.com\/institucional\/wp-content\/uploads\/2014\/11\/tabela-testtech-espanhol-600x125.jpg 600w, https:\/\/www.keppemotor.com\/institucional\/wp-content\/uploads\/2014\/11\/tabela-testtech-espanhol-120x25.jpg 120w, https:\/\/www.keppemotor.com\/institucional\/wp-content\/uploads\/2014\/11\/tabela-testtech-espanhol-680x142.jpg 680w\" sizes=\"(max-width: 680px) 100vw, 680px\" \/><\/a><\/p>\n","protected":false},"excerpt":{"rendered":"<p>[accordions] [accordion title=&#8221;HASTA 90% MAS ECON\u00d3MICO EN LA VELOCIDAD ALTA&#8220;] Se comprob\u00f3 que la tecnolog\u00eda Keppe Motor, a trav\u00e9s del ventilador UNIVERSE, alcanz\u00f3 los \u00edndices m\u00e1s elevados de econom\u00eda de energ\u00eda. Como consecuencia, el resultado ser\u00e1 la disminuci\u00f3n del valor de las cuentas de electricidad para los consumidores, clique aqui. [\/accordion] [accordion title=&#8221;BIVOLT AUTOM\u00c1TICO (110V\/220V) [&hellip;]<\/p>\n","protected":false},"author":2,"featured_media":0,"parent":0,"menu_order":0,"comment_status":"closed","ping_status":"open","template":"","meta":{"_exactmetrics_skip_tracking":false,"_exactmetrics_sitenote_active":false,"_exactmetrics_sitenote_note":"","_exactmetrics_sitenote_category":0,"footnotes":""},"class_list":["post-2019","page","type-page","status-publish","hentry"],"yoast_head":"<!-- This site is optimized with the Yoast SEO plugin v27.4 - https:\/\/yoast.com\/product\/yoast-seo-wordpress\/ -->\n<title>Ventilador de Techo Universe - Tecnolog\u00eda Keppe Motor<\/title>\n<meta name=\"description\" content=\"Se comprob\u00f3 que la tecnolog\u00eda Keppe Motor, a trav\u00e9s del ventilador UNIVERSE, alcanz\u00f3 los \u00edndices m\u00e1s elevados de econom\u00eda de energ\u00eda. Como consecuencia, el resultado ser\u00e1 la disminuci\u00f3n del valor de las cuentas de electricidad para los consumidores\" \/>\n<meta name=\"robots\" content=\"index, follow, max-snippet:-1, max-image-preview:large, max-video-preview:-1\" \/>\n<link rel=\"canonical\" href=\"https:\/\/www.keppemotor.com\/institucional\/es\/ventilador-de-techo-universe-keppe-motor\/\" \/>\n<meta property=\"og:locale\" content=\"pt_BR\" \/>\n<meta property=\"og:type\" content=\"article\" \/>\n<meta property=\"og:title\" content=\"Ventilador de Techo Universe - Tecnolog\u00eda Keppe Motor\" \/>\n<meta property=\"og:description\" content=\"Se comprob\u00f3 que la tecnolog\u00eda Keppe Motor, a trav\u00e9s del ventilador UNIVERSE, alcanz\u00f3 los \u00edndices m\u00e1s elevados de econom\u00eda de energ\u00eda. Como consecuencia, el resultado ser\u00e1 la disminuci\u00f3n del valor de las cuentas de electricidad para los consumidores\" \/>\n<meta property=\"og:url\" content=\"https:\/\/www.keppemotor.com\/institucional\/es\/ventilador-de-techo-universe-keppe-motor\/\" \/>\n<meta property=\"og:site_name\" content=\"Keppe Motor - Tecnologia para um Novo Mundo\" \/>\n<meta property=\"article:modified_time\" content=\"2024-09-08T00:44:54+00:00\" \/>\n<meta property=\"og:image\" content=\"http:\/\/www.keppemotor.com\/institucional\/wp-content\/uploads\/2014\/11\/ventilador-de-teto-universe-turbo-2a-1024x682.png\" \/>\n<meta name=\"twitter:label1\" content=\"Est. tempo de leitura\" \/>\n\t<meta name=\"twitter:data1\" content=\"3 minutos\" \/>\n<script type=\"application\/ld+json\" class=\"yoast-schema-graph\">{\"@context\":\"https:\\\/\\\/schema.org\",\"@graph\":[{\"@type\":\"WebPage\",\"@id\":\"https:\\\/\\\/www.keppemotor.com\\\/institucional\\\/es\\\/ventilador-de-techo-universe-keppe-motor\\\/\",\"url\":\"https:\\\/\\\/www.keppemotor.com\\\/institucional\\\/es\\\/ventilador-de-techo-universe-keppe-motor\\\/\",\"name\":\"Ventilador de Techo Universe - Tecnolog\u00eda Keppe Motor\",\"isPartOf\":{\"@id\":\"https:\\\/\\\/www.keppemotor.com\\\/institucional\\\/#website\"},\"primaryImageOfPage\":{\"@id\":\"https:\\\/\\\/www.keppemotor.com\\\/institucional\\\/es\\\/ventilador-de-techo-universe-keppe-motor\\\/#primaryimage\"},\"image\":{\"@id\":\"https:\\\/\\\/www.keppemotor.com\\\/institucional\\\/es\\\/ventilador-de-techo-universe-keppe-motor\\\/#primaryimage\"},\"thumbnailUrl\":\"http:\\\/\\\/www.keppemotor.com\\\/institucional\\\/wp-content\\\/uploads\\\/2014\\\/11\\\/ventilador-de-teto-universe-turbo-2a-1024x682.png\",\"datePublished\":\"2014-11-15T15:47:51+00:00\",\"dateModified\":\"2024-09-08T00:44:54+00:00\",\"description\":\"Se comprob\u00f3 que la tecnolog\u00eda Keppe Motor, a trav\u00e9s del ventilador UNIVERSE, alcanz\u00f3 los \u00edndices m\u00e1s elevados de econom\u00eda de energ\u00eda. Como consecuencia, el resultado ser\u00e1 la disminuci\u00f3n del valor de las cuentas de electricidad para los consumidores\",\"breadcrumb\":{\"@id\":\"https:\\\/\\\/www.keppemotor.com\\\/institucional\\\/es\\\/ventilador-de-techo-universe-keppe-motor\\\/#breadcrumb\"},\"inLanguage\":\"pt-BR\",\"potentialAction\":[{\"@type\":\"ReadAction\",\"target\":[\"https:\\\/\\\/www.keppemotor.com\\\/institucional\\\/es\\\/ventilador-de-techo-universe-keppe-motor\\\/\"]}]},{\"@type\":\"ImageObject\",\"inLanguage\":\"pt-BR\",\"@id\":\"https:\\\/\\\/www.keppemotor.com\\\/institucional\\\/es\\\/ventilador-de-techo-universe-keppe-motor\\\/#primaryimage\",\"url\":\"https:\\\/\\\/www.keppemotor.com\\\/institucional\\\/wp-content\\\/uploads\\\/2014\\\/11\\\/ventilador-de-teto-universe-turbo-2a.png\",\"contentUrl\":\"https:\\\/\\\/www.keppemotor.com\\\/institucional\\\/wp-content\\\/uploads\\\/2014\\\/11\\\/ventilador-de-teto-universe-turbo-2a.png\",\"width\":1350,\"height\":900},{\"@type\":\"BreadcrumbList\",\"@id\":\"https:\\\/\\\/www.keppemotor.com\\\/institucional\\\/es\\\/ventilador-de-techo-universe-keppe-motor\\\/#breadcrumb\",\"itemListElement\":[{\"@type\":\"ListItem\",\"position\":1,\"name\":\"In\u00edcio\",\"item\":\"https:\\\/\\\/www.keppemotor.com\\\/institucional\\\/\"},{\"@type\":\"ListItem\",\"position\":2,\"name\":\"Ventilador de Techo Universe &#8211; Tecnolog\u00eda Keppe Motor\"}]},{\"@type\":\"WebSite\",\"@id\":\"https:\\\/\\\/www.keppemotor.com\\\/institucional\\\/#website\",\"url\":\"https:\\\/\\\/www.keppemotor.com\\\/institucional\\\/\",\"name\":\"Keppe Motor - Tecnologia para um Novo Mundo\",\"description\":\"\",\"publisher\":{\"@id\":\"https:\\\/\\\/www.keppemotor.com\\\/institucional\\\/#organization\"},\"potentialAction\":[{\"@type\":\"SearchAction\",\"target\":{\"@type\":\"EntryPoint\",\"urlTemplate\":\"https:\\\/\\\/www.keppemotor.com\\\/institucional\\\/?s={search_term_string}\"},\"query-input\":{\"@type\":\"PropertyValueSpecification\",\"valueRequired\":true,\"valueName\":\"search_term_string\"}}],\"inLanguage\":\"pt-BR\"},{\"@type\":\"Organization\",\"@id\":\"https:\\\/\\\/www.keppemotor.com\\\/institucional\\\/#organization\",\"name\":\"Keppe Motor - Tecnologia para um Novo Mundo\",\"url\":\"https:\\\/\\\/www.keppemotor.com\\\/institucional\\\/\",\"logo\":{\"@type\":\"ImageObject\",\"inLanguage\":\"pt-BR\",\"@id\":\"https:\\\/\\\/www.keppemotor.com\\\/institucional\\\/#\\\/schema\\\/logo\\\/image\\\/\",\"url\":\"https:\\\/\\\/www.keppemotor.com\\\/institucional\\\/wp-content\\\/uploads\\\/2014\\\/11\\\/cropped-keppemotor-logo-header-5.png\",\"contentUrl\":\"https:\\\/\\\/www.keppemotor.com\\\/institucional\\\/wp-content\\\/uploads\\\/2014\\\/11\\\/cropped-keppemotor-logo-header-5.png\",\"width\":300,\"height\":101,\"caption\":\"Keppe Motor - Tecnologia para um Novo Mundo\"},\"image\":{\"@id\":\"https:\\\/\\\/www.keppemotor.com\\\/institucional\\\/#\\\/schema\\\/logo\\\/image\\\/\"}}]}<\/script>\n<!-- \/ Yoast SEO plugin. -->","yoast_head_json":{"title":"Ventilador de Techo Universe - Tecnolog\u00eda Keppe Motor","description":"Se comprob\u00f3 que la tecnolog\u00eda Keppe Motor, a trav\u00e9s del ventilador UNIVERSE, alcanz\u00f3 los \u00edndices m\u00e1s elevados de econom\u00eda de energ\u00eda. Como consecuencia, el resultado ser\u00e1 la disminuci\u00f3n del valor de las cuentas de electricidad para los consumidores","robots":{"index":"index","follow":"follow","max-snippet":"max-snippet:-1","max-image-preview":"max-image-preview:large","max-video-preview":"max-video-preview:-1"},"canonical":"https:\/\/www.keppemotor.com\/institucional\/es\/ventilador-de-techo-universe-keppe-motor\/","og_locale":"pt_BR","og_type":"article","og_title":"Ventilador de Techo Universe - Tecnolog\u00eda Keppe Motor","og_description":"Se comprob\u00f3 que la tecnolog\u00eda Keppe Motor, a trav\u00e9s del ventilador UNIVERSE, alcanz\u00f3 los \u00edndices m\u00e1s elevados de econom\u00eda de energ\u00eda. Como consecuencia, el resultado ser\u00e1 la disminuci\u00f3n del valor de las cuentas de electricidad para los consumidores","og_url":"https:\/\/www.keppemotor.com\/institucional\/es\/ventilador-de-techo-universe-keppe-motor\/","og_site_name":"Keppe Motor - Tecnologia para um Novo Mundo","article_modified_time":"2024-09-08T00:44:54+00:00","og_image":[{"url":"http:\/\/www.keppemotor.com\/institucional\/wp-content\/uploads\/2014\/11\/ventilador-de-teto-universe-turbo-2a-1024x682.png","type":"","width":"","height":""}],"twitter_misc":{"Est. tempo de leitura":"3 minutos"},"schema":{"@context":"https:\/\/schema.org","@graph":[{"@type":"WebPage","@id":"https:\/\/www.keppemotor.com\/institucional\/es\/ventilador-de-techo-universe-keppe-motor\/","url":"https:\/\/www.keppemotor.com\/institucional\/es\/ventilador-de-techo-universe-keppe-motor\/","name":"Ventilador de Techo Universe - Tecnolog\u00eda Keppe Motor","isPartOf":{"@id":"https:\/\/www.keppemotor.com\/institucional\/#website"},"primaryImageOfPage":{"@id":"https:\/\/www.keppemotor.com\/institucional\/es\/ventilador-de-techo-universe-keppe-motor\/#primaryimage"},"image":{"@id":"https:\/\/www.keppemotor.com\/institucional\/es\/ventilador-de-techo-universe-keppe-motor\/#primaryimage"},"thumbnailUrl":"http:\/\/www.keppemotor.com\/institucional\/wp-content\/uploads\/2014\/11\/ventilador-de-teto-universe-turbo-2a-1024x682.png","datePublished":"2014-11-15T15:47:51+00:00","dateModified":"2024-09-08T00:44:54+00:00","description":"Se comprob\u00f3 que la tecnolog\u00eda Keppe Motor, a trav\u00e9s del ventilador UNIVERSE, alcanz\u00f3 los \u00edndices m\u00e1s elevados de econom\u00eda de energ\u00eda. Como consecuencia, el resultado ser\u00e1 la disminuci\u00f3n del valor de las cuentas de electricidad para los consumidores","breadcrumb":{"@id":"https:\/\/www.keppemotor.com\/institucional\/es\/ventilador-de-techo-universe-keppe-motor\/#breadcrumb"},"inLanguage":"pt-BR","potentialAction":[{"@type":"ReadAction","target":["https:\/\/www.keppemotor.com\/institucional\/es\/ventilador-de-techo-universe-keppe-motor\/"]}]},{"@type":"ImageObject","inLanguage":"pt-BR","@id":"https:\/\/www.keppemotor.com\/institucional\/es\/ventilador-de-techo-universe-keppe-motor\/#primaryimage","url":"https:\/\/www.keppemotor.com\/institucional\/wp-content\/uploads\/2014\/11\/ventilador-de-teto-universe-turbo-2a.png","contentUrl":"https:\/\/www.keppemotor.com\/institucional\/wp-content\/uploads\/2014\/11\/ventilador-de-teto-universe-turbo-2a.png","width":1350,"height":900},{"@type":"BreadcrumbList","@id":"https:\/\/www.keppemotor.com\/institucional\/es\/ventilador-de-techo-universe-keppe-motor\/#breadcrumb","itemListElement":[{"@type":"ListItem","position":1,"name":"In\u00edcio","item":"https:\/\/www.keppemotor.com\/institucional\/"},{"@type":"ListItem","position":2,"name":"Ventilador de Techo Universe &#8211; Tecnolog\u00eda Keppe Motor"}]},{"@type":"WebSite","@id":"https:\/\/www.keppemotor.com\/institucional\/#website","url":"https:\/\/www.keppemotor.com\/institucional\/","name":"Keppe Motor - Tecnologia para um Novo Mundo","description":"","publisher":{"@id":"https:\/\/www.keppemotor.com\/institucional\/#organization"},"potentialAction":[{"@type":"SearchAction","target":{"@type":"EntryPoint","urlTemplate":"https:\/\/www.keppemotor.com\/institucional\/?s={search_term_string}"},"query-input":{"@type":"PropertyValueSpecification","valueRequired":true,"valueName":"search_term_string"}}],"inLanguage":"pt-BR"},{"@type":"Organization","@id":"https:\/\/www.keppemotor.com\/institucional\/#organization","name":"Keppe Motor - Tecnologia para um Novo Mundo","url":"https:\/\/www.keppemotor.com\/institucional\/","logo":{"@type":"ImageObject","inLanguage":"pt-BR","@id":"https:\/\/www.keppemotor.com\/institucional\/#\/schema\/logo\/image\/","url":"https:\/\/www.keppemotor.com\/institucional\/wp-content\/uploads\/2014\/11\/cropped-keppemotor-logo-header-5.png","contentUrl":"https:\/\/www.keppemotor.com\/institucional\/wp-content\/uploads\/2014\/11\/cropped-keppemotor-logo-header-5.png","width":300,"height":101,"caption":"Keppe Motor - Tecnologia para um Novo Mundo"},"image":{"@id":"https:\/\/www.keppemotor.com\/institucional\/#\/schema\/logo\/image\/"}}]}},"_links":{"self":[{"href":"https:\/\/www.keppemotor.com\/institucional\/wp-json\/wp\/v2\/pages\/2019","targetHints":{"allow":["GET"]}}],"collection":[{"href":"https:\/\/www.keppemotor.com\/institucional\/wp-json\/wp\/v2\/pages"}],"about":[{"href":"https:\/\/www.keppemotor.com\/institucional\/wp-json\/wp\/v2\/types\/page"}],"author":[{"embeddable":true,"href":"https:\/\/www.keppemotor.com\/institucional\/wp-json\/wp\/v2\/users\/2"}],"replies":[{"embeddable":true,"href":"https:\/\/www.keppemotor.com\/institucional\/wp-json\/wp\/v2\/comments?post=2019"}],"version-history":[{"count":1,"href":"https:\/\/www.keppemotor.com\/institucional\/wp-json\/wp\/v2\/pages\/2019\/revisions"}],"predecessor-version":[{"id":6803,"href":"https:\/\/www.keppemotor.com\/institucional\/wp-json\/wp\/v2\/pages\/2019\/revisions\/6803"}],"wp:attachment":[{"href":"https:\/\/www.keppemotor.com\/institucional\/wp-json\/wp\/v2\/media?parent=2019"}],"curies":[{"name":"wp","href":"https:\/\/api.w.org\/{rel}","templated":true}]}}