{"id":2179,"date":"2014-12-18T12:43:45","date_gmt":"2014-12-18T12:43:45","guid":{"rendered":"http:\/\/www.keppemotor.com\/institucional\/?page_id=2179"},"modified":"2024-09-03T22:56:22","modified_gmt":"2024-09-03T22:56:22","slug":"artigos-cientificos","status":"publish","type":"page","link":"https:\/\/www.keppemotor.com\/institucional\/artigos-cientificos\/","title":{"rendered":"Artigos Cient\u00edficos"},"content":{"rendered":"\t\t<div data-elementor-type=\"wp-page\" data-elementor-id=\"2179\" class=\"elementor elementor-2179\" data-elementor-post-type=\"page\">\n\t\t\t\t<div class=\"elementor-element elementor-element-7f8af52e e-flex e-con-boxed e-con e-parent\" data-id=\"7f8af52e\" data-element_type=\"container\" data-e-type=\"container\">\n\t\t\t\t\t<div class=\"e-con-inner\">\n\t\t\t\t<div class=\"elementor-element elementor-element-4618cb6b elementor-widget elementor-widget-text-editor\" data-id=\"4618cb6b\" data-element_type=\"widget\" data-e-type=\"widget\" data-widget_type=\"text-editor.default\">\n\t\t\t\t<div class=\"elementor-widget-container\">\n\t\t\t\t\t\t\t\t\t<h2><a href=\"https:\/\/www.keppemotor.com\/institucional\/wp-content\/uploads\/2023\/07\/Keppe-Motor-An-Application-of-Keppean-Energetics.pdf\">Keppe Motor: An Application of Keppean Energetics<\/a><\/h2><address style=\"text-align: justify;\">Alexandre Frascari, Cesar Soos &#8211; Engenheiros Keppe Motor<\/address><h4 style=\"text-align: left;\">Abstract: The Keppe Motor&#8217;s operating principle is based on the fundamental thesis of the book that inspired it, &#8220;The New Physics Derived from a Disinverted Metaphysics,&#8221; which states that matter derives from energy, rather than the other way round, as classical physics suggests. Engineers at STOP the Destruction of the World Association eveloped the Keppe Motor with the concept that permanent magnets are not producers of magnetism but, rather, transformers (transducers) of the vacuum energy into sensitive magnetic energy. By applying the concept of resonance optimization, the Keppe Motor achieves maximum efficiency. This resonance is achieved by the configuration of pulses applied to the coils. Its operating principle can be compared to a gravitational pendulum that reaches maximum amplitude at the resonance point, where minimal effort is required to move it. In a similar manner, the rotational system of the motor achieves resonance based on its constructive parameters. To achieve this state of resonance, the motor requires precise energy impulses, triggered by electronic controls at right times with right width, which promote a bidirectional flux of magnetic energy derived from the motor and generator complementary phases.<\/h4><p>Keywords\u2014 Keppe motor; Resonant motor; Disinverted new physics; Resonance; Turbo System<\/p><p style=\"text-align: left;\"><a href=\"https:\/\/www.keppemotor.com\/institucional\/wp-content\/uploads\/2023\/07\/Keppe-Motor-An-Application-of-Keppean-Energetics.pdf\"><span style=\"color: #008000;\">Leia mais &gt;&gt;<\/span><\/a><\/p><hr \/><h2><a href=\"https:\/\/www.keppemotor.com\/institucional\/keppe-motor-tecnologia-de-motores-ressonantes-da-nova-fisica-desinvertida\/\">KEPPE MOTOR: TECNOLOGIA DE MOTORES RESSONANTES DA NOVA F\u00cdSICA DESINVERTIDA<\/a><\/h2><address style=\"text-align: justify;\">Cesar S\u00f3os &#8211; Engenheiro Keppe Motor<\/address><h4 style=\"text-align: left;\">Este artigo apresenta uma nova tecnologia de motores eletromagn\u00e9ticos, baseada no princ\u00edpio de resson\u00e2ncia eletromagneto-mec\u00e2nica; que foi concebida e desenvolvida a partir dos estudos do cientista Norberto Keppe, expostos em seu livro A Nova F\u00edsica da Metaf\u00edsica Desinvertida. Tal tecnologia propicia novas configura\u00e7\u00f5es de bobinas estatoras, que trazem in\u00fameras vantagens sobre as tecnologias vigentes. Atrav\u00e9s da compara\u00e7\u00e3o com motores el\u00e9tricos convencionais de mercado, utilizados na aplica\u00e7\u00e3o espec\u00edfica para ventiladores dom\u00e9sticos, fica evidenciada a economia de energia proporcionada por esta tecnologia, em n\u00edvel residencial e global.<\/h4><p style=\"text-align: left;\"><a href=\"https:\/\/www.keppemotor.com\/institucional\/keppe-motor-tecnologia-de-motores-ressonantes-da-nova-fisica-desinvertida\/\"><span style=\"color: #008000;\">Leia mais &gt;&gt;<\/span><\/a><\/p><hr \/><h2><a href=\"http:\/\/www.keppemotor.com\/institucional\/o-keppe-motor-e-nikola-tesla\">O Keppe Motor e Nikola Tesla<\/a><\/h2><address style=\"text-align: justify;\">Cesar S\u00f3os &#8211; Engenheiro Keppe Motor<\/address><h4 style=\"text-align: justify;\">Em 1888, Nikola Tesla entregava ao mundo o primeiro motor de indu\u00e7\u00e3o movido por corrente alternada. Este motor constituiria mais tarde a pe\u00e7a fundamental para movimentar m\u00e1quinas e desenvolver a ind\u00fastria de todo o mundo at\u00e9 os dias de hoje. Al\u00e9m de grande inventor, Tesla era um vision\u00e1rio e humanista, e sempre vislumbrou um mundo com energia abundante e gratuita para todos. De suas pesquisas veio o termo \u201cEnergia Livre\u201d, que denomina a energia existente no espa\u00e7o, limpa e abundante para usufruto e desenvolvimento da humanidade.<\/h4><p style=\"text-align: justify;\"><span style=\"color: #008000;\"><a style=\"color: #008000;\" href=\"http:\/\/www.keppemotor.com\/institucional\/o-keppe-motor-e-nikola-tesla\/\">Leia mais &gt;&gt;<\/a><\/span><\/p><hr \/><h2 style=\"text-align: justify;\">\u00a0<\/h2><h2 style=\"text-align: justify;\"><a href=\"http:\/\/www.keppemotor.com\/institucional\/wp-content\/uploads\/2014\/12\/explicacao-do-keppe-motor-pela-magnetonica.pdf\">Explica\u00e7\u00e3o do KEPPE MOTOR pela Magnet\u00f4nica<\/a><\/h2><address style=\"text-align: justify;\">Roberto Frascari &#8211; Engenheiro Keppe Motor<\/address><h4 style=\"text-align: justify;\">O Keppe motor \u00e9 um motor que utiliza im\u00e3s e bobinas confeccionadas com fio de cobre ou outro condutor. Portanto devemos analisar esses dois elementos pela magnet\u00f4nica de Keppe para podermos explic\u00e1-los.<\/h4><h4 style=\"text-align: justify;\">\u201cA f\u00f3rmula E=mc2 de Einstein \u00e9 totalmente err\u00f4nea porque a energia \u00e9 fator b\u00e1sico e n\u00e3o consequente, principalmente da mat\u00e9ria conforme a velocidade da luz, que inclusive \u00e9 elemento secund\u00e1rio e n\u00e3o fundamental. Eu elaborei outra f\u00f3rmula M=RE\/TS onde afirmo que a mat\u00e9ria \u00e9 formada pela resson\u00e2ncia energ\u00e9tica, de acordo com o tempo e espa\u00e7o, e n\u00e3o ao contr\u00e1rio.\u201d NK magnet\u00f4nica, cap.3.<\/h4><p style=\"text-align: justify;\"><span style=\"color: #008000;\"><a style=\"color: #008000;\" href=\"https:\/\/www.keppemotor.com\/institucional\/wp-content\/uploads\/2014\/12\/explicacao-do-keppe-motor-pela-magnetonica.pdf\">Leia mais &gt;&gt;<\/a><\/span><\/p><hr \/><h2><a href=\"http:\/\/www.keppemotor.com\/institucional\/aplicacao-da-tecnologia-keppe-motor-para-viabilizar-o-processo-de-moto-bombeamento-de-agua-em-regioes-sem-acesso-rede-eletrica-convencional-mediante-o-uso-de-paineis-fotovoltaicos-de-menor-cu\/\" target=\"_blank\" rel=\"noopener noreferrer\">APLICA\u00c7\u00c3O DA TECNOLOGIA KEPPE-MOTOR\u00ae PARA VIABILIZAR O PROCESSO DE MOTO- BOMBEAMENTO DE \u00c1GUA EM REGI\u00d5ES SEM ACESSO \u00c0 REDE EL\u00c9TRICA CONVENCIONAL MEDIANTE O USO DE PAIN\u00c9IS FOTOVOLTAICOS DE MENOR CUSTO<\/a><\/h2><address>CAROZZI, Helder Jos\u00e9 Costa<br \/>MAIA, V\u00e2nio da<br \/>NOGUEIRA, Carlos Eduardo Camargo<\/address><h4>RESUMO<\/h4><h4>O presente trabalho tem por objetivo, fazer uma breve abordagem sobre a tecnologia do Keppe-Motor\u00ae, sua fundamenta\u00e7\u00e3o te\u00f3rica, e como esta tecnologia, tida como a mais eficiente, em n\u00edvel mundial, em termos de motores el\u00e9tricos, poder\u00e1 viabilizar processos e sistemas de capta\u00e7\u00e3o e bombeamento de \u00e1gua, utilizando como fonte prim\u00e1ria de energia, pain\u00e9is fotovoltaicos de baixo custo, que em sistemas com motores el\u00e9tricos tidos como convencionais, demandariam um arranjo com v\u00e1rios pain\u00e9is, o que em princ\u00edpio, levaria \u00e0 necessidade de maiores investimentos, o que por si s\u00f3 j\u00e1 inviabilizaria, em fun\u00e7\u00e3o dos custos da aquisi\u00e7\u00e3o de tais pain\u00e9is, seu uso pr\u00e1tico em algumas regi\u00f5es carentes do Brasil.<\/h4><p>Revista Th\u00eama et Scientia v. 4, n. 2 (2014)<br \/><a href=\"http:\/\/www.themaetscientia.com\/index.php\/RTES\/article\/view\/212\" target=\"_blank\" rel=\"noopener noreferrer\">Leia na Revista online<\/a><\/p><p><span style=\"color: #008000;\"><a style=\"color: #008000;\" href=\"https:\/\/www.keppemotor.com\/institucional\/aplicacao-da-tecnologia-keppe-motor-para-viabilizar-o-processo-de-moto-bombeamento-de-agua-em-regioes-sem-acesso-rede-eletrica-convencional-mediante-o-uso-de-paineis-fotovoltaicos-de-menor-cu\/\">Leia mais &gt;&gt;<\/a><\/span><\/p><hr \/><h2>\u00a0<\/h2><h2><a href=\"https:\/\/www.keppemotor.com\/institucional\/wp-content\/uploads\/2020\/06\/paper-World-Congress-on-Systems-Engineering-and-Information-Technology-2015.pdf\" target=\"_blank\" rel=\"noopener noreferrer\">ESTUDO DE UM MODELO TECNOL\u00d3GICO INOVADOR PARA MOTORES A JATO COM FOCO NA REDU\u00c7\u00c3O SIGNIFICATIVA DA EMISS\u00c3O DE POLUENTES <\/a><\/h2><address>Raphael Fernandes Martins, \u00c1lvaro Andr\u00e9 Colombero Prado, Marcelo Nogueira<\/address><h4>RESUMO<\/h4><h4>Milhares de toneladas de gases t\u00f3xicos e fuligens s\u00e3o dispersos na atmosfera todo ano, causando impactos ambientais e problemas de sa\u00fade da popula\u00e7\u00e3o. H\u00e1 muito tempo tem-se estudado meios de combater tais problemas priorizando em inova\u00e7\u00f5es tecnol\u00f3gicas para autom\u00f3veis, por\u00e9m, pouco se tem feito para ve\u00edculos a\u00e9reos.<br \/>Este trabalho apresenta uma adapta\u00e7\u00e3o te\u00f3rica do motor de indu\u00e7\u00e3o Keppe, conhecido como tecnologia Keppe motor, para empreg\u00e1-lo no sistema propulsor da turbina, de modo que gere hidrog\u00eanio e o mesmo contribua na combust\u00e3o,<br \/>proporcionando menor queima poss\u00edvel de qualquer hidrocarboneto, sem que haja perda de pot\u00eancia do sistema. O trabalho foi baseado em projetos desenvolvidos por diversos pesquisadores. Por conta do baixo recurso financeiro, est\u00e1 sendo desenvolvido um prot\u00f3tipo para se ter a apenas a ideia e um exemplo de funcionamento.<br \/>Os benef\u00edcios da inova\u00e7\u00e3o tecnol\u00f3gica que este trabalho proporciona s\u00e3o muitos, sendo eles: redu\u00e7\u00e3o de problemas respirat\u00f3rios causados pela polui\u00e7\u00e3o, preven\u00e7\u00e3o de chuvas \u00e1cidas e redu\u00e7\u00e3o do efeito estufa.<br \/>Palavras chave: turbinas, keppemotor, inova\u00e7\u00e3o, economia, efici\u00eancia, tecnologia.<\/h4><p><a href=\"https:\/\/www.keppemotor.com\/institucional\/wp-content\/uploads\/2020\/06\/paper-World-Congress-on-Systems-Engineering-and-Information-Technology-2015.pdf\" target=\"_blank\" rel=\"noopener noreferrer\">Leia o artigo completo<\/a><br \/><span style=\"color: #000000;\">Artigo apresentado no II World Congress on Systems Engineering and Information Technology.<\/span><\/p><p><span style=\"color: #008000;\"><a style=\"color: #008000;\" href=\"https:\/\/www.keppemotor.com\/institucional\/wp-content\/uploads\/2020\/06\/paper-World-Congress-on-Systems-Engineering-and-Information-Technology-2015.pdf\">Leia mais &gt;&gt;<\/a><\/span><\/p><hr \/><h2>\u00a0<\/h2><h2><a href=\"https:\/\/www.keppemotor.com\/institucional\/wp-content\/uploads\/2020\/06\/Trabalho-mecatronica-polimig-BH-2012-mec.pdf\" target=\"_blank\" rel=\"noopener noreferrer\">INOVA\u00c7\u00c3O EM MOTORES EL\u00c9TRICOS <\/a><\/h2><address>Adilson Lopes Cordeiro, Brendo Felipe, C\u00e1ssio Oliveira Sim\u00e3o, Filipe Salom\u00e3o P. L\u00e9o, Igor Gomes, Ildeu Ferreira, Lucas Caetano, Lucas Henrique dos Santos Gon\u00e7alves<\/address><h4>RESUMO<\/h4><h4>Nos \u00faltimos anos, mudou-se o foco de uma sociedade industrial para uma sociedade do conhecimento. A Era do Conhecimento, surge neste ambiente de mudan\u00e7as como uma economia n\u00e3o mais em recursos naturais e f\u00edsicos, como na Era Industrial, mas baseada em recursos como conhecimento e a comunica\u00e7\u00e3o. As empresas enfrentam cotidianamente, mudan\u00e7as no ambiente tecnol\u00f3gico, o que leva a uma necessidade de aprenderem a aprender, melhor, mais rapidamente e continuamente com o mercado. A proposta deste projeto foi motivada pela constata\u00e7\u00e3o de que a rapidez com que as mudan\u00e7as ocorrem, requer, com igual intensidade, institui\u00e7\u00f5es de forma\u00e7\u00e3o t\u00e9cnica capazes de adquirir o conhecimento referente \u00e0s quest\u00f5es t\u00e9cnicas e tecnol\u00f3gicas e dissemin\u00e1-lo no processo de forma\u00e7\u00e3o profissional dos alunos.<\/h4><p><span style=\"color: #008000;\"><a style=\"color: #008000;\" href=\"https:\/\/www.keppemotor.com\/institucional\/wp-content\/uploads\/2020\/06\/Trabalho-mecatronica-polimig-BH-2012-mec.pdf\">Leia mais &gt;&gt;<\/a><\/span><\/p><hr \/><h2>\u00a0<\/h2><h2><a href=\"http:\/\/www.keppemotor.com\/institucional\/keppe-motor-e-o-consumo-setorial-de-energia\/\">Keppe Motor e o consumo setorial de energia<\/a><\/h2><address>Eng\u00ba Cesar Agarelli<\/address><h4>Recentemente, a exemplo dos anos anteriores, foram divulgados os dados do relat\u00f3rio BIG da ANEEL, informando que a capacidade instalada no Brasil em 2014 chegou a 132 mil megawatts (MW) provenientes de 3907 Usinas Hidrel\u00e9tricas, Termel\u00e9tricas, E\u00f3licas, Nucleares, Pequenas Centrais Hidrel\u00e9tricas, Centrais Geradoras Hidrel\u00e9tricas e Solares. Em complemento, o relat\u00f3rio divulga que o Brasil dobrar\u00e1 sua capacidade instalada em 15 anos.<\/h4><p><span style=\"color: #008000;\"><a style=\"color: #008000;\" href=\"http:\/\/www.keppemotor.com\/institucional\/keppe-motor-e-o-consumo-setorial-de-energia\/\">Leia mais &gt;&gt;<\/a><\/span><\/p>\t\t\t\t\t\t\t\t<\/div>\n\t\t\t\t<\/div>\n\t\t\t\t\t<\/div>\n\t\t\t\t<\/div>\n\t\t\t\t<\/div>\n\t\t","protected":false},"excerpt":{"rendered":"<p>Keppe Motor: An Application of Keppean Energetics Alexandre Frascari, Cesar Soos &#8211; Engenheiros Keppe Motor Abstract: The Keppe Motor&#8217;s operating principle is based on the fundamental thesis of the book that inspired it, &#8220;The New Physics Derived from a Disinverted Metaphysics,&#8221; which states that matter derives from energy, rather than the other way round, as [&hellip;]<\/p>\n","protected":false},"author":2,"featured_media":0,"parent":0,"menu_order":0,"comment_status":"0","ping_status":"open","template":"elementor_header_footer","meta":{"_exactmetrics_skip_tracking":false,"_exactmetrics_sitenote_active":false,"_exactmetrics_sitenote_note":"","_exactmetrics_sitenote_category":0,"footnotes":""},"class_list":["post-2179","page","type-page","status-publish","hentry"],"yoast_head":"<!-- This site is optimized with the Yoast SEO plugin v27.4 - https:\/\/yoast.com\/product\/yoast-seo-wordpress\/ -->\n<title>Artigos Cient\u00edficos - Keppe Motor - Tecnologia para um Novo Mundo<\/title>\n<meta name=\"robots\" content=\"index, follow, max-snippet:-1, max-image-preview:large, max-video-preview:-1\" \/>\n<link rel=\"canonical\" href=\"https:\/\/www.keppemotor.com\/institucional\/artigos-cientificos\/\" \/>\n<meta property=\"og:locale\" content=\"pt_BR\" \/>\n<meta property=\"og:type\" content=\"article\" \/>\n<meta property=\"og:title\" content=\"Artigos Cient\u00edficos - Keppe Motor - Tecnologia para um Novo Mundo\" \/>\n<meta property=\"og:description\" content=\"Keppe Motor: An Application of Keppean Energetics Alexandre Frascari, Cesar Soos &#8211; Engenheiros Keppe Motor Abstract: The Keppe Motor&#8217;s operating principle is based on the fundamental thesis of the book that inspired it, &#8220;The New Physics Derived from a Disinverted Metaphysics,&#8221; which states that matter derives from energy, rather than the other way round, as [&hellip;]\" \/>\n<meta property=\"og:url\" content=\"https:\/\/www.keppemotor.com\/institucional\/artigos-cientificos\/\" \/>\n<meta property=\"og:site_name\" content=\"Keppe Motor - Tecnologia para um Novo Mundo\" \/>\n<meta property=\"article:modified_time\" content=\"2024-09-03T22:56:22+00:00\" \/>\n<meta name=\"twitter:label1\" content=\"Est. tempo de leitura\" \/>\n\t<meta name=\"twitter:data1\" content=\"7 minutos\" \/>\n<script type=\"application\/ld+json\" class=\"yoast-schema-graph\">{\"@context\":\"https:\\\/\\\/schema.org\",\"@graph\":[{\"@type\":\"WebPage\",\"@id\":\"https:\\\/\\\/www.keppemotor.com\\\/institucional\\\/artigos-cientificos\\\/\",\"url\":\"https:\\\/\\\/www.keppemotor.com\\\/institucional\\\/artigos-cientificos\\\/\",\"name\":\"Artigos Cient\u00edficos - Keppe Motor - Tecnologia para um Novo Mundo\",\"isPartOf\":{\"@id\":\"https:\\\/\\\/www.keppemotor.com\\\/institucional\\\/#website\"},\"datePublished\":\"2014-12-18T12:43:45+00:00\",\"dateModified\":\"2024-09-03T22:56:22+00:00\",\"breadcrumb\":{\"@id\":\"https:\\\/\\\/www.keppemotor.com\\\/institucional\\\/artigos-cientificos\\\/#breadcrumb\"},\"inLanguage\":\"pt-BR\",\"potentialAction\":[{\"@type\":\"ReadAction\",\"target\":[\"https:\\\/\\\/www.keppemotor.com\\\/institucional\\\/artigos-cientificos\\\/\"]}]},{\"@type\":\"BreadcrumbList\",\"@id\":\"https:\\\/\\\/www.keppemotor.com\\\/institucional\\\/artigos-cientificos\\\/#breadcrumb\",\"itemListElement\":[{\"@type\":\"ListItem\",\"position\":1,\"name\":\"In\u00edcio\",\"item\":\"https:\\\/\\\/www.keppemotor.com\\\/institucional\\\/\"},{\"@type\":\"ListItem\",\"position\":2,\"name\":\"Artigos Cient\u00edficos\"}]},{\"@type\":\"WebSite\",\"@id\":\"https:\\\/\\\/www.keppemotor.com\\\/institucional\\\/#website\",\"url\":\"https:\\\/\\\/www.keppemotor.com\\\/institucional\\\/\",\"name\":\"Keppe Motor - Tecnologia para um Novo Mundo\",\"description\":\"\",\"publisher\":{\"@id\":\"https:\\\/\\\/www.keppemotor.com\\\/institucional\\\/#organization\"},\"potentialAction\":[{\"@type\":\"SearchAction\",\"target\":{\"@type\":\"EntryPoint\",\"urlTemplate\":\"https:\\\/\\\/www.keppemotor.com\\\/institucional\\\/?s={search_term_string}\"},\"query-input\":{\"@type\":\"PropertyValueSpecification\",\"valueRequired\":true,\"valueName\":\"search_term_string\"}}],\"inLanguage\":\"pt-BR\"},{\"@type\":\"Organization\",\"@id\":\"https:\\\/\\\/www.keppemotor.com\\\/institucional\\\/#organization\",\"name\":\"Keppe Motor - Tecnologia para um Novo Mundo\",\"url\":\"https:\\\/\\\/www.keppemotor.com\\\/institucional\\\/\",\"logo\":{\"@type\":\"ImageObject\",\"inLanguage\":\"pt-BR\",\"@id\":\"https:\\\/\\\/www.keppemotor.com\\\/institucional\\\/#\\\/schema\\\/logo\\\/image\\\/\",\"url\":\"https:\\\/\\\/www.keppemotor.com\\\/institucional\\\/wp-content\\\/uploads\\\/2014\\\/11\\\/cropped-keppemotor-logo-header-5.png\",\"contentUrl\":\"https:\\\/\\\/www.keppemotor.com\\\/institucional\\\/wp-content\\\/uploads\\\/2014\\\/11\\\/cropped-keppemotor-logo-header-5.png\",\"width\":300,\"height\":101,\"caption\":\"Keppe Motor - Tecnologia para um Novo Mundo\"},\"image\":{\"@id\":\"https:\\\/\\\/www.keppemotor.com\\\/institucional\\\/#\\\/schema\\\/logo\\\/image\\\/\"}}]}<\/script>\n<!-- \/ Yoast SEO plugin. -->","yoast_head_json":{"title":"Artigos Cient\u00edficos - Keppe Motor - Tecnologia para um Novo Mundo","robots":{"index":"index","follow":"follow","max-snippet":"max-snippet:-1","max-image-preview":"max-image-preview:large","max-video-preview":"max-video-preview:-1"},"canonical":"https:\/\/www.keppemotor.com\/institucional\/artigos-cientificos\/","og_locale":"pt_BR","og_type":"article","og_title":"Artigos Cient\u00edficos - Keppe Motor - Tecnologia para um Novo Mundo","og_description":"Keppe Motor: An Application of Keppean Energetics Alexandre Frascari, Cesar Soos &#8211; Engenheiros Keppe Motor Abstract: The Keppe Motor&#8217;s operating principle is based on the fundamental thesis of the book that inspired it, &#8220;The New Physics Derived from a Disinverted Metaphysics,&#8221; which states that matter derives from energy, rather than the other way round, as [&hellip;]","og_url":"https:\/\/www.keppemotor.com\/institucional\/artigos-cientificos\/","og_site_name":"Keppe Motor - Tecnologia para um Novo Mundo","article_modified_time":"2024-09-03T22:56:22+00:00","twitter_misc":{"Est. tempo de leitura":"7 minutos"},"schema":{"@context":"https:\/\/schema.org","@graph":[{"@type":"WebPage","@id":"https:\/\/www.keppemotor.com\/institucional\/artigos-cientificos\/","url":"https:\/\/www.keppemotor.com\/institucional\/artigos-cientificos\/","name":"Artigos Cient\u00edficos - Keppe Motor - Tecnologia para um Novo Mundo","isPartOf":{"@id":"https:\/\/www.keppemotor.com\/institucional\/#website"},"datePublished":"2014-12-18T12:43:45+00:00","dateModified":"2024-09-03T22:56:22+00:00","breadcrumb":{"@id":"https:\/\/www.keppemotor.com\/institucional\/artigos-cientificos\/#breadcrumb"},"inLanguage":"pt-BR","potentialAction":[{"@type":"ReadAction","target":["https:\/\/www.keppemotor.com\/institucional\/artigos-cientificos\/"]}]},{"@type":"BreadcrumbList","@id":"https:\/\/www.keppemotor.com\/institucional\/artigos-cientificos\/#breadcrumb","itemListElement":[{"@type":"ListItem","position":1,"name":"In\u00edcio","item":"https:\/\/www.keppemotor.com\/institucional\/"},{"@type":"ListItem","position":2,"name":"Artigos Cient\u00edficos"}]},{"@type":"WebSite","@id":"https:\/\/www.keppemotor.com\/institucional\/#website","url":"https:\/\/www.keppemotor.com\/institucional\/","name":"Keppe Motor - Tecnologia para um Novo Mundo","description":"","publisher":{"@id":"https:\/\/www.keppemotor.com\/institucional\/#organization"},"potentialAction":[{"@type":"SearchAction","target":{"@type":"EntryPoint","urlTemplate":"https:\/\/www.keppemotor.com\/institucional\/?s={search_term_string}"},"query-input":{"@type":"PropertyValueSpecification","valueRequired":true,"valueName":"search_term_string"}}],"inLanguage":"pt-BR"},{"@type":"Organization","@id":"https:\/\/www.keppemotor.com\/institucional\/#organization","name":"Keppe Motor - Tecnologia para um Novo Mundo","url":"https:\/\/www.keppemotor.com\/institucional\/","logo":{"@type":"ImageObject","inLanguage":"pt-BR","@id":"https:\/\/www.keppemotor.com\/institucional\/#\/schema\/logo\/image\/","url":"https:\/\/www.keppemotor.com\/institucional\/wp-content\/uploads\/2014\/11\/cropped-keppemotor-logo-header-5.png","contentUrl":"https:\/\/www.keppemotor.com\/institucional\/wp-content\/uploads\/2014\/11\/cropped-keppemotor-logo-header-5.png","width":300,"height":101,"caption":"Keppe Motor - Tecnologia para um Novo Mundo"},"image":{"@id":"https:\/\/www.keppemotor.com\/institucional\/#\/schema\/logo\/image\/"}}]}},"_links":{"self":[{"href":"https:\/\/www.keppemotor.com\/institucional\/wp-json\/wp\/v2\/pages\/2179","targetHints":{"allow":["GET"]}}],"collection":[{"href":"https:\/\/www.keppemotor.com\/institucional\/wp-json\/wp\/v2\/pages"}],"about":[{"href":"https:\/\/www.keppemotor.com\/institucional\/wp-json\/wp\/v2\/types\/page"}],"author":[{"embeddable":true,"href":"https:\/\/www.keppemotor.com\/institucional\/wp-json\/wp\/v2\/users\/2"}],"replies":[{"embeddable":true,"href":"https:\/\/www.keppemotor.com\/institucional\/wp-json\/wp\/v2\/comments?post=2179"}],"version-history":[{"count":7,"href":"https:\/\/www.keppemotor.com\/institucional\/wp-json\/wp\/v2\/pages\/2179\/revisions"}],"predecessor-version":[{"id":6605,"href":"https:\/\/www.keppemotor.com\/institucional\/wp-json\/wp\/v2\/pages\/2179\/revisions\/6605"}],"wp:attachment":[{"href":"https:\/\/www.keppemotor.com\/institucional\/wp-json\/wp\/v2\/media?parent=2179"}],"curies":[{"name":"wp","href":"https:\/\/api.w.org\/{rel}","templated":true}]}}