{"id":2263,"date":"2015-01-13T19:45:12","date_gmt":"2015-01-13T19:45:12","guid":{"rendered":"http:\/\/www.keppemotor.com\/institucional\/?page_id=2263"},"modified":"2021-07-30T21:06:01","modified_gmt":"2021-07-30T21:06:01","slug":"keppe-motor-e-o-consumo-setorial-de-energia","status":"publish","type":"page","link":"https:\/\/www.keppemotor.com\/institucional\/keppe-motor-e-o-consumo-setorial-de-energia\/","title":{"rendered":"Keppe Motor e o consumo setorial de energia"},"content":{"rendered":"<address>Eng\u00ba Cesar Agarelli<\/address>\n<p style=\"text-align: justify;\">Recentemente, a exemplo dos anos anteriores, foram divulgados os dados do relat\u00f3rio BIG da ANEEL, informando que a capacidade instalada no Brasil em 2014 chegou a 132 mil megawatts (MW) provenientes de 3907 Usinas Hidrel\u00e9tricas, Termel\u00e9tricas, E\u00f3licas, Nucleares, Pequenas Centrais Hidrel\u00e9tricas, Centrais Geradoras Hidrel\u00e9tricas e Solares. Em complemento, o relat\u00f3rio divulga que o Brasil dobrar\u00e1 sua capacidade instalada em 15 anos.<\/p>\n<p style=\"text-align: justify;\">Tais informa\u00e7\u00f5es, analisadas do ponto de vista do balan\u00e7o energ\u00e9tico da na\u00e7\u00e3o, devem considerar dois par\u00e2metros que se inter-relacionam: de um lado, a capacidade instalada derivada, no caso do Brasil, de diversas fontes de gera\u00e7\u00e3o energ\u00e9tica, renov\u00e1veis ou n\u00e3o; de outro, as unidades consumidoras setorizadas em industriais, residenciais, comerciais e outros setores.<\/p>\n<p style=\"text-align: justify;\">No setor industrial, com merecido destaque, os motores s\u00e3o respons\u00e1veis por cerca de 30% do consumo de toda a energia produzida no pa\u00eds. Diante desta constata\u00e7\u00e3o, o Brasil, a exemplo de outras na\u00e7\u00f5es, estabeleceu legisla\u00e7\u00f5es e programas espec\u00edficos de modo a regular e incentivar a\u00e7\u00f5es que promovessem o aumento de efici\u00eancia de processos, motores, m\u00e1quinas e equipamentos.<br \/>\nTal atitude traduz a percep\u00e7\u00e3o global de que caminhamos a passos largos para o colapso de nossa principal fonte energ\u00e9tica institucionalizada: Petr\u00f3leo. E que, por nossa omiss\u00e3o, ainda colheremos por d\u00e9cadas as nefastas consequ\u00eancias socioecon\u00f4micas ambientais derivadas do, outrora, denominado ouro negro.<\/p>\n<p style=\"text-align: justify;\">O breve diagn\u00f3stico acima, de conhecimento de qualquer estudante secundarista ou profissional palestrante de efici\u00eancia energ\u00e9tica, descreve, em poucas linhas, a ca\u00f3tica situa\u00e7\u00e3o energ\u00e9tica de nosso planeta. E \u00e9 prov\u00e1vel ainda que o mesmo estudante liste com clareza os programas governamentais para a regula\u00e7\u00e3o do esfor\u00e7o em pesquisas tecnol\u00f3gicas e de novos materiais para a melhoria dos motores e o desenvolvimento de novas fontes energ\u00e9ticas renov\u00e1veis.<\/p>\n<p style=\"text-align: justify;\">Por fim, ambos afirmar\u00e3o que, desta forma, minimizaremos os impactos e estaremos no caminho correto do crescimento sustent\u00e1vel.<\/p>\n<p><strong>Conscientizando a informa\u00e7\u00e3o Institucionalizada<\/strong><\/p>\n<p style=\"text-align: justify;\">Para instigar o leitor a conscientizar e desafiar as limita\u00e7\u00f5es da informa\u00e7\u00e3o institucionalizada, proponho uma reflex\u00e3o a partir dos dados abaixo:<\/p>\n<p style=\"text-align: justify;\">No setor industrial prevalece o uso de motores trif\u00e1sicos de indu\u00e7\u00e3o com pot\u00eancias a partir de 1CV (Cavalo-Vapor) e \u00edndices de efici\u00eancia elevados. Os denominados AR Plus de 1CV, por exemplo, t\u00eam \u00edndices em torno de 82%, enquanto que os de maior pot\u00eancia atingem expressivos valores de 96%.<br \/>\nHistoricamente, as melhorias tecnol\u00f3gicas, principalmente ap\u00f3s a descoberta dos transistores e o advento dos circuitos controladores e, mais recentemente, com a implementa\u00e7\u00e3o dos programas de efici\u00eancia energ\u00e9tica, nos permitem visualizar, atrav\u00e9s da rela\u00e7\u00e3o Peso-Pot\u00eancia, a efic\u00e1cia destes esfor\u00e7os na evolu\u00e7\u00e3o de um mesmo motor: dos 88 Kg\/KW, em 1891, chegamos a \u00edndices em torno de 6 Kg\/KW, em 2011.<\/p>\n<p><strong>A face escura do consumo de energia<\/strong><\/p>\n<p style=\"text-align: justify;\">De outro lado, em nossas resid\u00eancias, com\u00e9rcios, edif\u00edcios p\u00fablicos e outros setores, prevalecem os motores abaixo de 1 CV, com destaque para os motores Universais e, especialmente, os monof\u00e1sicos de indu\u00e7\u00e3o. Estes \u00faltimos, ignorados pelo p\u00fablico e respons\u00e1veis t\u00e9cnicos, s\u00e3o verdadeiros \u201cvampiros\u201d de energia, com efici\u00eancias inferiores a 40%.<\/p>\n<p style=\"text-align: justify;\">Este desconhecimento nos leva, como consequ\u00eancia, a desconsiderar o fato de que estes pequenos e, aparentemente, util\u00edssimos motores, s\u00e3o respons\u00e1veis por consumir cerca de 28% de toda energia produzida no pa\u00eds. Ou seja, muito pr\u00f3ximo dos 30% consumidos pelos grandes motores industriais, foco incontest\u00e1vel dos planos e programas oficiais de conserva\u00e7\u00e3o de energia, em \u00e2mbito mundial.<\/p>\n<p style=\"text-align: justify;\">Enquanto isso, batalh\u00f5es de \u201cmotores vampiros de energia\u201d, conduzidos por r\u00e9deas frouxas, continuam promovendo verdadeiros estragos no meio ambiente e na economia mundial.<\/p>\n<p><strong>A revolu\u00e7\u00e3o Keppe Motor e a Conserva\u00e7\u00e3o de energia dos motores at\u00e9 1 CV.<\/strong><\/p>\n<p style=\"text-align: justify;\">A tecnologia Keppe Motor, com patente j\u00e1 reconhecida nos EUA, China, R\u00fassia, M\u00e9xico e HK, apesar de n\u00e3o ter limites de pot\u00eancia e aplica\u00e7\u00f5es que exigem alto torque ou velocidade, recentemente apresentou ao mercado mundial seus motores el\u00e9tricos para produtos at\u00e9 1 CV, com efici\u00eancias equivalentes \u00e0s dos motores trif\u00e1sicos de indu\u00e7\u00e3o.<\/p>\n<p style=\"text-align: justify;\">Trata-se de uma solu\u00e7\u00e3o at\u00e9 ent\u00e3o impens\u00e1vel para esta faixa de pot\u00eancia, presente em mais de 40 bilh\u00f5es de unidades em todo o mundo.<\/p>\n<p style=\"text-align: justify;\">Para se ter uma ordem dos valores envolvidos, os impactos econ\u00f4micos e socioambientais no Brasil, a partir de uma substitui\u00e7\u00e3o programada dos atuais motores presentes em eletrodom\u00e9sticos, bombas, entre outros, por Keppe Motores, resultaria em uma economia de cerca de 70 % da energia consumida pelos setores usu\u00e1rios destes produtos.<br \/>\nEsta economia seria o equivalente \u00e0 produ\u00e7\u00e3o energ\u00e9tica de uma usina de 12.000 MW de capacidade instalada que custaria R$ 36 Bilh\u00f5es para os cofres p\u00fablicos. Vale lembrar que a Itaipu Binacional tem capacidade instalada de 14.000 MW.<\/p>\n<p style=\"text-align: justify;\">Some-se a estes dados o fato de que a elevada efici\u00eancia e expressiva economia dos produtos embarcados com a tecnologia Keppe Motor, viabilizam economicamente projetos de micro usinas e instala\u00e7\u00f5es de sistemas aut\u00f4nomos de gera\u00e7\u00e3o de energia.<br \/>\nA rela\u00e7\u00e3o Custo-Benef\u00edcio estende-se para as Distribuidoras de Energia, sens\u00edveis a estes \u00edndices, atrav\u00e9s da otimiza\u00e7\u00e3o e amplia\u00e7\u00e3o, imediatas, de sua rede de atendimento de consumidores finais.<\/p>\n<p style=\"text-align: justify;\">Finalmente, convido o caro leitor consciente, com base nas constata\u00e7\u00f5es e esclarecimentos sobre o Potencial de Conserva\u00e7\u00e3o de Energia promovido pela tecnologia Keppe Motor, a retomar o primeiro par\u00e1grafo e analisar sua viabilidade.<\/p>\n","protected":false},"excerpt":{"rendered":"<p>Eng\u00ba Cesar Agarelli Recentemente, a exemplo dos anos anteriores, foram divulgados os dados do relat\u00f3rio BIG da ANEEL, informando que a capacidade instalada no Brasil em 2014 chegou a 132 mil megawatts (MW) provenientes de 3907 Usinas Hidrel\u00e9tricas, Termel\u00e9tricas, E\u00f3licas, Nucleares, Pequenas Centrais Hidrel\u00e9tricas, Centrais Geradoras Hidrel\u00e9tricas e Solares. Em complemento, o relat\u00f3rio divulga que [&hellip;]<\/p>\n","protected":false},"author":2,"featured_media":0,"parent":0,"menu_order":0,"comment_status":"0","ping_status":"open","template":"","meta":{"_exactmetrics_skip_tracking":false,"_exactmetrics_sitenote_active":false,"_exactmetrics_sitenote_note":"","_exactmetrics_sitenote_category":0,"footnotes":""},"class_list":["post-2263","page","type-page","status-publish","hentry"],"yoast_head":"<!-- This site is optimized with the Yoast SEO plugin v27.4 - https:\/\/yoast.com\/product\/yoast-seo-wordpress\/ -->\n<title>Keppe Motor e o consumo setorial de energia - Keppe Motor - Tecnologia para um Novo Mundo<\/title>\n<meta name=\"robots\" content=\"index, follow, max-snippet:-1, max-image-preview:large, max-video-preview:-1\" \/>\n<link rel=\"canonical\" href=\"https:\/\/www.keppemotor.com\/institucional\/keppe-motor-e-o-consumo-setorial-de-energia\/\" \/>\n<meta property=\"og:locale\" content=\"pt_BR\" \/>\n<meta property=\"og:type\" content=\"article\" \/>\n<meta property=\"og:title\" content=\"Keppe Motor e o consumo setorial de energia - Keppe Motor - Tecnologia para um Novo Mundo\" \/>\n<meta property=\"og:description\" content=\"Eng\u00ba Cesar Agarelli Recentemente, a exemplo dos anos anteriores, foram divulgados os dados do relat\u00f3rio BIG da ANEEL, informando que a capacidade instalada no Brasil em 2014 chegou a 132 mil megawatts (MW) provenientes de 3907 Usinas Hidrel\u00e9tricas, Termel\u00e9tricas, E\u00f3licas, Nucleares, Pequenas Centrais Hidrel\u00e9tricas, Centrais Geradoras Hidrel\u00e9tricas e Solares. Em complemento, o relat\u00f3rio divulga que [&hellip;]\" \/>\n<meta property=\"og:url\" content=\"https:\/\/www.keppemotor.com\/institucional\/keppe-motor-e-o-consumo-setorial-de-energia\/\" \/>\n<meta property=\"og:site_name\" content=\"Keppe Motor - Tecnologia para um Novo Mundo\" \/>\n<meta property=\"article:modified_time\" content=\"2021-07-30T21:06:01+00:00\" \/>\n<meta name=\"twitter:label1\" content=\"Est. tempo de leitura\" \/>\n\t<meta name=\"twitter:data1\" content=\"5 minutos\" \/>\n<script type=\"application\/ld+json\" class=\"yoast-schema-graph\">{\"@context\":\"https:\\\/\\\/schema.org\",\"@graph\":[{\"@type\":\"WebPage\",\"@id\":\"https:\\\/\\\/www.keppemotor.com\\\/institucional\\\/keppe-motor-e-o-consumo-setorial-de-energia\\\/\",\"url\":\"https:\\\/\\\/www.keppemotor.com\\\/institucional\\\/keppe-motor-e-o-consumo-setorial-de-energia\\\/\",\"name\":\"Keppe Motor e o consumo setorial de energia - Keppe Motor - Tecnologia para um Novo Mundo\",\"isPartOf\":{\"@id\":\"https:\\\/\\\/www.keppemotor.com\\\/institucional\\\/#website\"},\"datePublished\":\"2015-01-13T19:45:12+00:00\",\"dateModified\":\"2021-07-30T21:06:01+00:00\",\"breadcrumb\":{\"@id\":\"https:\\\/\\\/www.keppemotor.com\\\/institucional\\\/keppe-motor-e-o-consumo-setorial-de-energia\\\/#breadcrumb\"},\"inLanguage\":\"pt-BR\",\"potentialAction\":[{\"@type\":\"ReadAction\",\"target\":[\"https:\\\/\\\/www.keppemotor.com\\\/institucional\\\/keppe-motor-e-o-consumo-setorial-de-energia\\\/\"]}]},{\"@type\":\"BreadcrumbList\",\"@id\":\"https:\\\/\\\/www.keppemotor.com\\\/institucional\\\/keppe-motor-e-o-consumo-setorial-de-energia\\\/#breadcrumb\",\"itemListElement\":[{\"@type\":\"ListItem\",\"position\":1,\"name\":\"In\u00edcio\",\"item\":\"https:\\\/\\\/www.keppemotor.com\\\/institucional\\\/\"},{\"@type\":\"ListItem\",\"position\":2,\"name\":\"Keppe Motor e o consumo setorial de energia\"}]},{\"@type\":\"WebSite\",\"@id\":\"https:\\\/\\\/www.keppemotor.com\\\/institucional\\\/#website\",\"url\":\"https:\\\/\\\/www.keppemotor.com\\\/institucional\\\/\",\"name\":\"Keppe Motor - Tecnologia para um Novo Mundo\",\"description\":\"\",\"publisher\":{\"@id\":\"https:\\\/\\\/www.keppemotor.com\\\/institucional\\\/#organization\"},\"potentialAction\":[{\"@type\":\"SearchAction\",\"target\":{\"@type\":\"EntryPoint\",\"urlTemplate\":\"https:\\\/\\\/www.keppemotor.com\\\/institucional\\\/?s={search_term_string}\"},\"query-input\":{\"@type\":\"PropertyValueSpecification\",\"valueRequired\":true,\"valueName\":\"search_term_string\"}}],\"inLanguage\":\"pt-BR\"},{\"@type\":\"Organization\",\"@id\":\"https:\\\/\\\/www.keppemotor.com\\\/institucional\\\/#organization\",\"name\":\"Keppe Motor - Tecnologia para um Novo Mundo\",\"url\":\"https:\\\/\\\/www.keppemotor.com\\\/institucional\\\/\",\"logo\":{\"@type\":\"ImageObject\",\"inLanguage\":\"pt-BR\",\"@id\":\"https:\\\/\\\/www.keppemotor.com\\\/institucional\\\/#\\\/schema\\\/logo\\\/image\\\/\",\"url\":\"https:\\\/\\\/www.keppemotor.com\\\/institucional\\\/wp-content\\\/uploads\\\/2014\\\/11\\\/cropped-keppemotor-logo-header-5.png\",\"contentUrl\":\"https:\\\/\\\/www.keppemotor.com\\\/institucional\\\/wp-content\\\/uploads\\\/2014\\\/11\\\/cropped-keppemotor-logo-header-5.png\",\"width\":300,\"height\":101,\"caption\":\"Keppe Motor - Tecnologia para um Novo Mundo\"},\"image\":{\"@id\":\"https:\\\/\\\/www.keppemotor.com\\\/institucional\\\/#\\\/schema\\\/logo\\\/image\\\/\"}}]}<\/script>\n<!-- \/ Yoast SEO plugin. -->","yoast_head_json":{"title":"Keppe Motor e o consumo setorial de energia - Keppe Motor - Tecnologia para um Novo Mundo","robots":{"index":"index","follow":"follow","max-snippet":"max-snippet:-1","max-image-preview":"max-image-preview:large","max-video-preview":"max-video-preview:-1"},"canonical":"https:\/\/www.keppemotor.com\/institucional\/keppe-motor-e-o-consumo-setorial-de-energia\/","og_locale":"pt_BR","og_type":"article","og_title":"Keppe Motor e o consumo setorial de energia - Keppe Motor - Tecnologia para um Novo Mundo","og_description":"Eng\u00ba Cesar Agarelli Recentemente, a exemplo dos anos anteriores, foram divulgados os dados do relat\u00f3rio BIG da ANEEL, informando que a capacidade instalada no Brasil em 2014 chegou a 132 mil megawatts (MW) provenientes de 3907 Usinas Hidrel\u00e9tricas, Termel\u00e9tricas, E\u00f3licas, Nucleares, Pequenas Centrais Hidrel\u00e9tricas, Centrais Geradoras Hidrel\u00e9tricas e Solares. Em complemento, o relat\u00f3rio divulga que [&hellip;]","og_url":"https:\/\/www.keppemotor.com\/institucional\/keppe-motor-e-o-consumo-setorial-de-energia\/","og_site_name":"Keppe Motor - Tecnologia para um Novo Mundo","article_modified_time":"2021-07-30T21:06:01+00:00","twitter_misc":{"Est. tempo de leitura":"5 minutos"},"schema":{"@context":"https:\/\/schema.org","@graph":[{"@type":"WebPage","@id":"https:\/\/www.keppemotor.com\/institucional\/keppe-motor-e-o-consumo-setorial-de-energia\/","url":"https:\/\/www.keppemotor.com\/institucional\/keppe-motor-e-o-consumo-setorial-de-energia\/","name":"Keppe Motor e o consumo setorial de energia - Keppe Motor - Tecnologia para um Novo Mundo","isPartOf":{"@id":"https:\/\/www.keppemotor.com\/institucional\/#website"},"datePublished":"2015-01-13T19:45:12+00:00","dateModified":"2021-07-30T21:06:01+00:00","breadcrumb":{"@id":"https:\/\/www.keppemotor.com\/institucional\/keppe-motor-e-o-consumo-setorial-de-energia\/#breadcrumb"},"inLanguage":"pt-BR","potentialAction":[{"@type":"ReadAction","target":["https:\/\/www.keppemotor.com\/institucional\/keppe-motor-e-o-consumo-setorial-de-energia\/"]}]},{"@type":"BreadcrumbList","@id":"https:\/\/www.keppemotor.com\/institucional\/keppe-motor-e-o-consumo-setorial-de-energia\/#breadcrumb","itemListElement":[{"@type":"ListItem","position":1,"name":"In\u00edcio","item":"https:\/\/www.keppemotor.com\/institucional\/"},{"@type":"ListItem","position":2,"name":"Keppe Motor e o consumo setorial de energia"}]},{"@type":"WebSite","@id":"https:\/\/www.keppemotor.com\/institucional\/#website","url":"https:\/\/www.keppemotor.com\/institucional\/","name":"Keppe Motor - Tecnologia para um Novo Mundo","description":"","publisher":{"@id":"https:\/\/www.keppemotor.com\/institucional\/#organization"},"potentialAction":[{"@type":"SearchAction","target":{"@type":"EntryPoint","urlTemplate":"https:\/\/www.keppemotor.com\/institucional\/?s={search_term_string}"},"query-input":{"@type":"PropertyValueSpecification","valueRequired":true,"valueName":"search_term_string"}}],"inLanguage":"pt-BR"},{"@type":"Organization","@id":"https:\/\/www.keppemotor.com\/institucional\/#organization","name":"Keppe Motor - Tecnologia para um Novo Mundo","url":"https:\/\/www.keppemotor.com\/institucional\/","logo":{"@type":"ImageObject","inLanguage":"pt-BR","@id":"https:\/\/www.keppemotor.com\/institucional\/#\/schema\/logo\/image\/","url":"https:\/\/www.keppemotor.com\/institucional\/wp-content\/uploads\/2014\/11\/cropped-keppemotor-logo-header-5.png","contentUrl":"https:\/\/www.keppemotor.com\/institucional\/wp-content\/uploads\/2014\/11\/cropped-keppemotor-logo-header-5.png","width":300,"height":101,"caption":"Keppe Motor - Tecnologia para um Novo Mundo"},"image":{"@id":"https:\/\/www.keppemotor.com\/institucional\/#\/schema\/logo\/image\/"}}]}},"_links":{"self":[{"href":"https:\/\/www.keppemotor.com\/institucional\/wp-json\/wp\/v2\/pages\/2263","targetHints":{"allow":["GET"]}}],"collection":[{"href":"https:\/\/www.keppemotor.com\/institucional\/wp-json\/wp\/v2\/pages"}],"about":[{"href":"https:\/\/www.keppemotor.com\/institucional\/wp-json\/wp\/v2\/types\/page"}],"author":[{"embeddable":true,"href":"https:\/\/www.keppemotor.com\/institucional\/wp-json\/wp\/v2\/users\/2"}],"replies":[{"embeddable":true,"href":"https:\/\/www.keppemotor.com\/institucional\/wp-json\/wp\/v2\/comments?post=2263"}],"version-history":[{"count":0,"href":"https:\/\/www.keppemotor.com\/institucional\/wp-json\/wp\/v2\/pages\/2263\/revisions"}],"wp:attachment":[{"href":"https:\/\/www.keppemotor.com\/institucional\/wp-json\/wp\/v2\/media?parent=2263"}],"curies":[{"name":"wp","href":"https:\/\/api.w.org\/{rel}","templated":true}]}}