{"id":270,"date":"2014-10-30T16:53:43","date_gmt":"2014-10-30T16:53:43","guid":{"rendered":"http:\/\/www.keppemotor.com\/institucional\/?page_id=270"},"modified":"2025-07-24T19:52:18","modified_gmt":"2025-07-24T19:52:18","slug":"certificacoes","status":"publish","type":"page","link":"https:\/\/www.keppemotor.com\/institucional\/certificacoes\/","title":{"rendered":"Certifica\u00e7\u00f5es"},"content":{"rendered":"<h2><span style=\"color: #003300;\">Certificado\u00a0de Conformidade Ventilador KeppeMotor Universe Eco<\/span><\/h2>\n<p>Visualize as certifica\u00e7\u00f5es nos links abaixo:<\/p>\n<p><span style=\"color: #000080;\"><a style=\"color: #000080;\" href=\"http:\/\/www.keppemotor.com\/institucional\/wp-content\/uploads\/2018\/11\/certificado-ventilador-de-parede-keppe-motor-universe-eco.pdf\">VENTILADOR DE PAREDE<\/a><\/span><\/p>\n<p><span style=\"color: #000080;\"><a style=\"color: #000080;\" href=\"http:\/\/www.keppemotor.com\/institucional\/wp-content\/uploads\/2018\/11\/certificado-ventilador-de-pedestal-keppe-motor-universe-eco.pdf\">VENTILADOR DE PEDESTAL<\/a><\/span><\/p>\n<p>&nbsp;<\/p>\n<hr \/>\n<h3><\/h3>\n<h3><span style=\"color: #333333;\"><strong>Outubro de 2017<\/strong><\/span><\/h3>\n<h2><span style=\"color: #003300;\">Selo Procel de Economia de Energia 2016 em reconhecimento aos ventiladores de alta efici\u00eancia energ\u00e9tica.<\/span><\/h2>\n<p><a href=\"http:\/\/www.keppemotor.com\/institucional\/wp-content\/uploads\/2014\/10\/PROTON-EDITORA-E-TECNOLOGIA-CERTIFICADO-COMEMORATIVO-SELO-PROCEL-2016-VENTILADORES-DE-TETO-.png\"><img fetchpriority=\"high\" decoding=\"async\" class=\"aligncenter wp-image-4057 size-large\" src=\"http:\/\/www.keppemotor.com\/institucional\/wp-content\/uploads\/2014\/10\/PROTON-EDITORA-E-TECNOLOGIA-CERTIFICADO-COMEMORATIVO-SELO-PROCEL-2016-VENTILADORES-DE-TETO--724x1024.png\" alt=\"PROTON-EDITORA-E-TECNOLOGIA-CERTIFICADO-COMEMORATIVO-SELO-PROCEL-2016-VENTILADORES-DE-TETO-\" width=\"680\" height=\"961\" srcset=\"https:\/\/www.keppemotor.com\/institucional\/wp-content\/uploads\/2014\/10\/PROTON-EDITORA-E-TECNOLOGIA-CERTIFICADO-COMEMORATIVO-SELO-PROCEL-2016-VENTILADORES-DE-TETO--724x1024.png 724w, https:\/\/www.keppemotor.com\/institucional\/wp-content\/uploads\/2014\/10\/PROTON-EDITORA-E-TECNOLOGIA-CERTIFICADO-COMEMORATIVO-SELO-PROCEL-2016-VENTILADORES-DE-TETO--212x300.png 212w, https:\/\/www.keppemotor.com\/institucional\/wp-content\/uploads\/2014\/10\/PROTON-EDITORA-E-TECNOLOGIA-CERTIFICADO-COMEMORATIVO-SELO-PROCEL-2016-VENTILADORES-DE-TETO--940x1328.png 940w, https:\/\/www.keppemotor.com\/institucional\/wp-content\/uploads\/2014\/10\/PROTON-EDITORA-E-TECNOLOGIA-CERTIFICADO-COMEMORATIVO-SELO-PROCEL-2016-VENTILADORES-DE-TETO--460x650.png 460w, https:\/\/www.keppemotor.com\/institucional\/wp-content\/uploads\/2014\/10\/PROTON-EDITORA-E-TECNOLOGIA-CERTIFICADO-COMEMORATIVO-SELO-PROCEL-2016-VENTILADORES-DE-TETO--600x848.png 600w, https:\/\/www.keppemotor.com\/institucional\/wp-content\/uploads\/2014\/10\/PROTON-EDITORA-E-TECNOLOGIA-CERTIFICADO-COMEMORATIVO-SELO-PROCEL-2016-VENTILADORES-DE-TETO--63x90.png 63w, https:\/\/www.keppemotor.com\/institucional\/wp-content\/uploads\/2014\/10\/PROTON-EDITORA-E-TECNOLOGIA-CERTIFICADO-COMEMORATIVO-SELO-PROCEL-2016-VENTILADORES-DE-TETO--680x961.png 680w, https:\/\/www.keppemotor.com\/institucional\/wp-content\/uploads\/2014\/10\/PROTON-EDITORA-E-TECNOLOGIA-CERTIFICADO-COMEMORATIVO-SELO-PROCEL-2016-VENTILADORES-DE-TETO-.png 962w\" sizes=\"(max-width: 680px) 100vw, 680px\" \/><\/a><\/p>\n<hr \/>\n<h3><span style=\"color: #333333;\"><strong>Fevereiro de 2014<\/strong><\/span><\/h3>\n<h2><span style=\"color: #003300;\">InMetro concede Selo A de Efici\u00eancia Energ\u00e9tica ao Ventilador Keppe Motor Universe<\/span><\/h2>\n<p style=\"text-align: justify;\"><a href=\"http:\/\/www.keppemotor.com\/institucional\/wp-content\/uploads\/2014\/10\/selo-procel-keppe-motor-4-571x360-1.png\"><img decoding=\"async\" class=\"alignleft wp-image-271 size-medium\" src=\"http:\/\/www.keppemotor.com\/institucional\/wp-content\/uploads\/2014\/10\/selo-procel-keppe-motor-4-571x360-1-300x189.png\" alt=\"selo-procel-keppe-motor-4-571x360 (1)\" width=\"300\" height=\"189\" srcset=\"https:\/\/www.keppemotor.com\/institucional\/wp-content\/uploads\/2014\/10\/selo-procel-keppe-motor-4-571x360-1-300x189.png 300w, https:\/\/www.keppemotor.com\/institucional\/wp-content\/uploads\/2014\/10\/selo-procel-keppe-motor-4-571x360-1-460x290.png 460w, https:\/\/www.keppemotor.com\/institucional\/wp-content\/uploads\/2014\/10\/selo-procel-keppe-motor-4-571x360-1-120x75.png 120w, https:\/\/www.keppemotor.com\/institucional\/wp-content\/uploads\/2014\/10\/selo-procel-keppe-motor-4-571x360-1.png 571w\" sizes=\"(max-width: 300px) 100vw, 300px\" \/><\/a>A recente publica\u00e7\u00e3o das tabelas de efici\u00eancia energ\u00e9tica de eletrodom\u00e9sticos do programa de etiquetagem Inmetro \u2013 Procel, classificaram os tr\u00eas modelos do Ventilador de Teto Keppe Motor Universe com o Selo A de Efici\u00eancia Energ\u00e9tica. Esta publica\u00e7\u00e3o oficializa a lideran\u00e7a dos ventiladores de teto com a tecnologia Keppe Motor, como os mais eficientes e econ\u00f4micos do Brasil em sua categoria. *O Selo Procel de Economia de Energia ou simplesmente Selo Procel, institu\u00eddo por meio de Decreto Presidencial de 08 de dezembro de 1993, \u00e9 um produto desenvolvido e concedido pelo Programa Nacional de Conserva\u00e7\u00e3o de Energia El\u00e9trica \u2013 Procel, com o objetivo orientar o consumidor no ato da compra, indicando os produtos que apresentam os melhores n\u00edveis de efici\u00eancia energ\u00e9tica dentro de cada categoria. Tamb\u00e9m objetiva estimular a fabrica\u00e7\u00e3o e a comercializa\u00e7\u00e3o de produtos mais eficientes, contribuindo para o desenvolvimento tecnol\u00f3gico e a redu\u00e7\u00e3o de impactos ambientais. Para ver os documentos na \u00edntegra clique nas imagens abaixo.<\/p>\n<p>Visualize as tabelas nos links abaixo:<\/p>\n<p><span style=\"color: #000080;\"><a style=\"color: #000080;\" href=\"http:\/\/www.keppemotor.com\/pt\/KeppeMotor127V_INMETRO_2014.pdf\" target=\"_blank\" rel=\"noopener\">\u201cEFICI\u00caNCIA ENERG\u00c9TICA \u2013 VENTILADORES DE TETO \/ 127V \u2013 EDI\u00c7\u00c3O 02\/2014<\/a><\/span><\/p>\n<p><span style=\"color: #000080;\"><a style=\"color: #000080;\" href=\"http:\/\/www.keppemotor.com\/pt\/KeppeMotor220V_INMETRO_2014.pdf\" target=\"_blank\" rel=\"noopener\">\u201cEFICI\u00caNCIA ENERG\u00c9TICA \u2013 VENTILADORES DE TETO \/ 220V \u2013 EDI\u00c7\u00c3O 02\/2014<\/a><\/span><\/p>\n<p>&nbsp;<\/p>\n<hr \/>\n<h3><span style=\"color: #333333;\"><strong>Janeiro de 2014<\/strong><\/span><\/h3>\n<h2><span style=\"color: #003300;\">Relat\u00f3rio de Medi\u00e7\u00f5es Oficiais realizadas na Testtech<\/span><\/h2>\n<h3><a href=\"http:\/\/www.keppemotor.com\/institucional\/wp-content\/uploads\/2014\/10\/tabela-testtech-universe-turbo.png\"><img decoding=\"async\" class=\"alignnone wp-image-272 size-full\" src=\"http:\/\/www.keppemotor.com\/institucional\/wp-content\/uploads\/2014\/10\/tabela-testtech-universe-turbo.png\" alt=\"tabela-testtech-universe-turbo\" width=\"962\" height=\"271\" srcset=\"https:\/\/www.keppemotor.com\/institucional\/wp-content\/uploads\/2014\/10\/tabela-testtech-universe-turbo.png 962w, https:\/\/www.keppemotor.com\/institucional\/wp-content\/uploads\/2014\/10\/tabela-testtech-universe-turbo-300x84.png 300w, https:\/\/www.keppemotor.com\/institucional\/wp-content\/uploads\/2014\/10\/tabela-testtech-universe-turbo-940x264.png 940w, https:\/\/www.keppemotor.com\/institucional\/wp-content\/uploads\/2014\/10\/tabela-testtech-universe-turbo-460x129.png 460w, https:\/\/www.keppemotor.com\/institucional\/wp-content\/uploads\/2014\/10\/tabela-testtech-universe-turbo-600x169.png 600w, https:\/\/www.keppemotor.com\/institucional\/wp-content\/uploads\/2014\/10\/tabela-testtech-universe-turbo-120x33.png 120w, https:\/\/www.keppemotor.com\/institucional\/wp-content\/uploads\/2014\/10\/tabela-testtech-universe-turbo-680x191.png 680w\" sizes=\"(max-width: 962px) 100vw, 962px\" \/><\/a><\/h3>\n<p>Veja o relat\u00f3rio oficial da Testtech<\/p>\n<p><span style=\"color: #000080;\"><a class=\"alert-success\" style=\"color: #000080;\" href=\"http:\/\/www.keppemotor.com\/pt\/keppe-motor-universe-turbo-bivolt-127.pdf\" target=\"_blank\" rel=\"noopener\">KeppeMotor Universe Turbo 127V<\/a><\/span><\/p>\n<p><span style=\"color: #000080;\"><a class=\"alert-success\" style=\"color: #000080;\" href=\"http:\/\/www.keppemotor.com\/pt\/keppe-motor-universe-turbo-bivolt-220.pdf\" target=\"_blank\" rel=\"noopener\">KeppeMotor Universe Turbo 220V<\/a><\/span><\/p>\n<h2><span style=\"color: #003300;\">Informa\u00e7\u00f5es T\u00e9cnicas<\/span><\/h2>\n<h4><span style=\"color: #333333;\"><strong>DESCRI\u00c7\u00c3O<\/strong><\/span><\/h4>\n<ul>\n<li>Ventilador de teto mais econ\u00f4mico e eficiente do que os convencionais do mercado<\/li>\n<li>Controle remoto com 5 velocidades<\/li>\n<li>Ventila\u00e7\u00e3o e exaust\u00e3o<\/li>\n<li>Fun\u00e7\u00e3o Timer<\/li>\n<li>Ilumina\u00e7\u00e3o de LED opcional<\/li>\n<li>Baixiss\u00edmo consumo de energia<\/li>\n<li>F\u00e1cil instala\u00e7\u00e3o \u2013 apenas 2 fios<\/li>\n<li>Globo de vidro fosco \u2013 ilumina\u00e7\u00e3o perfeita, f\u00e1cil de limpar e acabamento sofisticado<\/li>\n<\/ul>\n<h4><span style=\"color: #003300;\"><strong>ESPECIFICA\u00c7\u00c3O T\u00c9CNICA<\/strong><\/span><\/h4>\n<ul>\n<li>Velocidade m\u00e1xima \u00a0de 402,7 RPM<\/li>\n<li>Alimenta\u00e7\u00e3o \u00a0de 127V ou 220V<\/li>\n<li>Di\u00e2metro das p\u00e1s de 106 cm<\/li>\n<\/ul>\n<h4><span style=\"color: #003300;\"><strong>DIFERENCIAIS<\/strong><\/span><\/h4>\n<ul>\n<li>at\u00e9 90% mais econ\u00f4mico, gra\u00e7as a exclusiva tecnologia Keppe Motor<\/li>\n<li>Motor frio \u2013 Aquece apenas 5\u00b0C acima da temperatura ambiente, comparado aos convencionais que aquecem de 20 a 60 \u00b0C<\/li>\n<li>BIVOLT AUTOM\u00c1TICO: Menor Custo na Estocagem;<\/li>\n<li>Menor \u00edndice de Retorno por uso inadequado do consumidor;<\/li>\n<li>Menor Custo de Assist\u00eancia T\u00e9cnica.<\/li>\n<li>Comprovadamente o mais econ\u00f4mico e mais potente ventilador do mercado mundial.<\/li>\n<li>N\u00e3o utiliza escovas, por isso, muito silencioso.<\/li>\n<li>Design exclusivo: combina com todos os ambientes.<\/li>\n<\/ul>\n<p class=\"custom_slider\">\n<p class=\"post-text\" style=\"text-align: justify;\">Pedidos de patente j\u00e1 foram feitos no Brasil e muitos outros pa\u00edses, mas o M\u00e9xico foi o primeiro a conceder oficialmente uma patente para essa inovadora tecnologia.<\/p>\n<p style=\"text-align: justify;\">O Keppe Motor \u00e9 um motor de RC (Corrente Ressonante) de alta efici\u00eancia desenvolvido pelos engenheiros Cesar So\u00f3s e Roberto e Alexandre Frascari, que usa os princ\u00edpios da resson\u00e2ncia eletromagn\u00e9tica para otimizar a efici\u00eancia. O Keppe Motor recebe esse nome a partir dos inovadores princ\u00edpios resultantes do trabalho do cientista, fil\u00f3sofo e pesquisador independente em f\u00edsica, Norberto da Rocha Keppe, delineados em seu livro A Nova F\u00edsica da Metaf\u00edsica Desinvertida, escrito em 1996, na Fran\u00e7a.<\/p>\n<p style=\"text-align: justify;\">De acordo com os cientistas e desenvolvedores do motor, os benef\u00edcios do Keppe Motor s\u00e3o numerosos. Principalmente, ele j\u00e1 demonstrou consumir at\u00e9 90% menos eletricidade, e oferecer uma alternativa para as tecnologias altamente poluentes de hoje, como a gera\u00e7\u00e3o de pot\u00eancia atrav\u00e9s do carv\u00e3o e da energia nuclear. Isso oferece \u00f3bvios benef\u00edcios \u00e0s dificuldades ambientais e econ\u00f4micas do planeta. Os motores el\u00e9tricos de baixo consumo el\u00e9trico s\u00e3o mais comumente usados em ferramentas el\u00e9tricas, bombas hidr\u00e1ulicas, sistemas de refrigera\u00e7\u00e3o dom\u00e9stica, etc. Esses motores existem \u00e0s centenas de milh\u00f5es no mundo todo, e est\u00e3o diretamente ligados ao desenvolvimento social.<\/p>\n<p style=\"text-align: justify;\">A concess\u00e3o de patentes nos Estados Unidos e no M\u00e9xico mostra que a tecnologia Keppe Motor tem uma import\u00e2ncia consider\u00e1vel em termos de originalidade e inova\u00e7\u00e3o tecnol\u00f3gica.<\/p>\n<p>&nbsp;<\/p>\n","protected":false},"excerpt":{"rendered":"<p>Certificado\u00a0de Conformidade Ventilador KeppeMotor Universe Eco Visualize as certifica\u00e7\u00f5es nos links abaixo: VENTILADOR DE PAREDE VENTILADOR DE PEDESTAL &nbsp; Outubro de 2017 Selo Procel de Economia de Energia 2016 em reconhecimento aos ventiladores de alta efici\u00eancia energ\u00e9tica. Fevereiro de 2014 InMetro concede Selo A de Efici\u00eancia Energ\u00e9tica ao Ventilador Keppe Motor Universe A recente publica\u00e7\u00e3o [&hellip;]<\/p>\n","protected":false},"author":2,"featured_media":8151,"parent":0,"menu_order":0,"comment_status":"closed","ping_status":"closed","template":"","meta":{"_exactmetrics_skip_tracking":false,"_exactmetrics_sitenote_active":false,"_exactmetrics_sitenote_note":"","_exactmetrics_sitenote_category":0,"footnotes":""},"class_list":["post-270","page","type-page","status-publish","has-post-thumbnail","hentry"],"yoast_head":"<!-- This site is optimized with the Yoast SEO plugin v27.5 - https:\/\/yoast.com\/product\/yoast-seo-wordpress\/ -->\n<title>Certifica\u00e7\u00f5es - Keppe Motor<\/title>\n<meta name=\"description\" content=\"Certifica\u00e7\u00f5es: Certificado de Conformidade Ventilador Keppe Motor, Selo Procel de Economia de Energia 2016, InMetro Selo A Efici\u00eancia Energ\u00e9tica Keppe Motor\" \/>\n<meta name=\"robots\" content=\"index, follow, max-snippet:-1, max-image-preview:large, max-video-preview:-1\" \/>\n<link rel=\"canonical\" href=\"https:\/\/www.keppemotor.com\/institucional\/certificacoes\/\" \/>\n<meta property=\"og:locale\" content=\"pt_BR\" \/>\n<meta property=\"og:type\" content=\"article\" \/>\n<meta property=\"og:title\" content=\"Certifica\u00e7\u00f5es - Keppe Motor\" \/>\n<meta property=\"og:description\" content=\"Certifica\u00e7\u00f5es: Certificado de Conformidade Ventilador Keppe Motor, Selo Procel de Economia de Energia 2016, InMetro Selo A Efici\u00eancia Energ\u00e9tica Keppe Motor\" \/>\n<meta property=\"og:url\" content=\"https:\/\/www.keppemotor.com\/institucional\/certificacoes\/\" \/>\n<meta property=\"og:site_name\" content=\"Keppe Motor - Tecnologia para um Novo Mundo\" \/>\n<meta property=\"article:modified_time\" content=\"2025-07-24T19:52:18+00:00\" \/>\n<meta property=\"og:image\" content=\"https:\/\/www.keppemotor.com\/institucional\/wp-content\/uploads\/2014\/11\/cropped-cropped-keppemotor-logo-header-5.png\" \/>\n\t<meta property=\"og:image:width\" content=\"512\" \/>\n\t<meta property=\"og:image:height\" content=\"512\" \/>\n\t<meta property=\"og:image:type\" content=\"image\/png\" \/>\n<meta name=\"twitter:label1\" content=\"Est. tempo de leitura\" \/>\n\t<meta name=\"twitter:data1\" content=\"5 minutos\" \/>\n<script type=\"application\/ld+json\" class=\"yoast-schema-graph\">{\"@context\":\"https:\\\/\\\/schema.org\",\"@graph\":[{\"@type\":\"WebPage\",\"@id\":\"https:\\\/\\\/www.keppemotor.com\\\/institucional\\\/certificacoes\\\/\",\"url\":\"https:\\\/\\\/www.keppemotor.com\\\/institucional\\\/certificacoes\\\/\",\"name\":\"Certifica\u00e7\u00f5es - Keppe Motor\",\"isPartOf\":{\"@id\":\"https:\\\/\\\/www.keppemotor.com\\\/institucional\\\/#website\"},\"primaryImageOfPage\":{\"@id\":\"https:\\\/\\\/www.keppemotor.com\\\/institucional\\\/certificacoes\\\/#primaryimage\"},\"image\":{\"@id\":\"https:\\\/\\\/www.keppemotor.com\\\/institucional\\\/certificacoes\\\/#primaryimage\"},\"thumbnailUrl\":\"https:\\\/\\\/www.keppemotor.com\\\/institucional\\\/wp-content\\\/uploads\\\/2014\\\/11\\\/cropped-cropped-keppemotor-logo-header-5.png\",\"datePublished\":\"2014-10-30T16:53:43+00:00\",\"dateModified\":\"2025-07-24T19:52:18+00:00\",\"description\":\"Certifica\u00e7\u00f5es: Certificado de Conformidade Ventilador Keppe Motor, Selo Procel de Economia de Energia 2016, InMetro Selo A Efici\u00eancia Energ\u00e9tica Keppe Motor\",\"breadcrumb\":{\"@id\":\"https:\\\/\\\/www.keppemotor.com\\\/institucional\\\/certificacoes\\\/#breadcrumb\"},\"inLanguage\":\"pt-BR\",\"potentialAction\":[{\"@type\":\"ReadAction\",\"target\":[\"https:\\\/\\\/www.keppemotor.com\\\/institucional\\\/certificacoes\\\/\"]}]},{\"@type\":\"ImageObject\",\"inLanguage\":\"pt-BR\",\"@id\":\"https:\\\/\\\/www.keppemotor.com\\\/institucional\\\/certificacoes\\\/#primaryimage\",\"url\":\"https:\\\/\\\/www.keppemotor.com\\\/institucional\\\/wp-content\\\/uploads\\\/2014\\\/11\\\/cropped-cropped-keppemotor-logo-header-5.png\",\"contentUrl\":\"https:\\\/\\\/www.keppemotor.com\\\/institucional\\\/wp-content\\\/uploads\\\/2014\\\/11\\\/cropped-cropped-keppemotor-logo-header-5.png\",\"width\":512,\"height\":512},{\"@type\":\"BreadcrumbList\",\"@id\":\"https:\\\/\\\/www.keppemotor.com\\\/institucional\\\/certificacoes\\\/#breadcrumb\",\"itemListElement\":[{\"@type\":\"ListItem\",\"position\":1,\"name\":\"In\u00edcio\",\"item\":\"https:\\\/\\\/www.keppemotor.com\\\/institucional\\\/\"},{\"@type\":\"ListItem\",\"position\":2,\"name\":\"Certifica\u00e7\u00f5es\"}]},{\"@type\":\"WebSite\",\"@id\":\"https:\\\/\\\/www.keppemotor.com\\\/institucional\\\/#website\",\"url\":\"https:\\\/\\\/www.keppemotor.com\\\/institucional\\\/\",\"name\":\"Keppe Motor - Tecnologia para um Novo Mundo\",\"description\":\"\",\"publisher\":{\"@id\":\"https:\\\/\\\/www.keppemotor.com\\\/institucional\\\/#organization\"},\"potentialAction\":[{\"@type\":\"SearchAction\",\"target\":{\"@type\":\"EntryPoint\",\"urlTemplate\":\"https:\\\/\\\/www.keppemotor.com\\\/institucional\\\/?s={search_term_string}\"},\"query-input\":{\"@type\":\"PropertyValueSpecification\",\"valueRequired\":true,\"valueName\":\"search_term_string\"}}],\"inLanguage\":\"pt-BR\"},{\"@type\":\"Organization\",\"@id\":\"https:\\\/\\\/www.keppemotor.com\\\/institucional\\\/#organization\",\"name\":\"Keppe Motor - Tecnologia para um Novo Mundo\",\"url\":\"https:\\\/\\\/www.keppemotor.com\\\/institucional\\\/\",\"logo\":{\"@type\":\"ImageObject\",\"inLanguage\":\"pt-BR\",\"@id\":\"https:\\\/\\\/www.keppemotor.com\\\/institucional\\\/#\\\/schema\\\/logo\\\/image\\\/\",\"url\":\"https:\\\/\\\/www.keppemotor.com\\\/institucional\\\/wp-content\\\/uploads\\\/2014\\\/11\\\/cropped-keppemotor-logo-header-5.png\",\"contentUrl\":\"https:\\\/\\\/www.keppemotor.com\\\/institucional\\\/wp-content\\\/uploads\\\/2014\\\/11\\\/cropped-keppemotor-logo-header-5.png\",\"width\":300,\"height\":101,\"caption\":\"Keppe Motor - Tecnologia para um Novo Mundo\"},\"image\":{\"@id\":\"https:\\\/\\\/www.keppemotor.com\\\/institucional\\\/#\\\/schema\\\/logo\\\/image\\\/\"}}]}<\/script>\n<!-- \/ Yoast SEO plugin. -->","yoast_head_json":{"title":"Certifica\u00e7\u00f5es - Keppe Motor","description":"Certifica\u00e7\u00f5es: Certificado de Conformidade Ventilador Keppe Motor, Selo Procel de Economia de Energia 2016, InMetro Selo A Efici\u00eancia Energ\u00e9tica Keppe Motor","robots":{"index":"index","follow":"follow","max-snippet":"max-snippet:-1","max-image-preview":"max-image-preview:large","max-video-preview":"max-video-preview:-1"},"canonical":"https:\/\/www.keppemotor.com\/institucional\/certificacoes\/","og_locale":"pt_BR","og_type":"article","og_title":"Certifica\u00e7\u00f5es - Keppe Motor","og_description":"Certifica\u00e7\u00f5es: Certificado de Conformidade Ventilador Keppe Motor, Selo Procel de Economia de Energia 2016, InMetro Selo A Efici\u00eancia Energ\u00e9tica Keppe Motor","og_url":"https:\/\/www.keppemotor.com\/institucional\/certificacoes\/","og_site_name":"Keppe Motor - Tecnologia para um Novo Mundo","article_modified_time":"2025-07-24T19:52:18+00:00","og_image":[{"width":512,"height":512,"url":"https:\/\/www.keppemotor.com\/institucional\/wp-content\/uploads\/2014\/11\/cropped-cropped-keppemotor-logo-header-5.png","type":"image\/png"}],"twitter_misc":{"Est. tempo de leitura":"5 minutos"},"schema":{"@context":"https:\/\/schema.org","@graph":[{"@type":"WebPage","@id":"https:\/\/www.keppemotor.com\/institucional\/certificacoes\/","url":"https:\/\/www.keppemotor.com\/institucional\/certificacoes\/","name":"Certifica\u00e7\u00f5es - Keppe Motor","isPartOf":{"@id":"https:\/\/www.keppemotor.com\/institucional\/#website"},"primaryImageOfPage":{"@id":"https:\/\/www.keppemotor.com\/institucional\/certificacoes\/#primaryimage"},"image":{"@id":"https:\/\/www.keppemotor.com\/institucional\/certificacoes\/#primaryimage"},"thumbnailUrl":"https:\/\/www.keppemotor.com\/institucional\/wp-content\/uploads\/2014\/11\/cropped-cropped-keppemotor-logo-header-5.png","datePublished":"2014-10-30T16:53:43+00:00","dateModified":"2025-07-24T19:52:18+00:00","description":"Certifica\u00e7\u00f5es: Certificado de Conformidade Ventilador Keppe Motor, Selo Procel de Economia de Energia 2016, InMetro Selo A Efici\u00eancia Energ\u00e9tica Keppe Motor","breadcrumb":{"@id":"https:\/\/www.keppemotor.com\/institucional\/certificacoes\/#breadcrumb"},"inLanguage":"pt-BR","potentialAction":[{"@type":"ReadAction","target":["https:\/\/www.keppemotor.com\/institucional\/certificacoes\/"]}]},{"@type":"ImageObject","inLanguage":"pt-BR","@id":"https:\/\/www.keppemotor.com\/institucional\/certificacoes\/#primaryimage","url":"https:\/\/www.keppemotor.com\/institucional\/wp-content\/uploads\/2014\/11\/cropped-cropped-keppemotor-logo-header-5.png","contentUrl":"https:\/\/www.keppemotor.com\/institucional\/wp-content\/uploads\/2014\/11\/cropped-cropped-keppemotor-logo-header-5.png","width":512,"height":512},{"@type":"BreadcrumbList","@id":"https:\/\/www.keppemotor.com\/institucional\/certificacoes\/#breadcrumb","itemListElement":[{"@type":"ListItem","position":1,"name":"In\u00edcio","item":"https:\/\/www.keppemotor.com\/institucional\/"},{"@type":"ListItem","position":2,"name":"Certifica\u00e7\u00f5es"}]},{"@type":"WebSite","@id":"https:\/\/www.keppemotor.com\/institucional\/#website","url":"https:\/\/www.keppemotor.com\/institucional\/","name":"Keppe Motor - Tecnologia para um Novo Mundo","description":"","publisher":{"@id":"https:\/\/www.keppemotor.com\/institucional\/#organization"},"potentialAction":[{"@type":"SearchAction","target":{"@type":"EntryPoint","urlTemplate":"https:\/\/www.keppemotor.com\/institucional\/?s={search_term_string}"},"query-input":{"@type":"PropertyValueSpecification","valueRequired":true,"valueName":"search_term_string"}}],"inLanguage":"pt-BR"},{"@type":"Organization","@id":"https:\/\/www.keppemotor.com\/institucional\/#organization","name":"Keppe Motor - Tecnologia para um Novo Mundo","url":"https:\/\/www.keppemotor.com\/institucional\/","logo":{"@type":"ImageObject","inLanguage":"pt-BR","@id":"https:\/\/www.keppemotor.com\/institucional\/#\/schema\/logo\/image\/","url":"https:\/\/www.keppemotor.com\/institucional\/wp-content\/uploads\/2014\/11\/cropped-keppemotor-logo-header-5.png","contentUrl":"https:\/\/www.keppemotor.com\/institucional\/wp-content\/uploads\/2014\/11\/cropped-keppemotor-logo-header-5.png","width":300,"height":101,"caption":"Keppe Motor - Tecnologia para um Novo Mundo"},"image":{"@id":"https:\/\/www.keppemotor.com\/institucional\/#\/schema\/logo\/image\/"}}]}},"_links":{"self":[{"href":"https:\/\/www.keppemotor.com\/institucional\/wp-json\/wp\/v2\/pages\/270","targetHints":{"allow":["GET"]}}],"collection":[{"href":"https:\/\/www.keppemotor.com\/institucional\/wp-json\/wp\/v2\/pages"}],"about":[{"href":"https:\/\/www.keppemotor.com\/institucional\/wp-json\/wp\/v2\/types\/page"}],"author":[{"embeddable":true,"href":"https:\/\/www.keppemotor.com\/institucional\/wp-json\/wp\/v2\/users\/2"}],"replies":[{"embeddable":true,"href":"https:\/\/www.keppemotor.com\/institucional\/wp-json\/wp\/v2\/comments?post=270"}],"version-history":[{"count":2,"href":"https:\/\/www.keppemotor.com\/institucional\/wp-json\/wp\/v2\/pages\/270\/revisions"}],"predecessor-version":[{"id":8452,"href":"https:\/\/www.keppemotor.com\/institucional\/wp-json\/wp\/v2\/pages\/270\/revisions\/8452"}],"wp:featuredmedia":[{"embeddable":true,"href":"https:\/\/www.keppemotor.com\/institucional\/wp-json\/wp\/v2\/media\/8151"}],"wp:attachment":[{"href":"https:\/\/www.keppemotor.com\/institucional\/wp-json\/wp\/v2\/media?parent=270"}],"curies":[{"name":"wp","href":"https:\/\/api.w.org\/{rel}","templated":true}]}}