{"id":2713,"date":"2015-08-25T18:16:55","date_gmt":"2015-08-25T18:16:55","guid":{"rendered":"http:\/\/www.keppemotor.com\/institucional\/?page_id=2713"},"modified":"2024-09-09T20:44:55","modified_gmt":"2024-09-09T20:44:55","slug":"keppe-motor-na-expo-eficiencia-2015","status":"publish","type":"page","link":"https:\/\/www.keppemotor.com\/institucional\/keppe-motor-na-expo-eficiencia-2015\/","title":{"rendered":"Keppe Motor na Expo Efici\u00eancia 2015"},"content":{"rendered":"<h4 style=\"text-align: justify;\">Amanh\u00e3, 26 de agosto de 2015, o engenheiro Cesar So\u00f3s, um dos inventores do Keppe Motor, far\u00e1 a palestra\u00a0&#8220;Inova\u00e7\u00e3o Tecnol\u00f3gica e Efici\u00eancia Energ\u00e9tica&#8221;, durante o\u00a012\u00ba COBEE \u2013 Congresso Brasileiro de Efici\u00eancia Energ\u00e9tica, que est\u00e1 acontecendo em S\u00e3o Paulo no\u00a0Centro de Conven\u00e7\u00f5es Frei Caneca. A palestra far\u00e1 parte do Painel 7 &#8211;\u00a0Inova\u00e7\u00e3o e Energias Renov\u00e1veis, no hor\u00e1rio das 14h20 as 14h45.<\/h4>\n<blockquote><p><strong>Centro de Conven\u00e7\u00f5es Frei Caneca<\/strong><br \/>\nS\u00e3o Paulo \u2013 SP<br \/>\nRua Frei Caneca, 569 \u2013 Consola\u00e7\u00e3o<br \/>\nCEP 01307-001<\/p><\/blockquote>\n<p>[special_heading type=&#8221;h2&#8243; underline=&#8221;yes&#8221;]Veja o que est\u00e1 acontecendo na Expo Efici\u00eancia 2015[\/special_heading]<\/p>\n<p>[slider]<br \/>\n[slide title=&#8221;Keppe Motor&#8221; image_url=&#8221;http:\/\/www.keppemotor.com\/institucional\/wp-content\/uploads\/2015\/08\/expo-eficiencia-2015-01.png&#8221; image_alt=&#8221;Image alt&#8221;]<br \/>\n[slide_content]Expo Efici\u00eancia 2015[\/slide_content]<br \/>\n[\/slide]<br \/>\n[slide title=&#8221;Keppe Motor&#8221; image_url=&#8221;http:\/\/www.keppemotor.com\/institucional\/wp-content\/uploads\/2015\/08\/expo-eficiencia-2015-02.png&#8221; image_alt=&#8221;Image alt&#8221;]<br \/>\n[slide_content]Expo Efici\u00eancia 2015[\/slide_content]<br \/>\n[\/slide]<br \/>\n[slide title=&#8221;Keppe Motor&#8221; image_url=&#8221;http:\/\/www.keppemotor.com\/institucional\/wp-content\/uploads\/2015\/08\/expo-eficiencia-2015-03.png&#8221; image_alt=&#8221;Image alt&#8221;]<br \/>\n[slide_content]Expo Efici\u00eancia 2015[\/slide_content]<br \/>\n[\/slide]<br \/>\n[\/slider]<\/p>\n<p>&nbsp;<\/p>\n","protected":false},"excerpt":{"rendered":"<p>Amanh\u00e3, 26 de agosto de 2015, o engenheiro Cesar So\u00f3s, um dos inventores do Keppe Motor, far\u00e1 a palestra\u00a0&#8220;Inova\u00e7\u00e3o Tecnol\u00f3gica e Efici\u00eancia Energ\u00e9tica&#8221;, durante o\u00a012\u00ba COBEE \u2013 Congresso Brasileiro de Efici\u00eancia Energ\u00e9tica, que est\u00e1 acontecendo em S\u00e3o Paulo no\u00a0Centro de Conven\u00e7\u00f5es Frei Caneca. A palestra far\u00e1 parte do Painel 7 &#8211;\u00a0Inova\u00e7\u00e3o e Energias Renov\u00e1veis, no [&hellip;]<\/p>\n","protected":false},"author":2,"featured_media":2717,"parent":0,"menu_order":0,"comment_status":"closed","ping_status":"open","template":"","meta":{"_exactmetrics_skip_tracking":false,"_exactmetrics_sitenote_active":false,"_exactmetrics_sitenote_note":"","_exactmetrics_sitenote_category":0,"footnotes":""},"class_list":["post-2713","page","type-page","status-publish","has-post-thumbnail","hentry"],"yoast_head":"<!-- This site is optimized with the Yoast SEO plugin v27.4 - https:\/\/yoast.com\/product\/yoast-seo-wordpress\/ -->\n<title>Keppe Motor na Expo Efici\u00eancia 2015 - Keppe Motor - Tecnologia para um Novo Mundo<\/title>\n<meta name=\"robots\" content=\"index, follow, max-snippet:-1, max-image-preview:large, max-video-preview:-1\" \/>\n<link rel=\"canonical\" href=\"https:\/\/www.keppemotor.com\/institucional\/keppe-motor-na-expo-eficiencia-2015\/\" \/>\n<meta property=\"og:locale\" content=\"pt_BR\" \/>\n<meta property=\"og:type\" content=\"article\" \/>\n<meta property=\"og:title\" content=\"Keppe Motor na Expo Efici\u00eancia 2015 - Keppe Motor - Tecnologia para um Novo Mundo\" \/>\n<meta property=\"og:description\" content=\"Amanh\u00e3, 26 de agosto de 2015, o engenheiro Cesar So\u00f3s, um dos inventores do Keppe Motor, far\u00e1 a palestra\u00a0&#8220;Inova\u00e7\u00e3o Tecnol\u00f3gica e Efici\u00eancia Energ\u00e9tica&#8221;, durante o\u00a012\u00ba COBEE \u2013 Congresso Brasileiro de Efici\u00eancia Energ\u00e9tica, que est\u00e1 acontecendo em S\u00e3o Paulo no\u00a0Centro de Conven\u00e7\u00f5es Frei Caneca. A palestra far\u00e1 parte do Painel 7 &#8211;\u00a0Inova\u00e7\u00e3o e Energias Renov\u00e1veis, no [&hellip;]\" \/>\n<meta property=\"og:url\" content=\"https:\/\/www.keppemotor.com\/institucional\/keppe-motor-na-expo-eficiencia-2015\/\" \/>\n<meta property=\"og:site_name\" content=\"Keppe Motor - Tecnologia para um Novo Mundo\" \/>\n<meta property=\"article:modified_time\" content=\"2024-09-09T20:44:55+00:00\" \/>\n<meta property=\"og:image\" content=\"https:\/\/www.keppemotor.com\/institucional\/wp-content\/uploads\/2015\/08\/expo-eficiencia-2015-01.png\" \/>\n\t<meta property=\"og:image:width\" content=\"1000\" \/>\n\t<meta property=\"og:image:height\" content=\"562\" \/>\n\t<meta property=\"og:image:type\" content=\"image\/png\" \/>\n<meta name=\"twitter:label1\" content=\"Est. tempo de leitura\" \/>\n\t<meta name=\"twitter:data1\" content=\"1 minuto\" \/>\n<script type=\"application\/ld+json\" class=\"yoast-schema-graph\">{\"@context\":\"https:\\\/\\\/schema.org\",\"@graph\":[{\"@type\":\"WebPage\",\"@id\":\"https:\\\/\\\/www.keppemotor.com\\\/institucional\\\/keppe-motor-na-expo-eficiencia-2015\\\/\",\"url\":\"https:\\\/\\\/www.keppemotor.com\\\/institucional\\\/keppe-motor-na-expo-eficiencia-2015\\\/\",\"name\":\"Keppe Motor na Expo Efici\u00eancia 2015 - Keppe Motor - Tecnologia para um Novo Mundo\",\"isPartOf\":{\"@id\":\"https:\\\/\\\/www.keppemotor.com\\\/institucional\\\/#website\"},\"primaryImageOfPage\":{\"@id\":\"https:\\\/\\\/www.keppemotor.com\\\/institucional\\\/keppe-motor-na-expo-eficiencia-2015\\\/#primaryimage\"},\"image\":{\"@id\":\"https:\\\/\\\/www.keppemotor.com\\\/institucional\\\/keppe-motor-na-expo-eficiencia-2015\\\/#primaryimage\"},\"thumbnailUrl\":\"https:\\\/\\\/www.keppemotor.com\\\/institucional\\\/wp-content\\\/uploads\\\/2015\\\/08\\\/expo-eficiencia-2015-01.png\",\"datePublished\":\"2015-08-25T18:16:55+00:00\",\"dateModified\":\"2024-09-09T20:44:55+00:00\",\"breadcrumb\":{\"@id\":\"https:\\\/\\\/www.keppemotor.com\\\/institucional\\\/keppe-motor-na-expo-eficiencia-2015\\\/#breadcrumb\"},\"inLanguage\":\"pt-BR\",\"potentialAction\":[{\"@type\":\"ReadAction\",\"target\":[\"https:\\\/\\\/www.keppemotor.com\\\/institucional\\\/keppe-motor-na-expo-eficiencia-2015\\\/\"]}]},{\"@type\":\"ImageObject\",\"inLanguage\":\"pt-BR\",\"@id\":\"https:\\\/\\\/www.keppemotor.com\\\/institucional\\\/keppe-motor-na-expo-eficiencia-2015\\\/#primaryimage\",\"url\":\"https:\\\/\\\/www.keppemotor.com\\\/institucional\\\/wp-content\\\/uploads\\\/2015\\\/08\\\/expo-eficiencia-2015-01.png\",\"contentUrl\":\"https:\\\/\\\/www.keppemotor.com\\\/institucional\\\/wp-content\\\/uploads\\\/2015\\\/08\\\/expo-eficiencia-2015-01.png\",\"width\":1000,\"height\":562},{\"@type\":\"BreadcrumbList\",\"@id\":\"https:\\\/\\\/www.keppemotor.com\\\/institucional\\\/keppe-motor-na-expo-eficiencia-2015\\\/#breadcrumb\",\"itemListElement\":[{\"@type\":\"ListItem\",\"position\":1,\"name\":\"In\u00edcio\",\"item\":\"https:\\\/\\\/www.keppemotor.com\\\/institucional\\\/\"},{\"@type\":\"ListItem\",\"position\":2,\"name\":\"Keppe Motor na Expo Efici\u00eancia 2015\"}]},{\"@type\":\"WebSite\",\"@id\":\"https:\\\/\\\/www.keppemotor.com\\\/institucional\\\/#website\",\"url\":\"https:\\\/\\\/www.keppemotor.com\\\/institucional\\\/\",\"name\":\"Keppe Motor - Tecnologia para um Novo Mundo\",\"description\":\"\",\"publisher\":{\"@id\":\"https:\\\/\\\/www.keppemotor.com\\\/institucional\\\/#organization\"},\"potentialAction\":[{\"@type\":\"SearchAction\",\"target\":{\"@type\":\"EntryPoint\",\"urlTemplate\":\"https:\\\/\\\/www.keppemotor.com\\\/institucional\\\/?s={search_term_string}\"},\"query-input\":{\"@type\":\"PropertyValueSpecification\",\"valueRequired\":true,\"valueName\":\"search_term_string\"}}],\"inLanguage\":\"pt-BR\"},{\"@type\":\"Organization\",\"@id\":\"https:\\\/\\\/www.keppemotor.com\\\/institucional\\\/#organization\",\"name\":\"Keppe Motor - Tecnologia para um Novo Mundo\",\"url\":\"https:\\\/\\\/www.keppemotor.com\\\/institucional\\\/\",\"logo\":{\"@type\":\"ImageObject\",\"inLanguage\":\"pt-BR\",\"@id\":\"https:\\\/\\\/www.keppemotor.com\\\/institucional\\\/#\\\/schema\\\/logo\\\/image\\\/\",\"url\":\"https:\\\/\\\/www.keppemotor.com\\\/institucional\\\/wp-content\\\/uploads\\\/2014\\\/11\\\/cropped-keppemotor-logo-header-5.png\",\"contentUrl\":\"https:\\\/\\\/www.keppemotor.com\\\/institucional\\\/wp-content\\\/uploads\\\/2014\\\/11\\\/cropped-keppemotor-logo-header-5.png\",\"width\":300,\"height\":101,\"caption\":\"Keppe Motor - Tecnologia para um Novo Mundo\"},\"image\":{\"@id\":\"https:\\\/\\\/www.keppemotor.com\\\/institucional\\\/#\\\/schema\\\/logo\\\/image\\\/\"}}]}<\/script>\n<!-- \/ Yoast SEO plugin. -->","yoast_head_json":{"title":"Keppe Motor na Expo Efici\u00eancia 2015 - Keppe Motor - Tecnologia para um Novo Mundo","robots":{"index":"index","follow":"follow","max-snippet":"max-snippet:-1","max-image-preview":"max-image-preview:large","max-video-preview":"max-video-preview:-1"},"canonical":"https:\/\/www.keppemotor.com\/institucional\/keppe-motor-na-expo-eficiencia-2015\/","og_locale":"pt_BR","og_type":"article","og_title":"Keppe Motor na Expo Efici\u00eancia 2015 - Keppe Motor - Tecnologia para um Novo Mundo","og_description":"Amanh\u00e3, 26 de agosto de 2015, o engenheiro Cesar So\u00f3s, um dos inventores do Keppe Motor, far\u00e1 a palestra\u00a0&#8220;Inova\u00e7\u00e3o Tecnol\u00f3gica e Efici\u00eancia Energ\u00e9tica&#8221;, durante o\u00a012\u00ba COBEE \u2013 Congresso Brasileiro de Efici\u00eancia Energ\u00e9tica, que est\u00e1 acontecendo em S\u00e3o Paulo no\u00a0Centro de Conven\u00e7\u00f5es Frei Caneca. A palestra far\u00e1 parte do Painel 7 &#8211;\u00a0Inova\u00e7\u00e3o e Energias Renov\u00e1veis, no [&hellip;]","og_url":"https:\/\/www.keppemotor.com\/institucional\/keppe-motor-na-expo-eficiencia-2015\/","og_site_name":"Keppe Motor - Tecnologia para um Novo Mundo","article_modified_time":"2024-09-09T20:44:55+00:00","og_image":[{"width":1000,"height":562,"url":"https:\/\/www.keppemotor.com\/institucional\/wp-content\/uploads\/2015\/08\/expo-eficiencia-2015-01.png","type":"image\/png"}],"twitter_misc":{"Est. tempo de leitura":"1 minuto"},"schema":{"@context":"https:\/\/schema.org","@graph":[{"@type":"WebPage","@id":"https:\/\/www.keppemotor.com\/institucional\/keppe-motor-na-expo-eficiencia-2015\/","url":"https:\/\/www.keppemotor.com\/institucional\/keppe-motor-na-expo-eficiencia-2015\/","name":"Keppe Motor na Expo Efici\u00eancia 2015 - Keppe Motor - Tecnologia para um Novo Mundo","isPartOf":{"@id":"https:\/\/www.keppemotor.com\/institucional\/#website"},"primaryImageOfPage":{"@id":"https:\/\/www.keppemotor.com\/institucional\/keppe-motor-na-expo-eficiencia-2015\/#primaryimage"},"image":{"@id":"https:\/\/www.keppemotor.com\/institucional\/keppe-motor-na-expo-eficiencia-2015\/#primaryimage"},"thumbnailUrl":"https:\/\/www.keppemotor.com\/institucional\/wp-content\/uploads\/2015\/08\/expo-eficiencia-2015-01.png","datePublished":"2015-08-25T18:16:55+00:00","dateModified":"2024-09-09T20:44:55+00:00","breadcrumb":{"@id":"https:\/\/www.keppemotor.com\/institucional\/keppe-motor-na-expo-eficiencia-2015\/#breadcrumb"},"inLanguage":"pt-BR","potentialAction":[{"@type":"ReadAction","target":["https:\/\/www.keppemotor.com\/institucional\/keppe-motor-na-expo-eficiencia-2015\/"]}]},{"@type":"ImageObject","inLanguage":"pt-BR","@id":"https:\/\/www.keppemotor.com\/institucional\/keppe-motor-na-expo-eficiencia-2015\/#primaryimage","url":"https:\/\/www.keppemotor.com\/institucional\/wp-content\/uploads\/2015\/08\/expo-eficiencia-2015-01.png","contentUrl":"https:\/\/www.keppemotor.com\/institucional\/wp-content\/uploads\/2015\/08\/expo-eficiencia-2015-01.png","width":1000,"height":562},{"@type":"BreadcrumbList","@id":"https:\/\/www.keppemotor.com\/institucional\/keppe-motor-na-expo-eficiencia-2015\/#breadcrumb","itemListElement":[{"@type":"ListItem","position":1,"name":"In\u00edcio","item":"https:\/\/www.keppemotor.com\/institucional\/"},{"@type":"ListItem","position":2,"name":"Keppe Motor na Expo Efici\u00eancia 2015"}]},{"@type":"WebSite","@id":"https:\/\/www.keppemotor.com\/institucional\/#website","url":"https:\/\/www.keppemotor.com\/institucional\/","name":"Keppe Motor - Tecnologia para um Novo Mundo","description":"","publisher":{"@id":"https:\/\/www.keppemotor.com\/institucional\/#organization"},"potentialAction":[{"@type":"SearchAction","target":{"@type":"EntryPoint","urlTemplate":"https:\/\/www.keppemotor.com\/institucional\/?s={search_term_string}"},"query-input":{"@type":"PropertyValueSpecification","valueRequired":true,"valueName":"search_term_string"}}],"inLanguage":"pt-BR"},{"@type":"Organization","@id":"https:\/\/www.keppemotor.com\/institucional\/#organization","name":"Keppe Motor - Tecnologia para um Novo Mundo","url":"https:\/\/www.keppemotor.com\/institucional\/","logo":{"@type":"ImageObject","inLanguage":"pt-BR","@id":"https:\/\/www.keppemotor.com\/institucional\/#\/schema\/logo\/image\/","url":"https:\/\/www.keppemotor.com\/institucional\/wp-content\/uploads\/2014\/11\/cropped-keppemotor-logo-header-5.png","contentUrl":"https:\/\/www.keppemotor.com\/institucional\/wp-content\/uploads\/2014\/11\/cropped-keppemotor-logo-header-5.png","width":300,"height":101,"caption":"Keppe Motor - Tecnologia para um Novo Mundo"},"image":{"@id":"https:\/\/www.keppemotor.com\/institucional\/#\/schema\/logo\/image\/"}}]}},"_links":{"self":[{"href":"https:\/\/www.keppemotor.com\/institucional\/wp-json\/wp\/v2\/pages\/2713","targetHints":{"allow":["GET"]}}],"collection":[{"href":"https:\/\/www.keppemotor.com\/institucional\/wp-json\/wp\/v2\/pages"}],"about":[{"href":"https:\/\/www.keppemotor.com\/institucional\/wp-json\/wp\/v2\/types\/page"}],"author":[{"embeddable":true,"href":"https:\/\/www.keppemotor.com\/institucional\/wp-json\/wp\/v2\/users\/2"}],"replies":[{"embeddable":true,"href":"https:\/\/www.keppemotor.com\/institucional\/wp-json\/wp\/v2\/comments?post=2713"}],"version-history":[{"count":1,"href":"https:\/\/www.keppemotor.com\/institucional\/wp-json\/wp\/v2\/pages\/2713\/revisions"}],"predecessor-version":[{"id":6845,"href":"https:\/\/www.keppemotor.com\/institucional\/wp-json\/wp\/v2\/pages\/2713\/revisions\/6845"}],"wp:featuredmedia":[{"embeddable":true,"href":"https:\/\/www.keppemotor.com\/institucional\/wp-json\/wp\/v2\/media\/2717"}],"wp:attachment":[{"href":"https:\/\/www.keppemotor.com\/institucional\/wp-json\/wp\/v2\/media?parent=2713"}],"curies":[{"name":"wp","href":"https:\/\/api.w.org\/{rel}","templated":true}]}}