{"id":2883,"date":"2016-01-06T21:23:43","date_gmt":"2016-01-06T21:23:43","guid":{"rendered":"http:\/\/www.keppemotor.com\/institucional\/?page_id=2883"},"modified":"2024-10-01T21:09:53","modified_gmt":"2024-10-01T21:09:53","slug":"carlos-cesar-soos","status":"publish","type":"page","link":"https:\/\/www.keppemotor.com\/institucional\/carlos-cesar-soos\/","title":{"rendered":"Carlos Cesar So\u00f3s"},"content":{"rendered":"<p><a href=\"http:\/\/www.keppemotor.com\/institucional\/wp-content\/uploads\/2015\/01\/cesar-2.jpg\"><img decoding=\"async\" class=\"alignleft wp-image-2245 size-full\" src=\"http:\/\/www.keppemotor.com\/institucional\/wp-content\/uploads\/2015\/01\/cesar-2.jpg\" alt=\"cesar-2\" width=\"160\" height=\"115\" srcset=\"https:\/\/www.keppemotor.com\/institucional\/wp-content\/uploads\/2015\/01\/cesar-2.jpg 160w, https:\/\/www.keppemotor.com\/institucional\/wp-content\/uploads\/2015\/01\/cesar-2-120x86.jpg 120w\" sizes=\"(max-width: 160px) 100vw, 160px\" \/><\/a><span style=\"color: #000000;\">Carlos Cesar So\u00f3s \u00e9 engenheiro de minas, formado pela Escola Polit\u00e9cnica da Universidade de S\u00e3o Paulo (EPUSP) em 1984.<\/span><\/p>\n<p><span style=\"color: #000000;\">Desde 1990, na Inglaterra, Fran\u00e7a e posteriormente no Brasil, participa do grupo independente de pesquisa sobre F\u00edsica dirigido por Norberto Keppe.<\/span><\/p>\n<p><span style=\"color: #000000;\">Sob orienta\u00e7\u00e3o de Keppe, e juntamente com os engenheiros e pesquisadores Alexandre Frascari e Roberto Frascari, desenvolveu a tecnologia de motores magn\u00e9ticos ressonantes, conhecida como Keppe Motor, com patente de inven\u00e7\u00e3o internacional e diversas vezes premiada dentro e fora do Brasil.<\/span><\/p>\n<p><span style=\"color: #000000;\">Membro do Conselho Cient\u00edfico de Desenvolvimento do Keppe Motor das Faculdades Tril\u00f3gicas.<\/span><\/p>\n<p><span style=\"color: #000000;\">Atuou como empres\u00e1rio Tril\u00f3gico nos Estados Unidos, Europa e Brasil de 1986 a 2008, ano este da inven\u00e7\u00e3o do Keppe Motor.<\/span><\/p>\n<p><span style=\"color: #000000;\">Autor de diversos artigos sobre F\u00edsica e Metaf\u00edsica Tril\u00f3gicas, e coautor dos livros \u201cMetaf\u00edsica e Nova F\u00edsica\u201d e \u201cThe ABC of the New Physics\u201d. Tradutor do portugu\u00eas para o ingl\u00eas, e revisor t\u00e9cnico de diversas obras tril\u00f3gicas sobre F\u00edsica e Metaf\u00edsica.<\/span><\/p>\n<p><span style=\"color: #000000;\">At\u00e9 a presente data continua recebendo orienta\u00e7\u00e3o direta de Norberto Keppe, dedicando seu trabalho \u00e0 pesquisa e aplica\u00e7\u00e3o da Nova F\u00edsica da Metaf\u00edsica Tril\u00f3gica na engenharia de motores.<\/span><\/p>\n<p><span style=\"color: #000000;\">Atualmente, ocupa a cadeira de Cientista Coordenador de Pesquisa e Desenvolvimento da Tecnologia de motores ressonantes, e atua como Professor de Nova F\u00edsica Keppeana junto \u00e0 Faculdade Tril\u00f3gica Keppe &amp; Pacheco (FATRI Presencial), em Cambuquira-MG, e \u00e0 Faculdade Tril\u00f3gica Nossa Senhora de Todos os Povos (FATRI-EAD).<\/span><\/p>\n<p><span style=\"color: #000000;\">(1980-1984) &#8211; Engenheiro de Minas pela Escola Polit\u00e9cnica da USP;<\/span><\/p>\n<p><span style=\"color: #000000;\">(1984-1986) &#8211; Engenheiro de Minas pela Geoklock atuando em lavra de caulim a c\u00e9u aberto em Monte Dourado (Ex- Projeto Jar\u00ed);<\/span><\/p>\n<p><span style=\"color: #000000;\">(1984) \u2013 Colaborador no livro \u201cA Origem da Terra\u201d de Andr\u00e9 Keppe;<\/span><\/p>\n<p><span style=\"color: #000000;\">(1987-1988) \u2013 Empres\u00e1rio atuando na \u00e1rea de constru\u00e7\u00e3o civil em Nova Iorque (EUA);<\/span><\/p>\n<p><span style=\"color: #000000;\">(1989-1991) \u2013 Empres\u00e1rio atuando na \u00e1rea de constru\u00e7\u00e3o civil em Londres (Inglaterra);<\/span><\/p>\n<p><span style=\"color: #000000;\">(1992-1994) &#8211; Empres\u00e1rio atuando na \u00e1rea de constru\u00e7\u00e3o civil em Paris (Fran\u00e7a);<\/span><\/p>\n<p><span style=\"color: #000000;\">(1994-1996) &#8211; Empres\u00e1rio atuando na \u00e1rea de constru\u00e7\u00e3o civil em Lisboa (Portugal);<\/span><\/p>\n<p><span style=\"color: #000000;\">(1998) \u2013 Curso de Bacharelado em F\u00edsica do Instituto de F\u00edsica da USP;<\/span><\/p>\n<p><span style=\"color: #000000;\">(1999) \u2013 Tradutor do Livro: \u201cA Nova F\u00edsica da Metaf\u00edsica Desinvertida\u201d, de Norberto Keppe. Tradu\u00e7\u00e3o feita do Portugu\u00eas para o Ingl\u00eas;<\/span><\/p>\n<p><span style=\"color: #000000;\">(2000 \u2013 2008) &#8211; Professor de F\u00edsica Tril\u00f3gica do Instituto de Psican\u00e1lise Integral;<\/span><\/p>\n<p><span style=\"color: #000000;\">(2001) \u2013 Autor da tese de Nova F\u00edsica Tril\u00f3gica sobre a exist\u00eancia do \u201cProtomagnetismo\u201d, em co-autoria com Norberto R. Keppe;<\/span><\/p>\n<p><span style=\"color: #000000;\">(2001-2009) \u2013 Fundador juntamente com Roberto e Alexandre Frascari do laborat\u00f3rio de F\u00edsica vinculado \u00e0 Associa\u00e7\u00e3o STOP a Destrui\u00e7\u00e3o do Mundo para Pesquisa e desenvolvimento de projetos de energia alternativa;<\/span><\/p>\n<p><span style=\"color: #000000;\">(2001-2009) \u2013 Autor de diversos artigos cient\u00edficos sobre a Nova F\u00edsica e Tecnologia Tril\u00f3gicas na revista cient\u00edfica Metaf\u00edsica;<\/span><br \/>\n<span style=\"color: #000000;\">(2006) \u2013 Membro do conselho cient\u00edfico do Departamento de Medicina Psicossom\u00e1tica da Sociedade Internacional de Trilogia Anal\u00edtica;<\/span><\/p>\n<p><span style=\"color: #000000;\">(2007) \u2013 Autor do livro \u201cMetaf\u00edsica e Energia\u201d;<\/span><\/p>\n<p><span style=\"color: #000000;\">(2008) \u2013 Tradutor do Livro versando sobre filosofia da ci\u00eancia \u201cO Homem Universal\u201d, de Norberto Keppe. Tradu\u00e7\u00e3o feita do Portugu\u00eas para o Ingl\u00eas;<\/span><\/p>\n<p><span style=\"color: #000000;\">(2008) \u2013 Tradutor do Livro \u201cO Universo dos Esp\u00edritos\u201d, de Norberto R. Keppe. Tradu\u00e7\u00e3o do portugu\u00eas para o ingl\u00eas;<\/span><\/p>\n<p><span style=\"color: #000000;\">(2008) \u2013 Sob a orienta\u00e7\u00e3o de Norberto Keppe co-desenvolveu (juntamente com Roberto Frascari e Alexandre Frascari) o motor Keppe Motor;<\/span><\/p>\n<p><span style=\"color: #000000;\">(2009) \u2013 Professor de F\u00edsica e Metaf\u00edsica Tril\u00f3gicas do Instituto de Ensino Keppe &amp; Pacheco;<\/span><\/p>\n<p><span style=\"color: #000000;\">(2009) \u2013 Sob a orienta\u00e7\u00e3o de Norberto Keppe co-desenvolveu (juntamente com Roberto Frascari e Alexandre Frascari) o Conversor Keppe de Energia Essencial equipado com o sistema turbo-eletromagn\u00e9tico, aplicado ao Keppe Motor;<\/span><\/p>\n<p><span style=\"color: #000000;\">(2009) \u2013 S\u00f3cio fundador do Keppe Motor Center para pesquisa e desenvolvimento do princ\u00edpio de funcionamento do Keppe Motor;<\/span><\/p>\n<p><span style=\"color: #000000;\">(2009) \u2013 Colaborador no livro \u201cMedicina Psicossom\u00e1tica Tril\u00f3gica \u2013 Sa\u00fade Integral\u201d com o cap\u00edtulo \u201cA Nova F\u00edsica de Keppe e os Radicais Livres\u201d;<\/span><\/p>\n<p><span style=\"color: #000000;\">(2009-2011) \u2013 Desenvolvedor de diversos Keppe Motors de baixa pot\u00eancia para aplica\u00e7\u00f5es em ventila\u00e7\u00e3o, circula\u00e7\u00e3o e exaust\u00e3o de ar, bombas hidr\u00e1ulicas, compressores, bicicletas el\u00e9tricas, eletrodom\u00e9sticos em geral, etc;<\/span><\/p>\n<p><span style=\"color: #000000;\">(2009-&#8230;) \u2013 Professor de Metaf\u00edsica Tril\u00f3gica e de Nova F\u00edsica aplicada ao Keppe Motor pelo Instituto Keppe &amp; Pacheco.<\/span><\/p>\n","protected":false},"excerpt":{"rendered":"<p>Carlos Cesar So\u00f3s \u00e9 engenheiro de minas, formado pela Escola Polit\u00e9cnica da Universidade de S\u00e3o Paulo (EPUSP) em 1984. Desde 1990, na Inglaterra, Fran\u00e7a e posteriormente no Brasil, participa do grupo independente de pesquisa sobre F\u00edsica dirigido por Norberto Keppe. Sob orienta\u00e7\u00e3o de Keppe, e juntamente com os engenheiros e pesquisadores Alexandre Frascari e Roberto [&hellip;]<\/p>\n","protected":false},"author":2,"featured_media":2245,"parent":0,"menu_order":0,"comment_status":"closed","ping_status":"open","template":"","meta":{"_exactmetrics_skip_tracking":false,"_exactmetrics_sitenote_active":false,"_exactmetrics_sitenote_note":"","_exactmetrics_sitenote_category":0,"footnotes":""},"class_list":["post-2883","page","type-page","status-publish","has-post-thumbnail","hentry"],"yoast_head":"<!-- This site is optimized with the Yoast SEO plugin v27.4 - https:\/\/yoast.com\/product\/yoast-seo-wordpress\/ -->\n<title>Carlos Cesar So\u00f3s - Keppe Motor - Tecnologia para um Novo Mundo<\/title>\n<meta name=\"description\" content=\"Carlos Cesar So\u00f3s \u00e9 engenheiro de minas, formado pela Escola Polit\u00e9cnica da Universidade de S\u00e3o Paulo (EPUSP) em 1984. Desde 1990, na Inglaterra, Fran\u00e7a e posteriormente no Brasil, participa do grupo independente de pesquisa sobre F\u00edsica dirigido por Norberto Keppe.\" \/>\n<meta name=\"robots\" content=\"index, follow, max-snippet:-1, max-image-preview:large, max-video-preview:-1\" \/>\n<link rel=\"canonical\" href=\"https:\/\/www.keppemotor.com\/institucional\/carlos-cesar-soos\/\" \/>\n<meta property=\"og:locale\" content=\"pt_BR\" \/>\n<meta property=\"og:type\" content=\"article\" \/>\n<meta property=\"og:title\" content=\"Carlos Cesar So\u00f3s - Keppe Motor - Tecnologia para um Novo Mundo\" \/>\n<meta property=\"og:description\" content=\"Carlos Cesar So\u00f3s \u00e9 engenheiro de minas, formado pela Escola Polit\u00e9cnica da Universidade de S\u00e3o Paulo (EPUSP) em 1984. Desde 1990, na Inglaterra, Fran\u00e7a e posteriormente no Brasil, participa do grupo independente de pesquisa sobre F\u00edsica dirigido por Norberto Keppe.\" \/>\n<meta property=\"og:url\" content=\"https:\/\/www.keppemotor.com\/institucional\/carlos-cesar-soos\/\" \/>\n<meta property=\"og:site_name\" content=\"Keppe Motor - Tecnologia para um Novo Mundo\" \/>\n<meta property=\"article:modified_time\" content=\"2024-10-01T21:09:53+00:00\" \/>\n<meta property=\"og:image\" content=\"https:\/\/www.keppemotor.com\/institucional\/wp-content\/uploads\/2015\/01\/cesar-2.jpg\" \/>\n\t<meta property=\"og:image:width\" content=\"160\" \/>\n\t<meta property=\"og:image:height\" content=\"115\" \/>\n\t<meta property=\"og:image:type\" content=\"image\/jpeg\" \/>\n<meta name=\"twitter:label1\" content=\"Est. tempo de leitura\" \/>\n\t<meta name=\"twitter:data1\" content=\"4 minutos\" \/>\n<script type=\"application\/ld+json\" class=\"yoast-schema-graph\">{\"@context\":\"https:\\\/\\\/schema.org\",\"@graph\":[{\"@type\":\"WebPage\",\"@id\":\"https:\\\/\\\/www.keppemotor.com\\\/institucional\\\/carlos-cesar-soos\\\/\",\"url\":\"https:\\\/\\\/www.keppemotor.com\\\/institucional\\\/carlos-cesar-soos\\\/\",\"name\":\"Carlos Cesar So\u00f3s - Keppe Motor - Tecnologia para um Novo Mundo\",\"isPartOf\":{\"@id\":\"https:\\\/\\\/www.keppemotor.com\\\/institucional\\\/#website\"},\"primaryImageOfPage\":{\"@id\":\"https:\\\/\\\/www.keppemotor.com\\\/institucional\\\/carlos-cesar-soos\\\/#primaryimage\"},\"image\":{\"@id\":\"https:\\\/\\\/www.keppemotor.com\\\/institucional\\\/carlos-cesar-soos\\\/#primaryimage\"},\"thumbnailUrl\":\"https:\\\/\\\/www.keppemotor.com\\\/institucional\\\/wp-content\\\/uploads\\\/2015\\\/01\\\/cesar-2.jpg\",\"datePublished\":\"2016-01-06T21:23:43+00:00\",\"dateModified\":\"2024-10-01T21:09:53+00:00\",\"description\":\"Carlos Cesar So\u00f3s \u00e9 engenheiro de minas, formado pela Escola Polit\u00e9cnica da Universidade de S\u00e3o Paulo (EPUSP) em 1984. Desde 1990, na Inglaterra, Fran\u00e7a e posteriormente no Brasil, participa do grupo independente de pesquisa sobre F\u00edsica dirigido por Norberto Keppe.\",\"breadcrumb\":{\"@id\":\"https:\\\/\\\/www.keppemotor.com\\\/institucional\\\/carlos-cesar-soos\\\/#breadcrumb\"},\"inLanguage\":\"pt-BR\",\"potentialAction\":[{\"@type\":\"ReadAction\",\"target\":[\"https:\\\/\\\/www.keppemotor.com\\\/institucional\\\/carlos-cesar-soos\\\/\"]}]},{\"@type\":\"ImageObject\",\"inLanguage\":\"pt-BR\",\"@id\":\"https:\\\/\\\/www.keppemotor.com\\\/institucional\\\/carlos-cesar-soos\\\/#primaryimage\",\"url\":\"https:\\\/\\\/www.keppemotor.com\\\/institucional\\\/wp-content\\\/uploads\\\/2015\\\/01\\\/cesar-2.jpg\",\"contentUrl\":\"https:\\\/\\\/www.keppemotor.com\\\/institucional\\\/wp-content\\\/uploads\\\/2015\\\/01\\\/cesar-2.jpg\",\"width\":160,\"height\":115},{\"@type\":\"BreadcrumbList\",\"@id\":\"https:\\\/\\\/www.keppemotor.com\\\/institucional\\\/carlos-cesar-soos\\\/#breadcrumb\",\"itemListElement\":[{\"@type\":\"ListItem\",\"position\":1,\"name\":\"In\u00edcio\",\"item\":\"https:\\\/\\\/www.keppemotor.com\\\/institucional\\\/\"},{\"@type\":\"ListItem\",\"position\":2,\"name\":\"Carlos Cesar So\u00f3s\"}]},{\"@type\":\"WebSite\",\"@id\":\"https:\\\/\\\/www.keppemotor.com\\\/institucional\\\/#website\",\"url\":\"https:\\\/\\\/www.keppemotor.com\\\/institucional\\\/\",\"name\":\"Keppe Motor - Tecnologia para um Novo Mundo\",\"description\":\"\",\"publisher\":{\"@id\":\"https:\\\/\\\/www.keppemotor.com\\\/institucional\\\/#organization\"},\"potentialAction\":[{\"@type\":\"SearchAction\",\"target\":{\"@type\":\"EntryPoint\",\"urlTemplate\":\"https:\\\/\\\/www.keppemotor.com\\\/institucional\\\/?s={search_term_string}\"},\"query-input\":{\"@type\":\"PropertyValueSpecification\",\"valueRequired\":true,\"valueName\":\"search_term_string\"}}],\"inLanguage\":\"pt-BR\"},{\"@type\":\"Organization\",\"@id\":\"https:\\\/\\\/www.keppemotor.com\\\/institucional\\\/#organization\",\"name\":\"Keppe Motor - Tecnologia para um Novo Mundo\",\"url\":\"https:\\\/\\\/www.keppemotor.com\\\/institucional\\\/\",\"logo\":{\"@type\":\"ImageObject\",\"inLanguage\":\"pt-BR\",\"@id\":\"https:\\\/\\\/www.keppemotor.com\\\/institucional\\\/#\\\/schema\\\/logo\\\/image\\\/\",\"url\":\"https:\\\/\\\/www.keppemotor.com\\\/institucional\\\/wp-content\\\/uploads\\\/2014\\\/11\\\/cropped-keppemotor-logo-header-5.png\",\"contentUrl\":\"https:\\\/\\\/www.keppemotor.com\\\/institucional\\\/wp-content\\\/uploads\\\/2014\\\/11\\\/cropped-keppemotor-logo-header-5.png\",\"width\":300,\"height\":101,\"caption\":\"Keppe Motor - Tecnologia para um Novo Mundo\"},\"image\":{\"@id\":\"https:\\\/\\\/www.keppemotor.com\\\/institucional\\\/#\\\/schema\\\/logo\\\/image\\\/\"}}]}<\/script>\n<!-- \/ Yoast SEO plugin. -->","yoast_head_json":{"title":"Carlos Cesar So\u00f3s - Keppe Motor - Tecnologia para um Novo Mundo","description":"Carlos Cesar So\u00f3s \u00e9 engenheiro de minas, formado pela Escola Polit\u00e9cnica da Universidade de S\u00e3o Paulo (EPUSP) em 1984. Desde 1990, na Inglaterra, Fran\u00e7a e posteriormente no Brasil, participa do grupo independente de pesquisa sobre F\u00edsica dirigido por Norberto Keppe.","robots":{"index":"index","follow":"follow","max-snippet":"max-snippet:-1","max-image-preview":"max-image-preview:large","max-video-preview":"max-video-preview:-1"},"canonical":"https:\/\/www.keppemotor.com\/institucional\/carlos-cesar-soos\/","og_locale":"pt_BR","og_type":"article","og_title":"Carlos Cesar So\u00f3s - Keppe Motor - Tecnologia para um Novo Mundo","og_description":"Carlos Cesar So\u00f3s \u00e9 engenheiro de minas, formado pela Escola Polit\u00e9cnica da Universidade de S\u00e3o Paulo (EPUSP) em 1984. Desde 1990, na Inglaterra, Fran\u00e7a e posteriormente no Brasil, participa do grupo independente de pesquisa sobre F\u00edsica dirigido por Norberto Keppe.","og_url":"https:\/\/www.keppemotor.com\/institucional\/carlos-cesar-soos\/","og_site_name":"Keppe Motor - Tecnologia para um Novo Mundo","article_modified_time":"2024-10-01T21:09:53+00:00","og_image":[{"width":160,"height":115,"url":"https:\/\/www.keppemotor.com\/institucional\/wp-content\/uploads\/2015\/01\/cesar-2.jpg","type":"image\/jpeg"}],"twitter_misc":{"Est. tempo de leitura":"4 minutos"},"schema":{"@context":"https:\/\/schema.org","@graph":[{"@type":"WebPage","@id":"https:\/\/www.keppemotor.com\/institucional\/carlos-cesar-soos\/","url":"https:\/\/www.keppemotor.com\/institucional\/carlos-cesar-soos\/","name":"Carlos Cesar So\u00f3s - Keppe Motor - Tecnologia para um Novo Mundo","isPartOf":{"@id":"https:\/\/www.keppemotor.com\/institucional\/#website"},"primaryImageOfPage":{"@id":"https:\/\/www.keppemotor.com\/institucional\/carlos-cesar-soos\/#primaryimage"},"image":{"@id":"https:\/\/www.keppemotor.com\/institucional\/carlos-cesar-soos\/#primaryimage"},"thumbnailUrl":"https:\/\/www.keppemotor.com\/institucional\/wp-content\/uploads\/2015\/01\/cesar-2.jpg","datePublished":"2016-01-06T21:23:43+00:00","dateModified":"2024-10-01T21:09:53+00:00","description":"Carlos Cesar So\u00f3s \u00e9 engenheiro de minas, formado pela Escola Polit\u00e9cnica da Universidade de S\u00e3o Paulo (EPUSP) em 1984. Desde 1990, na Inglaterra, Fran\u00e7a e posteriormente no Brasil, participa do grupo independente de pesquisa sobre F\u00edsica dirigido por Norberto Keppe.","breadcrumb":{"@id":"https:\/\/www.keppemotor.com\/institucional\/carlos-cesar-soos\/#breadcrumb"},"inLanguage":"pt-BR","potentialAction":[{"@type":"ReadAction","target":["https:\/\/www.keppemotor.com\/institucional\/carlos-cesar-soos\/"]}]},{"@type":"ImageObject","inLanguage":"pt-BR","@id":"https:\/\/www.keppemotor.com\/institucional\/carlos-cesar-soos\/#primaryimage","url":"https:\/\/www.keppemotor.com\/institucional\/wp-content\/uploads\/2015\/01\/cesar-2.jpg","contentUrl":"https:\/\/www.keppemotor.com\/institucional\/wp-content\/uploads\/2015\/01\/cesar-2.jpg","width":160,"height":115},{"@type":"BreadcrumbList","@id":"https:\/\/www.keppemotor.com\/institucional\/carlos-cesar-soos\/#breadcrumb","itemListElement":[{"@type":"ListItem","position":1,"name":"In\u00edcio","item":"https:\/\/www.keppemotor.com\/institucional\/"},{"@type":"ListItem","position":2,"name":"Carlos Cesar So\u00f3s"}]},{"@type":"WebSite","@id":"https:\/\/www.keppemotor.com\/institucional\/#website","url":"https:\/\/www.keppemotor.com\/institucional\/","name":"Keppe Motor - Tecnologia para um Novo Mundo","description":"","publisher":{"@id":"https:\/\/www.keppemotor.com\/institucional\/#organization"},"potentialAction":[{"@type":"SearchAction","target":{"@type":"EntryPoint","urlTemplate":"https:\/\/www.keppemotor.com\/institucional\/?s={search_term_string}"},"query-input":{"@type":"PropertyValueSpecification","valueRequired":true,"valueName":"search_term_string"}}],"inLanguage":"pt-BR"},{"@type":"Organization","@id":"https:\/\/www.keppemotor.com\/institucional\/#organization","name":"Keppe Motor - Tecnologia para um Novo Mundo","url":"https:\/\/www.keppemotor.com\/institucional\/","logo":{"@type":"ImageObject","inLanguage":"pt-BR","@id":"https:\/\/www.keppemotor.com\/institucional\/#\/schema\/logo\/image\/","url":"https:\/\/www.keppemotor.com\/institucional\/wp-content\/uploads\/2014\/11\/cropped-keppemotor-logo-header-5.png","contentUrl":"https:\/\/www.keppemotor.com\/institucional\/wp-content\/uploads\/2014\/11\/cropped-keppemotor-logo-header-5.png","width":300,"height":101,"caption":"Keppe Motor - Tecnologia para um Novo Mundo"},"image":{"@id":"https:\/\/www.keppemotor.com\/institucional\/#\/schema\/logo\/image\/"}}]}},"_links":{"self":[{"href":"https:\/\/www.keppemotor.com\/institucional\/wp-json\/wp\/v2\/pages\/2883","targetHints":{"allow":["GET"]}}],"collection":[{"href":"https:\/\/www.keppemotor.com\/institucional\/wp-json\/wp\/v2\/pages"}],"about":[{"href":"https:\/\/www.keppemotor.com\/institucional\/wp-json\/wp\/v2\/types\/page"}],"author":[{"embeddable":true,"href":"https:\/\/www.keppemotor.com\/institucional\/wp-json\/wp\/v2\/users\/2"}],"replies":[{"embeddable":true,"href":"https:\/\/www.keppemotor.com\/institucional\/wp-json\/wp\/v2\/comments?post=2883"}],"version-history":[{"count":2,"href":"https:\/\/www.keppemotor.com\/institucional\/wp-json\/wp\/v2\/pages\/2883\/revisions"}],"predecessor-version":[{"id":6947,"href":"https:\/\/www.keppemotor.com\/institucional\/wp-json\/wp\/v2\/pages\/2883\/revisions\/6947"}],"wp:featuredmedia":[{"embeddable":true,"href":"https:\/\/www.keppemotor.com\/institucional\/wp-json\/wp\/v2\/media\/2245"}],"wp:attachment":[{"href":"https:\/\/www.keppemotor.com\/institucional\/wp-json\/wp\/v2\/media?parent=2883"}],"curies":[{"name":"wp","href":"https:\/\/api.w.org\/{rel}","templated":true}]}}