{"id":2885,"date":"2016-01-06T21:24:45","date_gmt":"2016-01-06T21:24:45","guid":{"rendered":"http:\/\/www.keppemotor.com\/institucional\/?page_id=2885"},"modified":"2016-02-12T13:25:47","modified_gmt":"2016-02-12T13:25:47","slug":"roberto-heitor-frascari","status":"publish","type":"page","link":"https:\/\/www.keppemotor.com\/institucional\/roberto-heitor-frascari\/","title":{"rendered":"Roberto Heitor Frascari"},"content":{"rendered":"<h5><a href=\"http:\/\/www.keppemotor.com\/institucional\/wp-content\/uploads\/2015\/01\/roberto-frascari.jpg\"><img decoding=\"async\" class=\"alignleft wp-image-2253 size-full\" src=\"http:\/\/www.keppemotor.com\/institucional\/wp-content\/uploads\/2015\/01\/roberto-frascari.jpg\" alt=\"roberto-frascari\" width=\"120\" height=\"86\" \/><\/a>(1980-1981) \u2013 Cursou F\u00edsica no Instituto de F\u00edsica da USP;<\/h5>\n<h5>(1981-1982) \u2013 Cursou Arquitetura na Faculdade de Arquitetura e Urbanismo da USP;<\/h5>\n<h5>(1982-1984) \u2013 Cursou Engenharia de Produ\u00e7\u00e3o na Escola de Engenharia de S\u00e3o Carlos (SP);<\/h5>\n<h5>(1984-1988) \u2013 Empres\u00e1rio gr\u00e1fico em Nova Iorque (EUA);<\/h5>\n<h5>(1989-1990) \u2013 Empres\u00e1rio gr\u00e1fico em Londres (Inglaterra);<\/h5>\n<h5>(1992-1996) &#8211; Empres\u00e1rio gr\u00e1fico em Paris (Fran\u00e7a);<\/h5>\n<h5>(1996-2009) &#8211; Empres\u00e1rio gr\u00e1fico em S\u00e3o Paulo (Brasil);<\/h5>\n<h5>(2006-2007) &#8211; Curso de Desenho Gr\u00e1fico;<\/h5>\n<h5>(2000-2008) &#8211; Professor de F\u00edsica Tril\u00f3gica do Instituto de Psican\u00e1lise Integral;<\/h5>\n<h5>(2001-2009) &#8211; Editor e articulista cient\u00edfico da revista cient\u00edfica Metaf\u00edsica;<\/h5>\n<h5>(2001-2009) &#8211; Aquisi\u00e7\u00e3o de laborat\u00f3rio vinculado \u00e0 Associa\u00e7\u00e3o STOP a Destrui\u00e7\u00e3o do Mundo para Pesquisa e desenvolvimento de projetos de energia alternativa;<\/h5>\n<h5>(2008) \u2013 Co-inventor (juntamente com <a href=\"http:\/\/www.keppemotor.com\/institucional\/sobre-norberto-keppe\/\" target=\"_blank\">Norberto Keppe<\/a>,\u00a0<a href=\"http:\/\/www.keppemotor.com\/institucional\/carlos-cesar-soos\/\" target=\"_blank\">Carlos Cesar So\u00f3s <\/a>e <a href=\"http:\/\/www.keppemotor.com\/institucional\/alexandre-frascari\/%20\" target=\"_blank\">Alexandre Frascari<\/a>) do Keppe Motor;<\/h5>\n<h5>(2009) \u2013 Co-inventor (juntamente com Norberto Keppe, Carlos Cesar So\u00f3s e Alexandre Frascari) do Conversor Keppe de Energia Essencial equipado com o sistema turbo-eletromagn\u00e9tico, aplicado ao Keppe Motor;<\/h5>\n<h5>(2009) &#8211; Desenvolvedor de diversos Keppe Motors de baixa pot\u00eancia para aplica\u00e7\u00f5es em ventila\u00e7\u00e3o, circula\u00e7\u00e3o e exaust\u00e3o de ar, bombas hidr\u00e1ulicas, compressores, bicicletas el\u00e9tricas, eletrodom\u00e9sticos em geral, etc.;<\/h5>\n<h5>(2009) \u2013 S\u00f3cio fundador do Keppe Motor Center para pesquisa e desenvolvimento do princ\u00edpio de funcionamento do Keppe Motor;<\/h5>\n<h5>(2009-2011) &#8211; Professor de Nova F\u00edsica e Metaf\u00edsica Tril\u00f3gicas do Instituto Keppe &amp; Pacheco.<\/h5>\n","protected":false},"excerpt":{"rendered":"<p>(1980-1981) \u2013 Cursou F\u00edsica no Instituto de F\u00edsica da USP; (1981-1982) \u2013 Cursou Arquitetura na Faculdade de Arquitetura e Urbanismo da USP; (1982-1984) \u2013 Cursou Engenharia de Produ\u00e7\u00e3o na Escola de Engenharia de S\u00e3o Carlos (SP); (1984-1988) \u2013 Empres\u00e1rio gr\u00e1fico em Nova Iorque (EUA); (1989-1990) \u2013 Empres\u00e1rio gr\u00e1fico em Londres (Inglaterra); (1992-1996) &#8211; Empres\u00e1rio gr\u00e1fico [&hellip;]<\/p>\n","protected":false},"author":2,"featured_media":0,"parent":0,"menu_order":0,"comment_status":"0","ping_status":"open","template":"","meta":{"_exactmetrics_skip_tracking":false,"_exactmetrics_sitenote_active":false,"_exactmetrics_sitenote_note":"","_exactmetrics_sitenote_category":0,"footnotes":""},"class_list":["post-2885","page","type-page","status-publish","hentry"],"yoast_head":"<!-- This site is optimized with the Yoast SEO plugin v27.4 - https:\/\/yoast.com\/product\/yoast-seo-wordpress\/ -->\n<title>Roberto Heitor Frascari - Keppe Motor - Tecnologia para um Novo Mundo<\/title>\n<meta name=\"robots\" content=\"index, follow, max-snippet:-1, max-image-preview:large, max-video-preview:-1\" \/>\n<link rel=\"canonical\" href=\"https:\/\/www.keppemotor.com\/institucional\/roberto-heitor-frascari\/\" \/>\n<meta property=\"og:locale\" content=\"pt_BR\" \/>\n<meta property=\"og:type\" content=\"article\" \/>\n<meta property=\"og:title\" content=\"Roberto Heitor Frascari - Keppe Motor - Tecnologia para um Novo Mundo\" \/>\n<meta property=\"og:description\" content=\"(1980-1981) \u2013 Cursou F\u00edsica no Instituto de F\u00edsica da USP; (1981-1982) \u2013 Cursou Arquitetura na Faculdade de Arquitetura e Urbanismo da USP; (1982-1984) \u2013 Cursou Engenharia de Produ\u00e7\u00e3o na Escola de Engenharia de S\u00e3o Carlos (SP); (1984-1988) \u2013 Empres\u00e1rio gr\u00e1fico em Nova Iorque (EUA); (1989-1990) \u2013 Empres\u00e1rio gr\u00e1fico em Londres (Inglaterra); (1992-1996) &#8211; Empres\u00e1rio gr\u00e1fico [&hellip;]\" \/>\n<meta property=\"og:url\" content=\"https:\/\/www.keppemotor.com\/institucional\/roberto-heitor-frascari\/\" \/>\n<meta property=\"og:site_name\" content=\"Keppe Motor - Tecnologia para um Novo Mundo\" \/>\n<meta property=\"article:modified_time\" content=\"2016-02-12T13:25:47+00:00\" \/>\n<meta property=\"og:image\" content=\"http:\/\/www.keppemotor.com\/institucional\/wp-content\/uploads\/2015\/01\/roberto-frascari.jpg\" \/>\n<meta name=\"twitter:label1\" content=\"Est. tempo de leitura\" \/>\n\t<meta name=\"twitter:data1\" content=\"1 minuto\" \/>\n<script type=\"application\/ld+json\" class=\"yoast-schema-graph\">{\"@context\":\"https:\\\/\\\/schema.org\",\"@graph\":[{\"@type\":\"WebPage\",\"@id\":\"https:\\\/\\\/www.keppemotor.com\\\/institucional\\\/roberto-heitor-frascari\\\/\",\"url\":\"https:\\\/\\\/www.keppemotor.com\\\/institucional\\\/roberto-heitor-frascari\\\/\",\"name\":\"Roberto Heitor Frascari - Keppe Motor - Tecnologia para um Novo Mundo\",\"isPartOf\":{\"@id\":\"https:\\\/\\\/www.keppemotor.com\\\/institucional\\\/#website\"},\"primaryImageOfPage\":{\"@id\":\"https:\\\/\\\/www.keppemotor.com\\\/institucional\\\/roberto-heitor-frascari\\\/#primaryimage\"},\"image\":{\"@id\":\"https:\\\/\\\/www.keppemotor.com\\\/institucional\\\/roberto-heitor-frascari\\\/#primaryimage\"},\"thumbnailUrl\":\"http:\\\/\\\/www.keppemotor.com\\\/institucional\\\/wp-content\\\/uploads\\\/2015\\\/01\\\/roberto-frascari.jpg\",\"datePublished\":\"2016-01-06T21:24:45+00:00\",\"dateModified\":\"2016-02-12T13:25:47+00:00\",\"breadcrumb\":{\"@id\":\"https:\\\/\\\/www.keppemotor.com\\\/institucional\\\/roberto-heitor-frascari\\\/#breadcrumb\"},\"inLanguage\":\"pt-BR\",\"potentialAction\":[{\"@type\":\"ReadAction\",\"target\":[\"https:\\\/\\\/www.keppemotor.com\\\/institucional\\\/roberto-heitor-frascari\\\/\"]}]},{\"@type\":\"ImageObject\",\"inLanguage\":\"pt-BR\",\"@id\":\"https:\\\/\\\/www.keppemotor.com\\\/institucional\\\/roberto-heitor-frascari\\\/#primaryimage\",\"url\":\"http:\\\/\\\/www.keppemotor.com\\\/institucional\\\/wp-content\\\/uploads\\\/2015\\\/01\\\/roberto-frascari.jpg\",\"contentUrl\":\"http:\\\/\\\/www.keppemotor.com\\\/institucional\\\/wp-content\\\/uploads\\\/2015\\\/01\\\/roberto-frascari.jpg\"},{\"@type\":\"BreadcrumbList\",\"@id\":\"https:\\\/\\\/www.keppemotor.com\\\/institucional\\\/roberto-heitor-frascari\\\/#breadcrumb\",\"itemListElement\":[{\"@type\":\"ListItem\",\"position\":1,\"name\":\"In\u00edcio\",\"item\":\"https:\\\/\\\/www.keppemotor.com\\\/institucional\\\/\"},{\"@type\":\"ListItem\",\"position\":2,\"name\":\"Roberto Heitor Frascari\"}]},{\"@type\":\"WebSite\",\"@id\":\"https:\\\/\\\/www.keppemotor.com\\\/institucional\\\/#website\",\"url\":\"https:\\\/\\\/www.keppemotor.com\\\/institucional\\\/\",\"name\":\"Keppe Motor - Tecnologia para um Novo Mundo\",\"description\":\"\",\"publisher\":{\"@id\":\"https:\\\/\\\/www.keppemotor.com\\\/institucional\\\/#organization\"},\"potentialAction\":[{\"@type\":\"SearchAction\",\"target\":{\"@type\":\"EntryPoint\",\"urlTemplate\":\"https:\\\/\\\/www.keppemotor.com\\\/institucional\\\/?s={search_term_string}\"},\"query-input\":{\"@type\":\"PropertyValueSpecification\",\"valueRequired\":true,\"valueName\":\"search_term_string\"}}],\"inLanguage\":\"pt-BR\"},{\"@type\":\"Organization\",\"@id\":\"https:\\\/\\\/www.keppemotor.com\\\/institucional\\\/#organization\",\"name\":\"Keppe Motor - Tecnologia para um Novo Mundo\",\"url\":\"https:\\\/\\\/www.keppemotor.com\\\/institucional\\\/\",\"logo\":{\"@type\":\"ImageObject\",\"inLanguage\":\"pt-BR\",\"@id\":\"https:\\\/\\\/www.keppemotor.com\\\/institucional\\\/#\\\/schema\\\/logo\\\/image\\\/\",\"url\":\"https:\\\/\\\/www.keppemotor.com\\\/institucional\\\/wp-content\\\/uploads\\\/2014\\\/11\\\/cropped-keppemotor-logo-header-5.png\",\"contentUrl\":\"https:\\\/\\\/www.keppemotor.com\\\/institucional\\\/wp-content\\\/uploads\\\/2014\\\/11\\\/cropped-keppemotor-logo-header-5.png\",\"width\":300,\"height\":101,\"caption\":\"Keppe Motor - Tecnologia para um Novo Mundo\"},\"image\":{\"@id\":\"https:\\\/\\\/www.keppemotor.com\\\/institucional\\\/#\\\/schema\\\/logo\\\/image\\\/\"}}]}<\/script>\n<!-- \/ Yoast SEO plugin. -->","yoast_head_json":{"title":"Roberto Heitor Frascari - Keppe Motor - Tecnologia para um Novo Mundo","robots":{"index":"index","follow":"follow","max-snippet":"max-snippet:-1","max-image-preview":"max-image-preview:large","max-video-preview":"max-video-preview:-1"},"canonical":"https:\/\/www.keppemotor.com\/institucional\/roberto-heitor-frascari\/","og_locale":"pt_BR","og_type":"article","og_title":"Roberto Heitor Frascari - Keppe Motor - Tecnologia para um Novo Mundo","og_description":"(1980-1981) \u2013 Cursou F\u00edsica no Instituto de F\u00edsica da USP; (1981-1982) \u2013 Cursou Arquitetura na Faculdade de Arquitetura e Urbanismo da USP; (1982-1984) \u2013 Cursou Engenharia de Produ\u00e7\u00e3o na Escola de Engenharia de S\u00e3o Carlos (SP); (1984-1988) \u2013 Empres\u00e1rio gr\u00e1fico em Nova Iorque (EUA); (1989-1990) \u2013 Empres\u00e1rio gr\u00e1fico em Londres (Inglaterra); (1992-1996) &#8211; Empres\u00e1rio gr\u00e1fico [&hellip;]","og_url":"https:\/\/www.keppemotor.com\/institucional\/roberto-heitor-frascari\/","og_site_name":"Keppe Motor - Tecnologia para um Novo Mundo","article_modified_time":"2016-02-12T13:25:47+00:00","og_image":[{"url":"http:\/\/www.keppemotor.com\/institucional\/wp-content\/uploads\/2015\/01\/roberto-frascari.jpg","type":"","width":"","height":""}],"twitter_misc":{"Est. tempo de leitura":"1 minuto"},"schema":{"@context":"https:\/\/schema.org","@graph":[{"@type":"WebPage","@id":"https:\/\/www.keppemotor.com\/institucional\/roberto-heitor-frascari\/","url":"https:\/\/www.keppemotor.com\/institucional\/roberto-heitor-frascari\/","name":"Roberto Heitor Frascari - Keppe Motor - Tecnologia para um Novo Mundo","isPartOf":{"@id":"https:\/\/www.keppemotor.com\/institucional\/#website"},"primaryImageOfPage":{"@id":"https:\/\/www.keppemotor.com\/institucional\/roberto-heitor-frascari\/#primaryimage"},"image":{"@id":"https:\/\/www.keppemotor.com\/institucional\/roberto-heitor-frascari\/#primaryimage"},"thumbnailUrl":"http:\/\/www.keppemotor.com\/institucional\/wp-content\/uploads\/2015\/01\/roberto-frascari.jpg","datePublished":"2016-01-06T21:24:45+00:00","dateModified":"2016-02-12T13:25:47+00:00","breadcrumb":{"@id":"https:\/\/www.keppemotor.com\/institucional\/roberto-heitor-frascari\/#breadcrumb"},"inLanguage":"pt-BR","potentialAction":[{"@type":"ReadAction","target":["https:\/\/www.keppemotor.com\/institucional\/roberto-heitor-frascari\/"]}]},{"@type":"ImageObject","inLanguage":"pt-BR","@id":"https:\/\/www.keppemotor.com\/institucional\/roberto-heitor-frascari\/#primaryimage","url":"http:\/\/www.keppemotor.com\/institucional\/wp-content\/uploads\/2015\/01\/roberto-frascari.jpg","contentUrl":"http:\/\/www.keppemotor.com\/institucional\/wp-content\/uploads\/2015\/01\/roberto-frascari.jpg"},{"@type":"BreadcrumbList","@id":"https:\/\/www.keppemotor.com\/institucional\/roberto-heitor-frascari\/#breadcrumb","itemListElement":[{"@type":"ListItem","position":1,"name":"In\u00edcio","item":"https:\/\/www.keppemotor.com\/institucional\/"},{"@type":"ListItem","position":2,"name":"Roberto Heitor Frascari"}]},{"@type":"WebSite","@id":"https:\/\/www.keppemotor.com\/institucional\/#website","url":"https:\/\/www.keppemotor.com\/institucional\/","name":"Keppe Motor - Tecnologia para um Novo Mundo","description":"","publisher":{"@id":"https:\/\/www.keppemotor.com\/institucional\/#organization"},"potentialAction":[{"@type":"SearchAction","target":{"@type":"EntryPoint","urlTemplate":"https:\/\/www.keppemotor.com\/institucional\/?s={search_term_string}"},"query-input":{"@type":"PropertyValueSpecification","valueRequired":true,"valueName":"search_term_string"}}],"inLanguage":"pt-BR"},{"@type":"Organization","@id":"https:\/\/www.keppemotor.com\/institucional\/#organization","name":"Keppe Motor - Tecnologia para um Novo Mundo","url":"https:\/\/www.keppemotor.com\/institucional\/","logo":{"@type":"ImageObject","inLanguage":"pt-BR","@id":"https:\/\/www.keppemotor.com\/institucional\/#\/schema\/logo\/image\/","url":"https:\/\/www.keppemotor.com\/institucional\/wp-content\/uploads\/2014\/11\/cropped-keppemotor-logo-header-5.png","contentUrl":"https:\/\/www.keppemotor.com\/institucional\/wp-content\/uploads\/2014\/11\/cropped-keppemotor-logo-header-5.png","width":300,"height":101,"caption":"Keppe Motor - Tecnologia para um Novo Mundo"},"image":{"@id":"https:\/\/www.keppemotor.com\/institucional\/#\/schema\/logo\/image\/"}}]}},"_links":{"self":[{"href":"https:\/\/www.keppemotor.com\/institucional\/wp-json\/wp\/v2\/pages\/2885","targetHints":{"allow":["GET"]}}],"collection":[{"href":"https:\/\/www.keppemotor.com\/institucional\/wp-json\/wp\/v2\/pages"}],"about":[{"href":"https:\/\/www.keppemotor.com\/institucional\/wp-json\/wp\/v2\/types\/page"}],"author":[{"embeddable":true,"href":"https:\/\/www.keppemotor.com\/institucional\/wp-json\/wp\/v2\/users\/2"}],"replies":[{"embeddable":true,"href":"https:\/\/www.keppemotor.com\/institucional\/wp-json\/wp\/v2\/comments?post=2885"}],"version-history":[{"count":0,"href":"https:\/\/www.keppemotor.com\/institucional\/wp-json\/wp\/v2\/pages\/2885\/revisions"}],"wp:attachment":[{"href":"https:\/\/www.keppemotor.com\/institucional\/wp-json\/wp\/v2\/media?parent=2885"}],"curies":[{"name":"wp","href":"https:\/\/api.w.org\/{rel}","templated":true}]}}