{"id":3290,"date":"2016-07-14T23:35:26","date_gmt":"2016-07-14T23:35:26","guid":{"rendered":"http:\/\/www.keppemotor.com\/institucional\/?page_id=3290"},"modified":"2025-05-15T19:23:36","modified_gmt":"2025-05-15T19:23:36","slug":"medios-de-comunicacion","status":"publish","type":"page","link":"https:\/\/www.keppemotor.com\/institucional\/es\/medios-de-comunicacion\/","title":{"rendered":"Medios de comunicaci\u00f3n"},"content":{"rendered":"<h2>Repercusi\u00f3n del Keppe Motor en los medios de comunicaci\u00f3n de Brasil y del extranjero.<\/h2>\n<h3 class=\"grupos\"><strong>Brasil<\/strong><\/h3>\n<p><strong>&#8211; ABESCO<\/strong><\/p>\n<p><a href=\"http:\/\/www.abesco.com.br\/siterobot\/site\/subs\/10.asp?msecundario=2052\" target=\"_blank\">Ventiladores sustent\u00e1veis reduzem em at\u00e9 90% o consumo de energia <\/a><\/p>\n<p><strong>&#8211; Jornal Brasil<\/strong><\/p>\n<p><a href=\"http:\/\/www.jornalbrasil.com.br\/interna.php?autonum=13959\" target=\"_blank\">Ventiladores sustent\u00e1veis reduzem em at\u00e9 90% o consumo de energia <\/a><\/p>\n<p><strong>&#8211; ABRACE<\/strong><\/p>\n<p><strong><a href=\"http:\/\/www.abrace.org.br\/port\/noticias\/ler.asp?id=17010\" target=\"_blank\">Ventila\u00e7\u00e3o com menos uso de energia<\/a><\/strong><\/p>\n<p><strong>&#8211; Portal do Arquiteto<\/strong><\/p>\n<p><a href=\"http:\/\/www.portaldoarquiteto.com\/destaques\/design\/4475-ventiladores-sustentaveis-reduzem-em-ate-90-o-consumo-de-energia\" target=\"_blank\">Ventiladores sustent\u00e1veis reduzem em at\u00e9 90% o consumo de energia <\/a><\/p>\n<p><strong>&#8211; Automa\u00e7\u00e3o e Controle de Processos<\/strong><\/p>\n<p><a href=\"http:\/\/leonardopcouto.blogspot.com\/2010\/09\/inovacao-tecnologica.html\" target=\"_blank\">Inova\u00e7\u00e3o Tecnol\u00f3gica<\/a><\/p>\n<p><strong>&#8211; Correio do Povo<\/strong><\/p>\n<p><a href=\"http:\/\/www.correiodopovo.com.br\/Impresso\/?Ano=115&amp;Numero=122&amp;Caderno=0&amp;Noticia=92312\" target=\"_blank\">Keppe Motor no F\u00f3rum Social Mundial 2010<\/a><\/p>\n<p><strong>&#8211; Design e Meio Ambiente<\/strong><\/p>\n<p><a href=\"http:\/\/marciodupont.blogspot.com\/2010\/04\/keppe-motor.html\" target=\"_blank\">Keppe Motor<\/a><\/p>\n<p><strong>&#8211; Instituto Antena Verde<\/p>\n<p><a href=\"http:\/\/www.antenaverde.org.br\/8-movimentos-novas-tecnologias.php\" target=\"_blank\">Novas Tecnologias <\/a><\/strong><\/p>\n<p><strong><a href=\"http:\/\/www.antenaverde.org.br\/8-movimentos-novas-tecnologias.php\" target=\"_blank\"><\/p>\n<p><\/a>&#8211; Moldes e Inje\u00e7\u00e3o Pl\u00e1sticos<\/strong><\/p>\n<p><a href=\"http:\/\/www.moldesinjecaoplasticos.com.br\/noticia.asp?codigo_noticia=211\" target=\"_blank\">Keppe Motor, uma revolu\u00e7\u00e3o desinvertida<\/a><\/p>\n<p><strong>&#8211; Blog Alunos FATEC<\/strong><\/p>\n<p><a href=\"http:\/\/fatec.co.cc\/agricultura-de-precisao\/keppe-motor-parte-3.html\" target=\"_blank\">Keppe Motor <\/a><\/p>\n<p><strong><span class=\"grupos\">Estados Unidos<\/span><\/strong><\/p>\n<p><strong>&#8211; Reutres.com<\/strong><\/p>\n<p><a href=\"http:\/\/www.reuters.com\/article\/idUS203610+22-Sep-2008+PRN20080922\" target=\"_blank\">New Motor Takes a Giant Step Towards Solving Energy, Pollution Crisis<\/a><\/p>\n<p><strong>&#8211; Peswiki.com<\/strong><\/p>\n<p><a href=\"http:\/\/peswiki.com\/index.php\/Directory:Keppean_Scalar_Motor\" target=\"_blank\">Keppean Scalar Motor<\/a><\/p>\n<p><strong>&#8211; ZPEnergy<\/strong><\/p>\n<p><strong><a href=\"http:\/\/www.zpenergy.com\/modules.php?name=News&amp;file=article&amp;sid=3031\" target=\"_blank\">New Brazilian Keppe Motor Captures Vacuum Energy for higher efficiency<\/a><\/strong><\/p>\n<p><strong>&#8211; Digg.com<\/strong><\/p>\n<p><a href=\"http:\/\/digg.com\/news\/science\/New_super_efficient_Keppe_motor_captures_zero_point_energy?t=18992772\" target=\"_blank\">New super-efficient &#8220;Keppe&#8221; motor captures zero-point energy <\/a><\/p>\n<p><strong>&#8211; Aeonia.com<\/strong><\/p>\n<p><a title=\"'Keppe Electric Motor' Operates on Virtually Zero Electricity  \" href=\"http:\/\/www.aeonia.com\/keppe-electric-motor-operates-virtually-zero-electricity\" target=\"_blank\">&#8220;Keppe Electric Motor&#8221; Operates on Virtually Zero Electricity <\/a><\/p>\n<p><strong>&#8211; AutomotiveWorld.com<\/strong><\/p>\n<p><a href=\"http:\/\/www.automotiveworld.com\/news\/environment\/71047-us-brazilian-scientists-to-unveil-breakthrough-electric-motor-technology\" target=\"_blank\">US: Brazilian scientists to unveil &#8216;breakthrough&#8217; electric motor technology <\/a><\/p>\n<p><a href=\"http:\/\/mais.uol.com.br\/view\/hb9lq1ap0wzr\/keppe-motor-04023366E0A93326?types=A\" target=\"_blank\">&#8211; The Rich Roffman Show &#8211; Interview about Keppe Motor<\/a><\/p>\n<p><strong>&#8211; Green Car Congress<\/strong><\/p>\n<p><a href=\"http:\/\/www.greencarcongress.com\/2008\/09\/gridpoint-acqui.html\" target=\"_blank\">GridPoint Acquires V2Green for SmartGrid V2G Solution<\/a><\/p>\n<p><strong>&#8211; RickRoot.com<\/strong><\/p>\n<p><a href=\"http:\/\/www.rickroot.com\/blog\/1\/2008\/09\/An-Energy-Revolution--the-Keppean-Motor.cfm\" target=\"_blank\">An Energy Revolution &#8211; the Keppean Motor<\/a><\/p>\n<p><strong>&#8211; The KeelyNet Blog<\/strong><\/p>\n<p><a href=\"http:\/\/keelynet.wordpress.com\/2008\/09\/21\/new-brazilian-keppe-motor-captures-vacuum-energy-for-higher-efficiency\/\" target=\"_blank\">New Brazilian Keppe Motor Captures Vacuum Energy for higher efficiency <\/a><\/p>\n<p>&nbsp;<\/p>\n<p><strong>&#8211; RedOrbit<\/strong><\/p>\n<p><a href=\"http:\/\/www.redorbit.com\/news\/business\/1557293\/new_motor_takes_a_giant_step_towards_solving_energy_pollution\/index.html\" target=\"_blank\">New Motor Takes a Giant Step Towards Solving Energy, Pollution Crisis <\/a><\/p>\n<p><span class=\"grupos\">Alemania<\/span><\/p>\n<p><strong>&#8211; Revista Raum&amp;Zeit<\/strong><\/p>\n<p><a href=\"http:\/\/www.keppemotor.com\/pt\/revistaalemanha.php\" target=\"_blank\">Congresso de Energia Livre <\/a><\/p>\n<p>&#8211; <strong>NET Journal<\/strong><\/p>\n<p><a href=\"http:\/\/www.keppemotor.com\/pt\/jornalalemanha.php\" target=\"_blank\">Palestras do Congresso na Alemanha sobre Energia <\/a><\/p>\n<p><strong>&#8211; Revista Nexus <\/strong><\/p>\n<p><a href=\"http:\/\/www.keppemotor.com\/pt\/nexusalemanha.php\" target=\"_blank\">Keppe Motor: Uma revolu\u00e7\u00e3o eco-tecnol\u00f3gica<\/a><\/p>\n<p><strong>&#8211; Jesus.ch<\/strong><\/p>\n<p><a href=\"http:\/\/www.jesus.ch\/news\/gesellschaft\/umwelt\/146121-energieloesung_fuer_die_welt.html\" target=\"_blank\">Energiel\u00f6sung f\u00fcr die Welt?<\/a><\/p>\n<p class=\"grupos\"><strong>Albania<\/strong><\/p>\n<p><span style=\"text-decoration: underline;\"><a href=\"http:\/\/www.albavideo.de\/0_hitet_keppe+motor.html\" target=\"_blank\">http:\/\/www.albavideo.de\/0_hitet_keppe+motor.html<\/a><\/span><\/p>\n<p><span style=\"text-decoration: underline;\"><a href=\"http:\/\/www.macumba-berlin.de\/index.php?option=com_content&amp;task=view&amp;id=970&amp;Itemid=2\" target=\"_blank\">http:\/\/www.macumba-berlin.de\/index.php?option=com_content&amp;task=view&amp;id=970&amp;Itemid=2<\/a><\/span><\/p>\n<p><span style=\"text-decoration: underline;\"><a href=\"http:\/\/br.truveo.com\/AS-VANTAGENS-DA-CRISE-FINANCEIRA-MUNDIAL-PARTE-13\/id\/2541645130\">http:\/\/br.truveo.com\/AS-VANTAGENS-DA-CRISE-FINANCEIRA-MUNDIAL-PARTE-13\/id\/2541645130<\/a><\/span><\/p>\n<p class=\"grupos\"><strong>Croacia<\/strong><\/p>\n<p><a href=\"http:\/\/www.o9o9.com\/search+bidirectional\" target=\"_blank\">http:\/\/www.o9o9.com\/search+bidirectional<\/a><\/p>\n<p class=\"grupos\"><strong>Francia<\/strong><\/p>\n<p><a href=\"http:\/\/quanthomme.free.fr\/qhsuite\/Nouv250908.htm\" target=\"_blank\">http:\/\/quanthomme.free.fr\/qhsuite\/Nouv250908.htm<\/a><\/p>\n<p><a href=\"http:\/\/www.bionovi.com\/\" target=\"_blank\">http:\/\/www.bionovi.com<\/a><\/p>\n<p><a href=\"http:\/\/www.naturavox.fr\/Le-moteur-KEPPE.html\" target=\"_blank\">http:\/\/www.naturavox.fr\/Le-moteur-KEPPE.html<\/a><\/p>\n<p><a href=\"http:\/\/www.bio-stream.fr\/Bio\/Energies-Vertes\/Le-moteur-KEPPE_17_214__35603.html\" target=\"_blank\">http:\/\/www.bio-stream.fr\/Bio\/Energies-Vertes\/Le-moteur-KEPPE_17_214__35603.html<\/a><\/p>\n<p><strong>Revista Nexus &#8211;\u00a0 Abril 2010<\/strong><\/p>\n<p><a href=\"http:\/\/www.keppemotor.com\/fr\/nexus02.php\" target=\"_blank\">http:\/\/www.keppemotor.com\/fr\/nexus02.php<\/a><\/p>\n<p><strong>Diario Morph\u00e9us<\/strong><\/p>\n<p><a href=\"http:\/\/www.keppemotor.com\/fr\/morpheus.php\" target=\"_blank\">http:\/\/www.keppemotor.com\/fr\/morpheus.php<\/a><\/p>\n<p><a href=\"http:\/\/www.keppemotor.com\/fr\/24dec09.php\" target=\"_blank\">http:\/\/www.keppemotor.com\/fr\/24dec09.php<\/a><\/p>\n<p><strong>Revista Nexus \u2013 2009<\/strong><\/p>\n<p><a href=\"http:\/\/www.keppemotor.com\/fr\/nexus.php\" target=\"_blank\">http:\/\/www.keppemotor.com\/fr\/nexus.php<\/a><\/p>\n<p><strong>26 septiembre 2008<\/strong><\/p>\n<p><a href=\"http:\/\/cerntea.canalblog.com\/archives\/actualites\/index.html\" target=\"_blank\">http:\/\/cerntea.canalblog.com\/archives\/actualites\/index.html<\/a><\/p>\n<p><a href=\"http:\/\/luanikaxavier.blogspot.com\/2007\/05\/la-societe-unifiee.html\" target=\"_blank\">http:\/\/luanikaxavier.blogspot.com\/2007\/05\/la-societe-unifiee.html<\/a><\/p>\n<p class=\"grupos\"><strong>Holanda<\/strong><\/p>\n<p><a href=\"http:\/\/nujij.nl\/geleerden-gaan-nulpuntsenergiebron-ontwikkelen.3984571.lynkx\" target=\"_blank\">http:\/\/nujij.nl\/geleerden-gaan-nulpuntsenergiebron-ontwikkelen.3984571.lynkx<\/a><\/p>\n<p><a href=\"http:\/\/www.niburu.nl\/index.php?articleID=19536\" target=\"_blank\">http:\/\/www.niburu.nl\/index.php?articleID=19536<\/a><\/p>\n<p class=\"grupos\"><strong>Inglaterra<\/strong><\/p>\n<p><a href=\"http:\/\/www.abovetopsecret.com\/forum\/thread405949\/pg1\" target=\"_blank\">http:\/\/www.abovetopsecret.com\/forum\/thread405949\/pg1<\/a><\/p>\n<p><a href=\"http:\/\/www.automotiveworld.com\/AEA\/content.asp?contentid=71047\" target=\"_blank\">http:\/\/www.automotiveworld.com\/AEA\/content.asp?contentid=71047<\/a><\/p>\n<p><a href=\"http:\/\/www.theautochannel.com\/news\/2008\/09\/22\/124371.html\" target=\"_blank\">http:\/\/www.theautochannel.com\/news\/2008\/09\/22\/124371.html<\/a><\/p>\n<p><strong>Tchecoslov\u00e1quia<\/strong><\/p>\n<p><a href=\"http:\/\/www.upramene.cz\/forum\/viewtopic.php?p=28806%si%20d=56df597dece3a57002c55a505af609d6\">http:\/\/www.upramene.cz\/forum\/viewtopic.php?p=28806%si<\/a><br \/>\n<a href=\"http:\/\/www.upramene.cz\/forum\/viewtopic.php?p=28806%si%20d=56df597dece3a57002c55a505af609d6\">d=56df597dece3a57002c55a505af609d6<\/a><\/p>\n","protected":false},"excerpt":{"rendered":"<p>Repercusi\u00f3n del Keppe Motor en los medios de comunicaci\u00f3n de Brasil y del extranjero. Brasil &#8211; ABESCO Ventiladores sustent\u00e1veis reduzem em at\u00e9 90% o consumo de energia &#8211; Jornal Brasil Ventiladores sustent\u00e1veis reduzem em at\u00e9 90% o consumo de energia &#8211; ABRACE Ventila\u00e7\u00e3o com menos uso de energia &#8211; Portal do Arquiteto Ventiladores sustent\u00e1veis reduzem [&hellip;]<\/p>\n","protected":false},"author":2,"featured_media":0,"parent":0,"menu_order":0,"comment_status":"closed","ping_status":"closed","template":"","meta":{"_exactmetrics_skip_tracking":false,"_exactmetrics_sitenote_active":false,"_exactmetrics_sitenote_note":"","_exactmetrics_sitenote_category":0,"footnotes":""},"class_list":["post-3290","page","type-page","status-publish","hentry"],"yoast_head":"<!-- This site is optimized with the Yoast SEO plugin v27.4 - https:\/\/yoast.com\/product\/yoast-seo-wordpress\/ -->\n<title>Medios de comunicaci\u00f3n - Keppe Motor - Tecnologia para um Novo Mundo<\/title>\n<meta name=\"robots\" content=\"index, follow, max-snippet:-1, max-image-preview:large, max-video-preview:-1\" \/>\n<link rel=\"canonical\" href=\"https:\/\/www.keppemotor.com\/institucional\/es\/medios-de-comunicacion\/\" \/>\n<meta property=\"og:locale\" content=\"pt_BR\" \/>\n<meta property=\"og:type\" content=\"article\" \/>\n<meta property=\"og:title\" content=\"Medios de comunicaci\u00f3n - Keppe Motor - Tecnologia para um Novo Mundo\" \/>\n<meta property=\"og:description\" content=\"Repercusi\u00f3n del Keppe Motor en los medios de comunicaci\u00f3n de Brasil y del extranjero. Brasil &#8211; ABESCO Ventiladores sustent\u00e1veis reduzem em at\u00e9 90% o consumo de energia &#8211; Jornal Brasil Ventiladores sustent\u00e1veis reduzem em at\u00e9 90% o consumo de energia &#8211; ABRACE Ventila\u00e7\u00e3o com menos uso de energia &#8211; Portal do Arquiteto Ventiladores sustent\u00e1veis reduzem [&hellip;]\" \/>\n<meta property=\"og:url\" content=\"https:\/\/www.keppemotor.com\/institucional\/es\/medios-de-comunicacion\/\" \/>\n<meta property=\"og:site_name\" content=\"Keppe Motor - Tecnologia para um Novo Mundo\" \/>\n<meta property=\"article:modified_time\" content=\"2025-05-15T19:23:36+00:00\" \/>\n<meta name=\"twitter:label1\" content=\"Est. tempo de leitura\" \/>\n\t<meta name=\"twitter:data1\" content=\"2 minutos\" \/>\n<script type=\"application\/ld+json\" class=\"yoast-schema-graph\">{\"@context\":\"https:\\\/\\\/schema.org\",\"@graph\":[{\"@type\":\"WebPage\",\"@id\":\"https:\\\/\\\/www.keppemotor.com\\\/institucional\\\/es\\\/medios-de-comunicacion\\\/\",\"url\":\"https:\\\/\\\/www.keppemotor.com\\\/institucional\\\/es\\\/medios-de-comunicacion\\\/\",\"name\":\"Medios de comunicaci\u00f3n - Keppe Motor - Tecnologia para um Novo Mundo\",\"isPartOf\":{\"@id\":\"https:\\\/\\\/www.keppemotor.com\\\/institucional\\\/#website\"},\"datePublished\":\"2016-07-14T23:35:26+00:00\",\"dateModified\":\"2025-05-15T19:23:36+00:00\",\"breadcrumb\":{\"@id\":\"https:\\\/\\\/www.keppemotor.com\\\/institucional\\\/es\\\/medios-de-comunicacion\\\/#breadcrumb\"},\"inLanguage\":\"pt-BR\",\"potentialAction\":[{\"@type\":\"ReadAction\",\"target\":[\"https:\\\/\\\/www.keppemotor.com\\\/institucional\\\/es\\\/medios-de-comunicacion\\\/\"]}]},{\"@type\":\"BreadcrumbList\",\"@id\":\"https:\\\/\\\/www.keppemotor.com\\\/institucional\\\/es\\\/medios-de-comunicacion\\\/#breadcrumb\",\"itemListElement\":[{\"@type\":\"ListItem\",\"position\":1,\"name\":\"In\u00edcio\",\"item\":\"https:\\\/\\\/www.keppemotor.com\\\/institucional\\\/\"},{\"@type\":\"ListItem\",\"position\":2,\"name\":\"Medios de comunicaci\u00f3n\"}]},{\"@type\":\"WebSite\",\"@id\":\"https:\\\/\\\/www.keppemotor.com\\\/institucional\\\/#website\",\"url\":\"https:\\\/\\\/www.keppemotor.com\\\/institucional\\\/\",\"name\":\"Keppe Motor - Tecnologia para um Novo Mundo\",\"description\":\"\",\"publisher\":{\"@id\":\"https:\\\/\\\/www.keppemotor.com\\\/institucional\\\/#organization\"},\"potentialAction\":[{\"@type\":\"SearchAction\",\"target\":{\"@type\":\"EntryPoint\",\"urlTemplate\":\"https:\\\/\\\/www.keppemotor.com\\\/institucional\\\/?s={search_term_string}\"},\"query-input\":{\"@type\":\"PropertyValueSpecification\",\"valueRequired\":true,\"valueName\":\"search_term_string\"}}],\"inLanguage\":\"pt-BR\"},{\"@type\":\"Organization\",\"@id\":\"https:\\\/\\\/www.keppemotor.com\\\/institucional\\\/#organization\",\"name\":\"Keppe Motor - Tecnologia para um Novo Mundo\",\"url\":\"https:\\\/\\\/www.keppemotor.com\\\/institucional\\\/\",\"logo\":{\"@type\":\"ImageObject\",\"inLanguage\":\"pt-BR\",\"@id\":\"https:\\\/\\\/www.keppemotor.com\\\/institucional\\\/#\\\/schema\\\/logo\\\/image\\\/\",\"url\":\"https:\\\/\\\/www.keppemotor.com\\\/institucional\\\/wp-content\\\/uploads\\\/2014\\\/11\\\/cropped-keppemotor-logo-header-5.png\",\"contentUrl\":\"https:\\\/\\\/www.keppemotor.com\\\/institucional\\\/wp-content\\\/uploads\\\/2014\\\/11\\\/cropped-keppemotor-logo-header-5.png\",\"width\":300,\"height\":101,\"caption\":\"Keppe Motor - Tecnologia para um Novo Mundo\"},\"image\":{\"@id\":\"https:\\\/\\\/www.keppemotor.com\\\/institucional\\\/#\\\/schema\\\/logo\\\/image\\\/\"}}]}<\/script>\n<!-- \/ Yoast SEO plugin. -->","yoast_head_json":{"title":"Medios de comunicaci\u00f3n - Keppe Motor - Tecnologia para um Novo Mundo","robots":{"index":"index","follow":"follow","max-snippet":"max-snippet:-1","max-image-preview":"max-image-preview:large","max-video-preview":"max-video-preview:-1"},"canonical":"https:\/\/www.keppemotor.com\/institucional\/es\/medios-de-comunicacion\/","og_locale":"pt_BR","og_type":"article","og_title":"Medios de comunicaci\u00f3n - Keppe Motor - Tecnologia para um Novo Mundo","og_description":"Repercusi\u00f3n del Keppe Motor en los medios de comunicaci\u00f3n de Brasil y del extranjero. Brasil &#8211; ABESCO Ventiladores sustent\u00e1veis reduzem em at\u00e9 90% o consumo de energia &#8211; Jornal Brasil Ventiladores sustent\u00e1veis reduzem em at\u00e9 90% o consumo de energia &#8211; ABRACE Ventila\u00e7\u00e3o com menos uso de energia &#8211; Portal do Arquiteto Ventiladores sustent\u00e1veis reduzem [&hellip;]","og_url":"https:\/\/www.keppemotor.com\/institucional\/es\/medios-de-comunicacion\/","og_site_name":"Keppe Motor - Tecnologia para um Novo Mundo","article_modified_time":"2025-05-15T19:23:36+00:00","twitter_misc":{"Est. tempo de leitura":"2 minutos"},"schema":{"@context":"https:\/\/schema.org","@graph":[{"@type":"WebPage","@id":"https:\/\/www.keppemotor.com\/institucional\/es\/medios-de-comunicacion\/","url":"https:\/\/www.keppemotor.com\/institucional\/es\/medios-de-comunicacion\/","name":"Medios de comunicaci\u00f3n - Keppe Motor - Tecnologia para um Novo Mundo","isPartOf":{"@id":"https:\/\/www.keppemotor.com\/institucional\/#website"},"datePublished":"2016-07-14T23:35:26+00:00","dateModified":"2025-05-15T19:23:36+00:00","breadcrumb":{"@id":"https:\/\/www.keppemotor.com\/institucional\/es\/medios-de-comunicacion\/#breadcrumb"},"inLanguage":"pt-BR","potentialAction":[{"@type":"ReadAction","target":["https:\/\/www.keppemotor.com\/institucional\/es\/medios-de-comunicacion\/"]}]},{"@type":"BreadcrumbList","@id":"https:\/\/www.keppemotor.com\/institucional\/es\/medios-de-comunicacion\/#breadcrumb","itemListElement":[{"@type":"ListItem","position":1,"name":"In\u00edcio","item":"https:\/\/www.keppemotor.com\/institucional\/"},{"@type":"ListItem","position":2,"name":"Medios de comunicaci\u00f3n"}]},{"@type":"WebSite","@id":"https:\/\/www.keppemotor.com\/institucional\/#website","url":"https:\/\/www.keppemotor.com\/institucional\/","name":"Keppe Motor - Tecnologia para um Novo Mundo","description":"","publisher":{"@id":"https:\/\/www.keppemotor.com\/institucional\/#organization"},"potentialAction":[{"@type":"SearchAction","target":{"@type":"EntryPoint","urlTemplate":"https:\/\/www.keppemotor.com\/institucional\/?s={search_term_string}"},"query-input":{"@type":"PropertyValueSpecification","valueRequired":true,"valueName":"search_term_string"}}],"inLanguage":"pt-BR"},{"@type":"Organization","@id":"https:\/\/www.keppemotor.com\/institucional\/#organization","name":"Keppe Motor - Tecnologia para um Novo Mundo","url":"https:\/\/www.keppemotor.com\/institucional\/","logo":{"@type":"ImageObject","inLanguage":"pt-BR","@id":"https:\/\/www.keppemotor.com\/institucional\/#\/schema\/logo\/image\/","url":"https:\/\/www.keppemotor.com\/institucional\/wp-content\/uploads\/2014\/11\/cropped-keppemotor-logo-header-5.png","contentUrl":"https:\/\/www.keppemotor.com\/institucional\/wp-content\/uploads\/2014\/11\/cropped-keppemotor-logo-header-5.png","width":300,"height":101,"caption":"Keppe Motor - Tecnologia para um Novo Mundo"},"image":{"@id":"https:\/\/www.keppemotor.com\/institucional\/#\/schema\/logo\/image\/"}}]}},"_links":{"self":[{"href":"https:\/\/www.keppemotor.com\/institucional\/wp-json\/wp\/v2\/pages\/3290","targetHints":{"allow":["GET"]}}],"collection":[{"href":"https:\/\/www.keppemotor.com\/institucional\/wp-json\/wp\/v2\/pages"}],"about":[{"href":"https:\/\/www.keppemotor.com\/institucional\/wp-json\/wp\/v2\/types\/page"}],"author":[{"embeddable":true,"href":"https:\/\/www.keppemotor.com\/institucional\/wp-json\/wp\/v2\/users\/2"}],"replies":[{"embeddable":true,"href":"https:\/\/www.keppemotor.com\/institucional\/wp-json\/wp\/v2\/comments?post=3290"}],"version-history":[{"count":1,"href":"https:\/\/www.keppemotor.com\/institucional\/wp-json\/wp\/v2\/pages\/3290\/revisions"}],"predecessor-version":[{"id":8235,"href":"https:\/\/www.keppemotor.com\/institucional\/wp-json\/wp\/v2\/pages\/3290\/revisions\/8235"}],"wp:attachment":[{"href":"https:\/\/www.keppemotor.com\/institucional\/wp-json\/wp\/v2\/media?parent=3290"}],"curies":[{"name":"wp","href":"https:\/\/api.w.org\/{rel}","templated":true}]}}