{"id":4401,"date":"2019-01-18T21:07:16","date_gmt":"2019-01-18T21:07:16","guid":{"rendered":"http:\/\/www.keppemotor.com\/institucional\/?page_id=4401"},"modified":"2024-09-04T18:56:09","modified_gmt":"2024-09-04T18:56:09","slug":"quem-somos","status":"publish","type":"page","link":"https:\/\/www.keppemotor.com\/institucional\/quem-somos\/","title":{"rendered":"Quem Somos"},"content":{"rendered":"\t\t<div data-elementor-type=\"wp-page\" data-elementor-id=\"4401\" class=\"elementor elementor-4401\" data-elementor-post-type=\"page\">\n\t\t\t\t<div class=\"elementor-element elementor-element-7334ced e-flex e-con-boxed e-con e-parent\" data-id=\"7334ced\" data-element_type=\"container\" data-e-type=\"container\">\n\t\t\t\t\t<div class=\"e-con-inner\">\n\t\t\t\t<div class=\"elementor-element elementor-element-1e2291b elementor-widget elementor-widget-heading\" data-id=\"1e2291b\" data-element_type=\"widget\" data-e-type=\"widget\" data-widget_type=\"heading.default\">\n\t\t\t\t<div class=\"elementor-widget-container\">\n\t\t\t\t\t<h1 class=\"elementor-heading-title elementor-size-default\">Quem Somos<\/h1>\t\t\t\t<\/div>\n\t\t\t\t<\/div>\n\t\t\t\t\t<\/div>\n\t\t\t\t<\/div>\n\t\t<div class=\"elementor-element elementor-element-3b0d6f0f e-flex e-con-boxed e-con e-parent\" data-id=\"3b0d6f0f\" data-element_type=\"container\" data-e-type=\"container\">\n\t\t\t\t\t<div class=\"e-con-inner\">\n\t\t\t\t<div class=\"elementor-element elementor-element-12e1ec40 elementor-widget elementor-widget-text-editor\" data-id=\"12e1ec40\" data-element_type=\"widget\" data-e-type=\"widget\" data-widget_type=\"text-editor.default\">\n\t\t\t\t<div class=\"elementor-widget-container\">\n\t\t\t\t\t\t\t\t\t<h5><span style=\"color: #000000;\">O Instituto Keppe e Pacheco de Ci\u00eancia e Tecnologia (IKP), entidade jur\u00eddica de direito privado, registrado em S\u00e3o Paulo, capital, \u00e9 detentor dos direitos de explora\u00e7\u00e3o da Patente do Keppe Motor e seus frutos ser\u00e3o destinados a pesquisa e desenvolvimento de projetos de aplica\u00e7\u00e3o da ci\u00eancia Trilogia Analitica, criada por<a href=\"https:\/\/www.keppemotor.com\/institucional\/sobre-norberto-keppe\/\"><span style=\"color: #003366;\"> Norberto Keppe<\/span><\/a>, nos campos cient\u00edfico, socioambiental, art\u00edstico, cultural, etc.<br \/><\/span><\/h5><h5><span style=\"color: #000000;\">Fundado por <span style=\"color: #003366;\"><a style=\"color: #003366;\" href=\"http:\/\/www.keppemotor.com\/institucional\/sobre-claudia-bernhardt-de-souza-pacheco\/\">Cl\u00e1udia Bernhardt Souza Pacheco<\/a><\/span>, em Paris em 1992, como Associa\u00e7\u00e3o Stop a Destrui\u00e7\u00e3o do Mundo, o IKP tem como objetivo a difus\u00e3o da an\u00e1lise das invers\u00f5es psicossociais que s\u00e3o as causas profundas da destrui\u00e7\u00e3o do ser humano, da sociedade e do meio ambiente, bem como propostas tril\u00f3gicas de solu\u00e7\u00e3o.<\/span><\/h5><h5><span style=\"color: #000000;\">Dentre os projetos do IKP est\u00e1 o desenvolvimento da Nova F\u00edsica da Metaf\u00edsica Desinvertida que resultou no desenvolvimento do Keppe Motor.<\/span><\/h5><h5><span style=\"color: #000000;\">Em 2008, os engenheiros <a href=\"http:\/\/www.keppemotor.com\/institucional\/carlos-cesar-soos\/\"><span style=\"color: #003366;\">Cesar So\u00f3s<\/span><\/a>, <a href=\"http:\/\/www.keppemotor.com\/institucional\/roberto-frascari\/\"><span style=\"color: #003366;\">Roberto Frascari<\/span> <\/a>e<a href=\"http:\/\/www.keppemotor.com\/institucional\/alexandre-frascari\/\"><span style=\"color: #003366;\"> Alexandre Frascari<\/span><\/a> sob orienta\u00e7\u00e3o de Keppe, finalizaram o desenvolvimento do primeiro dos inovadores motores chamados de RC (corrente ressonante), que viriam a ser campe\u00f5es mundiais de efici\u00eancia e economia da sua categoria.<\/span><\/h5><h5><span style=\"color: #000000;\">Ap\u00f3s diversas premia\u00e7\u00f5es internacionais, a IKP decide criar a <a href=\"https:\/\/keppepacheco.edu.br\/\"><span style=\"color: #003366;\">Faculdade Tril\u00f3gica Keppe e Pacheco<\/span> <\/a>(FATRI) para a dissemina\u00e7\u00e3o desse novo campo de ci\u00eancia e tecnologia e inaugura em 2019 o<a href=\"https:\/\/keppepacheco.edu.br\/graduacao-em-gestao-ambiental\/\"><span style=\"color: #003366;\"> Curso de Gradua\u00e7\u00e3o em Gest\u00e3o Ambiental<\/span><\/a> e <a href=\"https:\/\/keppepacheco.edu.br\/keppe-motor-pos-graduacao\/\">Especializa\u00e7\u00e3o em\u00a0Nova F\u00edsica e Tecnologia de motores ressonantes (Keppe Motors)<\/a>, tornando-se assim a primeira Faculdade a estudar Nikola Tesla e Keppe na sua matriz oficial.<\/span><\/h5><h5><span style=\"color: #000000;\">Estruturada sobre tr\u00eas eixos: Meio Ambiente, Humanas e Tecnologia de Inova\u00e7\u00e3o, as disciplinas da FATRI Gest\u00e3o Ambiental integra a teoria a pr\u00e1tica num projeto essencialmente transdisciplinar.<\/span><\/h5>\t\t\t\t\t\t\t\t<\/div>\n\t\t\t\t<\/div>\n\t\t\t\t\t<\/div>\n\t\t\t\t<\/div>\n\t\t\t\t<\/div>\n\t\t","protected":false},"excerpt":{"rendered":"<p>Quem Somos O Instituto Keppe e Pacheco de Ci\u00eancia e Tecnologia (IKP), entidade jur\u00eddica de direito privado, registrado em S\u00e3o Paulo, capital, \u00e9 detentor dos direitos de explora\u00e7\u00e3o da Patente do Keppe Motor e seus frutos ser\u00e3o destinados a pesquisa e desenvolvimento de projetos de aplica\u00e7\u00e3o da ci\u00eancia Trilogia Analitica, criada por Norberto Keppe, nos [&hellip;]<\/p>\n","protected":false},"author":2,"featured_media":0,"parent":0,"menu_order":0,"comment_status":"0","ping_status":"open","template":"","meta":{"_exactmetrics_skip_tracking":false,"_exactmetrics_sitenote_active":false,"_exactmetrics_sitenote_note":"","_exactmetrics_sitenote_category":0,"footnotes":""},"class_list":["post-4401","page","type-page","status-publish","hentry"],"yoast_head":"<!-- This site is optimized with the Yoast SEO plugin v27.4 - https:\/\/yoast.com\/product\/yoast-seo-wordpress\/ -->\n<title>Quem Somos<\/title>\n<meta name=\"description\" content=\"O Instituto Keppe e Pacheco de Ci\u00eancia e Tecnologia (IKP), entidade jur\u00eddica de direito privado, registrado em S\u00e3o Paulo, capital, \u00e9 detentor dos direitos de explora\u00e7\u00e3o da Patente do Keppe Motor e seus frutos ser\u00e3o destinados a pesquisa e desenvolvimento de projetos de aplica\u00e7\u00e3o da ci\u00eancia Trilogia Analitica\" \/>\n<meta name=\"robots\" content=\"index, follow, max-snippet:-1, max-image-preview:large, max-video-preview:-1\" \/>\n<link rel=\"canonical\" href=\"https:\/\/www.keppemotor.com\/institucional\/quem-somos\/\" \/>\n<meta property=\"og:locale\" content=\"pt_BR\" \/>\n<meta property=\"og:type\" content=\"article\" \/>\n<meta property=\"og:title\" content=\"Quem Somos\" \/>\n<meta property=\"og:description\" content=\"O Instituto Keppe e Pacheco de Ci\u00eancia e Tecnologia (IKP), entidade jur\u00eddica de direito privado, registrado em S\u00e3o Paulo, capital, \u00e9 detentor dos direitos de explora\u00e7\u00e3o da Patente do Keppe Motor e seus frutos ser\u00e3o destinados a pesquisa e desenvolvimento de projetos de aplica\u00e7\u00e3o da ci\u00eancia Trilogia Analitica\" \/>\n<meta property=\"og:url\" content=\"https:\/\/www.keppemotor.com\/institucional\/quem-somos\/\" \/>\n<meta property=\"og:site_name\" content=\"Keppe Motor - Tecnologia para um Novo Mundo\" \/>\n<meta property=\"article:modified_time\" content=\"2024-09-04T18:56:09+00:00\" \/>\n<meta name=\"twitter:label1\" content=\"Est. tempo de leitura\" \/>\n\t<meta name=\"twitter:data1\" content=\"2 minutos\" \/>\n<script type=\"application\/ld+json\" class=\"yoast-schema-graph\">{\"@context\":\"https:\\\/\\\/schema.org\",\"@graph\":[{\"@type\":\"WebPage\",\"@id\":\"https:\\\/\\\/www.keppemotor.com\\\/institucional\\\/quem-somos\\\/\",\"url\":\"https:\\\/\\\/www.keppemotor.com\\\/institucional\\\/quem-somos\\\/\",\"name\":\"Quem Somos\",\"isPartOf\":{\"@id\":\"https:\\\/\\\/www.keppemotor.com\\\/institucional\\\/#website\"},\"datePublished\":\"2019-01-18T21:07:16+00:00\",\"dateModified\":\"2024-09-04T18:56:09+00:00\",\"description\":\"O Instituto Keppe e Pacheco de Ci\u00eancia e Tecnologia (IKP), entidade jur\u00eddica de direito privado, registrado em S\u00e3o Paulo, capital, \u00e9 detentor dos direitos de explora\u00e7\u00e3o da Patente do Keppe Motor e seus frutos ser\u00e3o destinados a pesquisa e desenvolvimento de projetos de aplica\u00e7\u00e3o da ci\u00eancia Trilogia Analitica\",\"breadcrumb\":{\"@id\":\"https:\\\/\\\/www.keppemotor.com\\\/institucional\\\/quem-somos\\\/#breadcrumb\"},\"inLanguage\":\"pt-BR\",\"potentialAction\":[{\"@type\":\"ReadAction\",\"target\":[\"https:\\\/\\\/www.keppemotor.com\\\/institucional\\\/quem-somos\\\/\"]}]},{\"@type\":\"BreadcrumbList\",\"@id\":\"https:\\\/\\\/www.keppemotor.com\\\/institucional\\\/quem-somos\\\/#breadcrumb\",\"itemListElement\":[{\"@type\":\"ListItem\",\"position\":1,\"name\":\"In\u00edcio\",\"item\":\"https:\\\/\\\/www.keppemotor.com\\\/institucional\\\/\"},{\"@type\":\"ListItem\",\"position\":2,\"name\":\"Quem Somos\"}]},{\"@type\":\"WebSite\",\"@id\":\"https:\\\/\\\/www.keppemotor.com\\\/institucional\\\/#website\",\"url\":\"https:\\\/\\\/www.keppemotor.com\\\/institucional\\\/\",\"name\":\"Keppe Motor - Tecnologia para um Novo Mundo\",\"description\":\"\",\"publisher\":{\"@id\":\"https:\\\/\\\/www.keppemotor.com\\\/institucional\\\/#organization\"},\"potentialAction\":[{\"@type\":\"SearchAction\",\"target\":{\"@type\":\"EntryPoint\",\"urlTemplate\":\"https:\\\/\\\/www.keppemotor.com\\\/institucional\\\/?s={search_term_string}\"},\"query-input\":{\"@type\":\"PropertyValueSpecification\",\"valueRequired\":true,\"valueName\":\"search_term_string\"}}],\"inLanguage\":\"pt-BR\"},{\"@type\":\"Organization\",\"@id\":\"https:\\\/\\\/www.keppemotor.com\\\/institucional\\\/#organization\",\"name\":\"Keppe Motor - Tecnologia para um Novo Mundo\",\"url\":\"https:\\\/\\\/www.keppemotor.com\\\/institucional\\\/\",\"logo\":{\"@type\":\"ImageObject\",\"inLanguage\":\"pt-BR\",\"@id\":\"https:\\\/\\\/www.keppemotor.com\\\/institucional\\\/#\\\/schema\\\/logo\\\/image\\\/\",\"url\":\"https:\\\/\\\/www.keppemotor.com\\\/institucional\\\/wp-content\\\/uploads\\\/2014\\\/11\\\/cropped-keppemotor-logo-header-5.png\",\"contentUrl\":\"https:\\\/\\\/www.keppemotor.com\\\/institucional\\\/wp-content\\\/uploads\\\/2014\\\/11\\\/cropped-keppemotor-logo-header-5.png\",\"width\":300,\"height\":101,\"caption\":\"Keppe Motor - Tecnologia para um Novo Mundo\"},\"image\":{\"@id\":\"https:\\\/\\\/www.keppemotor.com\\\/institucional\\\/#\\\/schema\\\/logo\\\/image\\\/\"}}]}<\/script>\n<!-- \/ Yoast SEO plugin. -->","yoast_head_json":{"title":"Quem Somos","description":"O Instituto Keppe e Pacheco de Ci\u00eancia e Tecnologia (IKP), entidade jur\u00eddica de direito privado, registrado em S\u00e3o Paulo, capital, \u00e9 detentor dos direitos de explora\u00e7\u00e3o da Patente do Keppe Motor e seus frutos ser\u00e3o destinados a pesquisa e desenvolvimento de projetos de aplica\u00e7\u00e3o da ci\u00eancia Trilogia Analitica","robots":{"index":"index","follow":"follow","max-snippet":"max-snippet:-1","max-image-preview":"max-image-preview:large","max-video-preview":"max-video-preview:-1"},"canonical":"https:\/\/www.keppemotor.com\/institucional\/quem-somos\/","og_locale":"pt_BR","og_type":"article","og_title":"Quem Somos","og_description":"O Instituto Keppe e Pacheco de Ci\u00eancia e Tecnologia (IKP), entidade jur\u00eddica de direito privado, registrado em S\u00e3o Paulo, capital, \u00e9 detentor dos direitos de explora\u00e7\u00e3o da Patente do Keppe Motor e seus frutos ser\u00e3o destinados a pesquisa e desenvolvimento de projetos de aplica\u00e7\u00e3o da ci\u00eancia Trilogia Analitica","og_url":"https:\/\/www.keppemotor.com\/institucional\/quem-somos\/","og_site_name":"Keppe Motor - Tecnologia para um Novo Mundo","article_modified_time":"2024-09-04T18:56:09+00:00","twitter_misc":{"Est. tempo de leitura":"2 minutos"},"schema":{"@context":"https:\/\/schema.org","@graph":[{"@type":"WebPage","@id":"https:\/\/www.keppemotor.com\/institucional\/quem-somos\/","url":"https:\/\/www.keppemotor.com\/institucional\/quem-somos\/","name":"Quem Somos","isPartOf":{"@id":"https:\/\/www.keppemotor.com\/institucional\/#website"},"datePublished":"2019-01-18T21:07:16+00:00","dateModified":"2024-09-04T18:56:09+00:00","description":"O Instituto Keppe e Pacheco de Ci\u00eancia e Tecnologia (IKP), entidade jur\u00eddica de direito privado, registrado em S\u00e3o Paulo, capital, \u00e9 detentor dos direitos de explora\u00e7\u00e3o da Patente do Keppe Motor e seus frutos ser\u00e3o destinados a pesquisa e desenvolvimento de projetos de aplica\u00e7\u00e3o da ci\u00eancia Trilogia Analitica","breadcrumb":{"@id":"https:\/\/www.keppemotor.com\/institucional\/quem-somos\/#breadcrumb"},"inLanguage":"pt-BR","potentialAction":[{"@type":"ReadAction","target":["https:\/\/www.keppemotor.com\/institucional\/quem-somos\/"]}]},{"@type":"BreadcrumbList","@id":"https:\/\/www.keppemotor.com\/institucional\/quem-somos\/#breadcrumb","itemListElement":[{"@type":"ListItem","position":1,"name":"In\u00edcio","item":"https:\/\/www.keppemotor.com\/institucional\/"},{"@type":"ListItem","position":2,"name":"Quem Somos"}]},{"@type":"WebSite","@id":"https:\/\/www.keppemotor.com\/institucional\/#website","url":"https:\/\/www.keppemotor.com\/institucional\/","name":"Keppe Motor - Tecnologia para um Novo Mundo","description":"","publisher":{"@id":"https:\/\/www.keppemotor.com\/institucional\/#organization"},"potentialAction":[{"@type":"SearchAction","target":{"@type":"EntryPoint","urlTemplate":"https:\/\/www.keppemotor.com\/institucional\/?s={search_term_string}"},"query-input":{"@type":"PropertyValueSpecification","valueRequired":true,"valueName":"search_term_string"}}],"inLanguage":"pt-BR"},{"@type":"Organization","@id":"https:\/\/www.keppemotor.com\/institucional\/#organization","name":"Keppe Motor - Tecnologia para um Novo Mundo","url":"https:\/\/www.keppemotor.com\/institucional\/","logo":{"@type":"ImageObject","inLanguage":"pt-BR","@id":"https:\/\/www.keppemotor.com\/institucional\/#\/schema\/logo\/image\/","url":"https:\/\/www.keppemotor.com\/institucional\/wp-content\/uploads\/2014\/11\/cropped-keppemotor-logo-header-5.png","contentUrl":"https:\/\/www.keppemotor.com\/institucional\/wp-content\/uploads\/2014\/11\/cropped-keppemotor-logo-header-5.png","width":300,"height":101,"caption":"Keppe Motor - Tecnologia para um Novo Mundo"},"image":{"@id":"https:\/\/www.keppemotor.com\/institucional\/#\/schema\/logo\/image\/"}}]}},"_links":{"self":[{"href":"https:\/\/www.keppemotor.com\/institucional\/wp-json\/wp\/v2\/pages\/4401","targetHints":{"allow":["GET"]}}],"collection":[{"href":"https:\/\/www.keppemotor.com\/institucional\/wp-json\/wp\/v2\/pages"}],"about":[{"href":"https:\/\/www.keppemotor.com\/institucional\/wp-json\/wp\/v2\/types\/page"}],"author":[{"embeddable":true,"href":"https:\/\/www.keppemotor.com\/institucional\/wp-json\/wp\/v2\/users\/2"}],"replies":[{"embeddable":true,"href":"https:\/\/www.keppemotor.com\/institucional\/wp-json\/wp\/v2\/comments?post=4401"}],"version-history":[{"count":5,"href":"https:\/\/www.keppemotor.com\/institucional\/wp-json\/wp\/v2\/pages\/4401\/revisions"}],"predecessor-version":[{"id":6813,"href":"https:\/\/www.keppemotor.com\/institucional\/wp-json\/wp\/v2\/pages\/4401\/revisions\/6813"}],"wp:attachment":[{"href":"https:\/\/www.keppemotor.com\/institucional\/wp-json\/wp\/v2\/media?parent=4401"}],"curies":[{"name":"wp","href":"https:\/\/api.w.org\/{rel}","templated":true}]}}