{"id":4687,"date":"2020-03-17T17:16:08","date_gmt":"2020-03-17T17:16:08","guid":{"rendered":"https:\/\/www.keppemotor.com\/institucional\/?page_id=4687"},"modified":"2022-01-14T13:51:05","modified_gmt":"2022-01-14T13:51:05","slug":"curso-de-especializacao-em-nova-fisica-e-tecnologia-de-motores-ressonantes","status":"publish","type":"page","link":"https:\/\/www.keppemotor.com\/institucional\/curso-de-especializacao-em-nova-fisica-e-tecnologia-de-motores-ressonantes\/","title":{"rendered":"Revista O Setor El\u00e9trico: Curso de Especializa\u00e7\u00e3o em Nova F\u00edsica e Tecnologia de Motores Ressonantes"},"content":{"rendered":"<div class=\"elementor-element elementor-element-40a36cf elementor-widget elementor-widget-theme-post-content\" data-id=\"40a36cf\" data-element_type=\"widget\" data-widget_type=\"theme-post-content.default\">\n<div class=\"elementor-widget-container\">\n<h4>Publicado em 20\/10\/2020 por <a href=\"https:\/\/www.osetoreletrico.com.br\/curso-de-especializacao-em-nova-fisica-e-tecnologia-de-motores-ressonantes\/\">O Setor El\u00e9trico<\/a><\/h4>\n<h4><span style=\"color: #000000;\">A <strong>FATRI \u2013 Faculdade Tril\u00f3gica Keppe &amp; Pacheco<\/strong> \u2013 acaba de lan\u00e7ar o \u00a0Curso de Especializa\u00e7ao em Nova F\u00edsica e Tecnologia de Motores Ressonantes\u00a0 \u2013 Keppe Motors <strong>(\u00caNFASE EM ALIMENTA\u00c7\u00c3O FOTOVOLTAICA).<\/strong><\/span><\/h4>\n<h4><span style=\"color: #000000;\">Este Curso oferece, a todos os interessados, a oportunidade de conhecer a mais nova Tecnologia de motores el\u00e9tricos aplicada a produtos de efici\u00eancia energ\u00e9tica, atrav\u00e9s do princ\u00edpio de resson\u00e2ncia eletro-magnetomec\u00e2nica: <strong>a Tecnologia Keppe Motor<\/strong>, patenteada em diversos pa\u00edses.<\/span><\/h4>\n<h4><span style=\"color: #000000;\"><em><strong>Atingindo n\u00edveis de efici\u00eancia de at\u00e9 90 por cento, o<\/strong><\/em><strong><em>Keppe Motor \u00e9 uma tecnologia premiada no Brasil e internacionalmente, conhecida e procurada por engenheiros e t\u00e9cnicos de diversas \u00e1reas que desejam inovar ou obter solu\u00e7\u00f5es mais eficientes, simples e de menor custo em efici\u00eancia energ\u00e9tica motriz.<\/em><\/strong><\/span><\/h4>\n<h4><span style=\"color: #000000;\">Os alunos aprender\u00e3o os conceitos inovadores de F\u00edsica, descobertos por Norberto Keppe, e expostos nas obras \u201c<em>A Nova F\u00edsica da Metaf\u00edsica Desinvertida<\/em>\u201d e outros livros sobre o assunto do mesmo autor que levaram \u00e0 descoberta do princ\u00edpio de funcionamento do Keppe Motor, e que est\u00e3o na base de um novo paradigma cient\u00edfico-filos\u00f3fico, que se estabelece para redirecionar os rumos da ci\u00eancia e tecnologia.<\/span><\/h4>\n<h4><span style=\"color: #000000;\">Interessados podem entrar em contato pelos n\u00fameros:\u00a0 (11) 3032.2675 e (11) 98207.3193 \u2013 WhatsApp. E-mail: <\/span><a href=\"mailto:contato@keppemotor.com\"><span style=\"color: #000000;\">contato@keppemotor.com<\/span><\/a><\/h4>\n<\/div>\n<p><a href=\"https:\/\/www.osetoreletrico.com.br\/curso-de-especializacao-em-nova-fisica-e-tecnologia-de-motores-ressonantes\/\"><img fetchpriority=\"high\" decoding=\"async\" class=\"alignnone wp-image-5899 size-full\" src=\"https:\/\/www.keppemotor.com\/institucional\/wp-content\/uploads\/2022\/01\/Screenshot-2022-01-14-at-10-46-46-Curso-de-Especializa\u00e7ao-em-Nova-F\u00edsica-e-Tecnologia-de-Motores-Ressonantes-O-Setor-El\u00e9t....png\" alt=\"\" width=\"1149\" height=\"677\" srcset=\"https:\/\/www.keppemotor.com\/institucional\/wp-content\/uploads\/2022\/01\/Screenshot-2022-01-14-at-10-46-46-Curso-de-Especializa\u00e7ao-em-Nova-F\u00edsica-e-Tecnologia-de-Motores-Ressonantes-O-Setor-El\u00e9t....png 1149w, https:\/\/www.keppemotor.com\/institucional\/wp-content\/uploads\/2022\/01\/Screenshot-2022-01-14-at-10-46-46-Curso-de-Especializa\u00e7ao-em-Nova-F\u00edsica-e-Tecnologia-de-Motores-Ressonantes-O-Setor-El\u00e9t...-300x177.png 300w, https:\/\/www.keppemotor.com\/institucional\/wp-content\/uploads\/2022\/01\/Screenshot-2022-01-14-at-10-46-46-Curso-de-Especializa\u00e7ao-em-Nova-F\u00edsica-e-Tecnologia-de-Motores-Ressonantes-O-Setor-El\u00e9t...-1024x603.png 1024w, https:\/\/www.keppemotor.com\/institucional\/wp-content\/uploads\/2022\/01\/Screenshot-2022-01-14-at-10-46-46-Curso-de-Especializa\u00e7ao-em-Nova-F\u00edsica-e-Tecnologia-de-Motores-Ressonantes-O-Setor-El\u00e9t...-768x453.png 768w, https:\/\/www.keppemotor.com\/institucional\/wp-content\/uploads\/2022\/01\/Screenshot-2022-01-14-at-10-46-46-Curso-de-Especializa\u00e7ao-em-Nova-F\u00edsica-e-Tecnologia-de-Motores-Ressonantes-O-Setor-El\u00e9t...-940x554.png 940w, https:\/\/www.keppemotor.com\/institucional\/wp-content\/uploads\/2022\/01\/Screenshot-2022-01-14-at-10-46-46-Curso-de-Especializa\u00e7ao-em-Nova-F\u00edsica-e-Tecnologia-de-Motores-Ressonantes-O-Setor-El\u00e9t...-460x271.png 460w, https:\/\/www.keppemotor.com\/institucional\/wp-content\/uploads\/2022\/01\/Screenshot-2022-01-14-at-10-46-46-Curso-de-Especializa\u00e7ao-em-Nova-F\u00edsica-e-Tecnologia-de-Motores-Ressonantes-O-Setor-El\u00e9t...-600x354.png 600w, https:\/\/www.keppemotor.com\/institucional\/wp-content\/uploads\/2022\/01\/Screenshot-2022-01-14-at-10-46-46-Curso-de-Especializa\u00e7ao-em-Nova-F\u00edsica-e-Tecnologia-de-Motores-Ressonantes-O-Setor-El\u00e9t...-120x71.png 120w, https:\/\/www.keppemotor.com\/institucional\/wp-content\/uploads\/2022\/01\/Screenshot-2022-01-14-at-10-46-46-Curso-de-Especializa\u00e7ao-em-Nova-F\u00edsica-e-Tecnologia-de-Motores-Ressonantes-O-Setor-El\u00e9t...-680x401.png 680w\" sizes=\"(max-width: 1149px) 100vw, 1149px\" \/><\/a><\/p>\n<\/div>\n","protected":false},"excerpt":{"rendered":"<p>Publicado em 20\/10\/2020 por O Setor El\u00e9trico A FATRI \u2013 Faculdade Tril\u00f3gica Keppe &amp; Pacheco \u2013 acaba de lan\u00e7ar o \u00a0Curso de Especializa\u00e7ao em Nova F\u00edsica e Tecnologia de Motores Ressonantes\u00a0 \u2013 Keppe Motors (\u00caNFASE EM ALIMENTA\u00c7\u00c3O FOTOVOLTAICA). Este Curso oferece, a todos os interessados, a oportunidade de conhecer a mais nova Tecnologia de motores [&hellip;]<\/p>\n","protected":false},"author":2,"featured_media":0,"parent":0,"menu_order":0,"comment_status":"0","ping_status":"closed","template":"","meta":{"_exactmetrics_skip_tracking":false,"_exactmetrics_sitenote_active":false,"_exactmetrics_sitenote_note":"","_exactmetrics_sitenote_category":0,"footnotes":""},"class_list":["post-4687","page","type-page","status-publish","hentry"],"yoast_head":"<!-- This site is optimized with the Yoast SEO plugin v27.4 - https:\/\/yoast.com\/product\/yoast-seo-wordpress\/ -->\n<title>Revista O Setor El\u00e9trico: Curso de Especializa\u00e7\u00e3o em Nova F\u00edsica e Tecnologia de Motores Ressonantes - Keppe Motor - Tecnologia para um Novo Mundo<\/title>\n<meta name=\"robots\" content=\"index, follow, max-snippet:-1, max-image-preview:large, max-video-preview:-1\" \/>\n<link rel=\"canonical\" href=\"https:\/\/www.keppemotor.com\/institucional\/curso-de-especializacao-em-nova-fisica-e-tecnologia-de-motores-ressonantes\/\" \/>\n<meta property=\"og:locale\" content=\"pt_BR\" \/>\n<meta property=\"og:type\" content=\"article\" \/>\n<meta property=\"og:title\" content=\"Revista O Setor El\u00e9trico: Curso de Especializa\u00e7\u00e3o em Nova F\u00edsica e Tecnologia de Motores Ressonantes - Keppe Motor - Tecnologia para um Novo Mundo\" \/>\n<meta property=\"og:description\" content=\"Publicado em 20\/10\/2020 por O Setor El\u00e9trico A FATRI \u2013 Faculdade Tril\u00f3gica Keppe &amp; Pacheco \u2013 acaba de lan\u00e7ar o \u00a0Curso de Especializa\u00e7ao em Nova F\u00edsica e Tecnologia de Motores Ressonantes\u00a0 \u2013 Keppe Motors (\u00caNFASE EM ALIMENTA\u00c7\u00c3O FOTOVOLTAICA). Este Curso oferece, a todos os interessados, a oportunidade de conhecer a mais nova Tecnologia de motores [&hellip;]\" \/>\n<meta property=\"og:url\" content=\"https:\/\/www.keppemotor.com\/institucional\/curso-de-especializacao-em-nova-fisica-e-tecnologia-de-motores-ressonantes\/\" \/>\n<meta property=\"og:site_name\" content=\"Keppe Motor - Tecnologia para um Novo Mundo\" \/>\n<meta property=\"article:modified_time\" content=\"2022-01-14T13:51:05+00:00\" \/>\n<meta property=\"og:image\" content=\"https:\/\/www.keppemotor.com\/institucional\/wp-content\/uploads\/2022\/01\/Screenshot-2022-01-14-at-10-46-46-Curso-de-Especializa\u00e7ao-em-Nova-F\u00edsica-e-Tecnologia-de-Motores-Ressonantes-O-Setor-El\u00e9t....png\" \/>\n<meta name=\"twitter:label1\" content=\"Est. tempo de leitura\" \/>\n\t<meta name=\"twitter:data1\" content=\"1 minuto\" \/>\n<script type=\"application\/ld+json\" class=\"yoast-schema-graph\">{\"@context\":\"https:\\\/\\\/schema.org\",\"@graph\":[{\"@type\":\"WebPage\",\"@id\":\"https:\\\/\\\/www.keppemotor.com\\\/institucional\\\/curso-de-especializacao-em-nova-fisica-e-tecnologia-de-motores-ressonantes\\\/\",\"url\":\"https:\\\/\\\/www.keppemotor.com\\\/institucional\\\/curso-de-especializacao-em-nova-fisica-e-tecnologia-de-motores-ressonantes\\\/\",\"name\":\"Revista O Setor El\u00e9trico: Curso de Especializa\u00e7\u00e3o em Nova F\u00edsica e Tecnologia de Motores Ressonantes - Keppe Motor - Tecnologia para um Novo Mundo\",\"isPartOf\":{\"@id\":\"https:\\\/\\\/www.keppemotor.com\\\/institucional\\\/#website\"},\"datePublished\":\"2020-03-17T17:16:08+00:00\",\"dateModified\":\"2022-01-14T13:51:05+00:00\",\"breadcrumb\":{\"@id\":\"https:\\\/\\\/www.keppemotor.com\\\/institucional\\\/curso-de-especializacao-em-nova-fisica-e-tecnologia-de-motores-ressonantes\\\/#breadcrumb\"},\"inLanguage\":\"pt-BR\",\"potentialAction\":[{\"@type\":\"ReadAction\",\"target\":[\"https:\\\/\\\/www.keppemotor.com\\\/institucional\\\/curso-de-especializacao-em-nova-fisica-e-tecnologia-de-motores-ressonantes\\\/\"]}]},{\"@type\":\"BreadcrumbList\",\"@id\":\"https:\\\/\\\/www.keppemotor.com\\\/institucional\\\/curso-de-especializacao-em-nova-fisica-e-tecnologia-de-motores-ressonantes\\\/#breadcrumb\",\"itemListElement\":[{\"@type\":\"ListItem\",\"position\":1,\"name\":\"In\u00edcio\",\"item\":\"https:\\\/\\\/www.keppemotor.com\\\/institucional\\\/\"},{\"@type\":\"ListItem\",\"position\":2,\"name\":\"Revista O Setor El\u00e9trico: Curso de Especializa\u00e7\u00e3o em Nova F\u00edsica e Tecnologia de Motores Ressonantes\"}]},{\"@type\":\"WebSite\",\"@id\":\"https:\\\/\\\/www.keppemotor.com\\\/institucional\\\/#website\",\"url\":\"https:\\\/\\\/www.keppemotor.com\\\/institucional\\\/\",\"name\":\"Keppe Motor - Tecnologia para um Novo Mundo\",\"description\":\"\",\"publisher\":{\"@id\":\"https:\\\/\\\/www.keppemotor.com\\\/institucional\\\/#organization\"},\"potentialAction\":[{\"@type\":\"SearchAction\",\"target\":{\"@type\":\"EntryPoint\",\"urlTemplate\":\"https:\\\/\\\/www.keppemotor.com\\\/institucional\\\/?s={search_term_string}\"},\"query-input\":{\"@type\":\"PropertyValueSpecification\",\"valueRequired\":true,\"valueName\":\"search_term_string\"}}],\"inLanguage\":\"pt-BR\"},{\"@type\":\"Organization\",\"@id\":\"https:\\\/\\\/www.keppemotor.com\\\/institucional\\\/#organization\",\"name\":\"Keppe Motor - Tecnologia para um Novo Mundo\",\"url\":\"https:\\\/\\\/www.keppemotor.com\\\/institucional\\\/\",\"logo\":{\"@type\":\"ImageObject\",\"inLanguage\":\"pt-BR\",\"@id\":\"https:\\\/\\\/www.keppemotor.com\\\/institucional\\\/#\\\/schema\\\/logo\\\/image\\\/\",\"url\":\"https:\\\/\\\/www.keppemotor.com\\\/institucional\\\/wp-content\\\/uploads\\\/2014\\\/11\\\/cropped-keppemotor-logo-header-5.png\",\"contentUrl\":\"https:\\\/\\\/www.keppemotor.com\\\/institucional\\\/wp-content\\\/uploads\\\/2014\\\/11\\\/cropped-keppemotor-logo-header-5.png\",\"width\":300,\"height\":101,\"caption\":\"Keppe Motor - Tecnologia para um Novo Mundo\"},\"image\":{\"@id\":\"https:\\\/\\\/www.keppemotor.com\\\/institucional\\\/#\\\/schema\\\/logo\\\/image\\\/\"}}]}<\/script>\n<!-- \/ Yoast SEO plugin. -->","yoast_head_json":{"title":"Revista O Setor El\u00e9trico: Curso de Especializa\u00e7\u00e3o em Nova F\u00edsica e Tecnologia de Motores Ressonantes - Keppe Motor - Tecnologia para um Novo Mundo","robots":{"index":"index","follow":"follow","max-snippet":"max-snippet:-1","max-image-preview":"max-image-preview:large","max-video-preview":"max-video-preview:-1"},"canonical":"https:\/\/www.keppemotor.com\/institucional\/curso-de-especializacao-em-nova-fisica-e-tecnologia-de-motores-ressonantes\/","og_locale":"pt_BR","og_type":"article","og_title":"Revista O Setor El\u00e9trico: Curso de Especializa\u00e7\u00e3o em Nova F\u00edsica e Tecnologia de Motores Ressonantes - Keppe Motor - Tecnologia para um Novo Mundo","og_description":"Publicado em 20\/10\/2020 por O Setor El\u00e9trico A FATRI \u2013 Faculdade Tril\u00f3gica Keppe &amp; Pacheco \u2013 acaba de lan\u00e7ar o \u00a0Curso de Especializa\u00e7ao em Nova F\u00edsica e Tecnologia de Motores Ressonantes\u00a0 \u2013 Keppe Motors (\u00caNFASE EM ALIMENTA\u00c7\u00c3O FOTOVOLTAICA). Este Curso oferece, a todos os interessados, a oportunidade de conhecer a mais nova Tecnologia de motores [&hellip;]","og_url":"https:\/\/www.keppemotor.com\/institucional\/curso-de-especializacao-em-nova-fisica-e-tecnologia-de-motores-ressonantes\/","og_site_name":"Keppe Motor - Tecnologia para um Novo Mundo","article_modified_time":"2022-01-14T13:51:05+00:00","og_image":[{"url":"https:\/\/www.keppemotor.com\/institucional\/wp-content\/uploads\/2022\/01\/Screenshot-2022-01-14-at-10-46-46-Curso-de-Especializa\u00e7ao-em-Nova-F\u00edsica-e-Tecnologia-de-Motores-Ressonantes-O-Setor-El\u00e9t....png","type":"","width":"","height":""}],"twitter_misc":{"Est. tempo de leitura":"1 minuto"},"schema":{"@context":"https:\/\/schema.org","@graph":[{"@type":"WebPage","@id":"https:\/\/www.keppemotor.com\/institucional\/curso-de-especializacao-em-nova-fisica-e-tecnologia-de-motores-ressonantes\/","url":"https:\/\/www.keppemotor.com\/institucional\/curso-de-especializacao-em-nova-fisica-e-tecnologia-de-motores-ressonantes\/","name":"Revista O Setor El\u00e9trico: Curso de Especializa\u00e7\u00e3o em Nova F\u00edsica e Tecnologia de Motores Ressonantes - Keppe Motor - Tecnologia para um Novo Mundo","isPartOf":{"@id":"https:\/\/www.keppemotor.com\/institucional\/#website"},"datePublished":"2020-03-17T17:16:08+00:00","dateModified":"2022-01-14T13:51:05+00:00","breadcrumb":{"@id":"https:\/\/www.keppemotor.com\/institucional\/curso-de-especializacao-em-nova-fisica-e-tecnologia-de-motores-ressonantes\/#breadcrumb"},"inLanguage":"pt-BR","potentialAction":[{"@type":"ReadAction","target":["https:\/\/www.keppemotor.com\/institucional\/curso-de-especializacao-em-nova-fisica-e-tecnologia-de-motores-ressonantes\/"]}]},{"@type":"BreadcrumbList","@id":"https:\/\/www.keppemotor.com\/institucional\/curso-de-especializacao-em-nova-fisica-e-tecnologia-de-motores-ressonantes\/#breadcrumb","itemListElement":[{"@type":"ListItem","position":1,"name":"In\u00edcio","item":"https:\/\/www.keppemotor.com\/institucional\/"},{"@type":"ListItem","position":2,"name":"Revista O Setor El\u00e9trico: Curso de Especializa\u00e7\u00e3o em Nova F\u00edsica e Tecnologia de Motores Ressonantes"}]},{"@type":"WebSite","@id":"https:\/\/www.keppemotor.com\/institucional\/#website","url":"https:\/\/www.keppemotor.com\/institucional\/","name":"Keppe Motor - Tecnologia para um Novo Mundo","description":"","publisher":{"@id":"https:\/\/www.keppemotor.com\/institucional\/#organization"},"potentialAction":[{"@type":"SearchAction","target":{"@type":"EntryPoint","urlTemplate":"https:\/\/www.keppemotor.com\/institucional\/?s={search_term_string}"},"query-input":{"@type":"PropertyValueSpecification","valueRequired":true,"valueName":"search_term_string"}}],"inLanguage":"pt-BR"},{"@type":"Organization","@id":"https:\/\/www.keppemotor.com\/institucional\/#organization","name":"Keppe Motor - Tecnologia para um Novo Mundo","url":"https:\/\/www.keppemotor.com\/institucional\/","logo":{"@type":"ImageObject","inLanguage":"pt-BR","@id":"https:\/\/www.keppemotor.com\/institucional\/#\/schema\/logo\/image\/","url":"https:\/\/www.keppemotor.com\/institucional\/wp-content\/uploads\/2014\/11\/cropped-keppemotor-logo-header-5.png","contentUrl":"https:\/\/www.keppemotor.com\/institucional\/wp-content\/uploads\/2014\/11\/cropped-keppemotor-logo-header-5.png","width":300,"height":101,"caption":"Keppe Motor - Tecnologia para um Novo Mundo"},"image":{"@id":"https:\/\/www.keppemotor.com\/institucional\/#\/schema\/logo\/image\/"}}]}},"_links":{"self":[{"href":"https:\/\/www.keppemotor.com\/institucional\/wp-json\/wp\/v2\/pages\/4687","targetHints":{"allow":["GET"]}}],"collection":[{"href":"https:\/\/www.keppemotor.com\/institucional\/wp-json\/wp\/v2\/pages"}],"about":[{"href":"https:\/\/www.keppemotor.com\/institucional\/wp-json\/wp\/v2\/types\/page"}],"author":[{"embeddable":true,"href":"https:\/\/www.keppemotor.com\/institucional\/wp-json\/wp\/v2\/users\/2"}],"replies":[{"embeddable":true,"href":"https:\/\/www.keppemotor.com\/institucional\/wp-json\/wp\/v2\/comments?post=4687"}],"version-history":[{"count":0,"href":"https:\/\/www.keppemotor.com\/institucional\/wp-json\/wp\/v2\/pages\/4687\/revisions"}],"wp:attachment":[{"href":"https:\/\/www.keppemotor.com\/institucional\/wp-json\/wp\/v2\/media?parent=4687"}],"curies":[{"name":"wp","href":"https:\/\/api.w.org\/{rel}","templated":true}]}}