{"id":508,"date":"2014-10-31T20:02:27","date_gmt":"2014-10-31T20:02:27","guid":{"rendered":"http:\/\/www.keppemotor.com\/institucional\/?page_id=508"},"modified":"2025-07-19T17:21:19","modified_gmt":"2025-07-19T17:21:19","slug":"o-que-e-o-keppe-motor","status":"publish","type":"page","link":"https:\/\/www.keppemotor.com\/institucional\/o-que-e-o-keppe-motor\/","title":{"rendered":"O que \u00e9 o Keppe Motor?"},"content":{"rendered":"\t\t<div data-elementor-type=\"wp-page\" data-elementor-id=\"508\" class=\"elementor elementor-508\" data-elementor-post-type=\"page\">\n\t\t\t\t<div class=\"elementor-element elementor-element-c883fde e-flex e-con-boxed e-con e-parent\" data-id=\"c883fde\" data-element_type=\"container\" data-e-type=\"container\">\n\t\t\t\t\t<div class=\"e-con-inner\">\n\t\t\t\t<div class=\"elementor-element elementor-element-67698e0 elementor-widget elementor-widget-heading\" data-id=\"67698e0\" data-element_type=\"widget\" data-e-type=\"widget\" data-widget_type=\"heading.default\">\n\t\t\t\t<div class=\"elementor-widget-container\">\n\t\t\t\t\t<h1 class=\"elementor-heading-title elementor-size-default\">O que \u00e9 o Keppe Motor?<\/h1>\t\t\t\t<\/div>\n\t\t\t\t<\/div>\n\t\t\t\t<div class=\"elementor-element elementor-element-24ece48f elementor-widget elementor-widget-text-editor\" data-id=\"24ece48f\" data-element_type=\"widget\" data-e-type=\"widget\" data-widget_type=\"text-editor.default\">\n\t\t\t\t<div class=\"elementor-widget-container\">\n\t\t\t\t\t\t\t\t\t<h2><a href=\"http:\/\/www.keppemotor.com\/institucional\/wp-content\/uploads\/2014\/10\/banner-nova-fisica-1.png\"><img fetchpriority=\"high\" decoding=\"async\" class=\"alignnone wp-image-453 size-full\" src=\"http:\/\/www.keppemotor.com\/institucional\/wp-content\/uploads\/2014\/10\/banner-nova-fisica-1.png\" alt=\"banner-nova-fisica-1\" width=\"837\" height=\"291\" srcset=\"https:\/\/www.keppemotor.com\/institucional\/wp-content\/uploads\/2014\/10\/banner-nova-fisica-1.png 837w, https:\/\/www.keppemotor.com\/institucional\/wp-content\/uploads\/2014\/10\/banner-nova-fisica-1-300x104.png 300w, https:\/\/www.keppemotor.com\/institucional\/wp-content\/uploads\/2014\/10\/banner-nova-fisica-1-460x159.png 460w, https:\/\/www.keppemotor.com\/institucional\/wp-content\/uploads\/2014\/10\/banner-nova-fisica-1-600x208.png 600w, https:\/\/www.keppemotor.com\/institucional\/wp-content\/uploads\/2014\/10\/banner-nova-fisica-1-120x41.png 120w, https:\/\/www.keppemotor.com\/institucional\/wp-content\/uploads\/2014\/10\/banner-nova-fisica-1-680x236.png 680w\" sizes=\"(max-width: 837px) 100vw, 837px\" \/><\/a><\/h2><p>O Keppe Motor recebe este nome em homenagem ao cientista austro brasileiro <a href=\"http:\/\/www.keppemotor.com\/institucional\/sobre-norberto-keppe\/\">Norberto Keppe<\/a>, autor do livro <a href=\"http:\/\/www.livrariaproton.com.br\/produto\/a-nova-fisica-da-metafisica-desinvertida\/\"><em>A Nova F\u00edsica da Metaf\u00edsica Desinvertida<\/em><\/a> (1996), que orientou os passos dos pesquisadores <a href=\"http:\/\/www.keppemotor.com\/institucional\/carlos-cesar-soos\/\">Cesar So\u00f3s<\/a>,\u00a0<a href=\"http:\/\/www.keppemotor.com\/institucional\/roberto-heitor-frascari\/\">Roberto<\/a>\u00a0e\u00a0<a href=\"http:\/\/www.keppemotor.com\/institucional\/alexandre-frascari-2\/\">Alexandre Frascari<\/a> na elabora\u00e7\u00e3o e montagem do primeiro modelo conceitual e funcional em 2008. Este primeiro motor atingiu uma efici\u00eancia sem precedentes, porque funcionava pelo princ\u00edpio da resson\u00e2ncia eletromagnetomec\u00e2nica, permitindo-lhe captar parte da energia que Nikola Tesla denominou de Energia Escalar e Keppe, de Energia Escalar Essencial (E.E.E.) ou divina.<\/p><p>Diferentemente dos motores AC (Corrente Alternada) e DC (Corrente Cont\u00ednua), o Keppe Motor \u00e9 um motor RC (Corrente Ressonante) e, por isso, inaugura uma nova classifica\u00e7\u00e3o de motores el\u00e9tricos.<\/p><p>A tecnologia de motores ressonantes Keppe Motor n\u00e3o prev\u00ea limites de desenvolvimento e, em princ\u00edpio, pode substituir praticamente qualquer tipo de motor, desde que devidamente dimensionado. Al\u00e9m disso, por ser ressonante e mais eficiente, o Keppe Motor est\u00e1 mais de acordo com o meio ambiente e \u00e9 ideal para uso combinado com pain\u00e9is fotovoltaicos, uma vez que n\u00e3o necessita de inversores.<\/p>\t\t\t\t\t\t\t\t<\/div>\n\t\t\t\t<\/div>\n\t\t\t\t<div class=\"elementor-element elementor-element-aedef50 elementor-widget elementor-widget-menu-anchor\" data-id=\"aedef50\" data-element_type=\"widget\" data-e-type=\"widget\" data-widget_type=\"menu-anchor.default\">\n\t\t\t\t<div class=\"elementor-widget-container\">\n\t\t\t\t\t\t\t<div class=\"elementor-menu-anchor\" id=\"importancia\"><\/div>\n\t\t\t\t\t\t<\/div>\n\t\t\t\t<\/div>\n\t\t\t\t<div class=\"elementor-element elementor-element-631db61 elementor-widget elementor-widget-heading\" data-id=\"631db61\" data-element_type=\"widget\" data-e-type=\"widget\" data-widget_type=\"heading.default\">\n\t\t\t\t<div class=\"elementor-widget-container\">\n\t\t\t\t\t<h2 class=\"elementor-heading-title elementor-size-default\">Qual \u00e9 a Import\u00e2ncia do Keppe Motor?<\/h2>\t\t\t\t<\/div>\n\t\t\t\t<\/div>\n\t\t\t\t<div class=\"elementor-element elementor-element-681c082 elementor-widget elementor-widget-text-editor\" data-id=\"681c082\" data-element_type=\"widget\" data-e-type=\"widget\" data-widget_type=\"text-editor.default\">\n\t\t\t\t<div class=\"elementor-widget-container\">\n\t\t\t\t\t\t\t\t\t<p>As mudan\u00e7as clim\u00e1ticas j\u00e1 s\u00e3o evidentes e isso nos faz mais conscientes sobre a import\u00e2ncia de encontrarmos fontes de energia mais eficientes e sustent\u00e1veis. Num futuro muito pr\u00f3ximo, somente os motores de alto desempenho poder\u00e3o ser comercializados, a fim de cumprir os regulamentos e acordos que j\u00e1 est\u00e3o sendo implementados por governos de muitos pa\u00edses.<\/p><p>Num cen\u00e1rio em que os motores el\u00e9tricos e seus sistemas de acionamento consomem quase metade de toda a energia produzida no planeta, o Keppe Motor surge como uma alternativa de peso \u00e0s demandas destes novos padr\u00f5es globais, pois, em alguns casos, pode chegar at\u00e9 90% de economia de energia em rela\u00e7\u00e3o aos motores equivalentes.<\/p><p>O benef\u00edcio trazido para o meio ambiente e a economia das na\u00e7\u00f5es por uma tecnologia assim, \u00e9 evidente. Os motores el\u00e9tricos de baixa pot\u00eancia s\u00e3o os mais utilizados pois acionam eletrodom\u00e9sticos, ferramentas el\u00e9tricas, bombas hidr\u00e1ulicas, sistemas de refrigera\u00e7\u00e3o dom\u00e9stica etc. Eles somam dezenas de bilh\u00f5es em todo o mundo e est\u00e3o diretamente vinculados ao desenvolvimento de um pa\u00eds ou regi\u00e3o, pois com o aumento do poder aquisitivo das fam\u00edlias, mais motores s\u00e3o proporcionalmente adquiridos.<\/p><p>O Keppe Motor representa a melhor op\u00e7\u00e3o para os governos que t\u00eam que garantir energia el\u00e9trica para suas popula\u00e7\u00f5es em desenvolvimento.<\/p><p>Al\u00e9m disso, o consumo reduzido do Keppe Motor permite sua utiliza\u00e7\u00e3o em pequenos sistemas de bombeamento de \u00e1gua e refrigera\u00e7\u00e3o, quando conjugado a um sistema de baterias e placas fotovoltaicas em regi\u00f5es remotas onde o sol \u00e9 abundante e a rede p\u00fablica se faz ausente. In\u00fameros projetos de sistemas autossustent\u00e1veis com energia solar poderiam ser implementados pelos governos com o Keppe Motor, levando mais conforto e dignidade \u00e0s popula\u00e7\u00f5es mais carentes do mundo todo.<\/p><p>O impacto do uso da tecnologia Keppe Motor no consumo de energia \u00e9 impressionante. Vejamos este exemplo real:<\/p><p>Um ventilador de teto embarcando Keppe Motor foi produzido industrialmente na China em 2015. O INMETRO certificou este produto no Brasil com 28,5W de consumo na m\u00e1xima velocidade (400rpm). A m\u00e9dia dos quase 500 modelos de ventiladores de teto convencionais utilizados no Brasil era de 130W para o mesmo fluxo de ar.<\/p><p>Sabemos ainda que s\u00e3o comercializados anualmente cerca de 3 milh\u00f5es de novos ventiladores de teto de uso residencial e comercial. Se todos estes ventiladores utilizassem a tecnologia Keppe Motor no per\u00edodo de 1 ano a economia de energia o seguinte:<\/p><p>\u00a0<\/p><ul><li><p><b>BRASIL:<\/b> 20 milh\u00f5es ventiladores de todos os tipos \/ ano<\/p><\/li><li><p>Ventiladores de teto = 3 milh\u00f5es\/ano<\/p><\/li><li><p>Horas de uso: 8 horas\/dia, 6 meses\/ano<\/p><\/li><li><p>Economia gerada por 1 KEPPE MOTOR = 130 &#8211; 28,5 = <b>101,5W<\/b><\/p><\/li><li><p>Economia gerada por 3 milh\u00f5es de KEPPE MOTORS:<\/p><\/li><\/ul><p>3.000.000 x 101,5W x 8h x 180 dias =<\/p><p>= 438.480.000.000 \u2248 438,5 bilh\u00f5es Wh\/ano =<\/p><p>= 37.000.000 kWh\/m\u00eas = <b>37 GWh\/m\u00eas<\/b><\/p><ul><li><p>Sabendo que a produ\u00e7\u00e3o de energia de 1 Turbina de ITAIPU em 2.014 = 522 GWh\/m\u00eas <span style=\"color: #44546a;\"><span style=\"font-size: xx-small;\"><i><b>(<\/b><\/i><\/span><\/span><span style=\"color: #0563c1;\"><u><a href=\"https:\/\/www.itaipu.gov.br\/energia\/geracao\"><span style=\"color: #44546a;\"><span style=\"font-size: xx-small;\"><i><b>https:\/\/www.itaipu.gov.br\/energia\/geracao<\/b><\/i><\/span><\/span><\/a><\/u><\/span><span style=\"color: #44546a;\"><span style=\"font-size: xx-small;\"><i><b>) <\/b><\/i><\/span><\/span><\/p><\/li><li><p>Economia com KEPPE MOTOR = 37 GWh\/m\u00eas<\/p><\/li><li><p>Economia para o pa\u00eds = 37\/522 \u2248 <b>7% de 1 turbina de ITAIPU<\/b><\/p><\/li><li><p>De acordo com o mesmo site, \u201cA energia produzida por uma turbina \u2013 700 MW \u2013 seria suficiente para suprir o consumo m\u00e9dio atual de energia de 2,5 milh\u00f5es de fam\u00edlias no Brasil\u201d.<\/p><\/li><li><p><b>Portanto, 7% corresponderiam a 175 mil fam\u00edlias brasileiras sendo supridas com energia el\u00e9trica se APENAS ventiladores novos de teto convencionais fossem substitu\u00eddos por Keppe Motors.<\/b><\/p><\/li><\/ul>\t\t\t\t\t\t\t\t<\/div>\n\t\t\t\t<\/div>\n\t\t\t\t<div class=\"elementor-element elementor-element-590bdee elementor-widget elementor-widget-spacer\" data-id=\"590bdee\" data-element_type=\"widget\" data-e-type=\"widget\" data-widget_type=\"spacer.default\">\n\t\t\t\t<div class=\"elementor-widget-container\">\n\t\t\t\t\t\t\t<div class=\"elementor-spacer\">\n\t\t\t<div class=\"elementor-spacer-inner\"><\/div>\n\t\t<\/div>\n\t\t\t\t\t\t<\/div>\n\t\t\t\t<\/div>\n\t\t\t\t\t<\/div>\n\t\t\t\t<\/div>\n\t\t\t\t<\/div>\n\t\t","protected":false},"excerpt":{"rendered":"<p>O que \u00e9 o Keppe Motor? O Keppe Motor recebe este nome em homenagem ao cientista austro brasileiro Norberto Keppe, autor do livro A Nova F\u00edsica da Metaf\u00edsica Desinvertida (1996), que orientou os passos dos pesquisadores Cesar So\u00f3s,\u00a0Roberto\u00a0e\u00a0Alexandre Frascari na elabora\u00e7\u00e3o e montagem do primeiro modelo conceitual e funcional em 2008. Este primeiro motor atingiu [&hellip;]<\/p>\n","protected":false},"author":2,"featured_media":0,"parent":0,"menu_order":0,"comment_status":"closed","ping_status":"open","template":"elementor_header_footer","meta":{"_exactmetrics_skip_tracking":false,"_exactmetrics_sitenote_active":false,"_exactmetrics_sitenote_note":"","_exactmetrics_sitenote_category":0,"footnotes":""},"class_list":["post-508","page","type-page","status-publish","hentry"],"yoast_head":"<!-- This site is optimized with the Yoast SEO plugin v27.5 - https:\/\/yoast.com\/product\/yoast-seo-wordpress\/ -->\n<title>O que \u00e9 o Keppe Motor?<\/title>\n<meta name=\"description\" content=\"O Keppe Motor foi baseado no livro de Keppe A Nova F\u00edsica da Metaf\u00edsica Desinvertida que orientou os passos dos pesquisadores C\u00e9sar So\u00f3s e Roberto e Alexandre Frascari na montagem do aparelho \u2013 um motor mais eficiente e utiliza quantidade \u00ednfima de energia, porque funciona pela capta\u00e7\u00e3o da energia que Nikola Tesla denominou de escalar e Keppe chamou de essencial ou divina.\" \/>\n<meta name=\"robots\" content=\"index, follow, max-snippet:-1, max-image-preview:large, max-video-preview:-1\" \/>\n<link rel=\"canonical\" href=\"https:\/\/www.keppemotor.com\/institucional\/o-que-e-o-keppe-motor\/\" \/>\n<meta property=\"og:locale\" content=\"pt_BR\" \/>\n<meta property=\"og:type\" content=\"article\" \/>\n<meta property=\"og:title\" content=\"O que \u00e9 o Keppe Motor?\" \/>\n<meta property=\"og:description\" content=\"O Keppe Motor foi baseado no livro de Keppe A Nova F\u00edsica da Metaf\u00edsica Desinvertida que orientou os passos dos pesquisadores C\u00e9sar So\u00f3s e Roberto e Alexandre Frascari na montagem do aparelho \u2013 um motor mais eficiente e utiliza quantidade \u00ednfima de energia, porque funciona pela capta\u00e7\u00e3o da energia que Nikola Tesla denominou de escalar e Keppe chamou de essencial ou divina.\" \/>\n<meta property=\"og:url\" content=\"https:\/\/www.keppemotor.com\/institucional\/o-que-e-o-keppe-motor\/\" \/>\n<meta property=\"og:site_name\" content=\"Keppe Motor - Tecnologia para um Novo Mundo\" \/>\n<meta property=\"article:modified_time\" content=\"2025-07-19T17:21:19+00:00\" \/>\n<meta property=\"og:image\" content=\"https:\/\/www.keppemotor.com\/institucional\/wp-content\/uploads\/2014\/10\/banner-nova-fisica-1.png\" \/>\n\t<meta property=\"og:image:width\" content=\"837\" \/>\n\t<meta property=\"og:image:height\" content=\"291\" \/>\n\t<meta property=\"og:image:type\" content=\"image\/png\" \/>\n<meta name=\"twitter:label1\" content=\"Est. tempo de leitura\" \/>\n\t<meta name=\"twitter:data1\" content=\"5 minutos\" \/>\n<script type=\"application\/ld+json\" class=\"yoast-schema-graph\">{\"@context\":\"https:\\\/\\\/schema.org\",\"@graph\":[{\"@type\":\"WebPage\",\"@id\":\"https:\\\/\\\/www.keppemotor.com\\\/institucional\\\/o-que-e-o-keppe-motor\\\/\",\"url\":\"https:\\\/\\\/www.keppemotor.com\\\/institucional\\\/o-que-e-o-keppe-motor\\\/\",\"name\":\"O que \u00e9 o Keppe Motor?\",\"isPartOf\":{\"@id\":\"https:\\\/\\\/www.keppemotor.com\\\/institucional\\\/#website\"},\"primaryImageOfPage\":{\"@id\":\"https:\\\/\\\/www.keppemotor.com\\\/institucional\\\/o-que-e-o-keppe-motor\\\/#primaryimage\"},\"image\":{\"@id\":\"https:\\\/\\\/www.keppemotor.com\\\/institucional\\\/o-que-e-o-keppe-motor\\\/#primaryimage\"},\"thumbnailUrl\":\"http:\\\/\\\/www.keppemotor.com\\\/institucional\\\/wp-content\\\/uploads\\\/2014\\\/10\\\/banner-nova-fisica-1.png\",\"datePublished\":\"2014-10-31T20:02:27+00:00\",\"dateModified\":\"2025-07-19T17:21:19+00:00\",\"description\":\"O Keppe Motor foi baseado no livro de Keppe A Nova F\u00edsica da Metaf\u00edsica Desinvertida que orientou os passos dos pesquisadores C\u00e9sar So\u00f3s e Roberto e Alexandre Frascari na montagem do aparelho \u2013 um motor mais eficiente e utiliza quantidade \u00ednfima de energia, porque funciona pela capta\u00e7\u00e3o da energia que Nikola Tesla denominou de escalar e Keppe chamou de essencial ou divina.\",\"breadcrumb\":{\"@id\":\"https:\\\/\\\/www.keppemotor.com\\\/institucional\\\/o-que-e-o-keppe-motor\\\/#breadcrumb\"},\"inLanguage\":\"pt-BR\",\"potentialAction\":[{\"@type\":\"ReadAction\",\"target\":[\"https:\\\/\\\/www.keppemotor.com\\\/institucional\\\/o-que-e-o-keppe-motor\\\/\"]}]},{\"@type\":\"ImageObject\",\"inLanguage\":\"pt-BR\",\"@id\":\"https:\\\/\\\/www.keppemotor.com\\\/institucional\\\/o-que-e-o-keppe-motor\\\/#primaryimage\",\"url\":\"http:\\\/\\\/www.keppemotor.com\\\/institucional\\\/wp-content\\\/uploads\\\/2014\\\/10\\\/banner-nova-fisica-1.png\",\"contentUrl\":\"http:\\\/\\\/www.keppemotor.com\\\/institucional\\\/wp-content\\\/uploads\\\/2014\\\/10\\\/banner-nova-fisica-1.png\"},{\"@type\":\"BreadcrumbList\",\"@id\":\"https:\\\/\\\/www.keppemotor.com\\\/institucional\\\/o-que-e-o-keppe-motor\\\/#breadcrumb\",\"itemListElement\":[{\"@type\":\"ListItem\",\"position\":1,\"name\":\"In\u00edcio\",\"item\":\"https:\\\/\\\/www.keppemotor.com\\\/institucional\\\/\"},{\"@type\":\"ListItem\",\"position\":2,\"name\":\"O que \u00e9 o Keppe Motor?\"}]},{\"@type\":\"WebSite\",\"@id\":\"https:\\\/\\\/www.keppemotor.com\\\/institucional\\\/#website\",\"url\":\"https:\\\/\\\/www.keppemotor.com\\\/institucional\\\/\",\"name\":\"Keppe Motor - Tecnologia para um Novo Mundo\",\"description\":\"\",\"publisher\":{\"@id\":\"https:\\\/\\\/www.keppemotor.com\\\/institucional\\\/#organization\"},\"potentialAction\":[{\"@type\":\"SearchAction\",\"target\":{\"@type\":\"EntryPoint\",\"urlTemplate\":\"https:\\\/\\\/www.keppemotor.com\\\/institucional\\\/?s={search_term_string}\"},\"query-input\":{\"@type\":\"PropertyValueSpecification\",\"valueRequired\":true,\"valueName\":\"search_term_string\"}}],\"inLanguage\":\"pt-BR\"},{\"@type\":\"Organization\",\"@id\":\"https:\\\/\\\/www.keppemotor.com\\\/institucional\\\/#organization\",\"name\":\"Keppe Motor - Tecnologia para um Novo Mundo\",\"url\":\"https:\\\/\\\/www.keppemotor.com\\\/institucional\\\/\",\"logo\":{\"@type\":\"ImageObject\",\"inLanguage\":\"pt-BR\",\"@id\":\"https:\\\/\\\/www.keppemotor.com\\\/institucional\\\/#\\\/schema\\\/logo\\\/image\\\/\",\"url\":\"https:\\\/\\\/www.keppemotor.com\\\/institucional\\\/wp-content\\\/uploads\\\/2014\\\/11\\\/cropped-keppemotor-logo-header-5.png\",\"contentUrl\":\"https:\\\/\\\/www.keppemotor.com\\\/institucional\\\/wp-content\\\/uploads\\\/2014\\\/11\\\/cropped-keppemotor-logo-header-5.png\",\"width\":300,\"height\":101,\"caption\":\"Keppe Motor - Tecnologia para um Novo Mundo\"},\"image\":{\"@id\":\"https:\\\/\\\/www.keppemotor.com\\\/institucional\\\/#\\\/schema\\\/logo\\\/image\\\/\"}}]}<\/script>\n<!-- \/ Yoast SEO plugin. -->","yoast_head_json":{"title":"O que \u00e9 o Keppe Motor?","description":"O Keppe Motor foi baseado no livro de Keppe A Nova F\u00edsica da Metaf\u00edsica Desinvertida que orientou os passos dos pesquisadores C\u00e9sar So\u00f3s e Roberto e Alexandre Frascari na montagem do aparelho \u2013 um motor mais eficiente e utiliza quantidade \u00ednfima de energia, porque funciona pela capta\u00e7\u00e3o da energia que Nikola Tesla denominou de escalar e Keppe chamou de essencial ou divina.","robots":{"index":"index","follow":"follow","max-snippet":"max-snippet:-1","max-image-preview":"max-image-preview:large","max-video-preview":"max-video-preview:-1"},"canonical":"https:\/\/www.keppemotor.com\/institucional\/o-que-e-o-keppe-motor\/","og_locale":"pt_BR","og_type":"article","og_title":"O que \u00e9 o Keppe Motor?","og_description":"O Keppe Motor foi baseado no livro de Keppe A Nova F\u00edsica da Metaf\u00edsica Desinvertida que orientou os passos dos pesquisadores C\u00e9sar So\u00f3s e Roberto e Alexandre Frascari na montagem do aparelho \u2013 um motor mais eficiente e utiliza quantidade \u00ednfima de energia, porque funciona pela capta\u00e7\u00e3o da energia que Nikola Tesla denominou de escalar e Keppe chamou de essencial ou divina.","og_url":"https:\/\/www.keppemotor.com\/institucional\/o-que-e-o-keppe-motor\/","og_site_name":"Keppe Motor - Tecnologia para um Novo Mundo","article_modified_time":"2025-07-19T17:21:19+00:00","og_image":[{"width":837,"height":291,"url":"https:\/\/www.keppemotor.com\/institucional\/wp-content\/uploads\/2014\/10\/banner-nova-fisica-1.png","type":"image\/png"}],"twitter_misc":{"Est. tempo de leitura":"5 minutos"},"schema":{"@context":"https:\/\/schema.org","@graph":[{"@type":"WebPage","@id":"https:\/\/www.keppemotor.com\/institucional\/o-que-e-o-keppe-motor\/","url":"https:\/\/www.keppemotor.com\/institucional\/o-que-e-o-keppe-motor\/","name":"O que \u00e9 o Keppe Motor?","isPartOf":{"@id":"https:\/\/www.keppemotor.com\/institucional\/#website"},"primaryImageOfPage":{"@id":"https:\/\/www.keppemotor.com\/institucional\/o-que-e-o-keppe-motor\/#primaryimage"},"image":{"@id":"https:\/\/www.keppemotor.com\/institucional\/o-que-e-o-keppe-motor\/#primaryimage"},"thumbnailUrl":"http:\/\/www.keppemotor.com\/institucional\/wp-content\/uploads\/2014\/10\/banner-nova-fisica-1.png","datePublished":"2014-10-31T20:02:27+00:00","dateModified":"2025-07-19T17:21:19+00:00","description":"O Keppe Motor foi baseado no livro de Keppe A Nova F\u00edsica da Metaf\u00edsica Desinvertida que orientou os passos dos pesquisadores C\u00e9sar So\u00f3s e Roberto e Alexandre Frascari na montagem do aparelho \u2013 um motor mais eficiente e utiliza quantidade \u00ednfima de energia, porque funciona pela capta\u00e7\u00e3o da energia que Nikola Tesla denominou de escalar e Keppe chamou de essencial ou divina.","breadcrumb":{"@id":"https:\/\/www.keppemotor.com\/institucional\/o-que-e-o-keppe-motor\/#breadcrumb"},"inLanguage":"pt-BR","potentialAction":[{"@type":"ReadAction","target":["https:\/\/www.keppemotor.com\/institucional\/o-que-e-o-keppe-motor\/"]}]},{"@type":"ImageObject","inLanguage":"pt-BR","@id":"https:\/\/www.keppemotor.com\/institucional\/o-que-e-o-keppe-motor\/#primaryimage","url":"http:\/\/www.keppemotor.com\/institucional\/wp-content\/uploads\/2014\/10\/banner-nova-fisica-1.png","contentUrl":"http:\/\/www.keppemotor.com\/institucional\/wp-content\/uploads\/2014\/10\/banner-nova-fisica-1.png"},{"@type":"BreadcrumbList","@id":"https:\/\/www.keppemotor.com\/institucional\/o-que-e-o-keppe-motor\/#breadcrumb","itemListElement":[{"@type":"ListItem","position":1,"name":"In\u00edcio","item":"https:\/\/www.keppemotor.com\/institucional\/"},{"@type":"ListItem","position":2,"name":"O que \u00e9 o Keppe Motor?"}]},{"@type":"WebSite","@id":"https:\/\/www.keppemotor.com\/institucional\/#website","url":"https:\/\/www.keppemotor.com\/institucional\/","name":"Keppe Motor - Tecnologia para um Novo Mundo","description":"","publisher":{"@id":"https:\/\/www.keppemotor.com\/institucional\/#organization"},"potentialAction":[{"@type":"SearchAction","target":{"@type":"EntryPoint","urlTemplate":"https:\/\/www.keppemotor.com\/institucional\/?s={search_term_string}"},"query-input":{"@type":"PropertyValueSpecification","valueRequired":true,"valueName":"search_term_string"}}],"inLanguage":"pt-BR"},{"@type":"Organization","@id":"https:\/\/www.keppemotor.com\/institucional\/#organization","name":"Keppe Motor - Tecnologia para um Novo Mundo","url":"https:\/\/www.keppemotor.com\/institucional\/","logo":{"@type":"ImageObject","inLanguage":"pt-BR","@id":"https:\/\/www.keppemotor.com\/institucional\/#\/schema\/logo\/image\/","url":"https:\/\/www.keppemotor.com\/institucional\/wp-content\/uploads\/2014\/11\/cropped-keppemotor-logo-header-5.png","contentUrl":"https:\/\/www.keppemotor.com\/institucional\/wp-content\/uploads\/2014\/11\/cropped-keppemotor-logo-header-5.png","width":300,"height":101,"caption":"Keppe Motor - Tecnologia para um Novo Mundo"},"image":{"@id":"https:\/\/www.keppemotor.com\/institucional\/#\/schema\/logo\/image\/"}}]}},"_links":{"self":[{"href":"https:\/\/www.keppemotor.com\/institucional\/wp-json\/wp\/v2\/pages\/508","targetHints":{"allow":["GET"]}}],"collection":[{"href":"https:\/\/www.keppemotor.com\/institucional\/wp-json\/wp\/v2\/pages"}],"about":[{"href":"https:\/\/www.keppemotor.com\/institucional\/wp-json\/wp\/v2\/types\/page"}],"author":[{"embeddable":true,"href":"https:\/\/www.keppemotor.com\/institucional\/wp-json\/wp\/v2\/users\/2"}],"replies":[{"embeddable":true,"href":"https:\/\/www.keppemotor.com\/institucional\/wp-json\/wp\/v2\/comments?post=508"}],"version-history":[{"count":19,"href":"https:\/\/www.keppemotor.com\/institucional\/wp-json\/wp\/v2\/pages\/508\/revisions"}],"predecessor-version":[{"id":8488,"href":"https:\/\/www.keppemotor.com\/institucional\/wp-json\/wp\/v2\/pages\/508\/revisions\/8488"}],"wp:attachment":[{"href":"https:\/\/www.keppemotor.com\/institucional\/wp-json\/wp\/v2\/media?parent=508"}],"curies":[{"name":"wp","href":"https:\/\/api.w.org\/{rel}","templated":true}]}}