{"id":541,"date":"2014-11-01T12:07:29","date_gmt":"2014-11-01T12:07:29","guid":{"rendered":"http:\/\/www.keppemotor.com\/institucional\/?page_id=541"},"modified":"2025-08-04T13:05:06","modified_gmt":"2025-08-04T13:05:06","slug":"a-nova-fisica","status":"publish","type":"page","link":"https:\/\/www.keppemotor.com\/institucional\/a-nova-fisica\/","title":{"rendered":"A CI\u00caNCIA DA ENERG\u00c9TICA: UMA NOVA F\u00cdSICA DESINVERTIDA"},"content":{"rendered":"\t\t<div data-elementor-type=\"wp-page\" data-elementor-id=\"541\" class=\"elementor elementor-541\" data-elementor-post-type=\"page\">\n\t\t\t\t<div class=\"elementor-element elementor-element-766f9009 e-flex e-con-boxed e-con e-parent\" data-id=\"766f9009\" data-element_type=\"container\" data-e-type=\"container\">\n\t\t\t\t\t<div class=\"e-con-inner\">\n\t\t\t\t<div class=\"elementor-element elementor-element-e40eda4 elementor-widget elementor-widget-spacer\" data-id=\"e40eda4\" data-element_type=\"widget\" data-e-type=\"widget\" data-widget_type=\"spacer.default\">\n\t\t\t\t<div class=\"elementor-widget-container\">\n\t\t\t\t\t\t\t<div class=\"elementor-spacer\">\n\t\t\t<div class=\"elementor-spacer-inner\"><\/div>\n\t\t<\/div>\n\t\t\t\t\t\t<\/div>\n\t\t\t\t<\/div>\n\t\t\t\t<div class=\"elementor-element elementor-element-a20a427 elementor-widget elementor-widget-heading\" data-id=\"a20a427\" data-element_type=\"widget\" data-e-type=\"widget\" data-widget_type=\"heading.default\">\n\t\t\t\t<div class=\"elementor-widget-container\">\n\t\t\t\t\t<h1 class=\"elementor-heading-title elementor-size-default\">A Ci\u00eancia da Energ\u00e9tica: Uma Nova F\u00edsica Desinvertida<\/h1>\t\t\t\t<\/div>\n\t\t\t\t<\/div>\n\t\t\t\t<div class=\"elementor-element elementor-element-fdf0e60 elementor-widget elementor-widget-spacer\" data-id=\"fdf0e60\" data-element_type=\"widget\" data-e-type=\"widget\" data-widget_type=\"spacer.default\">\n\t\t\t\t<div class=\"elementor-widget-container\">\n\t\t\t\t\t\t\t<div class=\"elementor-spacer\">\n\t\t\t<div class=\"elementor-spacer-inner\"><\/div>\n\t\t<\/div>\n\t\t\t\t\t\t<\/div>\n\t\t\t\t<\/div>\n\t\t\t\t<div class=\"elementor-element elementor-element-7c4db76f elementor-widget elementor-widget-text-editor\" data-id=\"7c4db76f\" data-element_type=\"widget\" data-e-type=\"widget\" data-widget_type=\"text-editor.default\">\n\t\t\t\t<div class=\"elementor-widget-container\">\n\t\t\t\t\t\t\t\t\t<h5><a href=\"http:\/\/www.keppemotor.com\/institucional\/wp-content\/uploads\/2014\/11\/banner-nova-fisica-3.png\"><img fetchpriority=\"high\" decoding=\"async\" class=\"wp-image-545 size-full aligncenter\" src=\"http:\/\/www.keppemotor.com\/institucional\/wp-content\/uploads\/2014\/11\/banner-nova-fisica-3.png\" alt=\"\" width=\"837\" height=\"291\" srcset=\"https:\/\/www.keppemotor.com\/institucional\/wp-content\/uploads\/2014\/11\/banner-nova-fisica-3.png 837w, https:\/\/www.keppemotor.com\/institucional\/wp-content\/uploads\/2014\/11\/banner-nova-fisica-3-300x104.png 300w, https:\/\/www.keppemotor.com\/institucional\/wp-content\/uploads\/2014\/11\/banner-nova-fisica-3-460x159.png 460w, https:\/\/www.keppemotor.com\/institucional\/wp-content\/uploads\/2014\/11\/banner-nova-fisica-3-600x208.png 600w, https:\/\/www.keppemotor.com\/institucional\/wp-content\/uploads\/2014\/11\/banner-nova-fisica-3-120x41.png 120w, https:\/\/www.keppemotor.com\/institucional\/wp-content\/uploads\/2014\/11\/banner-nova-fisica-3-680x236.png 680w\" sizes=\"(max-width: 837px) 100vw, 837px\" \/><\/a><\/h5><p>A f\u00edsica a partir do s\u00e9culo XX tem se apoiado em dois grandes pilares: a Teoria da Relatividade, de Albert Einstein, e a Teoria Qu\u00e2ntica de Planck, Einstein, Bohr, De Broglie, Schr\u00f6dinger, Heisenberg e outros.<\/p><p>Na primeira, massa e energia se relacionam conforme uma das mais famosas equa\u00e7\u00f5es da f\u00edsica, E=mc 2 . Na segunda, a energia deriva de part\u00edculas qu\u00e2nticas, com ou sem massa, por\u00e9m, de dimens\u00f5es infinitesimais. Como consequ\u00eancia, quando se pensa em energia, pensa-se primeiramente em algum elemento material (s\u00f3lido, l\u00edquido ou gasoso) do qual possamos extra\u00ed-la.<\/p><p>Partindo de estudos sobre as origens da filosofia e da ci\u00eancia na Gr\u00e9cia Antiga, Keppe aponta um erro que Arist\u00f3teles cometeu ao formular a Metaf\u00edsica, ci\u00eancia que serviria de base para todas as demais at\u00e9 nossos dias, principalmente para a f\u00edsica, que acabou sendo a mais prejudicada.<\/p><p>Sendo um cientista da \u00e1rea da psicopatologia, Keppe fez em 1977, sua maior descoberta, a INVERS\u00c3O, que se refere ao fen\u00f4meno ps\u00edquico de inverter a percep\u00e7\u00e3o da realidade de forma inconsciente. Para Keppe, todos os seres humanos sofrem, em maior ou menor grau, da invers\u00e3o e, pelo fato de n\u00e3o a perceberem, colocam-na em seus trabalhos de forma a elaborar e desenvolver hip\u00f3teses, teses e ci\u00eancias igualmente invertidas.<\/p><p>Como consequ\u00eancia, quanto mais uma ci\u00eancia invertida se \u201cdesenvolve\u201d, mais se torna prejudicial, a ponto de estarmos \u00e0 beira de uma cat\u00e1strofe ecol\u00f3gica, bem como amea\u00e7ados de autodestrui\u00e7\u00e3o, como civiliza\u00e7\u00e3o. E tudo isso, sem nos darmos conta do que est\u00e1 errado.<\/p><p>Utilizando esta descoberta, Keppe percebeu que Arist\u00f3teles formulou um princ\u00edpio metaf\u00edsico de forma invertida ao afirmar que o ato viria da pot\u00eancia. Esta linguagem metaf\u00edsica-filos\u00f3fica pode ser traduzida como \u201ca energia (ato) viria da mat\u00e9ria (pot\u00eancia)\u201d, ou ainda, \u201ca energia viria da diferen\u00e7a de potenciais\u201d, pois Arist\u00f3teles identificou a mat\u00e9ria como elemento potencial.<\/p><p>Como se n\u00e3o bastasse, ainda segundo Keppe, Arist\u00f3teles desviou o estudo do atomismo com o seu hilemorfismo, uma doutrina filos\u00f3fica que estabelece a duplicidade da subst\u00e2ncia, instituindo a no\u00e7\u00e3o errada de que mat\u00e9ria e forma s\u00e3o dois elementos distintos da mesma subst\u00e2ncia. Este pensamento desenvolveu a ideia de que mat\u00e9ria e energia deveriam ser tratadas como dois elementos distintos, por\u00e9m sempre presentes, \u00e0 semelhan\u00e7a de corpo e alma, sendo que isso pavimentou o caminho para Einstein concluir que massa e energia seriam equivalentes (E=mc 2 ).<br \/>Quando Niels Bohr elaborou seu Princ\u00edpio da Complementaridade da f\u00edsica qu\u00e2ntica,<br \/>considerou part\u00edcula (mat\u00e9ria) e onda (energia) como dois elementos distintos, por\u00e9m complementares e sempre presentes, manifestando-se como part\u00edcula ou onda somente no momento do experimento. Na verdade, para Keppe, s\u00f3 h\u00e1 uma subst\u00e2ncia, que \u00e9 a energia, que pode se manifestar como part\u00edcula, caso sua vibra\u00e7\u00e3o interna seja reduzida.<\/p><p>A interpreta\u00e7\u00e3o relativ\u00edstica de que a \u201cenergia \u00e9 massa radiante e massa \u00e9 energia<br \/>condensada\u201d expressa muito bem o materialismo absoluto trazido por Einstein e sua ideia (invertida) de que a energia vem da massa. Vale ressaltar que, mesmo que um f\u00f3ton (part\u00edcula de luz) n\u00e3o tenha massa, possui energia, mas esta viria de um ponto infinitesimal do espa\u00e7o sem massa, uma ideia igualmente invertida. Keppe, apoiado na metaf\u00edsica \u201cdesinvertida\u201d, afirma que \u201co maior n\u00e3o vem do menor\u201d, e por isso, jamais a energia poderia vir de um ponto infinitesimal, sendo que o pr\u00f3prio espa\u00e7o vazio \u00c9 pura energia. Mais certo seria dizer que a energia se manifesta na sua forma sens\u00edvel e mensur\u00e1vel atrav\u00e9s de pontos infinitesimais do espa\u00e7o.<\/p><p>Em outras palavras, para Keppe, a energia n\u00e3o nasce no quantum (com ou sem massa), mas \u00e9 plena e cont\u00ednua, existindo fora do tempo e espa\u00e7o, e se manifesta de maneira qu\u00e2ntica ou granular na nossa dimens\u00e3o material do tempo e espa\u00e7o atrav\u00e9s de v\u00f3rtices.<\/p><p>Em 1991, ap\u00f3s desinverter a metaf\u00edsica aristot\u00e9lica, Keppe toma contato com os trabalhos do grande inventor Nikola Tesla \u2013 pai da corrente alternada e dos motores a indu\u00e7\u00e3o (os mais usados hoje em dia) \u2013 e percebe que ele j\u00e1 havia realizado in\u00fameras inven\u00e7\u00f5es de vulto baseado na ideia de que o v\u00e1cuo, que corresponde \u00e0 aus\u00eancia total de mat\u00e9ria, \u00e9 feito de energia. A tecnologia de Tesla usava um tipo diferente de energia, advinda da resson\u00e2ncia de \u201condas eletromagn\u00e9ticas longitudinais\u201d, a qual denominou inicialmente de energia radiante.<\/p><p>Alguns pesquisadores n\u00e3o ortodoxos da f\u00edsica passaram a denominar esta energia radiante de Tesla de \u201cEnergia Escalar\u201d, um termo que se refere a uma forma de energia \u201cn\u00e3o vetorial\u201d, ou seja, de origem transcendente, fora do tempo, espa\u00e7o, mat\u00e9ria e movimento.<\/p><p>Baseado na desinvers\u00e3o da metaf\u00edsica e na descoberta da Energia Escalar de Tesla, Keppe acrescenta o termo \u201cEssencial\u201d para rebatiz\u00e1-la de Energia Escalar Essencial (E.E.E.), isso porque sem ela nada pode existir, e desenvolve em seu livro \u201cA Nova F\u00edsica da Metaf\u00edsica Desinvertida\u201d, novos princ\u00edpios sobre os quais, a ci\u00eancia da f\u00edsica dever\u00e1 se basear para guiar novas descobertas e tecnologias que estejam mais de acordo com o ser humano e a natureza.<\/p><p>O KEPPE MOTOR \u00e9 fruto deste trabalho.<\/p><p>\u00a0<\/p><h4>Pela ci\u00eancia da Energ\u00e9tica de Keppe podemos concluir que:<\/h4><p>1) A massa e, consequentemente a mat\u00e9ria, adv\u00e9m da energia do espa\u00e7o, e ambas n\u00e3o s\u00e3o equivalentes. A energia (escalar de Tesla, ou essencial de Keppe) \u00e9 hierarquicamente superior e sempre existe onde n\u00e3o h\u00e1 mat\u00e9ria (part\u00edculas), por\u00e9m nem sempre h\u00e1 mat\u00e9ria \u2013 ou poder\u00e1 haver \u2013 onde h\u00e1 energia.<\/p><p>A mat\u00e9ria simplesmente capta energia essencial e desprende energia secund\u00e1ria segundo a resson\u00e2ncia de sua estrutura interna. Um exemplo disso seria o \u00edm\u00e3 permanente, que captaria a energia essencial de fora e a retransmitiria ao tempo-espa\u00e7o na sua forma de campo magn\u00e9tico mensur\u00e1vel.<\/p><p>2) Existe apenas uma \u00fanica subst\u00e2ncia, a Energia Escalar Essencial (E.E.E.) &#8211; termo keppeano para a energia escalar de Tesla, que \u00e9 transcendente (n\u00e3o-material, n\u00e3o-temporal e n\u00e3o-espacial) e que produz a massa (e mat\u00e9ria) atrav\u00e9s do fen\u00f4meno da resson\u00e2ncia. Para Keppe, mat\u00e9ria \u00e9 uma resson\u00e2ncia da Energia Escalar Essencial aprisionada no tempo e no espa\u00e7o.<\/p><p>3) As energias captadas pelos cinco sentidos do ser humano e detect\u00e1veis por instrumentos n\u00e3o s\u00e3o essenciais, correspondendo todas elas a subprodutos da energia prim\u00e1ria (E.E.E.). Isso implica que a tecnologia baseada na obten\u00e7\u00e3o de movimento atrav\u00e9s da diferen\u00e7a de potenciais de energias secund\u00e1rias (gravidade, eletricidade, energia nuclear, eletromagnetismo etc.) dever\u00e1 ser substitu\u00edda pela tecnologia de capta\u00e7\u00e3o direta da energia prim\u00e1ria (E.E.E.) atrav\u00e9s do fen\u00f4meno da resson\u00e2ncia.<\/p><p>4) A E.E.E. tem duas componentes, a\u00e7\u00e3o e complementa\u00e7\u00e3o, que correspondem aos dois sentidos que comp\u00f5em a resson\u00e2ncia. Aqui entra para Keppe o conceito de \u201cPotencial Puro\u201d, correspondendo \u00e0 ideia de que a diferen\u00e7a de potenciais da f\u00edsica causa entropia acelerada do sistema pelo uso da energia apenas em um sentido (ex. a eletricidade desgastando uma carga por efeito Joule).<\/p><p>Quando o sistema est\u00e1 em resson\u00e2ncia, tem sua entropia minimizada e efici\u00eancia maximizada, justamente porque o sistema passa a se beneficiar das duas componentes complementares de a\u00e7\u00e3o e complementa\u00e7\u00e3o. O potencial puro pode ser visto como um v\u00f3rtice causado pela resson\u00e2ncia do sistema e por onde passa a E.E.E.<\/p><p>As bases cient\u00edfico-filos\u00f3ficas para o melhor entendimento dessas informa\u00e7\u00f5es podem ser encontradas no livro <a href=\"https:\/\/editoraproton.com.br\/produto\/a-nova-fisica-da-metafisica-desinvertida\/\">A Nova F\u00edsica da Metaf\u00edsica Desinvertida<\/a>, de autoria de Norberto R. Keppe.<\/p>\t\t\t\t\t\t\t\t<\/div>\n\t\t\t\t<\/div>\n\t\t\t\t\t<\/div>\n\t\t\t\t<\/div>\n\t\t\t\t<\/div>\n\t\t","protected":false},"excerpt":{"rendered":"<p>A Ci\u00eancia da Energ\u00e9tica: Uma Nova F\u00edsica Desinvertida A f\u00edsica a partir do s\u00e9culo XX tem se apoiado em dois grandes pilares: a Teoria da Relatividade, de Albert Einstein, e a Teoria Qu\u00e2ntica de Planck, Einstein, Bohr, De Broglie, Schr\u00f6dinger, Heisenberg e outros. Na primeira, massa e energia se relacionam conforme uma das mais famosas [&hellip;]<\/p>\n","protected":false},"author":2,"featured_media":8275,"parent":0,"menu_order":0,"comment_status":"closed","ping_status":"open","template":"elementor_header_footer","meta":{"_exactmetrics_skip_tracking":false,"_exactmetrics_sitenote_active":false,"_exactmetrics_sitenote_note":"","_exactmetrics_sitenote_category":0,"footnotes":""},"class_list":["post-541","page","type-page","status-publish","has-post-thumbnail","hentry"],"yoast_head":"<!-- This site is optimized with the Yoast SEO plugin v27.4 - https:\/\/yoast.com\/product\/yoast-seo-wordpress\/ -->\n<title>A CI\u00caNCIA DA ENERG\u00c9TICA: UMA NOVA F\u00cdSICA DESINVERTIDA - Keppe Motor - Tecnologia para um Novo Mundo<\/title>\n<meta name=\"robots\" content=\"index, follow, max-snippet:-1, max-image-preview:large, max-video-preview:-1\" \/>\n<link rel=\"canonical\" href=\"https:\/\/www.keppemotor.com\/institucional\/a-nova-fisica\/\" \/>\n<meta property=\"og:locale\" content=\"pt_BR\" \/>\n<meta property=\"og:type\" content=\"article\" \/>\n<meta property=\"og:title\" content=\"A CI\u00caNCIA DA ENERG\u00c9TICA: UMA NOVA F\u00cdSICA DESINVERTIDA - Keppe Motor - Tecnologia para um Novo Mundo\" \/>\n<meta property=\"og:description\" content=\"A Ci\u00eancia da Energ\u00e9tica: Uma Nova F\u00edsica Desinvertida A f\u00edsica a partir do s\u00e9culo XX tem se apoiado em dois grandes pilares: a Teoria da Relatividade, de Albert Einstein, e a Teoria Qu\u00e2ntica de Planck, Einstein, Bohr, De Broglie, Schr\u00f6dinger, Heisenberg e outros. Na primeira, massa e energia se relacionam conforme uma das mais famosas [&hellip;]\" \/>\n<meta property=\"og:url\" content=\"https:\/\/www.keppemotor.com\/institucional\/a-nova-fisica\/\" \/>\n<meta property=\"og:site_name\" content=\"Keppe Motor - Tecnologia para um Novo Mundo\" \/>\n<meta property=\"article:modified_time\" content=\"2025-08-04T13:05:06+00:00\" \/>\n<meta property=\"og:image\" content=\"https:\/\/www.keppemotor.com\/institucional\/wp-content\/uploads\/2025\/05\/cropped-cropped-keppemotor-logo-header-5.png\" \/>\n\t<meta property=\"og:image:width\" content=\"512\" \/>\n\t<meta property=\"og:image:height\" content=\"512\" \/>\n\t<meta property=\"og:image:type\" content=\"image\/png\" \/>\n<meta name=\"twitter:label1\" content=\"Est. tempo de leitura\" \/>\n\t<meta name=\"twitter:data1\" content=\"7 minutos\" \/>\n<script type=\"application\/ld+json\" class=\"yoast-schema-graph\">{\"@context\":\"https:\\\/\\\/schema.org\",\"@graph\":[{\"@type\":\"WebPage\",\"@id\":\"https:\\\/\\\/www.keppemotor.com\\\/institucional\\\/a-nova-fisica\\\/\",\"url\":\"https:\\\/\\\/www.keppemotor.com\\\/institucional\\\/a-nova-fisica\\\/\",\"name\":\"A CI\u00caNCIA DA ENERG\u00c9TICA: UMA NOVA F\u00cdSICA DESINVERTIDA - Keppe Motor - Tecnologia para um Novo Mundo\",\"isPartOf\":{\"@id\":\"https:\\\/\\\/www.keppemotor.com\\\/institucional\\\/#website\"},\"primaryImageOfPage\":{\"@id\":\"https:\\\/\\\/www.keppemotor.com\\\/institucional\\\/a-nova-fisica\\\/#primaryimage\"},\"image\":{\"@id\":\"https:\\\/\\\/www.keppemotor.com\\\/institucional\\\/a-nova-fisica\\\/#primaryimage\"},\"thumbnailUrl\":\"https:\\\/\\\/www.keppemotor.com\\\/institucional\\\/wp-content\\\/uploads\\\/2025\\\/05\\\/cropped-cropped-keppemotor-logo-header-5.png\",\"datePublished\":\"2014-11-01T12:07:29+00:00\",\"dateModified\":\"2025-08-04T13:05:06+00:00\",\"breadcrumb\":{\"@id\":\"https:\\\/\\\/www.keppemotor.com\\\/institucional\\\/a-nova-fisica\\\/#breadcrumb\"},\"inLanguage\":\"pt-BR\",\"potentialAction\":[{\"@type\":\"ReadAction\",\"target\":[\"https:\\\/\\\/www.keppemotor.com\\\/institucional\\\/a-nova-fisica\\\/\"]}]},{\"@type\":\"ImageObject\",\"inLanguage\":\"pt-BR\",\"@id\":\"https:\\\/\\\/www.keppemotor.com\\\/institucional\\\/a-nova-fisica\\\/#primaryimage\",\"url\":\"https:\\\/\\\/www.keppemotor.com\\\/institucional\\\/wp-content\\\/uploads\\\/2025\\\/05\\\/cropped-cropped-keppemotor-logo-header-5.png\",\"contentUrl\":\"https:\\\/\\\/www.keppemotor.com\\\/institucional\\\/wp-content\\\/uploads\\\/2025\\\/05\\\/cropped-cropped-keppemotor-logo-header-5.png\",\"width\":512,\"height\":512},{\"@type\":\"BreadcrumbList\",\"@id\":\"https:\\\/\\\/www.keppemotor.com\\\/institucional\\\/a-nova-fisica\\\/#breadcrumb\",\"itemListElement\":[{\"@type\":\"ListItem\",\"position\":1,\"name\":\"In\u00edcio\",\"item\":\"https:\\\/\\\/www.keppemotor.com\\\/institucional\\\/\"},{\"@type\":\"ListItem\",\"position\":2,\"name\":\"A CI\u00caNCIA DA ENERG\u00c9TICA: UMA NOVA F\u00cdSICA DESINVERTIDA\"}]},{\"@type\":\"WebSite\",\"@id\":\"https:\\\/\\\/www.keppemotor.com\\\/institucional\\\/#website\",\"url\":\"https:\\\/\\\/www.keppemotor.com\\\/institucional\\\/\",\"name\":\"Keppe Motor - Tecnologia para um Novo Mundo\",\"description\":\"\",\"publisher\":{\"@id\":\"https:\\\/\\\/www.keppemotor.com\\\/institucional\\\/#organization\"},\"potentialAction\":[{\"@type\":\"SearchAction\",\"target\":{\"@type\":\"EntryPoint\",\"urlTemplate\":\"https:\\\/\\\/www.keppemotor.com\\\/institucional\\\/?s={search_term_string}\"},\"query-input\":{\"@type\":\"PropertyValueSpecification\",\"valueRequired\":true,\"valueName\":\"search_term_string\"}}],\"inLanguage\":\"pt-BR\"},{\"@type\":\"Organization\",\"@id\":\"https:\\\/\\\/www.keppemotor.com\\\/institucional\\\/#organization\",\"name\":\"Keppe Motor - Tecnologia para um Novo Mundo\",\"url\":\"https:\\\/\\\/www.keppemotor.com\\\/institucional\\\/\",\"logo\":{\"@type\":\"ImageObject\",\"inLanguage\":\"pt-BR\",\"@id\":\"https:\\\/\\\/www.keppemotor.com\\\/institucional\\\/#\\\/schema\\\/logo\\\/image\\\/\",\"url\":\"https:\\\/\\\/www.keppemotor.com\\\/institucional\\\/wp-content\\\/uploads\\\/2014\\\/11\\\/cropped-keppemotor-logo-header-5.png\",\"contentUrl\":\"https:\\\/\\\/www.keppemotor.com\\\/institucional\\\/wp-content\\\/uploads\\\/2014\\\/11\\\/cropped-keppemotor-logo-header-5.png\",\"width\":300,\"height\":101,\"caption\":\"Keppe Motor - Tecnologia para um Novo Mundo\"},\"image\":{\"@id\":\"https:\\\/\\\/www.keppemotor.com\\\/institucional\\\/#\\\/schema\\\/logo\\\/image\\\/\"}}]}<\/script>\n<!-- \/ Yoast SEO plugin. -->","yoast_head_json":{"title":"A CI\u00caNCIA DA ENERG\u00c9TICA: UMA NOVA F\u00cdSICA DESINVERTIDA - Keppe Motor - Tecnologia para um Novo Mundo","robots":{"index":"index","follow":"follow","max-snippet":"max-snippet:-1","max-image-preview":"max-image-preview:large","max-video-preview":"max-video-preview:-1"},"canonical":"https:\/\/www.keppemotor.com\/institucional\/a-nova-fisica\/","og_locale":"pt_BR","og_type":"article","og_title":"A CI\u00caNCIA DA ENERG\u00c9TICA: UMA NOVA F\u00cdSICA DESINVERTIDA - Keppe Motor - Tecnologia para um Novo Mundo","og_description":"A Ci\u00eancia da Energ\u00e9tica: Uma Nova F\u00edsica Desinvertida A f\u00edsica a partir do s\u00e9culo XX tem se apoiado em dois grandes pilares: a Teoria da Relatividade, de Albert Einstein, e a Teoria Qu\u00e2ntica de Planck, Einstein, Bohr, De Broglie, Schr\u00f6dinger, Heisenberg e outros. Na primeira, massa e energia se relacionam conforme uma das mais famosas [&hellip;]","og_url":"https:\/\/www.keppemotor.com\/institucional\/a-nova-fisica\/","og_site_name":"Keppe Motor - Tecnologia para um Novo Mundo","article_modified_time":"2025-08-04T13:05:06+00:00","og_image":[{"width":512,"height":512,"url":"https:\/\/www.keppemotor.com\/institucional\/wp-content\/uploads\/2025\/05\/cropped-cropped-keppemotor-logo-header-5.png","type":"image\/png"}],"twitter_misc":{"Est. tempo de leitura":"7 minutos"},"schema":{"@context":"https:\/\/schema.org","@graph":[{"@type":"WebPage","@id":"https:\/\/www.keppemotor.com\/institucional\/a-nova-fisica\/","url":"https:\/\/www.keppemotor.com\/institucional\/a-nova-fisica\/","name":"A CI\u00caNCIA DA ENERG\u00c9TICA: UMA NOVA F\u00cdSICA DESINVERTIDA - Keppe Motor - Tecnologia para um Novo Mundo","isPartOf":{"@id":"https:\/\/www.keppemotor.com\/institucional\/#website"},"primaryImageOfPage":{"@id":"https:\/\/www.keppemotor.com\/institucional\/a-nova-fisica\/#primaryimage"},"image":{"@id":"https:\/\/www.keppemotor.com\/institucional\/a-nova-fisica\/#primaryimage"},"thumbnailUrl":"https:\/\/www.keppemotor.com\/institucional\/wp-content\/uploads\/2025\/05\/cropped-cropped-keppemotor-logo-header-5.png","datePublished":"2014-11-01T12:07:29+00:00","dateModified":"2025-08-04T13:05:06+00:00","breadcrumb":{"@id":"https:\/\/www.keppemotor.com\/institucional\/a-nova-fisica\/#breadcrumb"},"inLanguage":"pt-BR","potentialAction":[{"@type":"ReadAction","target":["https:\/\/www.keppemotor.com\/institucional\/a-nova-fisica\/"]}]},{"@type":"ImageObject","inLanguage":"pt-BR","@id":"https:\/\/www.keppemotor.com\/institucional\/a-nova-fisica\/#primaryimage","url":"https:\/\/www.keppemotor.com\/institucional\/wp-content\/uploads\/2025\/05\/cropped-cropped-keppemotor-logo-header-5.png","contentUrl":"https:\/\/www.keppemotor.com\/institucional\/wp-content\/uploads\/2025\/05\/cropped-cropped-keppemotor-logo-header-5.png","width":512,"height":512},{"@type":"BreadcrumbList","@id":"https:\/\/www.keppemotor.com\/institucional\/a-nova-fisica\/#breadcrumb","itemListElement":[{"@type":"ListItem","position":1,"name":"In\u00edcio","item":"https:\/\/www.keppemotor.com\/institucional\/"},{"@type":"ListItem","position":2,"name":"A CI\u00caNCIA DA ENERG\u00c9TICA: UMA NOVA F\u00cdSICA DESINVERTIDA"}]},{"@type":"WebSite","@id":"https:\/\/www.keppemotor.com\/institucional\/#website","url":"https:\/\/www.keppemotor.com\/institucional\/","name":"Keppe Motor - Tecnologia para um Novo Mundo","description":"","publisher":{"@id":"https:\/\/www.keppemotor.com\/institucional\/#organization"},"potentialAction":[{"@type":"SearchAction","target":{"@type":"EntryPoint","urlTemplate":"https:\/\/www.keppemotor.com\/institucional\/?s={search_term_string}"},"query-input":{"@type":"PropertyValueSpecification","valueRequired":true,"valueName":"search_term_string"}}],"inLanguage":"pt-BR"},{"@type":"Organization","@id":"https:\/\/www.keppemotor.com\/institucional\/#organization","name":"Keppe Motor - Tecnologia para um Novo Mundo","url":"https:\/\/www.keppemotor.com\/institucional\/","logo":{"@type":"ImageObject","inLanguage":"pt-BR","@id":"https:\/\/www.keppemotor.com\/institucional\/#\/schema\/logo\/image\/","url":"https:\/\/www.keppemotor.com\/institucional\/wp-content\/uploads\/2014\/11\/cropped-keppemotor-logo-header-5.png","contentUrl":"https:\/\/www.keppemotor.com\/institucional\/wp-content\/uploads\/2014\/11\/cropped-keppemotor-logo-header-5.png","width":300,"height":101,"caption":"Keppe Motor - Tecnologia para um Novo Mundo"},"image":{"@id":"https:\/\/www.keppemotor.com\/institucional\/#\/schema\/logo\/image\/"}}]}},"_links":{"self":[{"href":"https:\/\/www.keppemotor.com\/institucional\/wp-json\/wp\/v2\/pages\/541","targetHints":{"allow":["GET"]}}],"collection":[{"href":"https:\/\/www.keppemotor.com\/institucional\/wp-json\/wp\/v2\/pages"}],"about":[{"href":"https:\/\/www.keppemotor.com\/institucional\/wp-json\/wp\/v2\/types\/page"}],"author":[{"embeddable":true,"href":"https:\/\/www.keppemotor.com\/institucional\/wp-json\/wp\/v2\/users\/2"}],"replies":[{"embeddable":true,"href":"https:\/\/www.keppemotor.com\/institucional\/wp-json\/wp\/v2\/comments?post=541"}],"version-history":[{"count":15,"href":"https:\/\/www.keppemotor.com\/institucional\/wp-json\/wp\/v2\/pages\/541\/revisions"}],"predecessor-version":[{"id":8482,"href":"https:\/\/www.keppemotor.com\/institucional\/wp-json\/wp\/v2\/pages\/541\/revisions\/8482"}],"wp:featuredmedia":[{"embeddable":true,"href":"https:\/\/www.keppemotor.com\/institucional\/wp-json\/wp\/v2\/media\/8275"}],"wp:attachment":[{"href":"https:\/\/www.keppemotor.com\/institucional\/wp-json\/wp\/v2\/media?parent=541"}],"curies":[{"name":"wp","href":"https:\/\/api.w.org\/{rel}","templated":true}]}}