{"id":843,"date":"2014-11-04T12:53:01","date_gmt":"2014-11-04T12:53:01","guid":{"rendered":"http:\/\/www.keppemotor.com\/institucional\/?page_id=843"},"modified":"2024-09-04T16:17:01","modified_gmt":"2024-09-04T16:17:01","slug":"sala-de-imprensa","status":"publish","type":"page","link":"https:\/\/www.keppemotor.com\/institucional\/sala-de-imprensa\/","title":{"rendered":"Sala de Imprensa"},"content":{"rendered":"\t\t<div data-elementor-type=\"wp-page\" data-elementor-id=\"843\" class=\"elementor elementor-843\" data-elementor-post-type=\"page\">\n\t\t\t\t<div class=\"elementor-element elementor-element-5f5ba138 e-flex e-con-boxed e-con e-parent\" data-id=\"5f5ba138\" data-element_type=\"container\" data-e-type=\"container\">\n\t\t\t\t\t<div class=\"e-con-inner\">\n\t\t\t\t<div class=\"elementor-element elementor-element-d34b368 elementor-widget elementor-widget-heading\" data-id=\"d34b368\" data-element_type=\"widget\" data-e-type=\"widget\" data-widget_type=\"heading.default\">\n\t\t\t\t<div class=\"elementor-widget-container\">\n\t\t\t\t\t<h1 class=\"elementor-heading-title elementor-size-default\">Sala de Imprensa<\/h1>\t\t\t\t<\/div>\n\t\t\t\t<\/div>\n\t\t\t\t<div class=\"elementor-element elementor-element-1b78ab8c elementor-widget elementor-widget-text-editor\" data-id=\"1b78ab8c\" data-element_type=\"widget\" data-e-type=\"widget\" data-widget_type=\"text-editor.default\">\n\t\t\t\t<div class=\"elementor-widget-container\">\n\t\t\t\t\t\t\t\t\t<p>Aqui voc\u00ea poder\u00e1 atualizar-se sobre as \u00faltimas not\u00edcias, eventos e acontecimentos do Keppe Motor ao redor do mundo. Poder\u00e1 tamb\u00e9m conhecer as mat\u00e9rias que est\u00e3o sendo publicadas sobre a tecnologia e os motores de alta efici\u00eancia energ\u00e9tica.<\/p><p>Para a imprensa, disponibilizamos os \u00faltimos <em>Releases<\/em> e imagens para publica\u00e7\u00e3o. Para informa\u00e7\u00f5es adicionais ou material para document\u00e1rios, entre em contato com a \u00e1rea de Rela\u00e7\u00f5es com a Imprensa.<\/p><p>&#8211; <a title=\"Not\u00edcias\" href=\"http:\/\/www.keppemotor.com\/institucional\/noticias\/\"><strong>Not\u00edcias<\/strong> <\/a>\u2013 Veja aqui as \u00faltimas not\u00edcias do Keppe Motor<\/p><p><strong>&#8211; Materiais para a Imprensa <\/strong><\/p><p>&#8211; Imagem<\/p><p>&#8211; Press Releases<\/p><p>&#8211; Termos de Utiliza\u00e7\u00e3o<\/p><p>&#8211; <a title=\"Keppe Motor na M\u00eddia\" href=\"http:\/\/www.keppemotor.com\/institucional\/category\/imprensa\/\"><strong>Keppe Motor na M\u00eddia<\/strong><\/a> \u2013 Veja aqui o que j\u00e1 foi publicado na imprensa<\/p><p>&#8211; <strong>Rela\u00e7\u00f5es com a imprensa<\/strong><\/p><p><strong>Entre em contato com a nossa \u00e1rea de Rela\u00e7\u00f5es com a Imprensa, caso queira receber mais informa\u00e7\u00f5es sobre a Nova F\u00edsica, tecnologia Keppe Motor e os nossos produtos.<\/strong><\/p><p><strong>Keppe Motor<\/strong><br \/><strong>Vera Souza<\/strong><br \/><strong>e-mail: <a href=\"mailto:contato@keppemotor.com\">contato@keppemotor.com<br \/><\/a>Telefone: (11) 3032.2675<\/strong><\/p>\t\t\t\t\t\t\t\t<\/div>\n\t\t\t\t<\/div>\n\t\t\t\t\t<\/div>\n\t\t\t\t<\/div>\n\t\t\t\t<\/div>\n\t\t","protected":false},"excerpt":{"rendered":"<p>Sala de Imprensa Aqui voc\u00ea poder\u00e1 atualizar-se sobre as \u00faltimas not\u00edcias, eventos e acontecimentos do Keppe Motor ao redor do mundo. Poder\u00e1 tamb\u00e9m conhecer as mat\u00e9rias que est\u00e3o sendo publicadas sobre a tecnologia e os motores de alta efici\u00eancia energ\u00e9tica. Para a imprensa, disponibilizamos os \u00faltimos Releases e imagens para publica\u00e7\u00e3o. Para informa\u00e7\u00f5es adicionais ou [&hellip;]<\/p>\n","protected":false},"author":2,"featured_media":0,"parent":0,"menu_order":0,"comment_status":"0","ping_status":"open","template":"elementor_header_footer","meta":{"_exactmetrics_skip_tracking":false,"_exactmetrics_sitenote_active":false,"_exactmetrics_sitenote_note":"","_exactmetrics_sitenote_category":0,"footnotes":""},"class_list":["post-843","page","type-page","status-publish","hentry"],"yoast_head":"<!-- This site is optimized with the Yoast SEO plugin v27.4 - https:\/\/yoast.com\/product\/yoast-seo-wordpress\/ -->\n<title>Sala de Imprensa - Keppe Motor - Tecnologia para um Novo Mundo<\/title>\n<meta name=\"robots\" content=\"index, follow, max-snippet:-1, max-image-preview:large, max-video-preview:-1\" \/>\n<link rel=\"canonical\" href=\"https:\/\/www.keppemotor.com\/institucional\/sala-de-imprensa\/\" \/>\n<meta property=\"og:locale\" content=\"pt_BR\" \/>\n<meta property=\"og:type\" content=\"article\" \/>\n<meta property=\"og:title\" content=\"Sala de Imprensa - Keppe Motor - Tecnologia para um Novo Mundo\" \/>\n<meta property=\"og:description\" content=\"Sala de Imprensa Aqui voc\u00ea poder\u00e1 atualizar-se sobre as \u00faltimas not\u00edcias, eventos e acontecimentos do Keppe Motor ao redor do mundo. Poder\u00e1 tamb\u00e9m conhecer as mat\u00e9rias que est\u00e3o sendo publicadas sobre a tecnologia e os motores de alta efici\u00eancia energ\u00e9tica. Para a imprensa, disponibilizamos os \u00faltimos Releases e imagens para publica\u00e7\u00e3o. Para informa\u00e7\u00f5es adicionais ou [&hellip;]\" \/>\n<meta property=\"og:url\" content=\"https:\/\/www.keppemotor.com\/institucional\/sala-de-imprensa\/\" \/>\n<meta property=\"og:site_name\" content=\"Keppe Motor - Tecnologia para um Novo Mundo\" \/>\n<meta property=\"article:modified_time\" content=\"2024-09-04T16:17:01+00:00\" \/>\n<meta name=\"twitter:label1\" content=\"Est. tempo de leitura\" \/>\n\t<meta name=\"twitter:data1\" content=\"1 minuto\" \/>\n<script type=\"application\/ld+json\" class=\"yoast-schema-graph\">{\"@context\":\"https:\\\/\\\/schema.org\",\"@graph\":[{\"@type\":\"WebPage\",\"@id\":\"https:\\\/\\\/www.keppemotor.com\\\/institucional\\\/sala-de-imprensa\\\/\",\"url\":\"https:\\\/\\\/www.keppemotor.com\\\/institucional\\\/sala-de-imprensa\\\/\",\"name\":\"Sala de Imprensa - Keppe Motor - Tecnologia para um Novo Mundo\",\"isPartOf\":{\"@id\":\"https:\\\/\\\/www.keppemotor.com\\\/institucional\\\/#website\"},\"datePublished\":\"2014-11-04T12:53:01+00:00\",\"dateModified\":\"2024-09-04T16:17:01+00:00\",\"breadcrumb\":{\"@id\":\"https:\\\/\\\/www.keppemotor.com\\\/institucional\\\/sala-de-imprensa\\\/#breadcrumb\"},\"inLanguage\":\"pt-BR\",\"potentialAction\":[{\"@type\":\"ReadAction\",\"target\":[\"https:\\\/\\\/www.keppemotor.com\\\/institucional\\\/sala-de-imprensa\\\/\"]}]},{\"@type\":\"BreadcrumbList\",\"@id\":\"https:\\\/\\\/www.keppemotor.com\\\/institucional\\\/sala-de-imprensa\\\/#breadcrumb\",\"itemListElement\":[{\"@type\":\"ListItem\",\"position\":1,\"name\":\"In\u00edcio\",\"item\":\"https:\\\/\\\/www.keppemotor.com\\\/institucional\\\/\"},{\"@type\":\"ListItem\",\"position\":2,\"name\":\"Sala de Imprensa\"}]},{\"@type\":\"WebSite\",\"@id\":\"https:\\\/\\\/www.keppemotor.com\\\/institucional\\\/#website\",\"url\":\"https:\\\/\\\/www.keppemotor.com\\\/institucional\\\/\",\"name\":\"Keppe Motor - Tecnologia para um Novo Mundo\",\"description\":\"\",\"publisher\":{\"@id\":\"https:\\\/\\\/www.keppemotor.com\\\/institucional\\\/#organization\"},\"potentialAction\":[{\"@type\":\"SearchAction\",\"target\":{\"@type\":\"EntryPoint\",\"urlTemplate\":\"https:\\\/\\\/www.keppemotor.com\\\/institucional\\\/?s={search_term_string}\"},\"query-input\":{\"@type\":\"PropertyValueSpecification\",\"valueRequired\":true,\"valueName\":\"search_term_string\"}}],\"inLanguage\":\"pt-BR\"},{\"@type\":\"Organization\",\"@id\":\"https:\\\/\\\/www.keppemotor.com\\\/institucional\\\/#organization\",\"name\":\"Keppe Motor - Tecnologia para um Novo Mundo\",\"url\":\"https:\\\/\\\/www.keppemotor.com\\\/institucional\\\/\",\"logo\":{\"@type\":\"ImageObject\",\"inLanguage\":\"pt-BR\",\"@id\":\"https:\\\/\\\/www.keppemotor.com\\\/institucional\\\/#\\\/schema\\\/logo\\\/image\\\/\",\"url\":\"https:\\\/\\\/www.keppemotor.com\\\/institucional\\\/wp-content\\\/uploads\\\/2014\\\/11\\\/cropped-keppemotor-logo-header-5.png\",\"contentUrl\":\"https:\\\/\\\/www.keppemotor.com\\\/institucional\\\/wp-content\\\/uploads\\\/2014\\\/11\\\/cropped-keppemotor-logo-header-5.png\",\"width\":300,\"height\":101,\"caption\":\"Keppe Motor - Tecnologia para um Novo Mundo\"},\"image\":{\"@id\":\"https:\\\/\\\/www.keppemotor.com\\\/institucional\\\/#\\\/schema\\\/logo\\\/image\\\/\"}}]}<\/script>\n<!-- \/ Yoast SEO plugin. -->","yoast_head_json":{"title":"Sala de Imprensa - Keppe Motor - Tecnologia para um Novo Mundo","robots":{"index":"index","follow":"follow","max-snippet":"max-snippet:-1","max-image-preview":"max-image-preview:large","max-video-preview":"max-video-preview:-1"},"canonical":"https:\/\/www.keppemotor.com\/institucional\/sala-de-imprensa\/","og_locale":"pt_BR","og_type":"article","og_title":"Sala de Imprensa - Keppe Motor - Tecnologia para um Novo Mundo","og_description":"Sala de Imprensa Aqui voc\u00ea poder\u00e1 atualizar-se sobre as \u00faltimas not\u00edcias, eventos e acontecimentos do Keppe Motor ao redor do mundo. Poder\u00e1 tamb\u00e9m conhecer as mat\u00e9rias que est\u00e3o sendo publicadas sobre a tecnologia e os motores de alta efici\u00eancia energ\u00e9tica. Para a imprensa, disponibilizamos os \u00faltimos Releases e imagens para publica\u00e7\u00e3o. Para informa\u00e7\u00f5es adicionais ou [&hellip;]","og_url":"https:\/\/www.keppemotor.com\/institucional\/sala-de-imprensa\/","og_site_name":"Keppe Motor - Tecnologia para um Novo Mundo","article_modified_time":"2024-09-04T16:17:01+00:00","twitter_misc":{"Est. tempo de leitura":"1 minuto"},"schema":{"@context":"https:\/\/schema.org","@graph":[{"@type":"WebPage","@id":"https:\/\/www.keppemotor.com\/institucional\/sala-de-imprensa\/","url":"https:\/\/www.keppemotor.com\/institucional\/sala-de-imprensa\/","name":"Sala de Imprensa - Keppe Motor - Tecnologia para um Novo Mundo","isPartOf":{"@id":"https:\/\/www.keppemotor.com\/institucional\/#website"},"datePublished":"2014-11-04T12:53:01+00:00","dateModified":"2024-09-04T16:17:01+00:00","breadcrumb":{"@id":"https:\/\/www.keppemotor.com\/institucional\/sala-de-imprensa\/#breadcrumb"},"inLanguage":"pt-BR","potentialAction":[{"@type":"ReadAction","target":["https:\/\/www.keppemotor.com\/institucional\/sala-de-imprensa\/"]}]},{"@type":"BreadcrumbList","@id":"https:\/\/www.keppemotor.com\/institucional\/sala-de-imprensa\/#breadcrumb","itemListElement":[{"@type":"ListItem","position":1,"name":"In\u00edcio","item":"https:\/\/www.keppemotor.com\/institucional\/"},{"@type":"ListItem","position":2,"name":"Sala de Imprensa"}]},{"@type":"WebSite","@id":"https:\/\/www.keppemotor.com\/institucional\/#website","url":"https:\/\/www.keppemotor.com\/institucional\/","name":"Keppe Motor - Tecnologia para um Novo Mundo","description":"","publisher":{"@id":"https:\/\/www.keppemotor.com\/institucional\/#organization"},"potentialAction":[{"@type":"SearchAction","target":{"@type":"EntryPoint","urlTemplate":"https:\/\/www.keppemotor.com\/institucional\/?s={search_term_string}"},"query-input":{"@type":"PropertyValueSpecification","valueRequired":true,"valueName":"search_term_string"}}],"inLanguage":"pt-BR"},{"@type":"Organization","@id":"https:\/\/www.keppemotor.com\/institucional\/#organization","name":"Keppe Motor - Tecnologia para um Novo Mundo","url":"https:\/\/www.keppemotor.com\/institucional\/","logo":{"@type":"ImageObject","inLanguage":"pt-BR","@id":"https:\/\/www.keppemotor.com\/institucional\/#\/schema\/logo\/image\/","url":"https:\/\/www.keppemotor.com\/institucional\/wp-content\/uploads\/2014\/11\/cropped-keppemotor-logo-header-5.png","contentUrl":"https:\/\/www.keppemotor.com\/institucional\/wp-content\/uploads\/2014\/11\/cropped-keppemotor-logo-header-5.png","width":300,"height":101,"caption":"Keppe Motor - Tecnologia para um Novo Mundo"},"image":{"@id":"https:\/\/www.keppemotor.com\/institucional\/#\/schema\/logo\/image\/"}}]}},"_links":{"self":[{"href":"https:\/\/www.keppemotor.com\/institucional\/wp-json\/wp\/v2\/pages\/843","targetHints":{"allow":["GET"]}}],"collection":[{"href":"https:\/\/www.keppemotor.com\/institucional\/wp-json\/wp\/v2\/pages"}],"about":[{"href":"https:\/\/www.keppemotor.com\/institucional\/wp-json\/wp\/v2\/types\/page"}],"author":[{"embeddable":true,"href":"https:\/\/www.keppemotor.com\/institucional\/wp-json\/wp\/v2\/users\/2"}],"replies":[{"embeddable":true,"href":"https:\/\/www.keppemotor.com\/institucional\/wp-json\/wp\/v2\/comments?post=843"}],"version-history":[{"count":6,"href":"https:\/\/www.keppemotor.com\/institucional\/wp-json\/wp\/v2\/pages\/843\/revisions"}],"predecessor-version":[{"id":6636,"href":"https:\/\/www.keppemotor.com\/institucional\/wp-json\/wp\/v2\/pages\/843\/revisions\/6636"}],"wp:attachment":[{"href":"https:\/\/www.keppemotor.com\/institucional\/wp-json\/wp\/v2\/media?parent=843"}],"curies":[{"name":"wp","href":"https:\/\/api.w.org\/{rel}","templated":true}]}}