{"id":8496,"date":"2025-08-04T13:47:22","date_gmt":"2025-08-04T13:47:22","guid":{"rendered":"https:\/\/www.keppemotor.com\/institucional\/?page_id=8496"},"modified":"2025-08-04T13:57:22","modified_gmt":"2025-08-04T13:57:22","slug":"norberto-keppe","status":"publish","type":"page","link":"https:\/\/www.keppemotor.com\/institucional\/es\/norberto-keppe\/","title":{"rendered":"Acerca de Norberto Keppe"},"content":{"rendered":"\t\t<div data-elementor-type=\"wp-page\" data-elementor-id=\"8496\" class=\"elementor elementor-8496\" data-elementor-post-type=\"page\">\n\t\t\t\t<div class=\"elementor-element elementor-element-3622a64a e-flex e-con-boxed e-con e-parent\" data-id=\"3622a64a\" data-element_type=\"container\" data-e-type=\"container\">\n\t\t\t\t\t<div class=\"e-con-inner\">\n\t\t\t\t<div class=\"elementor-element elementor-element-a544cd6 elementor-widget elementor-widget-heading\" data-id=\"a544cd6\" data-element_type=\"widget\" data-e-type=\"widget\" data-widget_type=\"heading.default\">\n\t\t\t\t<div class=\"elementor-widget-container\">\n\t\t\t\t\t<h1 class=\"elementor-heading-title elementor-size-default\">Acerca de Norberto Keppe<\/h1>\t\t\t\t<\/div>\n\t\t\t\t<\/div>\n\t\t\t\t<div class=\"elementor-element elementor-element-68c7e08b elementor-widget elementor-widget-text-editor\" data-id=\"68c7e08b\" data-element_type=\"widget\" data-e-type=\"widget\" data-widget_type=\"text-editor.default\">\n\t\t\t\t<div class=\"elementor-widget-container\">\n\t\t\t\t\t\t\t\t\t<p style=\"text-align: justify;\"><a href=\"http:\/\/www.keppemotor.com\/institucional\/wp-content\/uploads\/2014\/11\/keppe-004.jpg\"><img fetchpriority=\"high\" decoding=\"async\" class=\"alignleft wp-image-915 size-full\" src=\"http:\/\/www.keppemotor.com\/institucional\/wp-content\/uploads\/2014\/11\/keppe-004.jpg\" alt=\"keppe-004\" width=\"322\" height=\"433\" srcset=\"https:\/\/www.keppemotor.com\/institucional\/wp-content\/uploads\/2014\/11\/keppe-004.jpg 322w, https:\/\/www.keppemotor.com\/institucional\/wp-content\/uploads\/2014\/11\/keppe-004-223x300.jpg 223w, https:\/\/www.keppemotor.com\/institucional\/wp-content\/uploads\/2014\/11\/keppe-004-66x90.jpg 66w\" sizes=\"(max-width: 322px) 100vw, 322px\" \/><\/a><\/p><p data-start=\"78\" data-end=\"708\"><strong data-start=\"78\" data-end=\"99\">Norberto R. Keppe<\/strong> realiz\u00f3 su formaci\u00f3n psicoanal\u00edtica en Viena, donde fue entrenado por profesores como Viktor E. Frankl (Hospital de Policl\u00ednicas, Escuela de An\u00e1lisis Existencial), Knut Baumgarten (Cl\u00ednica de Orientaci\u00f3n Infantil) e Igor Caruso (C\u00edrculo de Psicolog\u00eda Profunda). Es fundador y presidente de la Sociedad de Psicoan\u00e1lisis Integral o Trilog\u00eda Anal\u00edtica (1970), desarrollando su propia teor\u00eda y m\u00e9todo cient\u00edfico para el tratamiento de enfermedades ps\u00edquicas, sociales y org\u00e1nicas. Logr\u00f3 integrar las \u00e1reas de la ciencia, la filosof\u00eda y la espiritualidad, creando un nuevo campo llamado <strong data-start=\"682\" data-end=\"707\">psico-socio-patolog\u00eda<\/strong>.<\/p><p data-start=\"710\" data-end=\"885\">Fue profesor invitado en la Pontificia Universidad Cat\u00f3lica (PUC) y en la Facultad de Medicina de la Universidad de S\u00e3o Paulo (USP), entre otras instituciones y universidades.<\/p><p data-start=\"887\" data-end=\"1085\">Keppe fund\u00f3 y dirigi\u00f3 el Grupo de Estudios de Medicina Psicosom\u00e1tica junto a la Cl\u00ednica de Gastroenterolog\u00eda del Prof. Edmundo Vasconcelos, en el Hospital de Cl\u00ednicas de la Universidad de S\u00e3o Paulo.<\/p><p data-start=\"1087\" data-end=\"1358\">Es autor de 50 libros, algunos traducidos a m\u00e1s de 8 idiomas adem\u00e1s del portugu\u00e9s. Trabaj\u00f3 durante 13 a\u00f1os en Estados Unidos y Europa, donde desarroll\u00f3 una parte importante de su obra en los campos de la <strong data-start=\"1291\" data-end=\"1309\">Sociopatolog\u00eda<\/strong>, la <strong data-start=\"1314\" data-end=\"1328\">Metaf\u00edsica<\/strong> y la <strong data-start=\"1334\" data-end=\"1350\">Nueva F\u00edsica<\/strong> (1996).<\/p><p data-start=\"1360\" data-end=\"1629\">Su trabajo en la Nueva F\u00edsica dio origen a una tecnolog\u00eda sustentable e innovadora de motores resonantes, conocidos como <strong data-start=\"1481\" data-end=\"1498\">Motores Keppe<\/strong>, que generaron patentes internacionales y premios mundiales, destac\u00e1ndose como campeones en eficiencia energ\u00e9tica en su categor\u00eda.<\/p><p data-start=\"1631\" data-end=\"2172\">Keppe profundiz\u00f3 en el estudio de la F\u00edsica hasta darle un nuevo nombre: <strong data-start=\"1704\" data-end=\"1718\">Energ\u00e9tica<\/strong> o <strong data-start=\"1721\" data-end=\"1740\">La Nueva F\u00edsica<\/strong>, ya que la desinversi\u00f3n de la Metaf\u00edsica Aristot\u00e9lica le permiti\u00f3 comprender el origen y funcionamiento energ\u00e9tico de todos los seres. Escribi\u00f3 obras importantes sobre el tema, culminando con el libro donde realiza la unificaci\u00f3n de la F\u00edsica, la Biolog\u00eda y la Psicolog\u00eda. La tecnolog\u00eda <strong data-start=\"2028\" data-end=\"2043\">Motor Keppe<\/strong> es la aplicaci\u00f3n pr\u00e1ctica de esta <strong data-start=\"2078\" data-end=\"2103\">Nueva F\u00edsica Trilogal<\/strong>, tambi\u00e9n llamada <strong data-start=\"2121\" data-end=\"2136\">Magnet\u00f3nica<\/strong> por Keppe (estudio del magnetismo).<\/p><p data-start=\"2174\" data-end=\"2366\">Conferencista internacional, fue considerado por el <strong data-start=\"2226\" data-end=\"2234\">CNRS<\/strong> (Centro Nacional de Investigaci\u00f3n Cient\u00edfica) de Francia como \u00absin duda el autor heterodoxo m\u00e1s original entre los contempor\u00e1neos\u00bb.<\/p><h4 data-start=\"2373\" data-end=\"2870\"><strong data-start=\"2373\" data-end=\"2393\">Regreso a Brasil<\/strong><\/h4><p data-start=\"2373\" data-end=\"2870\">De regreso a Brasil en 1997, contin\u00faa presidiendo la <strong data-start=\"2449\" data-end=\"2497\">Sociedad Internacional de Trilog\u00eda Anal\u00edtica<\/strong> (Psicoan\u00e1lisis Integral), su trabajo de atenci\u00f3n cl\u00ednica, formando psicoanalistas y escribiendo libros sobre <strong data-start=\"2607\" data-end=\"2632\">psico-socio-patolog\u00eda<\/strong>. Como investigador en F\u00edsica, orienta al grupo de ingenieros del Motor Keppe en sus desarrollos tecnol\u00f3gicos y en los trabajos del taller artesanal <strong data-start=\"2781\" data-end=\"2815\">Ophicina de Ventiladores Keppe<\/strong>, en la ciudad de <strong data-start=\"2833\" data-end=\"2847\">Cambuquira<\/strong>, Minas Gerais, Brasil.<\/p><p data-start=\"2872\" data-end=\"3166\">Como comunicador carism\u00e1tico, desde hace m\u00e1s de 50 a\u00f1os produce programas cient\u00edficos y terap\u00e9uticos para canales de televisi\u00f3n abierta y educativa y para radios, transmitidos en pr\u00e1cticamente todos los estados de Brasil. Traducidos a 5 idiomas, son emitidos en m\u00e1s de 200 canales de 40 pa\u00edses.<\/p><p data-start=\"3168\" data-end=\"3499\" data-is-last-node=\"\" data-is-only-node=\"\">Desarroll\u00f3, entre otras actividades, el <strong data-start=\"3208\" data-end=\"3245\">m\u00e9todo psicoling\u00fc\u00edstico tril\u00f3gico<\/strong>, que se aplica en la <strong data-start=\"3267\" data-end=\"3330\">Millennium \u2013 Centro de Idiomas de las Facultades Trilogicas<\/strong>.<br data-start=\"3331\" data-end=\"3334\" \/>Inspir\u00f3 la creaci\u00f3n de las <strong data-start=\"3361\" data-end=\"3386\">Facultades Trilogicas<\/strong>, que ense\u00f1an sus conocimientos y descubrimientos aplicados a todas las \u00e1reas del saber y de la actividad humana.<\/p>\t\t\t\t\t\t\t\t<\/div>\n\t\t\t\t<\/div>\n\t\t\t\t\t<\/div>\n\t\t\t\t<\/div>\n\t\t<div class=\"elementor-element elementor-element-8216cc3 e-flex e-con-boxed e-con e-parent\" data-id=\"8216cc3\" data-element_type=\"container\" data-e-type=\"container\" data-settings=\"{&quot;background_background&quot;:&quot;classic&quot;}\">\n\t\t\t\t\t<div class=\"e-con-inner\">\n\t\t\t\t<div class=\"elementor-element elementor-element-aa3ced0 elementor-widget elementor-widget-testimonial\" data-id=\"aa3ced0\" data-element_type=\"widget\" data-e-type=\"widget\" data-widget_type=\"testimonial.default\">\n\t\t\t\t<div class=\"elementor-widget-container\">\n\t\t\t\t\t\t\t<div class=\"elementor-testimonial-wrapper\">\n\t\t\t\t\t\t\t<div class=\"elementor-testimonial-content\">\"Una verdadera ciencia debe estar de acuerdo con una filosof\u00eda real y esta, a su vez, en conformidad con una religiosidad aut\u00e9ntica; a este fen\u00f3meno lo llamamos Trilog\u00eda. Existe una nueva visi\u00f3n sobre el universo (cosmovisi\u00f3n), o mejor dicho, el descubrimiento de una filosof\u00eda de vida (Weltanschauung), que es tan antigua como la creaci\u00f3n y ha permanecido oculta durante todos estos siglos; la raz\u00f3n principal de este hecho puede encontrarse en el transcurso de la propia civilizaci\u00f3n, que ha caminado de forma parcial todo este tiempo. Siempre sospech\u00e9 que algo muy errado estaba ocurriendo con la civilizaci\u00f3n, desde el momento en que no logr\u00f3 construir un mundo de paz y desarrollo continuo.\"<\/div>\n\t\t\t\n\t\t\t\t\t\t<div class=\"elementor-testimonial-meta elementor-has-image elementor-testimonial-image-position-aside\">\n\t\t\t\t<div class=\"elementor-testimonial-meta-inner\">\n\t\t\t\t\t\t\t\t\t\t\t<div class=\"elementor-testimonial-image\">\n\t\t\t\t\t\t\t<img decoding=\"async\" width=\"412\" height=\"435\" src=\"https:\/\/www.keppemotor.com\/institucional\/wp-content\/uploads\/2016\/03\/Dr-Keppe.jpg\" class=\"attachment-full size-full wp-image-3021\" alt=\"\" srcset=\"https:\/\/www.keppemotor.com\/institucional\/wp-content\/uploads\/2016\/03\/Dr-Keppe.jpg 412w, https:\/\/www.keppemotor.com\/institucional\/wp-content\/uploads\/2016\/03\/Dr-Keppe-284x300.jpg 284w, https:\/\/www.keppemotor.com\/institucional\/wp-content\/uploads\/2016\/03\/Dr-Keppe-85x90.jpg 85w\" sizes=\"(max-width: 412px) 100vw, 412px\" \/>\t\t\t\t\t\t<\/div>\n\t\t\t\t\t\n\t\t\t\t\t\t\t\t\t\t<div class=\"elementor-testimonial-details\">\n\t\t\t\t\t\t\t\t\t\t\t\t\t\t<div class=\"elementor-testimonial-name\">Norberto Keppe<\/div>\n\t\t\t\t\t\t\t\t\t\t\t\t\t\t\t\t\t\t\t\t\t\t<div class=\"elementor-testimonial-job\">Libro O Reino do Homem, p. 231<\/div>\n\t\t\t\t\t\t\t\t\t\t\t\t\t<\/div>\n\t\t\t\t\t\t\t\t\t<\/div>\n\t\t\t<\/div>\n\t\t\t\t\t<\/div>\n\t\t\t\t\t\t<\/div>\n\t\t\t\t<\/div>\n\t\t\t\t\t<\/div>\n\t\t\t\t<\/div>\n\t\t\t\t<\/div>\n\t\t","protected":false},"excerpt":{"rendered":"<p>Acerca de Norberto Keppe Norberto R. Keppe realiz\u00f3 su formaci\u00f3n psicoanal\u00edtica en Viena, donde fue entrenado por profesores como Viktor E. Frankl (Hospital de Policl\u00ednicas, Escuela de An\u00e1lisis Existencial), Knut Baumgarten (Cl\u00ednica de Orientaci\u00f3n Infantil) e Igor Caruso (C\u00edrculo de Psicolog\u00eda Profunda). Es fundador y presidente de la Sociedad de Psicoan\u00e1lisis Integral o Trilog\u00eda Anal\u00edtica [&hellip;]<\/p>\n","protected":false},"author":2,"featured_media":8275,"parent":0,"menu_order":0,"comment_status":"closed","ping_status":"open","template":"elementor_header_footer","meta":{"_exactmetrics_skip_tracking":false,"_exactmetrics_sitenote_active":false,"_exactmetrics_sitenote_note":"","_exactmetrics_sitenote_category":0,"footnotes":""},"class_list":["post-8496","page","type-page","status-publish","has-post-thumbnail","hentry"],"yoast_head":"<!-- This site is optimized with the Yoast SEO plugin v27.4 - https:\/\/yoast.com\/product\/yoast-seo-wordpress\/ -->\n<title>Acerca de Norberto Keppe - Keppe Motor - Tecnologia para um Novo Mundo<\/title>\n<meta name=\"description\" content=\"Su trabajo en la Nueva F\u00edsica dio origen a una tecnolog\u00eda sustentable e innovadora de motores resonantes, conocidos como Motores Keppe, que generaron patentes internacionales y premios mundiales, destac\u00e1ndose como campeones en eficiencia energ\u00e9tica en su categor\u00eda.\" \/>\n<meta name=\"robots\" content=\"index, follow, max-snippet:-1, max-image-preview:large, max-video-preview:-1\" \/>\n<link rel=\"canonical\" href=\"https:\/\/www.keppemotor.com\/institucional\/es\/norberto-keppe\/\" \/>\n<meta property=\"og:locale\" content=\"pt_BR\" \/>\n<meta property=\"og:type\" content=\"article\" \/>\n<meta property=\"og:title\" content=\"Acerca de Norberto Keppe - Keppe Motor - Tecnologia para um Novo Mundo\" \/>\n<meta property=\"og:description\" content=\"Su trabajo en la Nueva F\u00edsica dio origen a una tecnolog\u00eda sustentable e innovadora de motores resonantes, conocidos como Motores Keppe, que generaron patentes internacionales y premios mundiales, destac\u00e1ndose como campeones en eficiencia energ\u00e9tica en su categor\u00eda.\" \/>\n<meta property=\"og:url\" content=\"https:\/\/www.keppemotor.com\/institucional\/es\/norberto-keppe\/\" \/>\n<meta property=\"og:site_name\" content=\"Keppe Motor - Tecnologia para um Novo Mundo\" \/>\n<meta property=\"article:modified_time\" content=\"2025-08-04T13:57:22+00:00\" \/>\n<meta property=\"og:image\" content=\"https:\/\/www.keppemotor.com\/institucional\/wp-content\/uploads\/2025\/05\/cropped-cropped-keppemotor-logo-header-5.png\" \/>\n\t<meta property=\"og:image:width\" content=\"512\" \/>\n\t<meta property=\"og:image:height\" content=\"512\" \/>\n\t<meta property=\"og:image:type\" content=\"image\/png\" \/>\n<meta name=\"twitter:label1\" content=\"Est. tempo de leitura\" \/>\n\t<meta name=\"twitter:data1\" content=\"5 minutos\" \/>\n<script type=\"application\/ld+json\" class=\"yoast-schema-graph\">{\"@context\":\"https:\\\/\\\/schema.org\",\"@graph\":[{\"@type\":\"WebPage\",\"@id\":\"https:\\\/\\\/www.keppemotor.com\\\/institucional\\\/es\\\/norberto-keppe\\\/\",\"url\":\"https:\\\/\\\/www.keppemotor.com\\\/institucional\\\/es\\\/norberto-keppe\\\/\",\"name\":\"Acerca de Norberto Keppe - Keppe Motor - Tecnologia para um Novo Mundo\",\"isPartOf\":{\"@id\":\"https:\\\/\\\/www.keppemotor.com\\\/institucional\\\/#website\"},\"primaryImageOfPage\":{\"@id\":\"https:\\\/\\\/www.keppemotor.com\\\/institucional\\\/es\\\/norberto-keppe\\\/#primaryimage\"},\"image\":{\"@id\":\"https:\\\/\\\/www.keppemotor.com\\\/institucional\\\/es\\\/norberto-keppe\\\/#primaryimage\"},\"thumbnailUrl\":\"https:\\\/\\\/www.keppemotor.com\\\/institucional\\\/wp-content\\\/uploads\\\/2025\\\/05\\\/cropped-cropped-keppemotor-logo-header-5.png\",\"datePublished\":\"2025-08-04T13:47:22+00:00\",\"dateModified\":\"2025-08-04T13:57:22+00:00\",\"description\":\"Su trabajo en la Nueva F\u00edsica dio origen a una tecnolog\u00eda sustentable e innovadora de motores resonantes, conocidos como Motores Keppe, que generaron patentes internacionales y premios mundiales, destac\u00e1ndose como campeones en eficiencia energ\u00e9tica en su categor\u00eda.\",\"breadcrumb\":{\"@id\":\"https:\\\/\\\/www.keppemotor.com\\\/institucional\\\/es\\\/norberto-keppe\\\/#breadcrumb\"},\"inLanguage\":\"pt-BR\",\"potentialAction\":[{\"@type\":\"ReadAction\",\"target\":[\"https:\\\/\\\/www.keppemotor.com\\\/institucional\\\/es\\\/norberto-keppe\\\/\"]}]},{\"@type\":\"ImageObject\",\"inLanguage\":\"pt-BR\",\"@id\":\"https:\\\/\\\/www.keppemotor.com\\\/institucional\\\/es\\\/norberto-keppe\\\/#primaryimage\",\"url\":\"https:\\\/\\\/www.keppemotor.com\\\/institucional\\\/wp-content\\\/uploads\\\/2025\\\/05\\\/cropped-cropped-keppemotor-logo-header-5.png\",\"contentUrl\":\"https:\\\/\\\/www.keppemotor.com\\\/institucional\\\/wp-content\\\/uploads\\\/2025\\\/05\\\/cropped-cropped-keppemotor-logo-header-5.png\",\"width\":512,\"height\":512},{\"@type\":\"BreadcrumbList\",\"@id\":\"https:\\\/\\\/www.keppemotor.com\\\/institucional\\\/es\\\/norberto-keppe\\\/#breadcrumb\",\"itemListElement\":[{\"@type\":\"ListItem\",\"position\":1,\"name\":\"In\u00edcio\",\"item\":\"https:\\\/\\\/www.keppemotor.com\\\/institucional\\\/\"},{\"@type\":\"ListItem\",\"position\":2,\"name\":\"Acerca de Norberto Keppe\"}]},{\"@type\":\"WebSite\",\"@id\":\"https:\\\/\\\/www.keppemotor.com\\\/institucional\\\/#website\",\"url\":\"https:\\\/\\\/www.keppemotor.com\\\/institucional\\\/\",\"name\":\"Keppe Motor - Tecnologia para um Novo Mundo\",\"description\":\"\",\"publisher\":{\"@id\":\"https:\\\/\\\/www.keppemotor.com\\\/institucional\\\/#organization\"},\"potentialAction\":[{\"@type\":\"SearchAction\",\"target\":{\"@type\":\"EntryPoint\",\"urlTemplate\":\"https:\\\/\\\/www.keppemotor.com\\\/institucional\\\/?s={search_term_string}\"},\"query-input\":{\"@type\":\"PropertyValueSpecification\",\"valueRequired\":true,\"valueName\":\"search_term_string\"}}],\"inLanguage\":\"pt-BR\"},{\"@type\":\"Organization\",\"@id\":\"https:\\\/\\\/www.keppemotor.com\\\/institucional\\\/#organization\",\"name\":\"Keppe Motor - Tecnologia para um Novo Mundo\",\"url\":\"https:\\\/\\\/www.keppemotor.com\\\/institucional\\\/\",\"logo\":{\"@type\":\"ImageObject\",\"inLanguage\":\"pt-BR\",\"@id\":\"https:\\\/\\\/www.keppemotor.com\\\/institucional\\\/#\\\/schema\\\/logo\\\/image\\\/\",\"url\":\"https:\\\/\\\/www.keppemotor.com\\\/institucional\\\/wp-content\\\/uploads\\\/2014\\\/11\\\/cropped-keppemotor-logo-header-5.png\",\"contentUrl\":\"https:\\\/\\\/www.keppemotor.com\\\/institucional\\\/wp-content\\\/uploads\\\/2014\\\/11\\\/cropped-keppemotor-logo-header-5.png\",\"width\":300,\"height\":101,\"caption\":\"Keppe Motor - Tecnologia para um Novo Mundo\"},\"image\":{\"@id\":\"https:\\\/\\\/www.keppemotor.com\\\/institucional\\\/#\\\/schema\\\/logo\\\/image\\\/\"}}]}<\/script>\n<!-- \/ Yoast SEO plugin. -->","yoast_head_json":{"title":"Acerca de Norberto Keppe - Keppe Motor - Tecnologia para um Novo Mundo","description":"Su trabajo en la Nueva F\u00edsica dio origen a una tecnolog\u00eda sustentable e innovadora de motores resonantes, conocidos como Motores Keppe, que generaron patentes internacionales y premios mundiales, destac\u00e1ndose como campeones en eficiencia energ\u00e9tica en su categor\u00eda.","robots":{"index":"index","follow":"follow","max-snippet":"max-snippet:-1","max-image-preview":"max-image-preview:large","max-video-preview":"max-video-preview:-1"},"canonical":"https:\/\/www.keppemotor.com\/institucional\/es\/norberto-keppe\/","og_locale":"pt_BR","og_type":"article","og_title":"Acerca de Norberto Keppe - Keppe Motor - Tecnologia para um Novo Mundo","og_description":"Su trabajo en la Nueva F\u00edsica dio origen a una tecnolog\u00eda sustentable e innovadora de motores resonantes, conocidos como Motores Keppe, que generaron patentes internacionales y premios mundiales, destac\u00e1ndose como campeones en eficiencia energ\u00e9tica en su categor\u00eda.","og_url":"https:\/\/www.keppemotor.com\/institucional\/es\/norberto-keppe\/","og_site_name":"Keppe Motor - Tecnologia para um Novo Mundo","article_modified_time":"2025-08-04T13:57:22+00:00","og_image":[{"width":512,"height":512,"url":"https:\/\/www.keppemotor.com\/institucional\/wp-content\/uploads\/2025\/05\/cropped-cropped-keppemotor-logo-header-5.png","type":"image\/png"}],"twitter_misc":{"Est. tempo de leitura":"5 minutos"},"schema":{"@context":"https:\/\/schema.org","@graph":[{"@type":"WebPage","@id":"https:\/\/www.keppemotor.com\/institucional\/es\/norberto-keppe\/","url":"https:\/\/www.keppemotor.com\/institucional\/es\/norberto-keppe\/","name":"Acerca de Norberto Keppe - Keppe Motor - Tecnologia para um Novo Mundo","isPartOf":{"@id":"https:\/\/www.keppemotor.com\/institucional\/#website"},"primaryImageOfPage":{"@id":"https:\/\/www.keppemotor.com\/institucional\/es\/norberto-keppe\/#primaryimage"},"image":{"@id":"https:\/\/www.keppemotor.com\/institucional\/es\/norberto-keppe\/#primaryimage"},"thumbnailUrl":"https:\/\/www.keppemotor.com\/institucional\/wp-content\/uploads\/2025\/05\/cropped-cropped-keppemotor-logo-header-5.png","datePublished":"2025-08-04T13:47:22+00:00","dateModified":"2025-08-04T13:57:22+00:00","description":"Su trabajo en la Nueva F\u00edsica dio origen a una tecnolog\u00eda sustentable e innovadora de motores resonantes, conocidos como Motores Keppe, que generaron patentes internacionales y premios mundiales, destac\u00e1ndose como campeones en eficiencia energ\u00e9tica en su categor\u00eda.","breadcrumb":{"@id":"https:\/\/www.keppemotor.com\/institucional\/es\/norberto-keppe\/#breadcrumb"},"inLanguage":"pt-BR","potentialAction":[{"@type":"ReadAction","target":["https:\/\/www.keppemotor.com\/institucional\/es\/norberto-keppe\/"]}]},{"@type":"ImageObject","inLanguage":"pt-BR","@id":"https:\/\/www.keppemotor.com\/institucional\/es\/norberto-keppe\/#primaryimage","url":"https:\/\/www.keppemotor.com\/institucional\/wp-content\/uploads\/2025\/05\/cropped-cropped-keppemotor-logo-header-5.png","contentUrl":"https:\/\/www.keppemotor.com\/institucional\/wp-content\/uploads\/2025\/05\/cropped-cropped-keppemotor-logo-header-5.png","width":512,"height":512},{"@type":"BreadcrumbList","@id":"https:\/\/www.keppemotor.com\/institucional\/es\/norberto-keppe\/#breadcrumb","itemListElement":[{"@type":"ListItem","position":1,"name":"In\u00edcio","item":"https:\/\/www.keppemotor.com\/institucional\/"},{"@type":"ListItem","position":2,"name":"Acerca de Norberto Keppe"}]},{"@type":"WebSite","@id":"https:\/\/www.keppemotor.com\/institucional\/#website","url":"https:\/\/www.keppemotor.com\/institucional\/","name":"Keppe Motor - Tecnologia para um Novo Mundo","description":"","publisher":{"@id":"https:\/\/www.keppemotor.com\/institucional\/#organization"},"potentialAction":[{"@type":"SearchAction","target":{"@type":"EntryPoint","urlTemplate":"https:\/\/www.keppemotor.com\/institucional\/?s={search_term_string}"},"query-input":{"@type":"PropertyValueSpecification","valueRequired":true,"valueName":"search_term_string"}}],"inLanguage":"pt-BR"},{"@type":"Organization","@id":"https:\/\/www.keppemotor.com\/institucional\/#organization","name":"Keppe Motor - Tecnologia para um Novo Mundo","url":"https:\/\/www.keppemotor.com\/institucional\/","logo":{"@type":"ImageObject","inLanguage":"pt-BR","@id":"https:\/\/www.keppemotor.com\/institucional\/#\/schema\/logo\/image\/","url":"https:\/\/www.keppemotor.com\/institucional\/wp-content\/uploads\/2014\/11\/cropped-keppemotor-logo-header-5.png","contentUrl":"https:\/\/www.keppemotor.com\/institucional\/wp-content\/uploads\/2014\/11\/cropped-keppemotor-logo-header-5.png","width":300,"height":101,"caption":"Keppe Motor - Tecnologia para um Novo Mundo"},"image":{"@id":"https:\/\/www.keppemotor.com\/institucional\/#\/schema\/logo\/image\/"}}]}},"_links":{"self":[{"href":"https:\/\/www.keppemotor.com\/institucional\/wp-json\/wp\/v2\/pages\/8496","targetHints":{"allow":["GET"]}}],"collection":[{"href":"https:\/\/www.keppemotor.com\/institucional\/wp-json\/wp\/v2\/pages"}],"about":[{"href":"https:\/\/www.keppemotor.com\/institucional\/wp-json\/wp\/v2\/types\/page"}],"author":[{"embeddable":true,"href":"https:\/\/www.keppemotor.com\/institucional\/wp-json\/wp\/v2\/users\/2"}],"replies":[{"embeddable":true,"href":"https:\/\/www.keppemotor.com\/institucional\/wp-json\/wp\/v2\/comments?post=8496"}],"version-history":[{"count":11,"href":"https:\/\/www.keppemotor.com\/institucional\/wp-json\/wp\/v2\/pages\/8496\/revisions"}],"predecessor-version":[{"id":8508,"href":"https:\/\/www.keppemotor.com\/institucional\/wp-json\/wp\/v2\/pages\/8496\/revisions\/8508"}],"wp:featuredmedia":[{"embeddable":true,"href":"https:\/\/www.keppemotor.com\/institucional\/wp-json\/wp\/v2\/media\/8275"}],"wp:attachment":[{"href":"https:\/\/www.keppemotor.com\/institucional\/wp-json\/wp\/v2\/media?parent=8496"}],"curies":[{"name":"wp","href":"https:\/\/api.w.org\/{rel}","templated":true}]}}