{"id":8523,"date":"2025-08-04T14:38:04","date_gmt":"2025-08-04T14:38:04","guid":{"rendered":"https:\/\/www.keppemotor.com\/institucional\/?page_id=8523"},"modified":"2025-08-04T14:41:23","modified_gmt":"2025-08-04T14:41:23","slug":"caracteristicas-del-keppe-motor","status":"publish","type":"page","link":"https:\/\/www.keppemotor.com\/institucional\/es\/caracteristicas-del-keppe-motor\/","title":{"rendered":"Caracteristicas del Keppe Motor"},"content":{"rendered":"\t\t<div data-elementor-type=\"wp-page\" data-elementor-id=\"8523\" class=\"elementor elementor-8523\" data-elementor-post-type=\"page\">\n\t\t\t\t<div class=\"elementor-element elementor-element-9422455 e-flex e-con-boxed e-con e-parent\" data-id=\"9422455\" data-element_type=\"container\" data-e-type=\"container\">\n\t\t\t\t\t<div class=\"e-con-inner\">\n\t\t\t\t<div class=\"elementor-element elementor-element-6d8a464 elementor-widget elementor-widget-spacer\" data-id=\"6d8a464\" data-element_type=\"widget\" data-e-type=\"widget\" data-widget_type=\"spacer.default\">\n\t\t\t\t<div class=\"elementor-widget-container\">\n\t\t\t\t\t\t\t<div class=\"elementor-spacer\">\n\t\t\t<div class=\"elementor-spacer-inner\"><\/div>\n\t\t<\/div>\n\t\t\t\t\t\t<\/div>\n\t\t\t\t<\/div>\n\t\t\t\t<div class=\"elementor-element elementor-element-946a047 elementor-widget elementor-widget-heading\" data-id=\"946a047\" data-element_type=\"widget\" data-e-type=\"widget\" data-widget_type=\"heading.default\">\n\t\t\t\t<div class=\"elementor-widget-container\">\n\t\t\t\t\t<h1 class=\"elementor-heading-title elementor-size-default\">Caracteristicas del Keppe Motor<\/h1>\t\t\t\t<\/div>\n\t\t\t\t<\/div>\n\t\t\t\t<div class=\"elementor-element elementor-element-6ee204ad elementor-widget elementor-widget-text-editor\" data-id=\"6ee204ad\" data-element_type=\"widget\" data-e-type=\"widget\" data-widget_type=\"text-editor.default\">\n\t\t\t\t<div class=\"elementor-widget-container\">\n\t\t\t\t\t\t\t\t\t<p>Los motores el\u00e9ctricos de CA y CC reciben energ\u00eda el\u00e9ctrica continuamente para generar trabajo en forma de torque y velocidad. Algunos pueden operar de forma reversa como generadores, recibiendo torque y velocidad para producir energ\u00eda el\u00e9ctrica. Independientemente del modo, no pueden operar simult\u00e1neamente como motores y generadores, ya que sus principios de funcionamiento no lo permiten. Los motores RC funcionan simult\u00e1neamente conectados y desconectados de la red el\u00e9ctrica, recibiendo electricidad y captando energ\u00eda magn\u00e9tica del rotor. Esta caracter\u00edstica \u00fanica convierte a los motores RC en m\u00e1quinas que funcionan como motores, a la vez que se benefician del efecto generador producido por el rotor magn\u00e9tico para optimizar su eficiencia.<\/p><p>El motor Keppe funciona con la bobina energizada durante un tiempo y des energizada durante otro. As\u00ed, mientras la bobina est\u00e1 conectada, el rotor es atra\u00eddo por el campo giratorio del estator y genera potencia mec\u00e1nica de salida. Mientras la bobina est\u00e1 desconectada, la bobina del estator recoge la energ\u00eda generada por el rotor magn\u00e9tico giratorio, que se reintroduce en el sistema a trav\u00e9s de su STEM (Sistema Turbo Electromagn\u00e9tico).<\/p><p>El STEM es un sistema de recuperaci\u00f3n que acumula la energ\u00eda generada por la fase de generaci\u00f3n del motor Keppe para su posterior reutilizaci\u00f3n. As\u00ed, en estado de resonancia electromagn\u00e9tica, el motor act\u00faa parcialmente como un &#8220;auto generador&#8221; mientras opera como un motor. El ajuste fino del sistema garantiza la minimizaci\u00f3n de la fuerza contraelectromotriz hasta el punto de ser insignificante en comparaci\u00f3n con la que se obtiene de la recuperaci\u00f3n de energ\u00eda del STEM. Como resultado, la eficiencia del motor aumenta a\u00fan m\u00e1s.<\/p><p>Los periodos con la bobina desconectada son fundamentales para la tecnolog\u00eda de motores RC, ya que permiten que el rotor responda mec\u00e1nicamente a la entrada de energ\u00eda el\u00e9ctrica induciendo un estado natural de resonancia electromec\u00e1nica. Esta caracter\u00edstica de resonancia electromagn\u00e9tica-mec\u00e1nica por s\u00ed sola es suficiente para proporcionar una alta eficiencia al motor, pero con el uso del sistema turbo, la eficiencia aumenta a\u00fan m\u00e1s.<\/p>\t\t\t\t\t\t\t\t<\/div>\n\t\t\t\t<\/div>\n\t\t\t\t<div class=\"elementor-element elementor-element-1458e1a elementor-widget elementor-widget-spacer\" data-id=\"1458e1a\" data-element_type=\"widget\" data-e-type=\"widget\" data-widget_type=\"spacer.default\">\n\t\t\t\t<div class=\"elementor-widget-container\">\n\t\t\t\t\t\t\t<div class=\"elementor-spacer\">\n\t\t\t<div class=\"elementor-spacer-inner\"><\/div>\n\t\t<\/div>\n\t\t\t\t\t\t<\/div>\n\t\t\t\t<\/div>\n\t\t\t\t\t<\/div>\n\t\t\t\t<\/div>\n\t\t\t\t<\/div>\n\t\t","protected":false},"excerpt":{"rendered":"<p>Caracteristicas del Keppe Motor Los motores el\u00e9ctricos de CA y CC reciben energ\u00eda el\u00e9ctrica continuamente para generar trabajo en forma de torque y velocidad. Algunos pueden operar de forma reversa como generadores, recibiendo torque y velocidad para producir energ\u00eda el\u00e9ctrica. Independientemente del modo, no pueden operar simult\u00e1neamente como motores y generadores, ya que sus principios [&hellip;]<\/p>\n","protected":false},"author":2,"featured_media":8275,"parent":0,"menu_order":0,"comment_status":"closed","ping_status":"open","template":"elementor_header_footer","meta":{"_exactmetrics_skip_tracking":false,"_exactmetrics_sitenote_active":false,"_exactmetrics_sitenote_note":"","_exactmetrics_sitenote_category":0,"footnotes":""},"class_list":["post-8523","page","type-page","status-publish","has-post-thumbnail","hentry"],"yoast_head":"<!-- This site is optimized with the Yoast SEO plugin v27.4 - https:\/\/yoast.com\/product\/yoast-seo-wordpress\/ -->\n<title>Caracteristicas del Keppe Motor - Keppe Motor - Tecnologia para um Novo Mundo<\/title>\n<meta name=\"description\" content=\"El motor Keppe funciona con la bobina energizada durante un tiempo y des energizada durante otro. As\u00ed, mientras la bobina est\u00e1 conectada, el rotor es atra\u00eddo por el campo giratorio del estator y genera potencia mec\u00e1nica de salida. Mientras la bobina est\u00e1 desconectada, la bobina del estator recoge la energ\u00eda generada por el rotor magn\u00e9tico giratorio, que se reintroduce en el sistema a trav\u00e9s de su STEM\" \/>\n<meta name=\"robots\" content=\"index, follow, max-snippet:-1, max-image-preview:large, max-video-preview:-1\" \/>\n<link rel=\"canonical\" href=\"https:\/\/www.keppemotor.com\/institucional\/es\/caracteristicas-del-keppe-motor\/\" \/>\n<meta property=\"og:locale\" content=\"pt_BR\" \/>\n<meta property=\"og:type\" content=\"article\" \/>\n<meta property=\"og:title\" content=\"Caracteristicas del Keppe Motor - Keppe Motor - Tecnologia para um Novo Mundo\" \/>\n<meta property=\"og:description\" content=\"El motor Keppe funciona con la bobina energizada durante un tiempo y des energizada durante otro. As\u00ed, mientras la bobina est\u00e1 conectada, el rotor es atra\u00eddo por el campo giratorio del estator y genera potencia mec\u00e1nica de salida. Mientras la bobina est\u00e1 desconectada, la bobina del estator recoge la energ\u00eda generada por el rotor magn\u00e9tico giratorio, que se reintroduce en el sistema a trav\u00e9s de su STEM\" \/>\n<meta property=\"og:url\" content=\"https:\/\/www.keppemotor.com\/institucional\/es\/caracteristicas-del-keppe-motor\/\" \/>\n<meta property=\"og:site_name\" content=\"Keppe Motor - Tecnologia para um Novo Mundo\" \/>\n<meta property=\"article:modified_time\" content=\"2025-08-04T14:41:23+00:00\" \/>\n<meta property=\"og:image\" content=\"https:\/\/www.keppemotor.com\/institucional\/wp-content\/uploads\/2025\/05\/cropped-cropped-keppemotor-logo-header-5.png\" \/>\n\t<meta property=\"og:image:width\" content=\"512\" \/>\n\t<meta property=\"og:image:height\" content=\"512\" \/>\n\t<meta property=\"og:image:type\" content=\"image\/png\" \/>\n<meta name=\"twitter:label1\" content=\"Est. tempo de leitura\" \/>\n\t<meta name=\"twitter:data1\" content=\"2 minutos\" \/>\n<script type=\"application\/ld+json\" class=\"yoast-schema-graph\">{\"@context\":\"https:\\\/\\\/schema.org\",\"@graph\":[{\"@type\":\"WebPage\",\"@id\":\"https:\\\/\\\/www.keppemotor.com\\\/institucional\\\/es\\\/caracteristicas-del-keppe-motor\\\/\",\"url\":\"https:\\\/\\\/www.keppemotor.com\\\/institucional\\\/es\\\/caracteristicas-del-keppe-motor\\\/\",\"name\":\"Caracteristicas del Keppe Motor - Keppe Motor - Tecnologia para um Novo Mundo\",\"isPartOf\":{\"@id\":\"https:\\\/\\\/www.keppemotor.com\\\/institucional\\\/#website\"},\"primaryImageOfPage\":{\"@id\":\"https:\\\/\\\/www.keppemotor.com\\\/institucional\\\/es\\\/caracteristicas-del-keppe-motor\\\/#primaryimage\"},\"image\":{\"@id\":\"https:\\\/\\\/www.keppemotor.com\\\/institucional\\\/es\\\/caracteristicas-del-keppe-motor\\\/#primaryimage\"},\"thumbnailUrl\":\"https:\\\/\\\/www.keppemotor.com\\\/institucional\\\/wp-content\\\/uploads\\\/2025\\\/05\\\/cropped-cropped-keppemotor-logo-header-5.png\",\"datePublished\":\"2025-08-04T14:38:04+00:00\",\"dateModified\":\"2025-08-04T14:41:23+00:00\",\"description\":\"El motor Keppe funciona con la bobina energizada durante un tiempo y des energizada durante otro. As\u00ed, mientras la bobina est\u00e1 conectada, el rotor es atra\u00eddo por el campo giratorio del estator y genera potencia mec\u00e1nica de salida. Mientras la bobina est\u00e1 desconectada, la bobina del estator recoge la energ\u00eda generada por el rotor magn\u00e9tico giratorio, que se reintroduce en el sistema a trav\u00e9s de su STEM\",\"breadcrumb\":{\"@id\":\"https:\\\/\\\/www.keppemotor.com\\\/institucional\\\/es\\\/caracteristicas-del-keppe-motor\\\/#breadcrumb\"},\"inLanguage\":\"pt-BR\",\"potentialAction\":[{\"@type\":\"ReadAction\",\"target\":[\"https:\\\/\\\/www.keppemotor.com\\\/institucional\\\/es\\\/caracteristicas-del-keppe-motor\\\/\"]}]},{\"@type\":\"ImageObject\",\"inLanguage\":\"pt-BR\",\"@id\":\"https:\\\/\\\/www.keppemotor.com\\\/institucional\\\/es\\\/caracteristicas-del-keppe-motor\\\/#primaryimage\",\"url\":\"https:\\\/\\\/www.keppemotor.com\\\/institucional\\\/wp-content\\\/uploads\\\/2025\\\/05\\\/cropped-cropped-keppemotor-logo-header-5.png\",\"contentUrl\":\"https:\\\/\\\/www.keppemotor.com\\\/institucional\\\/wp-content\\\/uploads\\\/2025\\\/05\\\/cropped-cropped-keppemotor-logo-header-5.png\",\"width\":512,\"height\":512},{\"@type\":\"BreadcrumbList\",\"@id\":\"https:\\\/\\\/www.keppemotor.com\\\/institucional\\\/es\\\/caracteristicas-del-keppe-motor\\\/#breadcrumb\",\"itemListElement\":[{\"@type\":\"ListItem\",\"position\":1,\"name\":\"In\u00edcio\",\"item\":\"https:\\\/\\\/www.keppemotor.com\\\/institucional\\\/\"},{\"@type\":\"ListItem\",\"position\":2,\"name\":\"Caracteristicas del Keppe Motor\"}]},{\"@type\":\"WebSite\",\"@id\":\"https:\\\/\\\/www.keppemotor.com\\\/institucional\\\/#website\",\"url\":\"https:\\\/\\\/www.keppemotor.com\\\/institucional\\\/\",\"name\":\"Keppe Motor - Tecnologia para um Novo Mundo\",\"description\":\"\",\"publisher\":{\"@id\":\"https:\\\/\\\/www.keppemotor.com\\\/institucional\\\/#organization\"},\"potentialAction\":[{\"@type\":\"SearchAction\",\"target\":{\"@type\":\"EntryPoint\",\"urlTemplate\":\"https:\\\/\\\/www.keppemotor.com\\\/institucional\\\/?s={search_term_string}\"},\"query-input\":{\"@type\":\"PropertyValueSpecification\",\"valueRequired\":true,\"valueName\":\"search_term_string\"}}],\"inLanguage\":\"pt-BR\"},{\"@type\":\"Organization\",\"@id\":\"https:\\\/\\\/www.keppemotor.com\\\/institucional\\\/#organization\",\"name\":\"Keppe Motor - Tecnologia para um Novo Mundo\",\"url\":\"https:\\\/\\\/www.keppemotor.com\\\/institucional\\\/\",\"logo\":{\"@type\":\"ImageObject\",\"inLanguage\":\"pt-BR\",\"@id\":\"https:\\\/\\\/www.keppemotor.com\\\/institucional\\\/#\\\/schema\\\/logo\\\/image\\\/\",\"url\":\"https:\\\/\\\/www.keppemotor.com\\\/institucional\\\/wp-content\\\/uploads\\\/2014\\\/11\\\/cropped-keppemotor-logo-header-5.png\",\"contentUrl\":\"https:\\\/\\\/www.keppemotor.com\\\/institucional\\\/wp-content\\\/uploads\\\/2014\\\/11\\\/cropped-keppemotor-logo-header-5.png\",\"width\":300,\"height\":101,\"caption\":\"Keppe Motor - Tecnologia para um Novo Mundo\"},\"image\":{\"@id\":\"https:\\\/\\\/www.keppemotor.com\\\/institucional\\\/#\\\/schema\\\/logo\\\/image\\\/\"}}]}<\/script>\n<!-- \/ Yoast SEO plugin. -->","yoast_head_json":{"title":"Caracteristicas del Keppe Motor - Keppe Motor - Tecnologia para um Novo Mundo","description":"El motor Keppe funciona con la bobina energizada durante un tiempo y des energizada durante otro. As\u00ed, mientras la bobina est\u00e1 conectada, el rotor es atra\u00eddo por el campo giratorio del estator y genera potencia mec\u00e1nica de salida. Mientras la bobina est\u00e1 desconectada, la bobina del estator recoge la energ\u00eda generada por el rotor magn\u00e9tico giratorio, que se reintroduce en el sistema a trav\u00e9s de su STEM","robots":{"index":"index","follow":"follow","max-snippet":"max-snippet:-1","max-image-preview":"max-image-preview:large","max-video-preview":"max-video-preview:-1"},"canonical":"https:\/\/www.keppemotor.com\/institucional\/es\/caracteristicas-del-keppe-motor\/","og_locale":"pt_BR","og_type":"article","og_title":"Caracteristicas del Keppe Motor - Keppe Motor - Tecnologia para um Novo Mundo","og_description":"El motor Keppe funciona con la bobina energizada durante un tiempo y des energizada durante otro. As\u00ed, mientras la bobina est\u00e1 conectada, el rotor es atra\u00eddo por el campo giratorio del estator y genera potencia mec\u00e1nica de salida. Mientras la bobina est\u00e1 desconectada, la bobina del estator recoge la energ\u00eda generada por el rotor magn\u00e9tico giratorio, que se reintroduce en el sistema a trav\u00e9s de su STEM","og_url":"https:\/\/www.keppemotor.com\/institucional\/es\/caracteristicas-del-keppe-motor\/","og_site_name":"Keppe Motor - Tecnologia para um Novo Mundo","article_modified_time":"2025-08-04T14:41:23+00:00","og_image":[{"width":512,"height":512,"url":"https:\/\/www.keppemotor.com\/institucional\/wp-content\/uploads\/2025\/05\/cropped-cropped-keppemotor-logo-header-5.png","type":"image\/png"}],"twitter_misc":{"Est. tempo de leitura":"2 minutos"},"schema":{"@context":"https:\/\/schema.org","@graph":[{"@type":"WebPage","@id":"https:\/\/www.keppemotor.com\/institucional\/es\/caracteristicas-del-keppe-motor\/","url":"https:\/\/www.keppemotor.com\/institucional\/es\/caracteristicas-del-keppe-motor\/","name":"Caracteristicas del Keppe Motor - Keppe Motor - Tecnologia para um Novo Mundo","isPartOf":{"@id":"https:\/\/www.keppemotor.com\/institucional\/#website"},"primaryImageOfPage":{"@id":"https:\/\/www.keppemotor.com\/institucional\/es\/caracteristicas-del-keppe-motor\/#primaryimage"},"image":{"@id":"https:\/\/www.keppemotor.com\/institucional\/es\/caracteristicas-del-keppe-motor\/#primaryimage"},"thumbnailUrl":"https:\/\/www.keppemotor.com\/institucional\/wp-content\/uploads\/2025\/05\/cropped-cropped-keppemotor-logo-header-5.png","datePublished":"2025-08-04T14:38:04+00:00","dateModified":"2025-08-04T14:41:23+00:00","description":"El motor Keppe funciona con la bobina energizada durante un tiempo y des energizada durante otro. As\u00ed, mientras la bobina est\u00e1 conectada, el rotor es atra\u00eddo por el campo giratorio del estator y genera potencia mec\u00e1nica de salida. Mientras la bobina est\u00e1 desconectada, la bobina del estator recoge la energ\u00eda generada por el rotor magn\u00e9tico giratorio, que se reintroduce en el sistema a trav\u00e9s de su STEM","breadcrumb":{"@id":"https:\/\/www.keppemotor.com\/institucional\/es\/caracteristicas-del-keppe-motor\/#breadcrumb"},"inLanguage":"pt-BR","potentialAction":[{"@type":"ReadAction","target":["https:\/\/www.keppemotor.com\/institucional\/es\/caracteristicas-del-keppe-motor\/"]}]},{"@type":"ImageObject","inLanguage":"pt-BR","@id":"https:\/\/www.keppemotor.com\/institucional\/es\/caracteristicas-del-keppe-motor\/#primaryimage","url":"https:\/\/www.keppemotor.com\/institucional\/wp-content\/uploads\/2025\/05\/cropped-cropped-keppemotor-logo-header-5.png","contentUrl":"https:\/\/www.keppemotor.com\/institucional\/wp-content\/uploads\/2025\/05\/cropped-cropped-keppemotor-logo-header-5.png","width":512,"height":512},{"@type":"BreadcrumbList","@id":"https:\/\/www.keppemotor.com\/institucional\/es\/caracteristicas-del-keppe-motor\/#breadcrumb","itemListElement":[{"@type":"ListItem","position":1,"name":"In\u00edcio","item":"https:\/\/www.keppemotor.com\/institucional\/"},{"@type":"ListItem","position":2,"name":"Caracteristicas del Keppe Motor"}]},{"@type":"WebSite","@id":"https:\/\/www.keppemotor.com\/institucional\/#website","url":"https:\/\/www.keppemotor.com\/institucional\/","name":"Keppe Motor - Tecnologia para um Novo Mundo","description":"","publisher":{"@id":"https:\/\/www.keppemotor.com\/institucional\/#organization"},"potentialAction":[{"@type":"SearchAction","target":{"@type":"EntryPoint","urlTemplate":"https:\/\/www.keppemotor.com\/institucional\/?s={search_term_string}"},"query-input":{"@type":"PropertyValueSpecification","valueRequired":true,"valueName":"search_term_string"}}],"inLanguage":"pt-BR"},{"@type":"Organization","@id":"https:\/\/www.keppemotor.com\/institucional\/#organization","name":"Keppe Motor - Tecnologia para um Novo Mundo","url":"https:\/\/www.keppemotor.com\/institucional\/","logo":{"@type":"ImageObject","inLanguage":"pt-BR","@id":"https:\/\/www.keppemotor.com\/institucional\/#\/schema\/logo\/image\/","url":"https:\/\/www.keppemotor.com\/institucional\/wp-content\/uploads\/2014\/11\/cropped-keppemotor-logo-header-5.png","contentUrl":"https:\/\/www.keppemotor.com\/institucional\/wp-content\/uploads\/2014\/11\/cropped-keppemotor-logo-header-5.png","width":300,"height":101,"caption":"Keppe Motor - Tecnologia para um Novo Mundo"},"image":{"@id":"https:\/\/www.keppemotor.com\/institucional\/#\/schema\/logo\/image\/"}}]}},"_links":{"self":[{"href":"https:\/\/www.keppemotor.com\/institucional\/wp-json\/wp\/v2\/pages\/8523","targetHints":{"allow":["GET"]}}],"collection":[{"href":"https:\/\/www.keppemotor.com\/institucional\/wp-json\/wp\/v2\/pages"}],"about":[{"href":"https:\/\/www.keppemotor.com\/institucional\/wp-json\/wp\/v2\/types\/page"}],"author":[{"embeddable":true,"href":"https:\/\/www.keppemotor.com\/institucional\/wp-json\/wp\/v2\/users\/2"}],"replies":[{"embeddable":true,"href":"https:\/\/www.keppemotor.com\/institucional\/wp-json\/wp\/v2\/comments?post=8523"}],"version-history":[{"count":4,"href":"https:\/\/www.keppemotor.com\/institucional\/wp-json\/wp\/v2\/pages\/8523\/revisions"}],"predecessor-version":[{"id":8528,"href":"https:\/\/www.keppemotor.com\/institucional\/wp-json\/wp\/v2\/pages\/8523\/revisions\/8528"}],"wp:featuredmedia":[{"embeddable":true,"href":"https:\/\/www.keppemotor.com\/institucional\/wp-json\/wp\/v2\/media\/8275"}],"wp:attachment":[{"href":"https:\/\/www.keppemotor.com\/institucional\/wp-json\/wp\/v2\/media?parent=8523"}],"curies":[{"name":"wp","href":"https:\/\/api.w.org\/{rel}","templated":true}]}}