{"id":914,"date":"2014-11-04T17:40:14","date_gmt":"2014-11-04T17:40:14","guid":{"rendered":"http:\/\/www.keppemotor.com\/institucional\/?page_id=914"},"modified":"2024-09-03T18:20:20","modified_gmt":"2024-09-03T18:20:20","slug":"sobre-norberto-keppe","status":"publish","type":"page","link":"https:\/\/www.keppemotor.com\/institucional\/sobre-norberto-keppe\/","title":{"rendered":"Sobre Norberto Keppe"},"content":{"rendered":"\t\t<div data-elementor-type=\"wp-page\" data-elementor-id=\"914\" class=\"elementor elementor-914\" data-elementor-post-type=\"page\">\n\t\t\t\t<div class=\"elementor-element elementor-element-3622a64a e-flex e-con-boxed e-con e-parent\" data-id=\"3622a64a\" data-element_type=\"container\" data-e-type=\"container\">\n\t\t\t\t\t<div class=\"e-con-inner\">\n\t\t\t\t<div class=\"elementor-element elementor-element-a544cd6 elementor-widget elementor-widget-heading\" data-id=\"a544cd6\" data-element_type=\"widget\" data-e-type=\"widget\" data-widget_type=\"heading.default\">\n\t\t\t\t<div class=\"elementor-widget-container\">\n\t\t\t\t\t<h1 class=\"elementor-heading-title elementor-size-default\">Sobre Norberto Keppe<\/h1>\t\t\t\t<\/div>\n\t\t\t\t<\/div>\n\t\t\t\t<div class=\"elementor-element elementor-element-68c7e08b elementor-widget elementor-widget-text-editor\" data-id=\"68c7e08b\" data-element_type=\"widget\" data-e-type=\"widget\" data-widget_type=\"text-editor.default\">\n\t\t\t\t<div class=\"elementor-widget-container\">\n\t\t\t\t\t\t\t\t\t<p style=\"text-align: justify;\"><a href=\"http:\/\/www.keppemotor.com\/institucional\/wp-content\/uploads\/2014\/11\/keppe-004.jpg\"><img fetchpriority=\"high\" decoding=\"async\" class=\"alignleft wp-image-915 size-full\" src=\"http:\/\/www.keppemotor.com\/institucional\/wp-content\/uploads\/2014\/11\/keppe-004.jpg\" alt=\"keppe-004\" width=\"322\" height=\"433\" srcset=\"https:\/\/www.keppemotor.com\/institucional\/wp-content\/uploads\/2014\/11\/keppe-004.jpg 322w, https:\/\/www.keppemotor.com\/institucional\/wp-content\/uploads\/2014\/11\/keppe-004-223x300.jpg 223w, https:\/\/www.keppemotor.com\/institucional\/wp-content\/uploads\/2014\/11\/keppe-004-66x90.jpg 66w\" sizes=\"(max-width: 322px) 100vw, 322px\" \/><\/a>Norberto R. Keppe fez sua forma\u00e7\u00e3o psicanal\u00edtica em Viena, onde foi treinado por professores como Viktor E. Frankl (Hospital de Policl\u00ednicas, Escola de An\u00e1lise Existencial), Knut Baumgarten (Child Guidance Clinic) e Igor Caruso (C\u00edrculo de Psicologia Profunda). \u00c9 fundador e presidente da Sociedade de Psican\u00e1lise Integral ou Trilogia Anal\u00edtica (1970) desenvolvendo sua pr\u00f3pria teoria e m\u00e9todo cient\u00edficos de tratamento de doen\u00e7as ps\u00edquicas, sociais e org\u00e2nicas. Foi capaz de integrar as \u00e1reas da ci\u00eancia, da filosofia e da espiritualidade, criando um novo campo chamado de psico-s\u00f3cio-patologia.<\/p><p style=\"text-align: justify;\">Lecionou como professor convidado na Pontif\u00edcia Universidade Cat\u00f3lica (PUC), e na Faculdade de Medicina da Universidade de S\u00e3o Paulo (USP), entre outras institui\u00e7\u00f5es e faculdades.<\/p><p style=\"text-align: justify;\">Norberto R. Keppe fundou e chefiou o Grupo de Estudos de Medicina Psicossom\u00e1tica junto \u00e0 Cl\u00ednica de Gastroenterologia do \u00a0Prof. Edmundo Vasconcelos, no Hospital das Cl\u00ednicas da Universidade de S\u00e3o Paulo.<\/p><p style=\"text-align: justify;\">\u00c9 autor de 50 livros, alguns traduzidos em mais de 8 idiomas al\u00e9m do portugu\u00eas. Trabalhou durante 13 anos nos Estados Unidos e Europa, onde desenvolveu importante parte de sua obra no campo da Sociopatologia, da Metaf\u00edsica e da Nova F\u00edsica (1996).<\/p><p style=\"text-align: justify;\">Seu trabalho na Nova F\u00edsica deu in\u00edcio \u00e0 tecnologia sustent\u00e1vel e inovadora de motores ressonantes- chamados de Keppe Motor- que gerou patentes internacionais e premia\u00e7\u00f5es mundiais, como campe\u00f5es de efici\u00eancia energ\u00e9tica em sua categoria.<\/p><p style=\"text-align: justify;\">Keppe se debru\u00e7ou no estudo da F\u00edsica chegando a dar-lhe um novo nome: Energ\u00e9tica ou A Nova F\u00edsica &#8211; pois a desinvers\u00e3o da Metaf\u00edsica Aristot\u00e9lica possibilitou seu entendimento sobre a origem e funcionamento energ\u00e9tico de todos os seres. Escreveu importantes obras sobre o assunto, culminando com o livro onde realiza a unifica\u00e7\u00e3o da F\u00edsica, Biologia e Psicologia. A tecnologia Keppe Motor \u00e9 a aplica\u00e7\u00e3o pr\u00e1tica dessa Nova F\u00edsica Tril\u00f3gica, tamb\u00e9m chamada Magnet\u00f4nica por Keppe (estudo do magnetismo).<\/p><p style=\"text-align: justify;\">Conferencista internacional, foi considerado pelo CNRS (Centro Nacional de Pesquisa Cient\u00edfica) da Fran\u00e7a como &#8220;sem d\u00favida o mais original autor heterodoxo entre os contempor\u00e2neos.&#8221;<\/p><h4>De volta ao Brasil<\/h4><p style=\"text-align: justify;\">De volta ao Brasil em 1997, continua presidindo a Sociedade Internacional de Trilogia Anal\u00edtica (Psican\u00e1lise Integral), o seu trabalho de atendimento cl\u00ednico, treinando psicanalistas, escrevendo livros sobre psico-s\u00f3cio-patologia. Como pesquisador de F\u00edsica, orienta o grupo de engenheiros do Keppe Motor em seus desenvolvimentos tecnol\u00f3gicos, e nos trabalhos da Ophicina artesanal de Ventiladores Keppe na cidade de Cambuquira , M.G. Brasil.<\/p><p style=\"text-align: justify;\">Como comunicador carism\u00e1tico, h\u00e1 mais de 50 anos produz programas cient\u00edficos e terap\u00eauticos para televis\u00f5es abertas e educativas e para r\u00e1dios, e levados ao ar em praticamente todos os estados do Brasil. Traduzidos para 5 idiomas s\u00e3o veiculados em mais de 200 canais, de 40 pa\u00edses.<\/p><p style=\"text-align: justify;\">Desenvolveu, entre outras atividades, o m\u00e9todo psicolingu\u00edstico tril\u00f3gico que \u00e9 aplicado\u00a0na Millennium \u2013 Centro de L\u00ednguas\u00a0das Faculdades Tril\u00f3gicas.<br \/>Inspirou a cria\u00e7\u00e3o das Faculdades Tril\u00f3gicas\u00a0 que ensinam seus conhecimentos e descobertas aplicadas a todas as \u00e1reas do saber e de atividade humana.<\/p><p>\u00a0<\/p>\t\t\t\t\t\t\t\t<\/div>\n\t\t\t\t<\/div>\n\t\t\t\t\t<\/div>\n\t\t\t\t<\/div>\n\t\t<div class=\"elementor-element elementor-element-8216cc3 e-flex e-con-boxed e-con e-parent\" data-id=\"8216cc3\" data-element_type=\"container\" data-e-type=\"container\" data-settings=\"{&quot;background_background&quot;:&quot;classic&quot;}\">\n\t\t\t\t\t<div class=\"e-con-inner\">\n\t\t\t\t<div class=\"elementor-element elementor-element-aa3ced0 elementor-widget elementor-widget-testimonial\" data-id=\"aa3ced0\" data-element_type=\"widget\" data-e-type=\"widget\" data-widget_type=\"testimonial.default\">\n\t\t\t\t<div class=\"elementor-widget-container\">\n\t\t\t\t\t\t\t<div class=\"elementor-testimonial-wrapper\">\n\t\t\t\t\t\t\t<div class=\"elementor-testimonial-content\">\"Uma verdadeira ci\u00eancia deve estar de acordo com uma real filosofia e esta, por sua vez, em conformidade com uma aut\u00eantica religiosidade; a este fen\u00f4meno chamamos de Trilogia. Existe uma nova vis\u00e3o sobre o universo (cosmovis\u00e3o), ou melhor, a descoberta de uma filosofia de vida (Weltanschauung), que \u00e9 t\u00e3o antiga como a cria\u00e7\u00e3o e permaneceu oculta por todos estes s\u00e9culos; o motivo principal deste fato pode ser encontrado no transcurso da pr\u00f3pria civiliza\u00e7\u00e3o, que caminhou parcialmente todo esse tempo. Sempre desconfiei que estava havendo algo muito errado com a civiliza\u00e7\u00e3o, desde que n\u00e3o conseguiu construir um mundo de paz e desenvolvimento cont\u00ednuo.\"<\/div>\n\t\t\t\n\t\t\t\t\t\t<div class=\"elementor-testimonial-meta elementor-has-image elementor-testimonial-image-position-aside\">\n\t\t\t\t<div class=\"elementor-testimonial-meta-inner\">\n\t\t\t\t\t\t\t\t\t\t\t<div class=\"elementor-testimonial-image\">\n\t\t\t\t\t\t\t<img decoding=\"async\" width=\"412\" height=\"435\" src=\"https:\/\/www.keppemotor.com\/institucional\/wp-content\/uploads\/2016\/03\/Dr-Keppe.jpg\" class=\"attachment-full size-full wp-image-3021\" alt=\"\" srcset=\"https:\/\/www.keppemotor.com\/institucional\/wp-content\/uploads\/2016\/03\/Dr-Keppe.jpg 412w, https:\/\/www.keppemotor.com\/institucional\/wp-content\/uploads\/2016\/03\/Dr-Keppe-284x300.jpg 284w, https:\/\/www.keppemotor.com\/institucional\/wp-content\/uploads\/2016\/03\/Dr-Keppe-85x90.jpg 85w\" sizes=\"(max-width: 412px) 100vw, 412px\" \/>\t\t\t\t\t\t<\/div>\n\t\t\t\t\t\n\t\t\t\t\t\t\t\t\t\t<div class=\"elementor-testimonial-details\">\n\t\t\t\t\t\t\t\t\t\t\t\t\t\t<div class=\"elementor-testimonial-name\">Norberto Keppe<\/div>\n\t\t\t\t\t\t\t\t\t\t\t\t\t\t\t\t\t\t\t\t\t\t<div class=\"elementor-testimonial-job\">Livro O Reino do Homem, p\u00e1g. 231<\/div>\n\t\t\t\t\t\t\t\t\t\t\t\t\t<\/div>\n\t\t\t\t\t\t\t\t\t<\/div>\n\t\t\t<\/div>\n\t\t\t\t\t<\/div>\n\t\t\t\t\t\t<\/div>\n\t\t\t\t<\/div>\n\t\t\t\t\t<\/div>\n\t\t\t\t<\/div>\n\t\t\t\t<\/div>\n\t\t","protected":false},"excerpt":{"rendered":"<p>Sobre Norberto Keppe Norberto R. Keppe fez sua forma\u00e7\u00e3o psicanal\u00edtica em Viena, onde foi treinado por professores como Viktor E. Frankl (Hospital de Policl\u00ednicas, Escola de An\u00e1lise Existencial), Knut Baumgarten (Child Guidance Clinic) e Igor Caruso (C\u00edrculo de Psicologia Profunda). \u00c9 fundador e presidente da Sociedade de Psican\u00e1lise Integral ou Trilogia Anal\u00edtica (1970) desenvolvendo sua [&hellip;]<\/p>\n","protected":false},"author":2,"featured_media":8275,"parent":0,"menu_order":0,"comment_status":"0","ping_status":"open","template":"elementor_header_footer","meta":{"_exactmetrics_skip_tracking":false,"_exactmetrics_sitenote_active":false,"_exactmetrics_sitenote_note":"","_exactmetrics_sitenote_category":0,"footnotes":""},"class_list":["post-914","page","type-page","status-publish","has-post-thumbnail","hentry"],"yoast_head":"<!-- This site is optimized with the Yoast SEO plugin v27.4 - https:\/\/yoast.com\/product\/yoast-seo-wordpress\/ -->\n<title>Sobre Norberto Keppe - Keppe Motor - Tecnologia para um Novo Mundo<\/title>\n<meta name=\"description\" content=\"Seu trabalho na Nova F\u00edsica deu in\u00edcio \u00e0 tecnologia sustent\u00e1vel e inovadora de motores ressonantes- chamados de Keppe Motor- que gerou patentes internacionais e premia\u00e7\u00f5es mundiais, como campe\u00f5es de efici\u00eancia energ\u00e9tica em sua categoria.\" \/>\n<meta name=\"robots\" content=\"index, follow, max-snippet:-1, max-image-preview:large, max-video-preview:-1\" \/>\n<link rel=\"canonical\" href=\"https:\/\/www.keppemotor.com\/institucional\/sobre-norberto-keppe\/\" \/>\n<meta property=\"og:locale\" content=\"pt_BR\" \/>\n<meta property=\"og:type\" content=\"article\" \/>\n<meta property=\"og:title\" content=\"Sobre Norberto Keppe - Keppe Motor - Tecnologia para um Novo Mundo\" \/>\n<meta property=\"og:description\" content=\"Seu trabalho na Nova F\u00edsica deu in\u00edcio \u00e0 tecnologia sustent\u00e1vel e inovadora de motores ressonantes- chamados de Keppe Motor- que gerou patentes internacionais e premia\u00e7\u00f5es mundiais, como campe\u00f5es de efici\u00eancia energ\u00e9tica em sua categoria.\" \/>\n<meta property=\"og:url\" content=\"https:\/\/www.keppemotor.com\/institucional\/sobre-norberto-keppe\/\" \/>\n<meta property=\"og:site_name\" content=\"Keppe Motor - Tecnologia para um Novo Mundo\" \/>\n<meta property=\"article:modified_time\" content=\"2024-09-03T18:20:20+00:00\" \/>\n<meta property=\"og:image\" content=\"http:\/\/www.keppemotor.com\/institucional\/wp-content\/uploads\/2014\/11\/keppe-004.jpg\" \/>\n<meta name=\"twitter:label1\" content=\"Est. tempo de leitura\" \/>\n\t<meta name=\"twitter:data1\" content=\"4 minutos\" \/>\n<script type=\"application\/ld+json\" class=\"yoast-schema-graph\">{\"@context\":\"https:\\\/\\\/schema.org\",\"@graph\":[{\"@type\":\"WebPage\",\"@id\":\"https:\\\/\\\/www.keppemotor.com\\\/institucional\\\/sobre-norberto-keppe\\\/\",\"url\":\"https:\\\/\\\/www.keppemotor.com\\\/institucional\\\/sobre-norberto-keppe\\\/\",\"name\":\"Sobre Norberto Keppe - Keppe Motor - Tecnologia para um Novo Mundo\",\"isPartOf\":{\"@id\":\"https:\\\/\\\/www.keppemotor.com\\\/institucional\\\/#website\"},\"primaryImageOfPage\":{\"@id\":\"https:\\\/\\\/www.keppemotor.com\\\/institucional\\\/sobre-norberto-keppe\\\/#primaryimage\"},\"image\":{\"@id\":\"https:\\\/\\\/www.keppemotor.com\\\/institucional\\\/sobre-norberto-keppe\\\/#primaryimage\"},\"thumbnailUrl\":\"https:\\\/\\\/www.keppemotor.com\\\/institucional\\\/wp-content\\\/uploads\\\/2025\\\/05\\\/cropped-cropped-keppemotor-logo-header-5.png\",\"datePublished\":\"2014-11-04T17:40:14+00:00\",\"dateModified\":\"2024-09-03T18:20:20+00:00\",\"description\":\"Seu trabalho na Nova F\u00edsica deu in\u00edcio \u00e0 tecnologia sustent\u00e1vel e inovadora de motores ressonantes- chamados de Keppe Motor- que gerou patentes internacionais e premia\u00e7\u00f5es mundiais, como campe\u00f5es de efici\u00eancia energ\u00e9tica em sua categoria.\",\"breadcrumb\":{\"@id\":\"https:\\\/\\\/www.keppemotor.com\\\/institucional\\\/sobre-norberto-keppe\\\/#breadcrumb\"},\"inLanguage\":\"pt-BR\",\"potentialAction\":[{\"@type\":\"ReadAction\",\"target\":[\"https:\\\/\\\/www.keppemotor.com\\\/institucional\\\/sobre-norberto-keppe\\\/\"]}]},{\"@type\":\"ImageObject\",\"inLanguage\":\"pt-BR\",\"@id\":\"https:\\\/\\\/www.keppemotor.com\\\/institucional\\\/sobre-norberto-keppe\\\/#primaryimage\",\"url\":\"https:\\\/\\\/www.keppemotor.com\\\/institucional\\\/wp-content\\\/uploads\\\/2025\\\/05\\\/cropped-cropped-keppemotor-logo-header-5.png\",\"contentUrl\":\"https:\\\/\\\/www.keppemotor.com\\\/institucional\\\/wp-content\\\/uploads\\\/2025\\\/05\\\/cropped-cropped-keppemotor-logo-header-5.png\",\"width\":512,\"height\":512},{\"@type\":\"BreadcrumbList\",\"@id\":\"https:\\\/\\\/www.keppemotor.com\\\/institucional\\\/sobre-norberto-keppe\\\/#breadcrumb\",\"itemListElement\":[{\"@type\":\"ListItem\",\"position\":1,\"name\":\"In\u00edcio\",\"item\":\"https:\\\/\\\/www.keppemotor.com\\\/institucional\\\/\"},{\"@type\":\"ListItem\",\"position\":2,\"name\":\"Sobre Norberto Keppe\"}]},{\"@type\":\"WebSite\",\"@id\":\"https:\\\/\\\/www.keppemotor.com\\\/institucional\\\/#website\",\"url\":\"https:\\\/\\\/www.keppemotor.com\\\/institucional\\\/\",\"name\":\"Keppe Motor - Tecnologia para um Novo Mundo\",\"description\":\"\",\"publisher\":{\"@id\":\"https:\\\/\\\/www.keppemotor.com\\\/institucional\\\/#organization\"},\"potentialAction\":[{\"@type\":\"SearchAction\",\"target\":{\"@type\":\"EntryPoint\",\"urlTemplate\":\"https:\\\/\\\/www.keppemotor.com\\\/institucional\\\/?s={search_term_string}\"},\"query-input\":{\"@type\":\"PropertyValueSpecification\",\"valueRequired\":true,\"valueName\":\"search_term_string\"}}],\"inLanguage\":\"pt-BR\"},{\"@type\":\"Organization\",\"@id\":\"https:\\\/\\\/www.keppemotor.com\\\/institucional\\\/#organization\",\"name\":\"Keppe Motor - Tecnologia para um Novo Mundo\",\"url\":\"https:\\\/\\\/www.keppemotor.com\\\/institucional\\\/\",\"logo\":{\"@type\":\"ImageObject\",\"inLanguage\":\"pt-BR\",\"@id\":\"https:\\\/\\\/www.keppemotor.com\\\/institucional\\\/#\\\/schema\\\/logo\\\/image\\\/\",\"url\":\"https:\\\/\\\/www.keppemotor.com\\\/institucional\\\/wp-content\\\/uploads\\\/2014\\\/11\\\/cropped-keppemotor-logo-header-5.png\",\"contentUrl\":\"https:\\\/\\\/www.keppemotor.com\\\/institucional\\\/wp-content\\\/uploads\\\/2014\\\/11\\\/cropped-keppemotor-logo-header-5.png\",\"width\":300,\"height\":101,\"caption\":\"Keppe Motor - Tecnologia para um Novo Mundo\"},\"image\":{\"@id\":\"https:\\\/\\\/www.keppemotor.com\\\/institucional\\\/#\\\/schema\\\/logo\\\/image\\\/\"}}]}<\/script>\n<!-- \/ Yoast SEO plugin. -->","yoast_head_json":{"title":"Sobre Norberto Keppe - Keppe Motor - Tecnologia para um Novo Mundo","description":"Seu trabalho na Nova F\u00edsica deu in\u00edcio \u00e0 tecnologia sustent\u00e1vel e inovadora de motores ressonantes- chamados de Keppe Motor- que gerou patentes internacionais e premia\u00e7\u00f5es mundiais, como campe\u00f5es de efici\u00eancia energ\u00e9tica em sua categoria.","robots":{"index":"index","follow":"follow","max-snippet":"max-snippet:-1","max-image-preview":"max-image-preview:large","max-video-preview":"max-video-preview:-1"},"canonical":"https:\/\/www.keppemotor.com\/institucional\/sobre-norberto-keppe\/","og_locale":"pt_BR","og_type":"article","og_title":"Sobre Norberto Keppe - Keppe Motor - Tecnologia para um Novo Mundo","og_description":"Seu trabalho na Nova F\u00edsica deu in\u00edcio \u00e0 tecnologia sustent\u00e1vel e inovadora de motores ressonantes- chamados de Keppe Motor- que gerou patentes internacionais e premia\u00e7\u00f5es mundiais, como campe\u00f5es de efici\u00eancia energ\u00e9tica em sua categoria.","og_url":"https:\/\/www.keppemotor.com\/institucional\/sobre-norberto-keppe\/","og_site_name":"Keppe Motor - Tecnologia para um Novo Mundo","article_modified_time":"2024-09-03T18:20:20+00:00","og_image":[{"url":"http:\/\/www.keppemotor.com\/institucional\/wp-content\/uploads\/2014\/11\/keppe-004.jpg","type":"","width":"","height":""}],"twitter_misc":{"Est. tempo de leitura":"4 minutos"},"schema":{"@context":"https:\/\/schema.org","@graph":[{"@type":"WebPage","@id":"https:\/\/www.keppemotor.com\/institucional\/sobre-norberto-keppe\/","url":"https:\/\/www.keppemotor.com\/institucional\/sobre-norberto-keppe\/","name":"Sobre Norberto Keppe - Keppe Motor - Tecnologia para um Novo Mundo","isPartOf":{"@id":"https:\/\/www.keppemotor.com\/institucional\/#website"},"primaryImageOfPage":{"@id":"https:\/\/www.keppemotor.com\/institucional\/sobre-norberto-keppe\/#primaryimage"},"image":{"@id":"https:\/\/www.keppemotor.com\/institucional\/sobre-norberto-keppe\/#primaryimage"},"thumbnailUrl":"https:\/\/www.keppemotor.com\/institucional\/wp-content\/uploads\/2025\/05\/cropped-cropped-keppemotor-logo-header-5.png","datePublished":"2014-11-04T17:40:14+00:00","dateModified":"2024-09-03T18:20:20+00:00","description":"Seu trabalho na Nova F\u00edsica deu in\u00edcio \u00e0 tecnologia sustent\u00e1vel e inovadora de motores ressonantes- chamados de Keppe Motor- que gerou patentes internacionais e premia\u00e7\u00f5es mundiais, como campe\u00f5es de efici\u00eancia energ\u00e9tica em sua categoria.","breadcrumb":{"@id":"https:\/\/www.keppemotor.com\/institucional\/sobre-norberto-keppe\/#breadcrumb"},"inLanguage":"pt-BR","potentialAction":[{"@type":"ReadAction","target":["https:\/\/www.keppemotor.com\/institucional\/sobre-norberto-keppe\/"]}]},{"@type":"ImageObject","inLanguage":"pt-BR","@id":"https:\/\/www.keppemotor.com\/institucional\/sobre-norberto-keppe\/#primaryimage","url":"https:\/\/www.keppemotor.com\/institucional\/wp-content\/uploads\/2025\/05\/cropped-cropped-keppemotor-logo-header-5.png","contentUrl":"https:\/\/www.keppemotor.com\/institucional\/wp-content\/uploads\/2025\/05\/cropped-cropped-keppemotor-logo-header-5.png","width":512,"height":512},{"@type":"BreadcrumbList","@id":"https:\/\/www.keppemotor.com\/institucional\/sobre-norberto-keppe\/#breadcrumb","itemListElement":[{"@type":"ListItem","position":1,"name":"In\u00edcio","item":"https:\/\/www.keppemotor.com\/institucional\/"},{"@type":"ListItem","position":2,"name":"Sobre Norberto Keppe"}]},{"@type":"WebSite","@id":"https:\/\/www.keppemotor.com\/institucional\/#website","url":"https:\/\/www.keppemotor.com\/institucional\/","name":"Keppe Motor - Tecnologia para um Novo Mundo","description":"","publisher":{"@id":"https:\/\/www.keppemotor.com\/institucional\/#organization"},"potentialAction":[{"@type":"SearchAction","target":{"@type":"EntryPoint","urlTemplate":"https:\/\/www.keppemotor.com\/institucional\/?s={search_term_string}"},"query-input":{"@type":"PropertyValueSpecification","valueRequired":true,"valueName":"search_term_string"}}],"inLanguage":"pt-BR"},{"@type":"Organization","@id":"https:\/\/www.keppemotor.com\/institucional\/#organization","name":"Keppe Motor - Tecnologia para um Novo Mundo","url":"https:\/\/www.keppemotor.com\/institucional\/","logo":{"@type":"ImageObject","inLanguage":"pt-BR","@id":"https:\/\/www.keppemotor.com\/institucional\/#\/schema\/logo\/image\/","url":"https:\/\/www.keppemotor.com\/institucional\/wp-content\/uploads\/2014\/11\/cropped-keppemotor-logo-header-5.png","contentUrl":"https:\/\/www.keppemotor.com\/institucional\/wp-content\/uploads\/2014\/11\/cropped-keppemotor-logo-header-5.png","width":300,"height":101,"caption":"Keppe Motor - Tecnologia para um Novo Mundo"},"image":{"@id":"https:\/\/www.keppemotor.com\/institucional\/#\/schema\/logo\/image\/"}}]}},"_links":{"self":[{"href":"https:\/\/www.keppemotor.com\/institucional\/wp-json\/wp\/v2\/pages\/914","targetHints":{"allow":["GET"]}}],"collection":[{"href":"https:\/\/www.keppemotor.com\/institucional\/wp-json\/wp\/v2\/pages"}],"about":[{"href":"https:\/\/www.keppemotor.com\/institucional\/wp-json\/wp\/v2\/types\/page"}],"author":[{"embeddable":true,"href":"https:\/\/www.keppemotor.com\/institucional\/wp-json\/wp\/v2\/users\/2"}],"replies":[{"embeddable":true,"href":"https:\/\/www.keppemotor.com\/institucional\/wp-json\/wp\/v2\/comments?post=914"}],"version-history":[{"count":15,"href":"https:\/\/www.keppemotor.com\/institucional\/wp-json\/wp\/v2\/pages\/914\/revisions"}],"predecessor-version":[{"id":6565,"href":"https:\/\/www.keppemotor.com\/institucional\/wp-json\/wp\/v2\/pages\/914\/revisions\/6565"}],"wp:featuredmedia":[{"embeddable":true,"href":"https:\/\/www.keppemotor.com\/institucional\/wp-json\/wp\/v2\/media\/8275"}],"wp:attachment":[{"href":"https:\/\/www.keppemotor.com\/institucional\/wp-json\/wp\/v2\/media?parent=914"}],"curies":[{"name":"wp","href":"https:\/\/api.w.org\/{rel}","templated":true}]}}