{"id":917,"date":"2014-11-04T17:43:44","date_gmt":"2014-11-04T17:43:44","guid":{"rendered":"http:\/\/www.keppemotor.com\/institucional\/?page_id=917"},"modified":"2024-09-08T00:48:37","modified_gmt":"2024-09-08T00:48:37","slug":"sobre-claudia-bernhardt-de-souza-pacheco","status":"publish","type":"page","link":"https:\/\/www.keppemotor.com\/institucional\/sobre-claudia-bernhardt-de-souza-pacheco\/","title":{"rendered":"Sobre Cl\u00e1udia Bernhardt de Souza Pacheco"},"content":{"rendered":"\t\t<div data-elementor-type=\"wp-page\" data-elementor-id=\"917\" class=\"elementor elementor-917\" data-elementor-post-type=\"page\">\n\t\t\t\t<div class=\"elementor-element elementor-element-2063d14f e-flex e-con-boxed e-con e-parent\" data-id=\"2063d14f\" data-element_type=\"container\" data-e-type=\"container\">\n\t\t\t\t\t<div class=\"e-con-inner\">\n\t\t\t\t<div class=\"elementor-element elementor-element-60bf6f3 elementor-widget elementor-widget-heading\" data-id=\"60bf6f3\" data-element_type=\"widget\" data-e-type=\"widget\" data-widget_type=\"heading.default\">\n\t\t\t\t<div class=\"elementor-widget-container\">\n\t\t\t\t\t<h1 class=\"elementor-heading-title elementor-size-default\">Sobre Cl\u00e1udia Bernhardt S. Pacheco<\/h1>\t\t\t\t<\/div>\n\t\t\t\t<\/div>\n\t\t\t\t<div class=\"elementor-element elementor-element-224a289e elementor-widget elementor-widget-text-editor\" data-id=\"224a289e\" data-element_type=\"widget\" data-e-type=\"widget\" data-widget_type=\"text-editor.default\">\n\t\t\t\t<div class=\"elementor-widget-container\">\n\t\t\t\t\t\t\t\t\t<p style=\"text-align: justify;\"><img fetchpriority=\"high\" decoding=\"async\" class=\"wp-image-5444 size-medium alignleft\" src=\"https:\/\/www.keppemotor.com\/institucional\/wp-content\/uploads\/2020\/08\/psicanalista-dra-claudia-b-s-pacheco-faculdade-keppe-pacheco-278x300.jpg\" alt=\"\" width=\"278\" height=\"300\" srcset=\"https:\/\/www.keppemotor.com\/institucional\/wp-content\/uploads\/2020\/08\/psicanalista-dra-claudia-b-s-pacheco-faculdade-keppe-pacheco-278x300.jpg 278w, https:\/\/www.keppemotor.com\/institucional\/wp-content\/uploads\/2020\/08\/psicanalista-dra-claudia-b-s-pacheco-faculdade-keppe-pacheco-83x90.jpg 83w, https:\/\/www.keppemotor.com\/institucional\/wp-content\/uploads\/2020\/08\/psicanalista-dra-claudia-b-s-pacheco-faculdade-keppe-pacheco.jpg 390w\" sizes=\"(max-width: 278px) 100vw, 278px\" \/>Vice Presidente da Sita &#8211; Sociedade Internacional de Trilogia Anal\u00edtica, Cl\u00e1udia Pacheco \u00e9 assistente de Norberto Keppe desde 1976 quando formou-se em Psican\u00e1lise Integral. Fez sua an\u00e1lise did\u00e1tica com Keppe depois de formar-se em psicologia pela Universidade de S\u00e3o Marcos. Completou seu doutorado com a tese Freud e a Psican\u00e1lise. Fundadora e editora do \u00f3rg\u00e3o oficial da entidade, \u201cRevista de Psican\u00e1lise Integral\u201d por v\u00e1rios anos, bem como de v\u00e1rios peri\u00f3dicos de natureza terap\u00eautica publicados pela entidade em diversos pa\u00edses, organizou e dirigiu diversos Congressos Internacionais de Trilogia Anal\u00edtica.<\/p><p style=\"text-align: justify;\">De 1983 a 1988 funda e dirige com Dr. Keppe a ISAT \u2013 International Society of Analytical Trilogy em Nova York, onde realizou programas terap\u00eauticos para Professores e alunos da City University of New York.<\/p><p style=\"text-align: justify;\">Em 1990, cria o &#8220;Institut Sup\u00e9rieur de Psychanalyse Int\u00e9grale \u2013 \u00c9cole Norberto Keppe&#8221;, e a Sociedade Internacional de Trilogia Anal\u00edtica, com sede em Paris e ramifica\u00e7\u00f5es em Londres, Lucca, Moscou, Estocolmo, Helsinque e Lisboa, com a finalidade de treinar psicanalistas, atender a clientes em Psican\u00e1lise Integral e promover palestras, congressos e cursos sobre a ci\u00eancia tril\u00f3gica. Idealizou e publicou o jornal cient\u00edfico-cultural &#8220;Savoir c\u2019est Pouvoir&#8221;, distribu\u00eddo durante v\u00e1rios anos em Paris e outras cidades francesas.<\/p><p style=\"text-align: justify;\">Em 28 de junho de 1992, sob a lei 1901, funda em Paris a Associa\u00e7\u00e3o STOP a Destrui\u00e7\u00e3o do Mundo e a preside deste ent\u00e3o. Coordena todos os projetos e eventos realizados pela entidade, de \u00e2mbito nacional e internacional.<\/p><p style=\"text-align: justify;\">Como resultado de seus 42 anos de pesquisas e 37 de atendimento a clientes do mundo inteiro, escreveu diversos livros entre os quais o best seller A Cura pela Consci\u00eancia \u2014 Teomania e Stress. Algumas de suas obras j\u00e1 foram publicadas em nove idiomas (portugu\u00eas, ingl\u00eas, franc\u00eas, alem\u00e3o, russo, italiano, finland\u00eas, sueco e espanhol).<\/p><p style=\"text-align: justify;\">De volta ao Brasil em 1997, continua presidindo a Associa\u00e7\u00e3o Stop a Destrui\u00e7\u00e3o do Mundo e o Instituto Keppe &amp; Pacheco de Ci\u00eancia e Tecnologia, e seguindo com o seu trabalho de atendimento cl\u00ednico, treinando psicanalistas, escrevendo livros sobre medicina psicossom\u00e1tica e psico-s\u00f3cio-patologia. Como comunicadora carism\u00e1tica, produz juntamente com Keppe programas cient\u00edficos e terap\u00eauticos para televis\u00f5es abertas e educativas bem como para r\u00e1dios, e levados ao ar em praticamente todos os estados do Brasil.<\/p><p style=\"text-align: justify;\">Entre eles est\u00e3o os programas de TV e r\u00e1dio \u201cO Homem Universal\u201d e \u201cSTOP a Destrui\u00e7\u00e3o do Mundo\u201d que s\u00e3o exibidos na TV Aberta S\u00e3o Paulo e na R\u00e1dio Mundial. Traduzidos e transmitidos em 280 emissoras de TV e r\u00e1dio de 49 pa\u00edses. Suas participa\u00e7\u00f5es no podcast \u201cThinking with Somedoby Else\u00b4s Head\u201d s\u00e3o acompanhadas por milhares de pessoas no mundo todo.<\/p>\t\t\t\t\t\t\t\t<\/div>\n\t\t\t\t<\/div>\n\t\t\t\t\t<\/div>\n\t\t\t\t<\/div>\n\t\t<div class=\"elementor-element elementor-element-a83190a e-flex e-con-boxed e-con e-parent\" data-id=\"a83190a\" data-element_type=\"container\" data-e-type=\"container\" data-settings=\"{&quot;background_background&quot;:&quot;classic&quot;}\">\n\t\t\t\t\t<div class=\"e-con-inner\">\n\t\t\t\t<div class=\"elementor-element elementor-element-c8337c1 elementor-widget elementor-widget-testimonial\" data-id=\"c8337c1\" data-element_type=\"widget\" data-e-type=\"widget\" data-widget_type=\"testimonial.default\">\n\t\t\t\t<div class=\"elementor-widget-container\">\n\t\t\t\t\t\t\t<div class=\"elementor-testimonial-wrapper\">\n\t\t\t\t\t\t\t<div class=\"elementor-testimonial-content\">Nascemos como seres unificados, e assim devemos ser tratados. Portanto, teria de haver uma ci\u00eancia integral, tamb\u00e9m unificada, que tratasse o ser humano e sua vida de maneira total. Assim \u00e9 a ci\u00eancia chamada Trilogia Anal\u00edtica: ela unifica ci\u00eancia, filosofia e teologia; sentimento, pensamento e a\u00e7\u00e3o; e numa vis\u00e3o mais abrangente, visa \u00e0 unifica\u00e7\u00e3o dos homens, ra\u00e7as e na\u00e7\u00f5es.\n\n\u00c9 importante salientar que a Trilogia n\u00e3o \u00e9 \u201cmais uma coisa nova\u201d; \u00e9 a ci\u00eancia baseada em todo o trabalho anterior de valorosos cientistas, fil\u00f3sofos, te\u00f3logos, artistas, em s\u00e9culos e s\u00e9culos de civiliza\u00e7\u00e3o.<\/div>\n\t\t\t\n\t\t\t\t\t\t<div class=\"elementor-testimonial-meta elementor-has-image elementor-testimonial-image-position-aside\">\n\t\t\t\t<div class=\"elementor-testimonial-meta-inner\">\n\t\t\t\t\t\t\t\t\t\t\t<div class=\"elementor-testimonial-image\">\n\t\t\t\t\t\t\t<img decoding=\"async\" width=\"390\" height=\"421\" src=\"https:\/\/www.keppemotor.com\/institucional\/wp-content\/uploads\/2020\/08\/psicanalista-dra-claudia-b-s-pacheco-faculdade-keppe-pacheco.jpg\" class=\"attachment-full size-full wp-image-5444\" alt=\"\" srcset=\"https:\/\/www.keppemotor.com\/institucional\/wp-content\/uploads\/2020\/08\/psicanalista-dra-claudia-b-s-pacheco-faculdade-keppe-pacheco.jpg 390w, https:\/\/www.keppemotor.com\/institucional\/wp-content\/uploads\/2020\/08\/psicanalista-dra-claudia-b-s-pacheco-faculdade-keppe-pacheco-278x300.jpg 278w, https:\/\/www.keppemotor.com\/institucional\/wp-content\/uploads\/2020\/08\/psicanalista-dra-claudia-b-s-pacheco-faculdade-keppe-pacheco-83x90.jpg 83w\" sizes=\"(max-width: 390px) 100vw, 390px\" \/>\t\t\t\t\t\t<\/div>\n\t\t\t\t\t\n\t\t\t\t\t\t\t\t\t\t<div class=\"elementor-testimonial-details\">\n\t\t\t\t\t\t\t\t\t\t\t\t\t\t<div class=\"elementor-testimonial-name\">Cl\u00e1udia Bernhardt de Souza Pacheco<\/div>\n\t\t\t\t\t\t\t\t\t\t\t\t\t\t\t\t\t\t\t\t\t\t<div class=\"elementor-testimonial-job\">Vice Presidente da Sita - Sociedade Internacional de Trilogia Anal\u00edtica<\/div>\n\t\t\t\t\t\t\t\t\t\t\t\t\t<\/div>\n\t\t\t\t\t\t\t\t\t<\/div>\n\t\t\t<\/div>\n\t\t\t\t\t<\/div>\n\t\t\t\t\t\t<\/div>\n\t\t\t\t<\/div>\n\t\t\t\t\t<\/div>\n\t\t\t\t<\/div>\n\t\t\t\t<\/div>\n\t\t","protected":false},"excerpt":{"rendered":"<p>Sobre Cl\u00e1udia Bernhardt S. Pacheco Vice Presidente da Sita &#8211; Sociedade Internacional de Trilogia Anal\u00edtica, Cl\u00e1udia Pacheco \u00e9 assistente de Norberto Keppe desde 1976 quando formou-se em Psican\u00e1lise Integral. Fez sua an\u00e1lise did\u00e1tica com Keppe depois de formar-se em psicologia pela Universidade de S\u00e3o Marcos. Completou seu doutorado com a tese Freud e a Psican\u00e1lise. [&hellip;]<\/p>\n","protected":false},"author":2,"featured_media":0,"parent":0,"menu_order":0,"comment_status":"closed","ping_status":"open","template":"elementor_header_footer","meta":{"_exactmetrics_skip_tracking":false,"_exactmetrics_sitenote_active":false,"_exactmetrics_sitenote_note":"","_exactmetrics_sitenote_category":0,"footnotes":""},"class_list":["post-917","page","type-page","status-publish","hentry"],"yoast_head":"<!-- This site is optimized with the Yoast SEO plugin v27.4 - https:\/\/yoast.com\/product\/yoast-seo-wordpress\/ -->\n<title>Sobre Cl\u00e1udia Bernhardt de Souza Pacheco - Keppe Motor - Tecnologia para um Novo Mundo<\/title>\n<meta name=\"robots\" content=\"index, follow, max-snippet:-1, max-image-preview:large, max-video-preview:-1\" \/>\n<link rel=\"canonical\" href=\"https:\/\/www.keppemotor.com\/institucional\/sobre-claudia-bernhardt-de-souza-pacheco\/\" \/>\n<meta property=\"og:locale\" content=\"pt_BR\" \/>\n<meta property=\"og:type\" content=\"article\" \/>\n<meta property=\"og:title\" content=\"Sobre Cl\u00e1udia Bernhardt de Souza Pacheco - Keppe Motor - Tecnologia para um Novo Mundo\" \/>\n<meta property=\"og:description\" content=\"Sobre Cl\u00e1udia Bernhardt S. Pacheco Vice Presidente da Sita &#8211; Sociedade Internacional de Trilogia Anal\u00edtica, Cl\u00e1udia Pacheco \u00e9 assistente de Norberto Keppe desde 1976 quando formou-se em Psican\u00e1lise Integral. Fez sua an\u00e1lise did\u00e1tica com Keppe depois de formar-se em psicologia pela Universidade de S\u00e3o Marcos. Completou seu doutorado com a tese Freud e a Psican\u00e1lise. [&hellip;]\" \/>\n<meta property=\"og:url\" content=\"https:\/\/www.keppemotor.com\/institucional\/sobre-claudia-bernhardt-de-souza-pacheco\/\" \/>\n<meta property=\"og:site_name\" content=\"Keppe Motor - Tecnologia para um Novo Mundo\" \/>\n<meta property=\"article:modified_time\" content=\"2024-09-08T00:48:37+00:00\" \/>\n<meta property=\"og:image\" content=\"https:\/\/www.keppemotor.com\/institucional\/wp-content\/uploads\/2020\/08\/psicanalista-dra-claudia-b-s-pacheco-faculdade-keppe-pacheco-278x300.jpg\" \/>\n<meta name=\"twitter:label1\" content=\"Est. tempo de leitura\" \/>\n\t<meta name=\"twitter:data1\" content=\"4 minutos\" \/>\n<script type=\"application\/ld+json\" class=\"yoast-schema-graph\">{\"@context\":\"https:\\\/\\\/schema.org\",\"@graph\":[{\"@type\":\"WebPage\",\"@id\":\"https:\\\/\\\/www.keppemotor.com\\\/institucional\\\/sobre-claudia-bernhardt-de-souza-pacheco\\\/\",\"url\":\"https:\\\/\\\/www.keppemotor.com\\\/institucional\\\/sobre-claudia-bernhardt-de-souza-pacheco\\\/\",\"name\":\"Sobre Cl\u00e1udia Bernhardt de Souza Pacheco - Keppe Motor - Tecnologia para um Novo Mundo\",\"isPartOf\":{\"@id\":\"https:\\\/\\\/www.keppemotor.com\\\/institucional\\\/#website\"},\"primaryImageOfPage\":{\"@id\":\"https:\\\/\\\/www.keppemotor.com\\\/institucional\\\/sobre-claudia-bernhardt-de-souza-pacheco\\\/#primaryimage\"},\"image\":{\"@id\":\"https:\\\/\\\/www.keppemotor.com\\\/institucional\\\/sobre-claudia-bernhardt-de-souza-pacheco\\\/#primaryimage\"},\"thumbnailUrl\":\"https:\\\/\\\/www.keppemotor.com\\\/institucional\\\/wp-content\\\/uploads\\\/2020\\\/08\\\/psicanalista-dra-claudia-b-s-pacheco-faculdade-keppe-pacheco-278x300.jpg\",\"datePublished\":\"2014-11-04T17:43:44+00:00\",\"dateModified\":\"2024-09-08T00:48:37+00:00\",\"breadcrumb\":{\"@id\":\"https:\\\/\\\/www.keppemotor.com\\\/institucional\\\/sobre-claudia-bernhardt-de-souza-pacheco\\\/#breadcrumb\"},\"inLanguage\":\"pt-BR\",\"potentialAction\":[{\"@type\":\"ReadAction\",\"target\":[\"https:\\\/\\\/www.keppemotor.com\\\/institucional\\\/sobre-claudia-bernhardt-de-souza-pacheco\\\/\"]}]},{\"@type\":\"ImageObject\",\"inLanguage\":\"pt-BR\",\"@id\":\"https:\\\/\\\/www.keppemotor.com\\\/institucional\\\/sobre-claudia-bernhardt-de-souza-pacheco\\\/#primaryimage\",\"url\":\"https:\\\/\\\/www.keppemotor.com\\\/institucional\\\/wp-content\\\/uploads\\\/2020\\\/08\\\/psicanalista-dra-claudia-b-s-pacheco-faculdade-keppe-pacheco.jpg\",\"contentUrl\":\"https:\\\/\\\/www.keppemotor.com\\\/institucional\\\/wp-content\\\/uploads\\\/2020\\\/08\\\/psicanalista-dra-claudia-b-s-pacheco-faculdade-keppe-pacheco.jpg\",\"width\":390,\"height\":421},{\"@type\":\"BreadcrumbList\",\"@id\":\"https:\\\/\\\/www.keppemotor.com\\\/institucional\\\/sobre-claudia-bernhardt-de-souza-pacheco\\\/#breadcrumb\",\"itemListElement\":[{\"@type\":\"ListItem\",\"position\":1,\"name\":\"In\u00edcio\",\"item\":\"https:\\\/\\\/www.keppemotor.com\\\/institucional\\\/\"},{\"@type\":\"ListItem\",\"position\":2,\"name\":\"Sobre Cl\u00e1udia Bernhardt de Souza Pacheco\"}]},{\"@type\":\"WebSite\",\"@id\":\"https:\\\/\\\/www.keppemotor.com\\\/institucional\\\/#website\",\"url\":\"https:\\\/\\\/www.keppemotor.com\\\/institucional\\\/\",\"name\":\"Keppe Motor - Tecnologia para um Novo Mundo\",\"description\":\"\",\"publisher\":{\"@id\":\"https:\\\/\\\/www.keppemotor.com\\\/institucional\\\/#organization\"},\"potentialAction\":[{\"@type\":\"SearchAction\",\"target\":{\"@type\":\"EntryPoint\",\"urlTemplate\":\"https:\\\/\\\/www.keppemotor.com\\\/institucional\\\/?s={search_term_string}\"},\"query-input\":{\"@type\":\"PropertyValueSpecification\",\"valueRequired\":true,\"valueName\":\"search_term_string\"}}],\"inLanguage\":\"pt-BR\"},{\"@type\":\"Organization\",\"@id\":\"https:\\\/\\\/www.keppemotor.com\\\/institucional\\\/#organization\",\"name\":\"Keppe Motor - Tecnologia para um Novo Mundo\",\"url\":\"https:\\\/\\\/www.keppemotor.com\\\/institucional\\\/\",\"logo\":{\"@type\":\"ImageObject\",\"inLanguage\":\"pt-BR\",\"@id\":\"https:\\\/\\\/www.keppemotor.com\\\/institucional\\\/#\\\/schema\\\/logo\\\/image\\\/\",\"url\":\"https:\\\/\\\/www.keppemotor.com\\\/institucional\\\/wp-content\\\/uploads\\\/2014\\\/11\\\/cropped-keppemotor-logo-header-5.png\",\"contentUrl\":\"https:\\\/\\\/www.keppemotor.com\\\/institucional\\\/wp-content\\\/uploads\\\/2014\\\/11\\\/cropped-keppemotor-logo-header-5.png\",\"width\":300,\"height\":101,\"caption\":\"Keppe Motor - Tecnologia para um Novo Mundo\"},\"image\":{\"@id\":\"https:\\\/\\\/www.keppemotor.com\\\/institucional\\\/#\\\/schema\\\/logo\\\/image\\\/\"}}]}<\/script>\n<!-- \/ Yoast SEO plugin. -->","yoast_head_json":{"title":"Sobre Cl\u00e1udia Bernhardt de Souza Pacheco - Keppe Motor - Tecnologia para um Novo Mundo","robots":{"index":"index","follow":"follow","max-snippet":"max-snippet:-1","max-image-preview":"max-image-preview:large","max-video-preview":"max-video-preview:-1"},"canonical":"https:\/\/www.keppemotor.com\/institucional\/sobre-claudia-bernhardt-de-souza-pacheco\/","og_locale":"pt_BR","og_type":"article","og_title":"Sobre Cl\u00e1udia Bernhardt de Souza Pacheco - Keppe Motor - Tecnologia para um Novo Mundo","og_description":"Sobre Cl\u00e1udia Bernhardt S. Pacheco Vice Presidente da Sita &#8211; Sociedade Internacional de Trilogia Anal\u00edtica, Cl\u00e1udia Pacheco \u00e9 assistente de Norberto Keppe desde 1976 quando formou-se em Psican\u00e1lise Integral. Fez sua an\u00e1lise did\u00e1tica com Keppe depois de formar-se em psicologia pela Universidade de S\u00e3o Marcos. Completou seu doutorado com a tese Freud e a Psican\u00e1lise. [&hellip;]","og_url":"https:\/\/www.keppemotor.com\/institucional\/sobre-claudia-bernhardt-de-souza-pacheco\/","og_site_name":"Keppe Motor - Tecnologia para um Novo Mundo","article_modified_time":"2024-09-08T00:48:37+00:00","og_image":[{"url":"https:\/\/www.keppemotor.com\/institucional\/wp-content\/uploads\/2020\/08\/psicanalista-dra-claudia-b-s-pacheco-faculdade-keppe-pacheco-278x300.jpg","type":"","width":"","height":""}],"twitter_misc":{"Est. tempo de leitura":"4 minutos"},"schema":{"@context":"https:\/\/schema.org","@graph":[{"@type":"WebPage","@id":"https:\/\/www.keppemotor.com\/institucional\/sobre-claudia-bernhardt-de-souza-pacheco\/","url":"https:\/\/www.keppemotor.com\/institucional\/sobre-claudia-bernhardt-de-souza-pacheco\/","name":"Sobre Cl\u00e1udia Bernhardt de Souza Pacheco - Keppe Motor - Tecnologia para um Novo Mundo","isPartOf":{"@id":"https:\/\/www.keppemotor.com\/institucional\/#website"},"primaryImageOfPage":{"@id":"https:\/\/www.keppemotor.com\/institucional\/sobre-claudia-bernhardt-de-souza-pacheco\/#primaryimage"},"image":{"@id":"https:\/\/www.keppemotor.com\/institucional\/sobre-claudia-bernhardt-de-souza-pacheco\/#primaryimage"},"thumbnailUrl":"https:\/\/www.keppemotor.com\/institucional\/wp-content\/uploads\/2020\/08\/psicanalista-dra-claudia-b-s-pacheco-faculdade-keppe-pacheco-278x300.jpg","datePublished":"2014-11-04T17:43:44+00:00","dateModified":"2024-09-08T00:48:37+00:00","breadcrumb":{"@id":"https:\/\/www.keppemotor.com\/institucional\/sobre-claudia-bernhardt-de-souza-pacheco\/#breadcrumb"},"inLanguage":"pt-BR","potentialAction":[{"@type":"ReadAction","target":["https:\/\/www.keppemotor.com\/institucional\/sobre-claudia-bernhardt-de-souza-pacheco\/"]}]},{"@type":"ImageObject","inLanguage":"pt-BR","@id":"https:\/\/www.keppemotor.com\/institucional\/sobre-claudia-bernhardt-de-souza-pacheco\/#primaryimage","url":"https:\/\/www.keppemotor.com\/institucional\/wp-content\/uploads\/2020\/08\/psicanalista-dra-claudia-b-s-pacheco-faculdade-keppe-pacheco.jpg","contentUrl":"https:\/\/www.keppemotor.com\/institucional\/wp-content\/uploads\/2020\/08\/psicanalista-dra-claudia-b-s-pacheco-faculdade-keppe-pacheco.jpg","width":390,"height":421},{"@type":"BreadcrumbList","@id":"https:\/\/www.keppemotor.com\/institucional\/sobre-claudia-bernhardt-de-souza-pacheco\/#breadcrumb","itemListElement":[{"@type":"ListItem","position":1,"name":"In\u00edcio","item":"https:\/\/www.keppemotor.com\/institucional\/"},{"@type":"ListItem","position":2,"name":"Sobre Cl\u00e1udia Bernhardt de Souza Pacheco"}]},{"@type":"WebSite","@id":"https:\/\/www.keppemotor.com\/institucional\/#website","url":"https:\/\/www.keppemotor.com\/institucional\/","name":"Keppe Motor - Tecnologia para um Novo Mundo","description":"","publisher":{"@id":"https:\/\/www.keppemotor.com\/institucional\/#organization"},"potentialAction":[{"@type":"SearchAction","target":{"@type":"EntryPoint","urlTemplate":"https:\/\/www.keppemotor.com\/institucional\/?s={search_term_string}"},"query-input":{"@type":"PropertyValueSpecification","valueRequired":true,"valueName":"search_term_string"}}],"inLanguage":"pt-BR"},{"@type":"Organization","@id":"https:\/\/www.keppemotor.com\/institucional\/#organization","name":"Keppe Motor - Tecnologia para um Novo Mundo","url":"https:\/\/www.keppemotor.com\/institucional\/","logo":{"@type":"ImageObject","inLanguage":"pt-BR","@id":"https:\/\/www.keppemotor.com\/institucional\/#\/schema\/logo\/image\/","url":"https:\/\/www.keppemotor.com\/institucional\/wp-content\/uploads\/2014\/11\/cropped-keppemotor-logo-header-5.png","contentUrl":"https:\/\/www.keppemotor.com\/institucional\/wp-content\/uploads\/2014\/11\/cropped-keppemotor-logo-header-5.png","width":300,"height":101,"caption":"Keppe Motor - Tecnologia para um Novo Mundo"},"image":{"@id":"https:\/\/www.keppemotor.com\/institucional\/#\/schema\/logo\/image\/"}}]}},"_links":{"self":[{"href":"https:\/\/www.keppemotor.com\/institucional\/wp-json\/wp\/v2\/pages\/917","targetHints":{"allow":["GET"]}}],"collection":[{"href":"https:\/\/www.keppemotor.com\/institucional\/wp-json\/wp\/v2\/pages"}],"about":[{"href":"https:\/\/www.keppemotor.com\/institucional\/wp-json\/wp\/v2\/types\/page"}],"author":[{"embeddable":true,"href":"https:\/\/www.keppemotor.com\/institucional\/wp-json\/wp\/v2\/users\/2"}],"replies":[{"embeddable":true,"href":"https:\/\/www.keppemotor.com\/institucional\/wp-json\/wp\/v2\/comments?post=917"}],"version-history":[{"count":4,"href":"https:\/\/www.keppemotor.com\/institucional\/wp-json\/wp\/v2\/pages\/917\/revisions"}],"predecessor-version":[{"id":6808,"href":"https:\/\/www.keppemotor.com\/institucional\/wp-json\/wp\/v2\/pages\/917\/revisions\/6808"}],"wp:attachment":[{"href":"https:\/\/www.keppemotor.com\/institucional\/wp-json\/wp\/v2\/media?parent=917"}],"curies":[{"name":"wp","href":"https:\/\/api.w.org\/{rel}","templated":true}]}}