{"id":992,"date":"2014-11-05T12:31:51","date_gmt":"2014-11-05T12:31:51","guid":{"rendered":"http:\/\/www.keppemotor.com\/institucional\/?page_id=992"},"modified":"2024-09-08T00:25:03","modified_gmt":"2024-09-08T00:25:03","slug":"about-norberto-r-keppe","status":"publish","type":"page","link":"https:\/\/www.keppemotor.com\/institucional\/en\/about-norberto-r-keppe\/","title":{"rendered":"About Norberto R. Keppe"},"content":{"rendered":"<p style=\"text-align: justify;\"><a href=\"http:\/\/www.keppemotor.com\/institucional\/wp-content\/uploads\/2014\/11\/keppe-004.jpg\"><img fetchpriority=\"high\" decoding=\"async\" class=\"alignleft wp-image-915 size-full\" src=\"http:\/\/www.keppemotor.com\/institucional\/wp-content\/uploads\/2014\/11\/keppe-004.jpg\" alt=\"keppe-004\" width=\"322\" height=\"433\" srcset=\"https:\/\/www.keppemotor.com\/institucional\/wp-content\/uploads\/2014\/11\/keppe-004.jpg 322w, https:\/\/www.keppemotor.com\/institucional\/wp-content\/uploads\/2014\/11\/keppe-004-223x300.jpg 223w, https:\/\/www.keppemotor.com\/institucional\/wp-content\/uploads\/2014\/11\/keppe-004-66x90.jpg 66w\" sizes=\"(max-width: 322px) 100vw, 322px\" \/><\/a>Keppe underwent his studies in Vienna where he trained with professors Viktor E. Frankl (Polyclinic Hospital, School of Existential Analysis), Knut Baumgarten (Child Guidance Clinic) and Igor Caruso (The Viennese Circle of Deep Psychology) among others. He also taught at the Pontif\u00edcia Universidade Cat\u00f3lica (PUC &#8211; Pontifical Catholic University), and at the Medical School of the Universidade de S\u00e3o Paulo (USP &#8211; University of S\u00e3o Paulo) as a guest teacher, and, at a number of other institutions and colleges throughout these years.<\/p>\n<p style=\"text-align: justify;\">Keppe also directed the Study Group Psychosomatic Medicine, Hospital das Clinicas, University of S\u00e3o Paulo.<\/p>\n<p style=\"text-align: justify;\">He is the founder of ISAT and has lived and worked in the United States for five years and another eight in Europe, during which time, he developed the greater part of his work in the field of Sociopathology, Metaphysics and Physics.<\/p>\n<p style=\"text-align: justify;\">He is an International Lecturer and is considered by the CNRS (the National Center of Scientific Research) in France, as being \u201cwithout a shadow of a doubt, the most original heterodox author among his contemporaries\u201d.<\/p>\n<p style=\"text-align: justify;\">Creator of a new scientific field called Psycho-Socio-Pathology, he was able to elaborate a psycho-socio-therapy which can be applied on a large scale within social structures.<\/p>\n<p style=\"text-align: justify;\">Upon his return to Brazil in 1997, among many other activities, he began studies in the educational field, and the results of which are very successfully applied at Escola de L\u00ednguas Millennium (Millenium Language Schools) in S\u00e3o Paulo, Brazil.<\/p>\n<p style=\"text-align: justify;\">Norberto Keppe is also the author of 25 books which have been translated into eight languages apart from Portuguese.<\/p>\n","protected":false},"excerpt":{"rendered":"<p>Keppe underwent his studies in Vienna where he trained with professors Viktor E. Frankl (Polyclinic Hospital, School of Existential Analysis), Knut Baumgarten (Child Guidance Clinic) and Igor Caruso (The Viennese Circle of Deep Psychology) among others. He also taught at the Pontif\u00edcia Universidade Cat\u00f3lica (PUC &#8211; Pontifical Catholic University), and at the Medical School of [&hellip;]<\/p>\n","protected":false},"author":2,"featured_media":8275,"parent":0,"menu_order":0,"comment_status":"closed","ping_status":"closed","template":"","meta":{"_exactmetrics_skip_tracking":false,"_exactmetrics_sitenote_active":false,"_exactmetrics_sitenote_note":"","_exactmetrics_sitenote_category":0,"footnotes":""},"class_list":["post-992","page","type-page","status-publish","has-post-thumbnail","hentry"],"yoast_head":"<!-- This site is optimized with the Yoast SEO plugin v27.4 - https:\/\/yoast.com\/product\/yoast-seo-wordpress\/ -->\n<title>About Norberto R. Keppe - Keppe Motor - Tecnologia para um Novo Mundo<\/title>\n<meta name=\"robots\" content=\"index, follow, max-snippet:-1, max-image-preview:large, max-video-preview:-1\" \/>\n<link rel=\"canonical\" href=\"https:\/\/www.keppemotor.com\/institucional\/en\/about-norberto-r-keppe\/\" \/>\n<meta property=\"og:locale\" content=\"pt_BR\" \/>\n<meta property=\"og:type\" content=\"article\" \/>\n<meta property=\"og:title\" content=\"About Norberto R. Keppe - Keppe Motor - Tecnologia para um Novo Mundo\" \/>\n<meta property=\"og:description\" content=\"Keppe underwent his studies in Vienna where he trained with professors Viktor E. Frankl (Polyclinic Hospital, School of Existential Analysis), Knut Baumgarten (Child Guidance Clinic) and Igor Caruso (The Viennese Circle of Deep Psychology) among others. He also taught at the Pontif\u00edcia Universidade Cat\u00f3lica (PUC &#8211; Pontifical Catholic University), and at the Medical School of [&hellip;]\" \/>\n<meta property=\"og:url\" content=\"https:\/\/www.keppemotor.com\/institucional\/en\/about-norberto-r-keppe\/\" \/>\n<meta property=\"og:site_name\" content=\"Keppe Motor - Tecnologia para um Novo Mundo\" \/>\n<meta property=\"article:modified_time\" content=\"2024-09-08T00:25:03+00:00\" \/>\n<meta property=\"og:image\" content=\"http:\/\/www.keppemotor.com\/institucional\/wp-content\/uploads\/2014\/11\/keppe-004.jpg\" \/>\n<meta name=\"twitter:label1\" content=\"Est. tempo de leitura\" \/>\n\t<meta name=\"twitter:data1\" content=\"2 minutos\" \/>\n<script type=\"application\/ld+json\" class=\"yoast-schema-graph\">{\"@context\":\"https:\\\/\\\/schema.org\",\"@graph\":[{\"@type\":\"WebPage\",\"@id\":\"https:\\\/\\\/www.keppemotor.com\\\/institucional\\\/en\\\/about-norberto-r-keppe\\\/\",\"url\":\"https:\\\/\\\/www.keppemotor.com\\\/institucional\\\/en\\\/about-norberto-r-keppe\\\/\",\"name\":\"About Norberto R. Keppe - Keppe Motor - Tecnologia para um Novo Mundo\",\"isPartOf\":{\"@id\":\"https:\\\/\\\/www.keppemotor.com\\\/institucional\\\/#website\"},\"primaryImageOfPage\":{\"@id\":\"https:\\\/\\\/www.keppemotor.com\\\/institucional\\\/en\\\/about-norberto-r-keppe\\\/#primaryimage\"},\"image\":{\"@id\":\"https:\\\/\\\/www.keppemotor.com\\\/institucional\\\/en\\\/about-norberto-r-keppe\\\/#primaryimage\"},\"thumbnailUrl\":\"https:\\\/\\\/www.keppemotor.com\\\/institucional\\\/wp-content\\\/uploads\\\/2025\\\/05\\\/cropped-cropped-keppemotor-logo-header-5.png\",\"datePublished\":\"2014-11-05T12:31:51+00:00\",\"dateModified\":\"2024-09-08T00:25:03+00:00\",\"breadcrumb\":{\"@id\":\"https:\\\/\\\/www.keppemotor.com\\\/institucional\\\/en\\\/about-norberto-r-keppe\\\/#breadcrumb\"},\"inLanguage\":\"pt-BR\",\"potentialAction\":[{\"@type\":\"ReadAction\",\"target\":[\"https:\\\/\\\/www.keppemotor.com\\\/institucional\\\/en\\\/about-norberto-r-keppe\\\/\"]}]},{\"@type\":\"ImageObject\",\"inLanguage\":\"pt-BR\",\"@id\":\"https:\\\/\\\/www.keppemotor.com\\\/institucional\\\/en\\\/about-norberto-r-keppe\\\/#primaryimage\",\"url\":\"https:\\\/\\\/www.keppemotor.com\\\/institucional\\\/wp-content\\\/uploads\\\/2025\\\/05\\\/cropped-cropped-keppemotor-logo-header-5.png\",\"contentUrl\":\"https:\\\/\\\/www.keppemotor.com\\\/institucional\\\/wp-content\\\/uploads\\\/2025\\\/05\\\/cropped-cropped-keppemotor-logo-header-5.png\",\"width\":512,\"height\":512},{\"@type\":\"BreadcrumbList\",\"@id\":\"https:\\\/\\\/www.keppemotor.com\\\/institucional\\\/en\\\/about-norberto-r-keppe\\\/#breadcrumb\",\"itemListElement\":[{\"@type\":\"ListItem\",\"position\":1,\"name\":\"In\u00edcio\",\"item\":\"https:\\\/\\\/www.keppemotor.com\\\/institucional\\\/\"},{\"@type\":\"ListItem\",\"position\":2,\"name\":\"About Norberto R. Keppe\"}]},{\"@type\":\"WebSite\",\"@id\":\"https:\\\/\\\/www.keppemotor.com\\\/institucional\\\/#website\",\"url\":\"https:\\\/\\\/www.keppemotor.com\\\/institucional\\\/\",\"name\":\"Keppe Motor - Tecnologia para um Novo Mundo\",\"description\":\"\",\"publisher\":{\"@id\":\"https:\\\/\\\/www.keppemotor.com\\\/institucional\\\/#organization\"},\"potentialAction\":[{\"@type\":\"SearchAction\",\"target\":{\"@type\":\"EntryPoint\",\"urlTemplate\":\"https:\\\/\\\/www.keppemotor.com\\\/institucional\\\/?s={search_term_string}\"},\"query-input\":{\"@type\":\"PropertyValueSpecification\",\"valueRequired\":true,\"valueName\":\"search_term_string\"}}],\"inLanguage\":\"pt-BR\"},{\"@type\":\"Organization\",\"@id\":\"https:\\\/\\\/www.keppemotor.com\\\/institucional\\\/#organization\",\"name\":\"Keppe Motor - Tecnologia para um Novo Mundo\",\"url\":\"https:\\\/\\\/www.keppemotor.com\\\/institucional\\\/\",\"logo\":{\"@type\":\"ImageObject\",\"inLanguage\":\"pt-BR\",\"@id\":\"https:\\\/\\\/www.keppemotor.com\\\/institucional\\\/#\\\/schema\\\/logo\\\/image\\\/\",\"url\":\"https:\\\/\\\/www.keppemotor.com\\\/institucional\\\/wp-content\\\/uploads\\\/2014\\\/11\\\/cropped-keppemotor-logo-header-5.png\",\"contentUrl\":\"https:\\\/\\\/www.keppemotor.com\\\/institucional\\\/wp-content\\\/uploads\\\/2014\\\/11\\\/cropped-keppemotor-logo-header-5.png\",\"width\":300,\"height\":101,\"caption\":\"Keppe Motor - Tecnologia para um Novo Mundo\"},\"image\":{\"@id\":\"https:\\\/\\\/www.keppemotor.com\\\/institucional\\\/#\\\/schema\\\/logo\\\/image\\\/\"}}]}<\/script>\n<!-- \/ Yoast SEO plugin. -->","yoast_head_json":{"title":"About Norberto R. Keppe - Keppe Motor - Tecnologia para um Novo Mundo","robots":{"index":"index","follow":"follow","max-snippet":"max-snippet:-1","max-image-preview":"max-image-preview:large","max-video-preview":"max-video-preview:-1"},"canonical":"https:\/\/www.keppemotor.com\/institucional\/en\/about-norberto-r-keppe\/","og_locale":"pt_BR","og_type":"article","og_title":"About Norberto R. Keppe - Keppe Motor - Tecnologia para um Novo Mundo","og_description":"Keppe underwent his studies in Vienna where he trained with professors Viktor E. Frankl (Polyclinic Hospital, School of Existential Analysis), Knut Baumgarten (Child Guidance Clinic) and Igor Caruso (The Viennese Circle of Deep Psychology) among others. He also taught at the Pontif\u00edcia Universidade Cat\u00f3lica (PUC &#8211; Pontifical Catholic University), and at the Medical School of [&hellip;]","og_url":"https:\/\/www.keppemotor.com\/institucional\/en\/about-norberto-r-keppe\/","og_site_name":"Keppe Motor - Tecnologia para um Novo Mundo","article_modified_time":"2024-09-08T00:25:03+00:00","og_image":[{"url":"http:\/\/www.keppemotor.com\/institucional\/wp-content\/uploads\/2014\/11\/keppe-004.jpg","type":"","width":"","height":""}],"twitter_misc":{"Est. tempo de leitura":"2 minutos"},"schema":{"@context":"https:\/\/schema.org","@graph":[{"@type":"WebPage","@id":"https:\/\/www.keppemotor.com\/institucional\/en\/about-norberto-r-keppe\/","url":"https:\/\/www.keppemotor.com\/institucional\/en\/about-norberto-r-keppe\/","name":"About Norberto R. Keppe - Keppe Motor - Tecnologia para um Novo Mundo","isPartOf":{"@id":"https:\/\/www.keppemotor.com\/institucional\/#website"},"primaryImageOfPage":{"@id":"https:\/\/www.keppemotor.com\/institucional\/en\/about-norberto-r-keppe\/#primaryimage"},"image":{"@id":"https:\/\/www.keppemotor.com\/institucional\/en\/about-norberto-r-keppe\/#primaryimage"},"thumbnailUrl":"https:\/\/www.keppemotor.com\/institucional\/wp-content\/uploads\/2025\/05\/cropped-cropped-keppemotor-logo-header-5.png","datePublished":"2014-11-05T12:31:51+00:00","dateModified":"2024-09-08T00:25:03+00:00","breadcrumb":{"@id":"https:\/\/www.keppemotor.com\/institucional\/en\/about-norberto-r-keppe\/#breadcrumb"},"inLanguage":"pt-BR","potentialAction":[{"@type":"ReadAction","target":["https:\/\/www.keppemotor.com\/institucional\/en\/about-norberto-r-keppe\/"]}]},{"@type":"ImageObject","inLanguage":"pt-BR","@id":"https:\/\/www.keppemotor.com\/institucional\/en\/about-norberto-r-keppe\/#primaryimage","url":"https:\/\/www.keppemotor.com\/institucional\/wp-content\/uploads\/2025\/05\/cropped-cropped-keppemotor-logo-header-5.png","contentUrl":"https:\/\/www.keppemotor.com\/institucional\/wp-content\/uploads\/2025\/05\/cropped-cropped-keppemotor-logo-header-5.png","width":512,"height":512},{"@type":"BreadcrumbList","@id":"https:\/\/www.keppemotor.com\/institucional\/en\/about-norberto-r-keppe\/#breadcrumb","itemListElement":[{"@type":"ListItem","position":1,"name":"In\u00edcio","item":"https:\/\/www.keppemotor.com\/institucional\/"},{"@type":"ListItem","position":2,"name":"About Norberto R. Keppe"}]},{"@type":"WebSite","@id":"https:\/\/www.keppemotor.com\/institucional\/#website","url":"https:\/\/www.keppemotor.com\/institucional\/","name":"Keppe Motor - Tecnologia para um Novo Mundo","description":"","publisher":{"@id":"https:\/\/www.keppemotor.com\/institucional\/#organization"},"potentialAction":[{"@type":"SearchAction","target":{"@type":"EntryPoint","urlTemplate":"https:\/\/www.keppemotor.com\/institucional\/?s={search_term_string}"},"query-input":{"@type":"PropertyValueSpecification","valueRequired":true,"valueName":"search_term_string"}}],"inLanguage":"pt-BR"},{"@type":"Organization","@id":"https:\/\/www.keppemotor.com\/institucional\/#organization","name":"Keppe Motor - Tecnologia para um Novo Mundo","url":"https:\/\/www.keppemotor.com\/institucional\/","logo":{"@type":"ImageObject","inLanguage":"pt-BR","@id":"https:\/\/www.keppemotor.com\/institucional\/#\/schema\/logo\/image\/","url":"https:\/\/www.keppemotor.com\/institucional\/wp-content\/uploads\/2014\/11\/cropped-keppemotor-logo-header-5.png","contentUrl":"https:\/\/www.keppemotor.com\/institucional\/wp-content\/uploads\/2014\/11\/cropped-keppemotor-logo-header-5.png","width":300,"height":101,"caption":"Keppe Motor - Tecnologia para um Novo Mundo"},"image":{"@id":"https:\/\/www.keppemotor.com\/institucional\/#\/schema\/logo\/image\/"}}]}},"_links":{"self":[{"href":"https:\/\/www.keppemotor.com\/institucional\/wp-json\/wp\/v2\/pages\/992","targetHints":{"allow":["GET"]}}],"collection":[{"href":"https:\/\/www.keppemotor.com\/institucional\/wp-json\/wp\/v2\/pages"}],"about":[{"href":"https:\/\/www.keppemotor.com\/institucional\/wp-json\/wp\/v2\/types\/page"}],"author":[{"embeddable":true,"href":"https:\/\/www.keppemotor.com\/institucional\/wp-json\/wp\/v2\/users\/2"}],"replies":[{"embeddable":true,"href":"https:\/\/www.keppemotor.com\/institucional\/wp-json\/wp\/v2\/comments?post=992"}],"version-history":[{"count":1,"href":"https:\/\/www.keppemotor.com\/institucional\/wp-json\/wp\/v2\/pages\/992\/revisions"}],"predecessor-version":[{"id":6796,"href":"https:\/\/www.keppemotor.com\/institucional\/wp-json\/wp\/v2\/pages\/992\/revisions\/6796"}],"wp:featuredmedia":[{"embeddable":true,"href":"https:\/\/www.keppemotor.com\/institucional\/wp-json\/wp\/v2\/media\/8275"}],"wp:attachment":[{"href":"https:\/\/www.keppemotor.com\/institucional\/wp-json\/wp\/v2\/media?parent=992"}],"curies":[{"name":"wp","href":"https:\/\/api.w.org\/{rel}","templated":true}]}}